{"id":21596,"date":"2021-08-03T23:16:36","date_gmt":"2021-08-03T20:16:36","guid":{"rendered":"http:\/\/www.kristinestadshistoria.fi\/?page_id=21596"},"modified":"2021-08-05T23:20:58","modified_gmt":"2021-08-05T20:20:58","slug":"tidningsurklipp-fran-ar-1901","status":"publish","type":"page","link":"https:\/\/www.kristinestadshistoria.fi\/?page_id=21596","title":{"rendered":"Tidningsurklipp fr\u00e5n \u00e5r 1901."},"content":{"rendered":"<p><span style=\"color: #000080;\"><strong>Wasabladet 5.1 1901:<\/strong><\/span><\/p>\n<p>Wasa Aktie Bank presenterade i en annons vilka ansvarspersoner som fanns i banken. I f\u00f6rvaltningsr\u00e5det, som bestod av sju personer fanns kommerser\u00e5det Alfred Carlstr\u00f6m fr\u00e5n Kristinestad med. Banken hade 10 avdelningskontor runt om i landet och p\u00e5 kontoret i Kristinestad var G. W. Moberg verkst\u00e4llande direkt\u00f6r och d\u00e4r fanns ocks\u00e5 meddirekt\u00f6rerna Alfred Carlstr\u00f6m och handlanden Erik T\u00f6tterman och som suppleant fungerade handlanden Emil Axelin.<\/p>\n<p><span style=\"color: #000080;\">Censuren var h\u00e5rd under f\u00f6rryskningsperioden runt sekelskiftet och av n\u00e5gon anledning drog tidningen Kristinestads Tidning in i december 1900. Tidningens redakt\u00f6r Walter Sj\u00f6blom b\u00f6rjade d\u00e5 f\u00f6rmedla sina texter till Wasabladet. <\/span><\/p>\n<p><strong><span style=\"color: #000080;\">Wasabladet 8.1.1901:\u00a0<\/span><\/strong><\/p>\n<h5><strong>Indragningen av Kristinestads Tidning.<\/strong><\/h5>\n<p>D\u00e5 numera p\u00e5 generalguvern\u00f6rens befallning Kristinestads Tidning upph\u00f6rt att finnas till, skall framdeles i Wasabladets spalter korrespondenser fr\u00e5n staden regelbundet inflyta. Vi har under den tid av omkring tre och ett halvt \u00e5r Kristinestads Tidning levde hunnit l\u00e4ra oss f\u00f6rst\u00e5 oumb\u00e4rligheten av ett organ f\u00f6r v\u00e5r stad och nejden h\u00e4r omkring. Jag vet, att jag tillfredsst\u00e4ller en p\u00e5 de flesta h\u00e5ll h\u00e4rst\u00e4des n\u00e4rd \u00f6nskan, d\u00e5 jag s\u00e4nder mina brev till Wasabladet, som av landskapets tidningar under en tid bort\u00e5t utan tvivel h\u00e4r skall samla de flesta prenumeranterna. Det allm\u00e4nna samtals\u00e4mnet ej mindre i sj\u00e4lva staden \u00e4n i omnejden har naturligtvis i dessa tider utgjort Kristinestads Tidnings sorgliga \u00f6de. \u00c5r f\u00f6r \u00e5r har tidningens prenumerantsiffra stadigt \u00f6kats. Under fjol\u00e5ret utgick Kr. T. i 1,100 exemplar. I \u00e5r skulle upplagan av allt att d\u00f6ma ha blivit \u00e4n st\u00f6rre. F\u00f6r varje dag, som g\u00e5tt, har bladet allt mer vuxit sig in i bygden, har det blivit allt mer omtyckt, uppburet. \u00a0S\u00e5 f\u00f6ll slaget. Den 22 december 1900 \u00e5r utkom det sista numret. Orsaken till Kr. T:s d\u00f6d var den numera tyv\u00e4rr allt f\u00f6r vanliga \u201den genomg\u00e5ende skadlig riktning\u201d, hette det, och s\u00e5 d\u00e4rtill en s\u00e5som synnerligen f\u00f6rgriplig ansedd artikel av allm\u00e4n politisk natur, en ur en i Sverige utkommande tidning tagen, av censuren h\u00e4r i landet tidigare godk\u00e4nd uppsats \u201dV\u00e4rldsutst\u00e4llningens politiska f\u00f6ljder\u201d. Stor blev f\u00f6rst\u00e4mningen p\u00e5 alla h\u00e5ll, d\u00e5 sorgebudet n\u00e5dde oss.<\/p>\n<p>Fr\u00e5n landskommunerna i grannskapet, svenska s\u00e5v\u00e4l som finska, s\u00e4ndes till redaktionen varmt skrivna sympatiska adresser, alla uttalande den f\u00f6rhoppningen, att en ny tidning snart skulle uppst\u00e5 i den gamlas st\u00e4lle, alla ocks\u00e5 ense d\u00e4r om, att det svenska Syd\u00f6sterbotten ej l\u00e4nge skulle kunna undvara ett eget organ. I sammanhang med fr\u00e5gan om Kristinestads Tidnings indragning, kan jag inte underl\u00e5ta att n\u00e4mna, att p\u00e5 orten cirkulerar ett envist sig ih\u00e5llande rykte, det indragningen n\u00e4rmast skulle ha f\u00f6ranletts av en angivelse gjord av en ej synnerligt v\u00e4l renommerad stadsbo, som st\u00e4dse dokumenterat sig s\u00e5som en h\u00e4tsk motst\u00e5ndare till tidningen. F\u00f6r min egen del vill jag dock ej g\u00e4rna tro n\u00e5gon finsk medborgare, \u00e5tminstone ingen fr\u00e5n detta samh\u00e4lle, som n\u00e5got s\u00e5 d\u00e5ligt. \u00c4ven v\u00e5r pressombudsman har i detta fall visat sig mycket nitisk i sin tj\u00e4nsteut\u00f6vning om sig sj\u00e4lv till fav\u00f6r, d\u00e4rom m\u00e5 l\u00e4saren sj\u00e4lv d\u00f6ma. Han har n\u00e4mligen &#8211; s\u00e5 har han \u00e5tminstone sj\u00e4lv uppgett f\u00f6r s\u00e4rskilda personer &#8211; \u00a0beklagat sig hos sina \u00f6verordnade \u00f6ver att Kr. T. ofta under oskyldiga rubriker eller p\u00e5 obem\u00e4rkta platser i bladet inf\u00f6rt artiklar, som h\u00e4rigenom undg\u00e5tt hans uppm\u00e4rksamhet. Ofta l\u00e4r han inte heller fullt f\u00f6rst\u00e5tt uppsatser, skrivna i allegorisk form. Vad herr pressombudsmannen med denna, bek\u00e4nnelse vunnit vet jag inte. \u00c5tminstone synes det mig, som om hans chefer n\u00e4ppeligen h\u00e4rav kunnat f\u00e5 n\u00e5gon synnerligen h\u00f6g tanke om ingeniet.<\/p>\n<h5><strong>Stadsfullm\u00e4ktige i Kristinestad <\/strong><\/h5>\n<p>&#8230;sammantr\u00e4dde den 22 december 1900. D\u00e5 n\u00e5got referat \u00f6ver f\u00f6rhandlingarna inte varit synligt i pressen, skyndar jag mig att i huvudsak meddela ett s\u00e5dant. Pro primo fastst\u00e4lldes det belopp, som f\u00f6r \u00e5r 1901 skulle uttaxeras till 33,615 mark. Dr\u00e4tselkammaren anm\u00e4lde att den tagit emot den till kommunen senast tilldelade andelen av br\u00e4nnvinsbr\u00e4nningsmedlen 418 mark. Fullm\u00e4ktige besl\u00f6t att anv\u00e4nda ifr\u00e5ga varande medel till bekl\u00e4dnadshj\u00e4lp f\u00f6r medell\u00f6sa folkskoleelever. I sammanhang h\u00e4rmed besl\u00f6ts att de enahanda medel, som var upptagna i budgetf\u00f6rslaget 1901, skulle till samma \u00e4ndam\u00e5l anv\u00e4ndas.<\/p>\n<p>Att s\u00e4llskapet \u201dMusikens v\u00e4nner\u201d beviljades f\u00f6r underh\u00e5ll av stadsorkestern ett anslag av 4,000 mark att \u00e5rligen under tv\u00e5 \u00e5rs tid utg\u00e5 ifr\u00e5n br\u00e4nnvinsfondens vinstmedel. Till l\u00e4sesalens underh\u00e5llande beviljades f\u00f6r kalender\u00e5ret 1901 1,300 mark. F\u00f6r ink\u00f6p av b\u00f6cker till folkbiblioteket anslogs 300 mark ur br\u00e4nnvinsfondens vinstmedel. Till sjukstugans underh\u00e5ll f\u00f6r \u00e5r 1901 gavs 2,100 mark, \u00e4vens\u00e5 ur br\u00e4nnvinsfondens vinstmedel. F\u00f6r r\u00e5dhusets uthyrande till n\u00f6jestillst\u00e4llningar etc. fastst\u00e4lldes en best\u00e4md taxa. Till ledam\u00f6ter i dr\u00e4tselkammaren uts\u00e5gs herr Wilhelm Hagen, Henrik B\u00e5ge samt Emil Axelin. Till kamrerare i dr\u00e4tselkammaren antogs av tv\u00e5 s\u00f6kande stadsfiskalen Ernst Forsberg. Till ledam\u00f6ter i folkskoledirektionen \u00e5tervaldes Alfred Carlstr\u00f6m och Georg Laur\u00e9n. Till ledam\u00f6ter i f\u00e5ngv\u00e5rdsstyrelsen \u00e5tervaldes likas\u00e5 Elis Granfelt och Konrad Sundman. Till revisorer f\u00f6r makarna Carlstr\u00f6ms donationsfond f\u00f6r \u00e5lderstigna tj\u00e4narinnor \u00e5tervaldes Hans Estlander och Valdemar Stenberg. Till revisor f\u00f6r spritdrycksbolagets r\u00e4kenskaper uts\u00e5gs Hans Estlander och fastst\u00e4lldes arvodet h\u00e4rf\u00f6r till 50 mark. Till kontrollant f\u00f6r spritdryckbolaget, f\u00f6r vilken befattning arvodet best\u00e4mdes till 200 mark, valdes Lars Knutson. Till inventeringsm\u00e4n f\u00f6r stadens kassor \u00e5tervaldes Henrik Sandlund och G. W. Moberg. Till inventeringsm\u00e4n f\u00f6r stadens l\u00f6sa egendom \u00e5tervaldes kapten M. H. Lacke. Till ledamot i bestyrelsen f\u00f6r l\u00e4sesalen invaldes fr\u00f6ken Anna Lundberg. Till ledam\u00f6ter i h\u00e4lsov\u00e5rdsn\u00e4mnden \u00e5tervaldes Torsten Munsterhjeim, Konrad Sundman och H. Sandberg samt till suppleanter f\u00f6r dem Emil Axelin, Petter Forsman och J. E. Holti.<\/p>\n<p>Vidare besl\u00f6ts i vanlig ordning ansl\u00e5 sekreterarbefattningen vid fullm\u00e4ktige ledig. Annons h\u00e4rom skulle ocks\u00e5 inf\u00f6ras i Wasabladet. Slutligen upptogs till behandling fr\u00e5gan, hur stadsfullm\u00e4ktiges kung\u00f6relser framdeles efter Kristinestads Tidnings indragning skulle publiceras. Fullm\u00e4ktige stannade vid det beslutet, att tillk\u00e4nnagivandena framdeles skulle offentligg\u00f6ras i vardera av de p\u00e5 orten utkommande tidningarna Pohjola och Suupohjan Kaiku samt dessutom f\u00f6rmedelst uts\u00e4ndande av p\u00e5 svenska spr\u00e5ket tryckta annonslappar, \u00e4vensom, i h\u00e4ndelse ett svenskspr\u00e5kigt annonsblad p\u00e5 orten skulle utges, ocks\u00e5 i detta.<\/p>\n<h5><strong>Belysning av hamninloppet.<\/strong><\/h5>\n<p>En br\u00e4nnande fr\u00e5ga f\u00f6r orten med dess j\u00e4mf\u00f6relsevis livliga sj\u00f6fart har varit belysandet nattetid av inloppet till staden. Eu kommitt\u00e9 av fackm\u00e4n har varit i verksamhet i staden f\u00f6r sakens unders\u00f6kande. N\u00e4mnda kommitt\u00e9 har l\u00e4nge sedan kommit till det resultat, att ett belysande av farleden med l\u00e4tthet och utan allt f\u00f6r stora kostnader l\u00e5ter sig g\u00f6ra. Fr\u00e5gan har ocks\u00e5 dryftats inom flera skeppsbef\u00e4lhavaref\u00f6reningar i landet. F\u00f6r n\u00e4rvarande behandlas den inom Helsingfors skeppsbef\u00e4lhavaref\u00f6rening som nyligen f\u00f6r \u00e4ndam\u00e5let tillsatt en f\u00f6rberedande kommitt\u00e9. Enligt vad jag har h\u00f6rt, torde samtliga medlemmar i n\u00e4mnda kommitt\u00e9 vara ense med stadsborna om n\u00f6dv\u00e4ndigheten av inloppets belysande. M\u00e5tte denna f\u00f6r oss s\u00e5 viktiga angel\u00e4genhet snart f\u00e5 sin slutliga l\u00f6sning, och m\u00e5tte denna l\u00f6sning utfalla i \u00f6verensst\u00e4mmelse med stadens ber\u00e4ttigade \u00f6nskem\u00e5l.<\/p>\n<h5><strong>H\u00e4lsotillst\u00e5ndet i staden.<\/strong><\/h5>\n<p>Under hela h\u00f6sten har h\u00e4r p\u00e5 orten varit mycket sjukligt. I synnerhet har en elakartad m\u00e4sslingsepidemi rasat. Knappt ett enda hem i staden finns, som inte haft en l\u00e4ngre eller kortare p\u00e5h\u00e4lsning av sjukdomen. S\u00e5v\u00e4l samskolan som folkskolornas l\u00e4gre klasser har under kortare perioder varit st\u00e4ngda p\u00e5 grund av att de flesta eleverna sam tidigt legat insjuknade. Nu grasserar influensan v\u00e5ldsamt.\u00a0Aprop\u00e5 samskolan, s\u00e5 har h\u00e4r allm\u00e4nt varit fr\u00e5ga om att utvidga densamma till ett 8 klassigt l\u00e4roverk med dimissionsr\u00e4tt till universitetet. Skolan bes\u00f6ks nu p\u00e5 sina 5 klasser av ett 90-tal elever, ett ganska aktningsv\u00e4rt antal. Behovet av skolans utvidgande \u00e4r i \u00f6gonen fallande. Fr\u00e5gan torde i b\u00f6rjan av detta \u00e5r komma att av stadsfullm\u00e4ktige upptas till behandling.<\/p>\n<h5><strong>Folkm\u00e4ngden i stadens f\u00f6rsamlingar.<\/strong><\/h5>\n<p>Under \u00e5ret har f\u00f6ljande f\u00f6r\u00e4ndringar vad betr\u00e4ffar folkm\u00e4ngden h\u00e4rst\u00e4des intr\u00e4ffat.\u00a0Kristinestads stadsf\u00f6rsamling.F\u00f6dda 36 mank., 25 kvinnk., summa 61, varav o\u00e4kta 1 mk och 3 kvk. D\u00f6da 35 mk. 41 kvk.totalt 76. Inflyttade 40 mk. 67 kvk.totalt 107. Inflyttade 34 mk. och 33 kvk. totalt 67. Ing\u00e5ngna \u00e4ktenskap 12. Uppl\u00f6sta \u00e4ktenskap genom mannens d\u00f6d 9 och genom hustruns d\u00f6d 6, summa 15. F\u00f6rsamlingens folkm\u00e4ngd har \u00f6kats med 7 mk. 18 kvk. totalt 25 personer och utg\u00f6r s\u00e5ledes nu 2.825.\u00a0Den \u00e4ldsta avlidna var en kvinna om 93 \u00e5r, 11 m\u00e5nader, 16 dagar. Dessutom var bland de avlidna 4 kvinnor \u00f6ver 80 \u00e5r. Den \u00e4ldsta avlidna mannen var 76 \u00e5r, 9 m\u00e5n. 17 dagar.\u00a0Kristinestads landsf\u00f6rsamling. F\u00f6dde 16 mk. 15 kvk.totalt 31, d\u00e4rav 1 kvk o\u00e4kta. D\u00f6da 18 mk. 11 kvk. totalt 29. Inflyttade 17 mk., 31 kvk. totalt 48. Utflyttade 7 mk., 8 kvk.totalt 15\u00a0Ing\u00e5ngna \u00e4ktenskap 12, uppl\u00f6sta \u00e4ktenskap 2 genom mannens och 5 genom hustruns d\u00f6d. F\u00f6rsamlingens folkm\u00e4ngd har \u00f6kats med 8 mk och 27 kvk. totalt 35 och utg\u00f6r nu 1.440. Den \u00e4ldste avlidna var en man om 73 \u00e5r, 6 m\u00e5n. och 1 dag.<\/p>\n<h5><strong>Tullmedlen i Wasa l\u00e4n f\u00f6r \u00e5r 1900.<\/strong><strong>\u00a0<\/strong><\/h5>\n<p>Uppb\u00f6rden vid Wasa landtr\u00e4nteri under det senaste \u00e5ret uppg\u00e5tt till totalt 6,8 miljoner mark, varav Wasas andel var 4,2 miljoner. Gamlakarleby bidrog med 512\u00a0000, Jakobstad med 1,8 miljoner, Jyv\u00e4skyl\u00e4 med 95\u00a0000, Nykarleby 12\u00a0000, Kask\u00f6 11\u00a0000 och Kristinestad med 176\u00a0400 mark. Staden hade en \u00f6kning p\u00e5 18\u00a0200 mark j\u00e4mf\u00f6rt med f\u00f6reg\u00e5ende \u00e5r.\u00a0\u00a0\u00a0\u00a0Bj\u00f6rneborgs Tidning 2.5.1901: I g\u00e5r kl. 11 p\u00e5 f\u00f6rmiddagen anl\u00f6ptes R\u00e4fs\u00f6 av \u201dMurtaja\u201d, som \u00e5terv\u00e4nde norrifr\u00e5n f\u00f6r att lasta kol, sedan isbrytaren f\u00f6rg\u00e4ves f\u00f6rs\u00f6kt forcera de av bastanta packisband st\u00e4ngda inloppen till Kristinestad och Kask\u00f6. D\u00e5 Murtaja emellertid inte kunde erh\u00e5lla n\u00e5got kol i R\u00e4fs\u00f6. s\u00e5 fortsatte den f\u00e4rden till Raumo. Efter inlastning \u00e5ker den igen norrut till Kristinestad och Kask\u00f6, och om m\u00f6jligt vidare d\u00e4rifr\u00e5n mot Vasa.<\/p>\n<p><span style=\"color: #000080;\"><strong>Wasabladet 15.1.1901:<\/strong><\/span><\/p>\n<h5><strong>Inloppet till Kristinestad.<\/strong><\/h5>\n<p>Helsingfors Skeppsbef\u00e4lhavaref\u00f6rening sammantr\u00e4dde till m\u00f6te i torsdags. I fr\u00e5ga om Kristinestads farleds belysande med fyrar fanns det nu ett f\u00f6rslag. I bet\u00e4nkandet f\u00f6reslogs tv\u00e5 fyrar med stadigt vitt sken p\u00e5 Torngrund och p\u00e5 Hansn\u00e4sskatan, som skulle belysa horisonten till havs med 12 mil, r\u00e4ttvisande nordv\u00e4st och sydv\u00e4st. Ytterliga tv\u00e5 fyrar med vitt sken p\u00e5 v\u00e4stra och \u00f6stra Carlshamn, en lysboj vid Sandmans grund och tv\u00e5 mindre fyrar vid inseglingskr\u00f6ken, antingen p\u00e5 H\u00e4rkmeri- eller Kristinestads fastland. F\u00f6reningen besl\u00f6t, med \u00e5beropande av stadsfullm\u00e4ktiges skrivelse, ing\u00e5 till lotsstyrelsen med hemst\u00e4llan i \u00e4mnet, d\u00e4rvid fixerande tidpunkten f\u00f6r lysbojarnas intagning till den 10 november.<\/p>\n<p><span style=\"color: #000080;\"><strong>Wasabladet 17.1 1901<\/strong><\/span> publicerade en ins\u00e4ndare, skriven av anonyma \u201dStadsbor\u201d som ondg\u00f6r sig \u00f6ver den l\u00e5nga artikel om Kristinestads Tidnings indragande, som den f\u00f6rre tidningsmannen Walter Sj\u00f6blom hade skrivit. Ins\u00e4ndaren ifr\u00e5gasatte p\u00e5st\u00e5endet att personer som l\u00e5g bakom den finskspr\u00e5kiga tidningen skulle ha legat bakom angivelsen som sedan ledde till indragningen av den svenska tidningen.<\/p>\n<p><span style=\"color: #000080;\"><strong>Wasabladet 17.1.1901:<\/strong><\/span><\/p>\n<p>Den 1 september 1900 avled p\u00e5 sjukhuset i Marseille den finska inf\u00f6dingen Johannes Albinus Skans fr\u00e5n Kristinestad, som hade varit anst\u00e4lld som matros p\u00e5 danska \u00e5ngaren Elisabeth. Den avlidne efterl\u00e4mnade 96 francs samt diverse sm\u00e5saker, som av guvern\u00f6ren i Wasa \u00f6vers\u00e4nts till magistraten i Kristinestad, f\u00f6r att ges \u00e5t den avlidnes r\u00e4ttsinnehavare.<\/p>\n<p><span style=\"color: #000080;\"><strong>Wasabladet 15.3.1901:<\/strong><\/span><\/p>\n<h5><strong>D\u00e5rv\u00e5rdsanstalter.<\/strong><\/h5>\n<p>I en till kejserliga senaten inl\u00e4mnad skrift har vicekonsul Gustaf Hyd\u00e9n, rektor R. Holmberg och tullf\u00f6rvaltaren Walter Enqvist fr\u00e5n Kristinestad, som ombud f\u00f6r ett m\u00f6te av f\u00f6rtroendem\u00e4n fr\u00e5n s\u00e4rskilda kommuner anf\u00f6rt. att fr\u00e5gan har blivit v\u00e4ckt att f\u00f6r st\u00e4derna Kristinestad och Kask\u00f6, som kommunerna Lappfj\u00e4rd, Sideby, Kristinestad och N\u00e4rpes gemensamt inr\u00e4tta ett kommunalt sinnessjukhus med omkring 40 platser. Samtidigt skulle vidtas \u00e5tg\u00e4rder f\u00f6r att kontrollera vilket statsunderst\u00f6d kunde f\u00e5s f\u00f6r en dylik anstalt. Till byggnadshj\u00e4lp fr\u00e5n staten skulle det anh\u00e5llas om 600 mark f\u00f6r varje plats om byggnaden uppf\u00f6rdes av tr\u00e4 och 1 000 mark om den byggdes av sten. Anh\u00e5llan skulle ocks\u00e5 g\u00f6ras om 200 mark per plats f\u00f6r inventarier, 160 mark per plats f\u00f6r underh\u00e5ll, totalt 400 mark av avl\u00f6nande av anstaltens f\u00f6rest\u00e5ndare, kostnadsfria ritningar och en kunnig arbetsledare.<\/p>\n<p>Senaten hade svarat p\u00e5 denna f\u00f6rfr\u00e5gan och de meddelade att de bidrar med 600 mark per plats f\u00f6r byggandet, kl\u00e4der och inventarier 150 mark per plats och 150 per plats f\u00f6r byggnadens underh\u00e5ll, men bara under de 10 f\u00f6rsta \u00e5ren.<\/p>\n<p>F\u00f6r den kommunala d\u00e5rv\u00e5rdsanstalten i Kristinestad med omnejd finns kostnadsf\u00f6rslag om ungef\u00e4r 60\u00a0000 mark.<\/p>\n<p><span style=\"color: #000080;\"><strong>Wasabladet 27.4.1901:<\/strong><\/span><\/p>\n<p>I Kristinestad praktiseras allt fortfarande ett fr\u00e5n ur\u00e5ldriga tider h\u00e4rstammande s\u00e4tt att g\u00f6ra meddelanden \u00e5t allm\u00e4nheten. D\u00e5 n\u00e4mligen en auktion skall h\u00e5llas, s\u00e5 s\u00e4ndes en person f\u00f6rsedd med en s\u00e5 kallad kurirklocka runt i staden. Mannen stannar nu och d\u00e5 i gath\u00f6rnen och ringer i klockan. H\u00e4refter uppl\u00e4ses i st\u00f6rsta hast n\u00e5gonting fr\u00e5n ett papper och p\u00e5 slutet kan man kanske urskilja ett namn. Klockan ljuder igen och mannen forts\u00e4tter sin v\u00e4g, f\u00f6r att i ett annat gath\u00f6rn fullg\u00f6ra sitt viktiga uppdrag.<\/p>\n<p><span style=\"color: #000080;\"><strong>Wasabladet 30.4.1901:<\/strong><\/span><\/p>\n<p>Isbrytaren Murtaja avgick i l\u00f6rdags p\u00e5 aftonen fr\u00e5n Raumo till Kristinestad och den anl\u00e4nde till isb\u00e4ltet utanf\u00f6r stadens hamn i s\u00f6ndags p\u00e5 aftonen. Den hade \u00e4nnu i g\u00e5r inte kunnat inkomma i hamnen p\u00e5 grund av sv\u00e5r is.<\/p>\n<p><span style=\"color: #000080;\"><strong>Bj\u00f6rneborgs Tidning 6.7.1901:<\/strong><\/span><\/p>\n<p><strong>Eldsv\u00e5da.<\/strong> Den 29 juni p\u00e5 eftermiddagen uppstod eldsv\u00e5da p\u00e5 tullf\u00f6rvaltaren August von Willebrands invid Kristinestad bel\u00e4gna villa. Villan nedbrann till grunden.<\/p>\n","protected":false},"excerpt":{"rendered":"<p>Wasabladet 5.1 1901: Wasa Aktie Bank presenterade i en annons vilka ansvarspersoner som fanns i banken. I f\u00f6rvaltningsr\u00e5det, som bestod av sju personer fanns kommerser\u00e5det Alfred Carlstr\u00f6m fr\u00e5n Kristinestad med. Banken hade 10 avdelningskontor runt om i landet och p\u00e5 <a class=\"more-link\" href=\"https:\/\/www.kristinestadshistoria.fi\/?page_id=21596\">Forts\u00e4tt l\u00e4sa <span class=\"screen-reader-text\">  Tidningsurklipp fr\u00e5n \u00e5r 1901.<\/span><span class=\"meta-nav\">&rarr;<\/span><\/a><\/p>\n","protected":false},"author":1,"featured_media":0,"parent":21591,"menu_order":1901,"comment_status":"closed","ping_status":"closed","template":"","meta":{"footnotes":""},"class_list":["post-21596","page","type-page","status-publish","hentry"],"_links":{"self":[{"href":"https:\/\/www.kristinestadshistoria.fi\/index.php?rest_route=\/wp\/v2\/pages\/21596","targetHints":{"allow":["GET"]}}],"collection":[{"href":"https:\/\/www.kristinestadshistoria.fi\/index.php?rest_route=\/wp\/v2\/pages"}],"about":[{"href":"https:\/\/www.kristinestadshistoria.fi\/index.php?rest_route=\/wp\/v2\/types\/page"}],"author":[{"embeddable":true,"href":"https:\/\/www.kristinestadshistoria.fi\/index.php?rest_route=\/wp\/v2\/users\/1"}],"replies":[{"embeddable":true,"href":"https:\/\/www.kristinestadshistoria.fi\/index.php?rest_route=%2Fwp%2Fv2%2Fcomments&post=21596"}],"version-history":[{"count":9,"href":"https:\/\/www.kristinestadshistoria.fi\/index.php?rest_route=\/wp\/v2\/pages\/21596\/revisions"}],"predecessor-version":[{"id":21643,"href":"https:\/\/www.kristinestadshistoria.fi\/index.php?rest_route=\/wp\/v2\/pages\/21596\/revisions\/21643"}],"up":[{"embeddable":true,"href":"https:\/\/www.kristinestadshistoria.fi\/index.php?rest_route=\/wp\/v2\/pages\/21591"}],"wp:attachment":[{"href":"https:\/\/www.kristinestadshistoria.fi\/index.php?rest_route=%2Fwp%2Fv2%2Fmedia&parent=21596"}],"curies":[{"name":"wp","href":"https:\/\/api.w.org\/{rel}","templated":true}]}}