{"id":21591,"date":"2021-08-03T23:11:23","date_gmt":"2021-08-03T20:11:23","guid":{"rendered":"http:\/\/www.kristinestadshistoria.fi\/?page_id=21591"},"modified":"2021-08-03T23:17:09","modified_gmt":"2021-08-03T20:17:09","slug":"tidningsartiklar-fran-1900-talet","status":"publish","type":"page","link":"https:\/\/www.kristinestadshistoria.fi\/?page_id=21591","title":{"rendered":"Tidningsartiklar fr\u00e5n 1900-talet."},"content":{"rendered":"<p>Det skrevs mycket om Kristinestad, Lappfj\u00e4rd och Dagsmark i tidningarna p\u00e5 1890-talet. V\u00e4lj ett passligt \u00e5rtal genom att trycka p\u00e5\u00a0 en rubrik h\u00e4r under.<\/p>\n<h4><strong>-Tidningsurklipp fr\u00e5n \u00e5r 1900.<\/strong><\/h4>\n<h4><a href=\"http:\/\/www.kristinestadshistoria.fi\/?page_id=21596\"><strong>-Tidningsurklipp fr\u00e5n \u00e5r 1901.<\/strong><\/a><\/h4>\n","protected":false},"excerpt":{"rendered":"<p>Det skrevs mycket om Kristinestad, Lappfj\u00e4rd och Dagsmark i tidningarna p\u00e5 1890-talet. V\u00e4lj ett passligt \u00e5rtal genom att trycka p\u00e5\u00a0 en rubrik h\u00e4r under. -Tidningsurklipp fr\u00e5n \u00e5r 1900. -Tidningsurklipp fr\u00e5n \u00e5r 1901.<\/p>\n","protected":false},"author":1,"featured_media":0,"parent":21016,"menu_order":1900,"comment_status":"closed","ping_status":"closed","template":"","meta":{"footnotes":""},"class_list":["post-21591","page","type-page","status-publish","hentry"],"_links":{"self":[{"href":"https:\/\/www.kristinestadshistoria.fi\/index.php?rest_route=\/wp\/v2\/pages\/21591","targetHints":{"allow":["GET"]}}],"collection":[{"href":"https:\/\/www.kristinestadshistoria.fi\/index.php?rest_route=\/wp\/v2\/pages"}],"about":[{"href":"https:\/\/www.kristinestadshistoria.fi\/index.php?rest_route=\/wp\/v2\/types\/page"}],"author":[{"embeddable":true,"href":"https:\/\/www.kristinestadshistoria.fi\/index.php?rest_route=\/wp\/v2\/users\/1"}],"replies":[{"embeddable":true,"href":"https:\/\/www.kristinestadshistoria.fi\/index.php?rest_route=%2Fwp%2Fv2%2Fcomments&post=21591"}],"version-history":[{"count":4,"href":"https:\/\/www.kristinestadshistoria.fi\/index.php?rest_route=\/wp\/v2\/pages\/21591\/revisions"}],"predecessor-version":[{"id":21598,"href":"https:\/\/www.kristinestadshistoria.fi\/index.php?rest_route=\/wp\/v2\/pages\/21591\/revisions\/21598"}],"up":[{"embeddable":true,"href":"https:\/\/www.kristinestadshistoria.fi\/index.php?rest_route=\/wp\/v2\/pages\/21016"}],"wp:attachment":[{"href":"https:\/\/www.kristinestadshistoria.fi\/index.php?rest_route=%2Fwp%2Fv2%2Fmedia&parent=21591"}],"curies":[{"name":"wp","href":"https:\/\/api.w.org\/{rel}","templated":true}]}}