{"id":21456,"date":"2021-07-26T12:22:22","date_gmt":"2021-07-26T09:22:22","guid":{"rendered":"http:\/\/www.kristinestadshistoria.fi\/?page_id=21456"},"modified":"2023-08-11T17:22:34","modified_gmt":"2023-08-11T14:22:34","slug":"gamla-texter-om-stadens-historia","status":"publish","type":"page","link":"https:\/\/www.kristinestadshistoria.fi\/?page_id=21456","title":{"rendered":"Gamla texter om stadens historia."},"content":{"rendered":"<h4><a href=\"http:\/\/www.kristinestadshistoria.fi\/?page_id=21448\"><strong>-K\u00e5rt beskrifning \u00f6fver Christinestad, av Abr. Cajanus \u00e5r 1785.<\/strong><\/a><\/h4>\n<h4><a href=\"http:\/\/www.kristinestadshistoria.fi\/?page_id=15347\"><strong>-Situationen runt sekelskiftet 1500-1600.<\/strong><\/a><\/h4>\n<h4><a href=\"http:\/\/www.kristinestadshistoria.fi\/?page_id=8029\"><strong>-Kristinestads grundl\u00e4ggande och f\u00f6rsta \u00e5r, av K. V. \u00c5kerblom.<\/strong><\/a><\/h4>\n<h4><a href=\"http:\/\/www.kristinestadshistoria.fi\/?page_id=21116\"><strong>-Geografi \u00f6ver \u00d6sterbotten, av H. G. Porthan \u00e5r 1795.<\/strong><\/a><\/h4>\n<h4><a href=\"http:\/\/www.kristinestadshistoria.fi\/?page_id=8326\"><strong>-N\u00e4r Kristinestadsborna v\u00e4ntade kungen, som &#8211; inte kom.<\/strong><\/a><\/h4>\n<h4><a href=\"http:\/\/www.kristinestadshistoria.fi\/?page_id=7860\"><strong>-Skogbergs historier om Kristinestad.<\/strong><\/a><\/h4>\n<h4><a href=\"http:\/\/www.kristinestadshistoria.fi\/?page_id=20497\"><strong>-En sm\u00e5stads\u00f6den, av Axel H\u00e4ggman \u00e5r 1948.<\/strong><\/a><\/h4>\n<h4><a href=\"http:\/\/www.kristinestadshistoria.fi\/?page_id=20581\"><strong>-Kristinestad i \u00e4ldre tider, av Jonas H. Mennander \u00e5r 1843.<\/strong><\/a><\/h4>\n<h4><a href=\"http:\/\/www.kristinestadshistoria.fi\/?page_id=17724\"><strong>-Walter Sj\u00f6bloms ber\u00e4ttelser, fr\u00e5n b\u00f6rjan av 1900-talet.<\/strong><\/a><\/h4>\n<h4><a href=\"https:\/\/www.kristinestadshistoria.fi\/?page_id=22496\"><strong>-G\u00f6sta Lindqvists ber\u00e4ttelser om den gamla staden<\/strong><\/a><\/h4>\n<h4><a href=\"https:\/\/www.kristinestadshistoria.fi\/?page_id=22519\"><strong>-Pelle Schl\u00fcters ber\u00e4ttelser om staden<\/strong><\/a><\/h4>\n<h4><a href=\"http:\/\/www.kristinestadshistoria.fi\/?page_id=16399\"><strong>-Fr\u00e5n Kristinestads grundl\u00e4ggningstider, av Bjarne Henriksson \u00e5r 1972.<\/strong><\/a><\/h4>\n<h4><a href=\"http:\/\/www.kristinestadshistoria.fi\/?page_id=20865\"><strong>-P\u00e5 bes\u00f6k i Kristinestad och i Kask\u00f6, fr\u00e5n 1912.<\/strong><\/a><\/h4>\n<h4><a href=\"http:\/\/www.kristinestadshistoria.fi\/?page_id=20872\"><strong>-Allm\u00e4nna drag i \u00d6sterbottens historia, av Anna S\u00f6derhjelm \u00e5r 1912.<\/strong><\/a><\/h4>\n<h4><a href=\"http:\/\/www.kristinestadshistoria.fi\/?page_id=13091\"><strong>-Generalguvern\u00f6rens ber\u00e4ttelse fr\u00e5n \u00e5r 1881.<\/strong><\/a><\/h4>\n<h4><a href=\"https:\/\/www.kristinestadshistoria.fi\/?page_id=22592\"><strong>-En dansk i Kristinestad \u00e5r 1896.<\/strong><\/a><\/h4>\n<p>&nbsp;<\/p>\n<p><a class=\"fasc-button fasc-size-medium fasc-type-glossy fasc-rounded-medium\" style=\"background-color: #33809e; color: #ffffff;\" href=\"https:\/\/www.lassebacklund.fi\/?page_id=19\">Trevlig l\u00e4sning<\/a><\/p>\n","protected":false},"excerpt":{"rendered":"<p>-K\u00e5rt beskrifning \u00f6fver Christinestad, av Abr. Cajanus \u00e5r 1785. -Situationen runt sekelskiftet 1500-1600. -Kristinestads grundl\u00e4ggande och f\u00f6rsta \u00e5r, av K. V. \u00c5kerblom. -Geografi \u00f6ver \u00d6sterbotten, av H. G. Porthan \u00e5r 1795. -N\u00e4r Kristinestadsborna v\u00e4ntade kungen, som &#8211; inte kom. -Skogbergs <a class=\"more-link\" href=\"https:\/\/www.kristinestadshistoria.fi\/?page_id=21456\">Forts\u00e4tt l\u00e4sa <span class=\"screen-reader-text\">  Gamla texter om stadens historia.<\/span><span class=\"meta-nav\">&rarr;<\/span><\/a><\/p>\n","protected":false},"author":1,"featured_media":0,"parent":8025,"menu_order":2,"comment_status":"closed","ping_status":"closed","template":"","meta":{"footnotes":""},"class_list":["post-21456","page","type-page","status-publish","hentry"],"_links":{"self":[{"href":"https:\/\/www.kristinestadshistoria.fi\/index.php?rest_route=\/wp\/v2\/pages\/21456","targetHints":{"allow":["GET"]}}],"collection":[{"href":"https:\/\/www.kristinestadshistoria.fi\/index.php?rest_route=\/wp\/v2\/pages"}],"about":[{"href":"https:\/\/www.kristinestadshistoria.fi\/index.php?rest_route=\/wp\/v2\/types\/page"}],"author":[{"embeddable":true,"href":"https:\/\/www.kristinestadshistoria.fi\/index.php?rest_route=\/wp\/v2\/users\/1"}],"replies":[{"embeddable":true,"href":"https:\/\/www.kristinestadshistoria.fi\/index.php?rest_route=%2Fwp%2Fv2%2Fcomments&post=21456"}],"version-history":[{"count":22,"href":"https:\/\/www.kristinestadshistoria.fi\/index.php?rest_route=\/wp\/v2\/pages\/21456\/revisions"}],"predecessor-version":[{"id":27003,"href":"https:\/\/www.kristinestadshistoria.fi\/index.php?rest_route=\/wp\/v2\/pages\/21456\/revisions\/27003"}],"up":[{"embeddable":true,"href":"https:\/\/www.kristinestadshistoria.fi\/index.php?rest_route=\/wp\/v2\/pages\/8025"}],"wp:attachment":[{"href":"https:\/\/www.kristinestadshistoria.fi\/index.php?rest_route=%2Fwp%2Fv2%2Fmedia&parent=21456"}],"curies":[{"name":"wp","href":"https:\/\/api.w.org\/{rel}","templated":true}]}}