{"id":21156,"date":"2021-06-22T00:00:30","date_gmt":"2021-06-21T21:00:30","guid":{"rendered":"https:\/\/www.lassebacklund.fi\/?page_id=21156"},"modified":"2021-06-22T20:48:10","modified_gmt":"2021-06-22T17:48:10","slug":"tidningsartiklar-om-trafiken-efter-1913","status":"publish","type":"page","link":"https:\/\/www.kristinestadshistoria.fi\/?page_id=21156","title":{"rendered":"Tidningsartiklar om trafiken efter 1913."},"content":{"rendered":"<p><span style=\"color: #000080;\"><strong>Syd-\u00d6sterbotten 10.9.1913:<\/strong><\/span><\/p>\n<h4><strong>Uppb\u00f6rden vid Kristinestads j\u00e4rnv\u00e4gsstation.<\/strong><\/h4>\n<p>P\u00e5 staden j\u00e4rnv\u00e4gsstation s\u00e5ldes i augusti 1913, allts\u00e5 under den f\u00f6rsta riktiga m\u00e5naden sedan ordinarie trafiken inf\u00f6rdes sammanlagt 1\u00a0638 personbiljetter f\u00f6r en summa om 6\u00a0458 mark. Fraktgods skickades 203\u00a0000 kg och som ilgods 8\u00a0100 kg. Den totala uppb\u00f6rden var lite \u00f6ver 10\u00a0000 mark.<\/p>\n<p><span style=\"color: #000080;\"><strong>Syd-\u00d6sterbotten 10.9.1913:<\/strong><\/span><\/p>\n<h4><strong>\u201dOlidliga postf\u00f6rh\u00e5llanden\u201d p\u00e5 grund av j\u00e4rnv\u00e4gen.<\/strong><\/h4>\n<p>Man hade ju hoppats att postg\u00e5ngen mellan socknarna i Syd\u00f6sterbotten skulle bli b\u00e4ttre i och med den nya j\u00e4rnv\u00e4gsf\u00f6rbindelsen. Tidigare hade posten till och fr\u00e5n staden k\u00f6rts med h\u00e4st i alla riktningar men efter j\u00e4rnv\u00e4gstrafikens inf\u00f6rande var det t\u00e4nkt att all post skall skickas med postt\u00e5get.<\/p>\n<p>Besvikelsen var stor n\u00e4r det visade sig att till exempel tidningen Syd-\u00d6sterbottens distribution skulle bli betydligt senare \u00e4n f\u00f6rut. De orter som l\u00e5g l\u00e4ngs sp\u00e5ret sk\u00f6ttes nog bra men till exempel folk i strandbyarna i N\u00e4rpes m\u00e5ste v\u00e4nta i flera dagar p\u00e5 post och tidning. Tidningen hotar med att igen \u00f6verg\u00e5 till h\u00e4sttransport till N\u00e4rpes ifall f\u00f6rb\u00e4ttring i trafiken inte sker.<\/p>\n","protected":false},"excerpt":{"rendered":"<p>Syd-\u00d6sterbotten 10.9.1913: Uppb\u00f6rden vid Kristinestads j\u00e4rnv\u00e4gsstation. P\u00e5 staden j\u00e4rnv\u00e4gsstation s\u00e5ldes i augusti 1913, allts\u00e5 under den f\u00f6rsta riktiga m\u00e5naden sedan ordinarie trafiken inf\u00f6rdes sammanlagt 1\u00a0638 personbiljetter f\u00f6r en summa om 6\u00a0458 mark. Fraktgods skickades 203\u00a0000 kg och som ilgods 8\u00a0100 <a class=\"more-link\" href=\"https:\/\/www.kristinestadshistoria.fi\/?page_id=21156\">Forts\u00e4tt l\u00e4sa <span class=\"screen-reader-text\">  Tidningsartiklar om trafiken efter 1913.<\/span><span class=\"meta-nav\">&rarr;<\/span><\/a><\/p>\n","protected":false},"author":1,"featured_media":0,"parent":13111,"menu_order":3,"comment_status":"closed","ping_status":"closed","template":"","meta":{"footnotes":""},"class_list":["post-21156","page","type-page","status-publish","hentry"],"_links":{"self":[{"href":"https:\/\/www.kristinestadshistoria.fi\/index.php?rest_route=\/wp\/v2\/pages\/21156","targetHints":{"allow":["GET"]}}],"collection":[{"href":"https:\/\/www.kristinestadshistoria.fi\/index.php?rest_route=\/wp\/v2\/pages"}],"about":[{"href":"https:\/\/www.kristinestadshistoria.fi\/index.php?rest_route=\/wp\/v2\/types\/page"}],"author":[{"embeddable":true,"href":"https:\/\/www.kristinestadshistoria.fi\/index.php?rest_route=\/wp\/v2\/users\/1"}],"replies":[{"embeddable":true,"href":"https:\/\/www.kristinestadshistoria.fi\/index.php?rest_route=%2Fwp%2Fv2%2Fcomments&post=21156"}],"version-history":[{"count":2,"href":"https:\/\/www.kristinestadshistoria.fi\/index.php?rest_route=\/wp\/v2\/pages\/21156\/revisions"}],"predecessor-version":[{"id":21159,"href":"https:\/\/www.kristinestadshistoria.fi\/index.php?rest_route=\/wp\/v2\/pages\/21156\/revisions\/21159"}],"up":[{"embeddable":true,"href":"https:\/\/www.kristinestadshistoria.fi\/index.php?rest_route=\/wp\/v2\/pages\/13111"}],"wp:attachment":[{"href":"https:\/\/www.kristinestadshistoria.fi\/index.php?rest_route=%2Fwp%2Fv2%2Fmedia&parent=21156"}],"curies":[{"name":"wp","href":"https:\/\/api.w.org\/{rel}","templated":true}]}}