{"id":21016,"date":"2021-06-10T22:56:55","date_gmt":"2021-06-10T19:56:55","guid":{"rendered":"https:\/\/www.lassebacklund.fi\/?page_id=21016"},"modified":"2025-11-02T14:53:00","modified_gmt":"2025-11-02T12:53:00","slug":"tidningsartiklar-fran-staden","status":"publish","type":"page","link":"https:\/\/www.kristinestadshistoria.fi\/?page_id=21016","title":{"rendered":"Tidningsartiklar fr\u00e5n staden."},"content":{"rendered":"<p><span style=\"color: #000080;\">H\u00e4r hittar du gamla tidningsartiklar som handlar om staden och dess n\u00e4rregioner. Klicka p\u00e5 \u00f6nskad period!<\/span><\/p>\n<h4><a href=\"https:\/\/www.kristinestadshistoria.fi\/?page_id=26851\"><strong>-Tidningsurklipp fr\u00e5n 1830-talet<\/strong><\/a><\/h4>\n<h4><a href=\"https:\/\/www.kristinestadshistoria.fi\/?page_id=26857\"><strong>-Tidningsurklipp fr\u00e5n 1840-talet<\/strong><\/a><\/h4>\n<h4><a href=\"http:\/\/www.kristinestadshistoria.fi\/?page_id=6599\"><strong>-Tidningsurklipp fr\u00e5n 1850-talet<\/strong><\/a><\/h4>\n<h4><a href=\"http:\/\/www.kristinestadshistoria.fi\/?page_id=6610\"><strong>-Tidningsurklipp fr\u00e5n 1860-talet<\/strong><\/a><\/h4>\n<h4><a href=\"http:\/\/www.kristinestadshistoria.fi\/?page_id=8469\"><strong>-Tidningsurklipp fr\u00e5n 1870-talet<\/strong><\/a><\/h4>\n<h4><a href=\"http:\/\/www.kristinestadshistoria.fi\/?page_id=8333\"><strong>-Tidningsurklipp fr\u00e5n 1880-talet<\/strong><\/a><\/h4>\n<h4><a href=\"http:\/\/www.kristinestadshistoria.fi\/?page_id=8548\"><strong>-Tidningsurklipp fr\u00e5n 1890-talet<\/strong><\/a><\/h4>\n<h4><a href=\"http:\/\/www.kristinestadshistoria.fi\/?page_id=21591\"><strong>-Tidningsurklipp fr\u00e5n 1900-talet<\/strong><\/a><\/h4>\n<h4><a href=\"https:\/\/www.kristinestadshistoria.fi\/?page_id=21830\"><strong>-Tidningsurklipp fr\u00e5n 1910-talet<\/strong><\/a><\/h4>\n","protected":false},"excerpt":{"rendered":"<p>H\u00e4r hittar du gamla tidningsartiklar som handlar om staden och dess n\u00e4rregioner. Klicka p\u00e5 \u00f6nskad period! -Tidningsurklipp fr\u00e5n 1830-talet -Tidningsurklipp fr\u00e5n 1840-talet -Tidningsurklipp fr\u00e5n 1850-talet -Tidningsurklipp fr\u00e5n 1860-talet -Tidningsurklipp fr\u00e5n 1870-talet -Tidningsurklipp fr\u00e5n 1880-talet -Tidningsurklipp fr\u00e5n 1890-talet -Tidningsurklipp fr\u00e5n 1900-talet <a class=\"more-link\" href=\"https:\/\/www.kristinestadshistoria.fi\/?page_id=21016\">Forts\u00e4tt l\u00e4sa <span class=\"screen-reader-text\">  Tidningsartiklar fr\u00e5n staden.<\/span><span class=\"meta-nav\">&rarr;<\/span><\/a><\/p>\n","protected":false},"author":1,"featured_media":0,"parent":8025,"menu_order":1000,"comment_status":"closed","ping_status":"closed","template":"","meta":{"footnotes":""},"class_list":["post-21016","page","type-page","status-publish","hentry"],"_links":{"self":[{"href":"https:\/\/www.kristinestadshistoria.fi\/index.php?rest_route=\/wp\/v2\/pages\/21016","targetHints":{"allow":["GET"]}}],"collection":[{"href":"https:\/\/www.kristinestadshistoria.fi\/index.php?rest_route=\/wp\/v2\/pages"}],"about":[{"href":"https:\/\/www.kristinestadshistoria.fi\/index.php?rest_route=\/wp\/v2\/types\/page"}],"author":[{"embeddable":true,"href":"https:\/\/www.kristinestadshistoria.fi\/index.php?rest_route=\/wp\/v2\/users\/1"}],"replies":[{"embeddable":true,"href":"https:\/\/www.kristinestadshistoria.fi\/index.php?rest_route=%2Fwp%2Fv2%2Fcomments&post=21016"}],"version-history":[{"count":14,"href":"https:\/\/www.kristinestadshistoria.fi\/index.php?rest_route=\/wp\/v2\/pages\/21016\/revisions"}],"predecessor-version":[{"id":26873,"href":"https:\/\/www.kristinestadshistoria.fi\/index.php?rest_route=\/wp\/v2\/pages\/21016\/revisions\/26873"}],"up":[{"embeddable":true,"href":"https:\/\/www.kristinestadshistoria.fi\/index.php?rest_route=\/wp\/v2\/pages\/8025"}],"wp:attachment":[{"href":"https:\/\/www.kristinestadshistoria.fi\/index.php?rest_route=%2Fwp%2Fv2%2Fmedia&parent=21016"}],"curies":[{"name":"wp","href":"https:\/\/api.w.org\/{rel}","templated":true}]}}