{"id":20886,"date":"2021-05-26T19:23:16","date_gmt":"2021-05-26T16:23:16","guid":{"rendered":"https:\/\/www.lassebacklund.fi\/?page_id=20886"},"modified":"2026-03-08T20:41:09","modified_gmt":"2026-03-08T18:41:09","slug":"borgmastare-erik-berndtson-i-kristinestad","status":"publish","type":"page","link":"https:\/\/www.kristinestadshistoria.fi\/?page_id=20886","title":{"rendered":"Borgm\u00e4stare Erik Berndtson i Kristinestad"},"content":{"rendered":"<p><span style=\"color: #000080;\"><strong>Artikel skriven av Sten Stensson i Syd-\u00d6sterbotten 31.7.1912. Renskrivet av Lasse Backlund i maj 2021:<\/strong><\/span><\/p>\n<p>Efter Wetterblads fr\u00e5nf\u00e4lle \u00e5r 1767 uts\u00e5gs till hans eftertr\u00e4dare som borgm\u00e4stare herr Erik Berndtson. Han valdes ocks\u00e5 sedermera \u00e4ven till Wetterblads eftertr\u00e4dare i den lagstiftande f\u00f6rsamlingen. Det var vid riksdagen 1769, som han d\u00e4r tog sitt intr\u00e4de. N\u00e4mnda riksdag var f\u00f6rlagd till Norrk\u00f6ping, men d\u00e5 hattarna v\u00e4l kommit underfund med att de befann sig i majoriteten beslutade de f\u00f6rl\u00e4ggandet av riksdagen till Stockholm. D\u00e4rigenom skulle man komma i n\u00e4rmare ber\u00f6ring med franske ministern och andra fr\u00e4mmande l\u00e4nders ombud, som man kunde anse \u00f6nska p\u00e5verka besluten och d\u00e4rigenom g\u00f6ra penningeuppoffringar, vilket var ganska vanligt under frihetstidens politiska str\u00e4vanden.<\/p>\n<p>Trots alla de stridigheter, som f\u00f6rekom under samma riksdag mellan de olika partierna, lyckades man dock genomf\u00f6ra \u00e5tskilliga reformer av mera betydande beskaffenhet. Inte minst var detta f\u00f6rh\u00e5llandet med den s\u00e5 kallade s\u00e4kerhetsakten, genom vilken st\u00f6rre trygghet och garanti tillf\u00f6rs\u00e4krades enskildas liv och egendom \u00e4n som f\u00f6rut varit f\u00f6rh\u00e5llandet.<\/p>\n<p>Bland annat stadgade denna att f\u00f6r brott, som antingen var av politisk eller kriminell beskaffenhet, skulle rannsakningen ske inf\u00f6r vederb\u00f6rande domstol och inte inf\u00f6r de s\u00e4rskilda kommissioner, som g\u00e5ng efter annan blev tillsatta och som p\u00e5verkade av den allm\u00e4nna folkmeningen och folkst\u00e4mningen f\u00e4llde domar, som inte alltid var s\u00e5dana att de kunde st\u00e5 f\u00f6r efterv\u00e4rldens domslut.<\/p>\n<p>Borgm\u00e4stare Berndtson, som i likhet med f\u00f6retr\u00e4daren p\u00e5 borgm\u00e4starstolen var hatt, blev \u00e5tervald till den riksdag som h\u00f6lls \u00e5r 1772. Konung Adolf Fredrik hade d\u00e5 nyligen avlidit och kronprins Gustaf, till vilken man st\u00e4llt s\u00e5 stora f\u00f6rhoppningar, hade \u00f6vertagit regeringsbestyren. Han genomdrev ocks\u00e5 under samma riksdag den bekanta augustirevolutionen av \u00e5r 1772 genom vilken han lyckades p\u00e5 ett betydligt b\u00e4ttre s\u00e4tt driva sina krav igenom \u00e4n fadern n\u00e5gra \u00e5r f\u00f6rut.<\/p>\n<p>Borgm\u00e4stare Berndtson, som med nit och intresse f\u00f6ljde det politiska riksdagsarbetet, emottog inte \u00e5terval. \u00c5terst\u00e5ende delen av sitt liv \u00e4gnade han \u00e5t sk\u00f6tseln av stadens angel\u00e4genheter. D\u00e4r avled han ocks\u00e5 \u00e5r 1805.<\/p>\n","protected":false},"excerpt":{"rendered":"<p>Artikel skriven av Sten Stensson i Syd-\u00d6sterbotten 31.7.1912. Renskrivet av Lasse Backlund i maj 2021: Efter Wetterblads fr\u00e5nf\u00e4lle \u00e5r 1767 uts\u00e5gs till hans eftertr\u00e4dare som borgm\u00e4stare herr Erik Berndtson. Han valdes ocks\u00e5 sedermera \u00e4ven till Wetterblads eftertr\u00e4dare i den lagstiftande <a class=\"more-link\" href=\"https:\/\/www.kristinestadshistoria.fi\/?page_id=20886\">Forts\u00e4tt l\u00e4sa <span class=\"screen-reader-text\">  Borgm\u00e4stare Erik Berndtson i Kristinestad<\/span><span class=\"meta-nav\">&rarr;<\/span><\/a><\/p>\n","protected":false},"author":1,"featured_media":0,"parent":20581,"menu_order":3,"comment_status":"closed","ping_status":"closed","template":"","meta":{"footnotes":""},"class_list":["post-20886","page","type-page","status-publish","hentry"],"_links":{"self":[{"href":"https:\/\/www.kristinestadshistoria.fi\/index.php?rest_route=\/wp\/v2\/pages\/20886","targetHints":{"allow":["GET"]}}],"collection":[{"href":"https:\/\/www.kristinestadshistoria.fi\/index.php?rest_route=\/wp\/v2\/pages"}],"about":[{"href":"https:\/\/www.kristinestadshistoria.fi\/index.php?rest_route=\/wp\/v2\/types\/page"}],"author":[{"embeddable":true,"href":"https:\/\/www.kristinestadshistoria.fi\/index.php?rest_route=\/wp\/v2\/users\/1"}],"replies":[{"embeddable":true,"href":"https:\/\/www.kristinestadshistoria.fi\/index.php?rest_route=%2Fwp%2Fv2%2Fcomments&post=20886"}],"version-history":[{"count":2,"href":"https:\/\/www.kristinestadshistoria.fi\/index.php?rest_route=\/wp\/v2\/pages\/20886\/revisions"}],"predecessor-version":[{"id":30692,"href":"https:\/\/www.kristinestadshistoria.fi\/index.php?rest_route=\/wp\/v2\/pages\/20886\/revisions\/30692"}],"up":[{"embeddable":true,"href":"https:\/\/www.kristinestadshistoria.fi\/index.php?rest_route=\/wp\/v2\/pages\/20581"}],"wp:attachment":[{"href":"https:\/\/www.kristinestadshistoria.fi\/index.php?rest_route=%2Fwp%2Fv2%2Fmedia&parent=20886"}],"curies":[{"name":"wp","href":"https:\/\/api.w.org\/{rel}","templated":true}]}}