{"id":20761,"date":"2021-05-12T22:00:58","date_gmt":"2021-05-12T19:00:58","guid":{"rendered":"https:\/\/www.lassebacklund.fi\/?page_id=20761"},"modified":"2021-05-12T22:00:58","modified_gmt":"2021-05-12T19:00:58","slug":"j-w-olins-tidningsannonser","status":"publish","type":"page","link":"https:\/\/www.kristinestadshistoria.fi\/?page_id=20761","title":{"rendered":"J. W. Olins tidningsannonser."},"content":{"rendered":"<p>Detta urval av J. W. Olins annonser \u00e4r sammanst\u00e4llt av Lasse Backlund i maj 2021. Olins m\u00e5ngsidiga aff\u00e4r l\u00e5g p\u00e5 \u00d6stra L\u00e5nggatan 46, d\u00e4r Pihlajas skoaff\u00e4r finns i dag. Kristinestads Mekaniska Verkstad fanns n\u00e4ra hamnkajerna p\u00e5 \u00d6stra sidan. Han hade ocks\u00e5 tillst\u00e5nd att s\u00e4lja dynamit och andra explosiva saker och enligt tillst\u00e5ndet s\u00e5 skulle den handeln ske i den g\u00e5rd som han \u00e4gde p\u00e5 Strandgatan 28. Med sin familj bodde handlanden J. W. Olin p\u00e5 \u00d6stra L\u00e5nggatan 46 vid Salutorget.<\/p>\n<p><img loading=\"lazy\" decoding=\"async\" class=\"alignnone size-full wp-image-20751\" src=\"https:\/\/www.lassebacklund.fi\/wp-content\/uploads\/2021\/05\/Annons-1.jpg\" alt=\"\" width=\"1671\" height=\"1577\" srcset=\"https:\/\/www.kristinestadshistoria.fi\/wp-content\/uploads\/2021\/05\/Annons-1.jpg 1671w, https:\/\/www.kristinestadshistoria.fi\/wp-content\/uploads\/2021\/05\/Annons-1-300x283.jpg 300w, https:\/\/www.kristinestadshistoria.fi\/wp-content\/uploads\/2021\/05\/Annons-1-1024x966.jpg 1024w, https:\/\/www.kristinestadshistoria.fi\/wp-content\/uploads\/2021\/05\/Annons-1-768x725.jpg 768w, https:\/\/www.kristinestadshistoria.fi\/wp-content\/uploads\/2021\/05\/Annons-1-1536x1450.jpg 1536w\" sizes=\"auto, (max-width: 1671px) 100vw, 1671px\" \/> <img loading=\"lazy\" decoding=\"async\" class=\"alignnone size-full wp-image-20758\" src=\"https:\/\/www.lassebacklund.fi\/wp-content\/uploads\/2021\/05\/Annons-KT-1.jpg\" alt=\"\" width=\"945\" height=\"1990\" srcset=\"https:\/\/www.kristinestadshistoria.fi\/wp-content\/uploads\/2021\/05\/Annons-KT-1.jpg 945w, https:\/\/www.kristinestadshistoria.fi\/wp-content\/uploads\/2021\/05\/Annons-KT-1-142x300.jpg 142w, https:\/\/www.kristinestadshistoria.fi\/wp-content\/uploads\/2021\/05\/Annons-KT-1-486x1024.jpg 486w, https:\/\/www.kristinestadshistoria.fi\/wp-content\/uploads\/2021\/05\/Annons-KT-1-768x1617.jpg 768w, https:\/\/www.kristinestadshistoria.fi\/wp-content\/uploads\/2021\/05\/Annons-KT-1-729x1536.jpg 729w\" sizes=\"auto, (max-width: 945px) 100vw, 945px\" \/> <img loading=\"lazy\" decoding=\"async\" class=\"alignnone size-full wp-image-20759\" src=\"https:\/\/www.lassebacklund.fi\/wp-content\/uploads\/2021\/05\/Annons-KT-2.jpg\" alt=\"\" width=\"945\" height=\"2108\" srcset=\"https:\/\/www.kristinestadshistoria.fi\/wp-content\/uploads\/2021\/05\/Annons-KT-2.jpg 945w, https:\/\/www.kristinestadshistoria.fi\/wp-content\/uploads\/2021\/05\/Annons-KT-2-134x300.jpg 134w, https:\/\/www.kristinestadshistoria.fi\/wp-content\/uploads\/2021\/05\/Annons-KT-2-459x1024.jpg 459w, https:\/\/www.kristinestadshistoria.fi\/wp-content\/uploads\/2021\/05\/Annons-KT-2-768x1713.jpg 768w, https:\/\/www.kristinestadshistoria.fi\/wp-content\/uploads\/2021\/05\/Annons-KT-2-689x1536.jpg 689w, https:\/\/www.kristinestadshistoria.fi\/wp-content\/uploads\/2021\/05\/Annons-KT-2-918x2048.jpg 918w\" sizes=\"auto, (max-width: 945px) 100vw, 945px\" \/> <img loading=\"lazy\" decoding=\"async\" class=\"alignnone size-full wp-image-20760\" src=\"https:\/\/www.lassebacklund.fi\/wp-content\/uploads\/2021\/05\/Annons-KT-3.jpg\" alt=\"\" width=\"974\" height=\"927\" srcset=\"https:\/\/www.kristinestadshistoria.fi\/wp-content\/uploads\/2021\/05\/Annons-KT-3.jpg 974w, https:\/\/www.kristinestadshistoria.fi\/wp-content\/uploads\/2021\/05\/Annons-KT-3-300x286.jpg 300w, https:\/\/www.kristinestadshistoria.fi\/wp-content\/uploads\/2021\/05\/Annons-KT-3-768x731.jpg 768w\" sizes=\"auto, (max-width: 974px) 100vw, 974px\" \/> <img loading=\"lazy\" decoding=\"async\" class=\"alignnone size-full wp-image-20752\" src=\"https:\/\/www.lassebacklund.fi\/wp-content\/uploads\/2021\/05\/Annons-2.jpg\" alt=\"\" width=\"1240\" height=\"1754\" srcset=\"https:\/\/www.kristinestadshistoria.fi\/wp-content\/uploads\/2021\/05\/Annons-2.jpg 1240w, https:\/\/www.kristinestadshistoria.fi\/wp-content\/uploads\/2021\/05\/Annons-2-212x300.jpg 212w, https:\/\/www.kristinestadshistoria.fi\/wp-content\/uploads\/2021\/05\/Annons-2-724x1024.jpg 724w, https:\/\/www.kristinestadshistoria.fi\/wp-content\/uploads\/2021\/05\/Annons-2-768x1086.jpg 768w, https:\/\/www.kristinestadshistoria.fi\/wp-content\/uploads\/2021\/05\/Annons-2-1086x1536.jpg 1086w\" sizes=\"auto, (max-width: 1240px) 100vw, 1240px\" \/> <img loading=\"lazy\" decoding=\"async\" class=\"alignnone size-full wp-image-20753\" src=\"https:\/\/www.lassebacklund.fi\/wp-content\/uploads\/2021\/05\/Annons-3.jpg\" alt=\"\" width=\"1535\" height=\"1990\" srcset=\"https:\/\/www.kristinestadshistoria.fi\/wp-content\/uploads\/2021\/05\/Annons-3.jpg 1535w, https:\/\/www.kristinestadshistoria.fi\/wp-content\/uploads\/2021\/05\/Annons-3-231x300.jpg 231w, https:\/\/www.kristinestadshistoria.fi\/wp-content\/uploads\/2021\/05\/Annons-3-790x1024.jpg 790w, https:\/\/www.kristinestadshistoria.fi\/wp-content\/uploads\/2021\/05\/Annons-3-768x996.jpg 768w, https:\/\/www.kristinestadshistoria.fi\/wp-content\/uploads\/2021\/05\/Annons-3-1185x1536.jpg 1185w\" sizes=\"auto, (max-width: 1535px) 100vw, 1535px\" \/> <img loading=\"lazy\" decoding=\"async\" class=\"alignnone size-full wp-image-20754\" src=\"https:\/\/www.lassebacklund.fi\/wp-content\/uploads\/2021\/05\/Annons-4.jpg\" alt=\"\" width=\"933\" height=\"1931\" srcset=\"https:\/\/www.kristinestadshistoria.fi\/wp-content\/uploads\/2021\/05\/Annons-4.jpg 933w, https:\/\/www.kristinestadshistoria.fi\/wp-content\/uploads\/2021\/05\/Annons-4-145x300.jpg 145w, https:\/\/www.kristinestadshistoria.fi\/wp-content\/uploads\/2021\/05\/Annons-4-495x1024.jpg 495w, https:\/\/www.kristinestadshistoria.fi\/wp-content\/uploads\/2021\/05\/Annons-4-768x1590.jpg 768w, https:\/\/www.kristinestadshistoria.fi\/wp-content\/uploads\/2021\/05\/Annons-4-742x1536.jpg 742w\" sizes=\"auto, (max-width: 933px) 100vw, 933px\" \/> <img loading=\"lazy\" decoding=\"async\" class=\"alignnone size-full wp-image-20755\" src=\"https:\/\/www.lassebacklund.fi\/wp-content\/uploads\/2021\/05\/Annons-5.jpg\" alt=\"\" width=\"1594\" height=\"1636\" srcset=\"https:\/\/www.kristinestadshistoria.fi\/wp-content\/uploads\/2021\/05\/Annons-5.jpg 1594w, https:\/\/www.kristinestadshistoria.fi\/wp-content\/uploads\/2021\/05\/Annons-5-292x300.jpg 292w, https:\/\/www.kristinestadshistoria.fi\/wp-content\/uploads\/2021\/05\/Annons-5-998x1024.jpg 998w, https:\/\/www.kristinestadshistoria.fi\/wp-content\/uploads\/2021\/05\/Annons-5-768x788.jpg 768w, https:\/\/www.kristinestadshistoria.fi\/wp-content\/uploads\/2021\/05\/Annons-5-1497x1536.jpg 1497w\" sizes=\"auto, (max-width: 1594px) 100vw, 1594px\" \/> <img loading=\"lazy\" decoding=\"async\" class=\"alignnone size-full wp-image-20756\" src=\"https:\/\/www.lassebacklund.fi\/wp-content\/uploads\/2021\/05\/Annons-6.jpg\" alt=\"\" width=\"1240\" height=\"1695\" srcset=\"https:\/\/www.kristinestadshistoria.fi\/wp-content\/uploads\/2021\/05\/Annons-6.jpg 1240w, https:\/\/www.kristinestadshistoria.fi\/wp-content\/uploads\/2021\/05\/Annons-6-219x300.jpg 219w, https:\/\/www.kristinestadshistoria.fi\/wp-content\/uploads\/2021\/05\/Annons-6-749x1024.jpg 749w, https:\/\/www.kristinestadshistoria.fi\/wp-content\/uploads\/2021\/05\/Annons-6-768x1050.jpg 768w, https:\/\/www.kristinestadshistoria.fi\/wp-content\/uploads\/2021\/05\/Annons-6-1124x1536.jpg 1124w\" sizes=\"auto, (max-width: 1240px) 100vw, 1240px\" \/> <img loading=\"lazy\" decoding=\"async\" class=\"alignnone size-full wp-image-20757\" src=\"https:\/\/www.lassebacklund.fi\/wp-content\/uploads\/2021\/05\/Annons-7.jpg\" alt=\"\" width=\"1264\" height=\"1636\" srcset=\"https:\/\/www.kristinestadshistoria.fi\/wp-content\/uploads\/2021\/05\/Annons-7.jpg 1264w, https:\/\/www.kristinestadshistoria.fi\/wp-content\/uploads\/2021\/05\/Annons-7-232x300.jpg 232w, https:\/\/www.kristinestadshistoria.fi\/wp-content\/uploads\/2021\/05\/Annons-7-791x1024.jpg 791w, https:\/\/www.kristinestadshistoria.fi\/wp-content\/uploads\/2021\/05\/Annons-7-768x994.jpg 768w, https:\/\/www.kristinestadshistoria.fi\/wp-content\/uploads\/2021\/05\/Annons-7-1187x1536.jpg 1187w\" sizes=\"auto, (max-width: 1264px) 100vw, 1264px\" \/><\/p>\n","protected":false},"excerpt":{"rendered":"<p>Detta urval av J. W. Olins annonser \u00e4r sammanst\u00e4llt av Lasse Backlund i maj 2021. Olins m\u00e5ngsidiga aff\u00e4r l\u00e5g p\u00e5 \u00d6stra L\u00e5nggatan 46, d\u00e4r Pihlajas skoaff\u00e4r finns i dag. Kristinestads Mekaniska Verkstad fanns n\u00e4ra hamnkajerna p\u00e5 \u00d6stra sidan. Han hade <a class=\"more-link\" href=\"https:\/\/www.kristinestadshistoria.fi\/?page_id=20761\">Forts\u00e4tt l\u00e4sa <span class=\"screen-reader-text\">  J. W. Olins tidningsannonser.<\/span><span class=\"meta-nav\">&rarr;<\/span><\/a><\/p>\n","protected":false},"author":1,"featured_media":0,"parent":20737,"menu_order":2,"comment_status":"closed","ping_status":"closed","template":"","meta":{"footnotes":""},"class_list":["post-20761","page","type-page","status-publish","hentry"],"_links":{"self":[{"href":"https:\/\/www.kristinestadshistoria.fi\/index.php?rest_route=\/wp\/v2\/pages\/20761","targetHints":{"allow":["GET"]}}],"collection":[{"href":"https:\/\/www.kristinestadshistoria.fi\/index.php?rest_route=\/wp\/v2\/pages"}],"about":[{"href":"https:\/\/www.kristinestadshistoria.fi\/index.php?rest_route=\/wp\/v2\/types\/page"}],"author":[{"embeddable":true,"href":"https:\/\/www.kristinestadshistoria.fi\/index.php?rest_route=\/wp\/v2\/users\/1"}],"replies":[{"embeddable":true,"href":"https:\/\/www.kristinestadshistoria.fi\/index.php?rest_route=%2Fwp%2Fv2%2Fcomments&post=20761"}],"version-history":[{"count":1,"href":"https:\/\/www.kristinestadshistoria.fi\/index.php?rest_route=\/wp\/v2\/pages\/20761\/revisions"}],"predecessor-version":[{"id":20762,"href":"https:\/\/www.kristinestadshistoria.fi\/index.php?rest_route=\/wp\/v2\/pages\/20761\/revisions\/20762"}],"up":[{"embeddable":true,"href":"https:\/\/www.kristinestadshistoria.fi\/index.php?rest_route=\/wp\/v2\/pages\/20737"}],"wp:attachment":[{"href":"https:\/\/www.kristinestadshistoria.fi\/index.php?rest_route=%2Fwp%2Fv2%2Fmedia&parent=20761"}],"curies":[{"name":"wp","href":"https:\/\/api.w.org\/{rel}","templated":true}]}}