{"id":20641,"date":"2021-05-03T21:35:05","date_gmt":"2021-05-03T18:35:05","guid":{"rendered":"https:\/\/www.lassebacklund.fi\/?page_id=20641"},"modified":"2021-05-03T21:36:55","modified_gmt":"2021-05-03T18:36:55","slug":"arne-appelgrens-historik-fran-1941","status":"publish","type":"page","link":"https:\/\/www.kristinestadshistoria.fi\/?page_id=20641","title":{"rendered":"Arne Appelgrens historik fr\u00e5n 1941."},"content":{"rendered":"<p>\u00c5r 1941, allts\u00e5\u00a0 \u00e5ret efter att Stiftelsen Lebellska K\u00f6pmansg\u00e5rden i Kristinestad hade bildats, s\u00e5 publicerade Svenska Folkskolans v\u00e4nner en historik som museimannen Arne Appelgren hade sammanst\u00e4llt. P\u00e5 senare tid har det publicerats flera nyare historiker med Appelgrens som grund.<\/p>\n<p><img loading=\"lazy\" decoding=\"async\" class=\"alignnone size-full wp-image-20629\" src=\"https:\/\/www.lassebacklund.fi\/wp-content\/uploads\/2021\/05\/1.jpg\" alt=\"\" width=\"578\" height=\"906\" srcset=\"https:\/\/www.kristinestadshistoria.fi\/wp-content\/uploads\/2021\/05\/1.jpg 578w, https:\/\/www.kristinestadshistoria.fi\/wp-content\/uploads\/2021\/05\/1-191x300.jpg 191w\" sizes=\"auto, (max-width: 578px) 100vw, 578px\" \/> <img loading=\"lazy\" decoding=\"async\" class=\"alignnone size-full wp-image-20630\" src=\"https:\/\/www.lassebacklund.fi\/wp-content\/uploads\/2021\/05\/2.jpg\" alt=\"\" width=\"574\" height=\"897\" srcset=\"https:\/\/www.kristinestadshistoria.fi\/wp-content\/uploads\/2021\/05\/2.jpg 574w, https:\/\/www.kristinestadshistoria.fi\/wp-content\/uploads\/2021\/05\/2-192x300.jpg 192w\" sizes=\"auto, (max-width: 574px) 100vw, 574px\" \/> <img loading=\"lazy\" decoding=\"async\" class=\"alignnone size-full wp-image-20631\" src=\"https:\/\/www.lassebacklund.fi\/wp-content\/uploads\/2021\/05\/3.jpg\" alt=\"\" width=\"563\" height=\"892\" srcset=\"https:\/\/www.kristinestadshistoria.fi\/wp-content\/uploads\/2021\/05\/3.jpg 563w, https:\/\/www.kristinestadshistoria.fi\/wp-content\/uploads\/2021\/05\/3-189x300.jpg 189w\" sizes=\"auto, (max-width: 563px) 100vw, 563px\" \/> <img loading=\"lazy\" decoding=\"async\" class=\"alignnone size-full wp-image-20632\" src=\"https:\/\/www.lassebacklund.fi\/wp-content\/uploads\/2021\/05\/4.jpg\" alt=\"\" width=\"566\" height=\"895\" srcset=\"https:\/\/www.kristinestadshistoria.fi\/wp-content\/uploads\/2021\/05\/4.jpg 566w, https:\/\/www.kristinestadshistoria.fi\/wp-content\/uploads\/2021\/05\/4-190x300.jpg 190w\" sizes=\"auto, (max-width: 566px) 100vw, 566px\" \/> <img loading=\"lazy\" decoding=\"async\" class=\"alignnone size-full wp-image-20633\" src=\"https:\/\/www.lassebacklund.fi\/wp-content\/uploads\/2021\/05\/5.jpg\" alt=\"\" width=\"575\" height=\"888\" srcset=\"https:\/\/www.kristinestadshistoria.fi\/wp-content\/uploads\/2021\/05\/5.jpg 575w, https:\/\/www.kristinestadshistoria.fi\/wp-content\/uploads\/2021\/05\/5-194x300.jpg 194w\" sizes=\"auto, (max-width: 575px) 100vw, 575px\" \/> <img loading=\"lazy\" decoding=\"async\" class=\"alignnone size-full wp-image-20634\" src=\"https:\/\/www.lassebacklund.fi\/wp-content\/uploads\/2021\/05\/6.jpg\" alt=\"\" width=\"558\" height=\"889\" srcset=\"https:\/\/www.kristinestadshistoria.fi\/wp-content\/uploads\/2021\/05\/6.jpg 558w, https:\/\/www.kristinestadshistoria.fi\/wp-content\/uploads\/2021\/05\/6-188x300.jpg 188w\" sizes=\"auto, (max-width: 558px) 100vw, 558px\" \/> <img loading=\"lazy\" decoding=\"async\" class=\"alignnone size-full wp-image-20635\" src=\"https:\/\/www.lassebacklund.fi\/wp-content\/uploads\/2021\/05\/7.jpg\" alt=\"\" width=\"567\" height=\"881\" srcset=\"https:\/\/www.kristinestadshistoria.fi\/wp-content\/uploads\/2021\/05\/7.jpg 567w, https:\/\/www.kristinestadshistoria.fi\/wp-content\/uploads\/2021\/05\/7-193x300.jpg 193w\" sizes=\"auto, (max-width: 567px) 100vw, 567px\" \/> <img loading=\"lazy\" decoding=\"async\" class=\"alignnone size-full wp-image-20636\" src=\"https:\/\/www.lassebacklund.fi\/wp-content\/uploads\/2021\/05\/8.jpg\" alt=\"\" width=\"576\" height=\"901\" srcset=\"https:\/\/www.kristinestadshistoria.fi\/wp-content\/uploads\/2021\/05\/8.jpg 576w, https:\/\/www.kristinestadshistoria.fi\/wp-content\/uploads\/2021\/05\/8-192x300.jpg 192w\" sizes=\"auto, (max-width: 576px) 100vw, 576px\" \/> <img loading=\"lazy\" decoding=\"async\" class=\"alignnone size-full wp-image-20637\" src=\"https:\/\/www.lassebacklund.fi\/wp-content\/uploads\/2021\/05\/9.jpg\" alt=\"\" width=\"562\" height=\"895\" srcset=\"https:\/\/www.kristinestadshistoria.fi\/wp-content\/uploads\/2021\/05\/9.jpg 562w, https:\/\/www.kristinestadshistoria.fi\/wp-content\/uploads\/2021\/05\/9-188x300.jpg 188w\" sizes=\"auto, (max-width: 562px) 100vw, 562px\" \/> <img loading=\"lazy\" decoding=\"async\" class=\"alignnone size-full wp-image-20638\" src=\"https:\/\/www.lassebacklund.fi\/wp-content\/uploads\/2021\/05\/10.jpg\" alt=\"\" width=\"576\" height=\"892\" srcset=\"https:\/\/www.kristinestadshistoria.fi\/wp-content\/uploads\/2021\/05\/10.jpg 576w, https:\/\/www.kristinestadshistoria.fi\/wp-content\/uploads\/2021\/05\/10-194x300.jpg 194w\" sizes=\"auto, (max-width: 576px) 100vw, 576px\" \/> <img loading=\"lazy\" decoding=\"async\" class=\"alignnone size-full wp-image-20639\" src=\"https:\/\/www.lassebacklund.fi\/wp-content\/uploads\/2021\/05\/11.jpg\" alt=\"\" width=\"571\" height=\"898\" srcset=\"https:\/\/www.kristinestadshistoria.fi\/wp-content\/uploads\/2021\/05\/11.jpg 571w, https:\/\/www.kristinestadshistoria.fi\/wp-content\/uploads\/2021\/05\/11-191x300.jpg 191w\" sizes=\"auto, (max-width: 571px) 100vw, 571px\" \/> <img loading=\"lazy\" decoding=\"async\" class=\"alignnone size-full wp-image-20640\" src=\"https:\/\/www.lassebacklund.fi\/wp-content\/uploads\/2021\/05\/12.jpg\" alt=\"\" width=\"577\" height=\"875\" srcset=\"https:\/\/www.kristinestadshistoria.fi\/wp-content\/uploads\/2021\/05\/12.jpg 577w, https:\/\/www.kristinestadshistoria.fi\/wp-content\/uploads\/2021\/05\/12-198x300.jpg 198w\" sizes=\"auto, (max-width: 577px) 100vw, 577px\" \/><\/p>\n","protected":false},"excerpt":{"rendered":"<p>\u00c5r 1941, allts\u00e5\u00a0 \u00e5ret efter att Stiftelsen Lebellska K\u00f6pmansg\u00e5rden i Kristinestad hade bildats, s\u00e5 publicerade Svenska Folkskolans v\u00e4nner en historik som museimannen Arne Appelgren hade sammanst\u00e4llt. P\u00e5 senare tid har det publicerats flera nyare historiker med Appelgrens som grund.<\/p>\n","protected":false},"author":1,"featured_media":0,"parent":20608,"menu_order":1,"comment_status":"closed","ping_status":"closed","template":"","meta":{"footnotes":""},"class_list":["post-20641","page","type-page","status-publish","hentry"],"_links":{"self":[{"href":"https:\/\/www.kristinestadshistoria.fi\/index.php?rest_route=\/wp\/v2\/pages\/20641","targetHints":{"allow":["GET"]}}],"collection":[{"href":"https:\/\/www.kristinestadshistoria.fi\/index.php?rest_route=\/wp\/v2\/pages"}],"about":[{"href":"https:\/\/www.kristinestadshistoria.fi\/index.php?rest_route=\/wp\/v2\/types\/page"}],"author":[{"embeddable":true,"href":"https:\/\/www.kristinestadshistoria.fi\/index.php?rest_route=\/wp\/v2\/users\/1"}],"replies":[{"embeddable":true,"href":"https:\/\/www.kristinestadshistoria.fi\/index.php?rest_route=%2Fwp%2Fv2%2Fcomments&post=20641"}],"version-history":[{"count":3,"href":"https:\/\/www.kristinestadshistoria.fi\/index.php?rest_route=\/wp\/v2\/pages\/20641\/revisions"}],"predecessor-version":[{"id":20644,"href":"https:\/\/www.kristinestadshistoria.fi\/index.php?rest_route=\/wp\/v2\/pages\/20641\/revisions\/20644"}],"up":[{"embeddable":true,"href":"https:\/\/www.kristinestadshistoria.fi\/index.php?rest_route=\/wp\/v2\/pages\/20608"}],"wp:attachment":[{"href":"https:\/\/www.kristinestadshistoria.fi\/index.php?rest_route=%2Fwp%2Fv2%2Fmedia&parent=20641"}],"curies":[{"name":"wp","href":"https:\/\/api.w.org\/{rel}","templated":true}]}}