{"id":20497,"date":"2021-04-23T20:19:53","date_gmt":"2021-04-23T17:19:53","guid":{"rendered":"https:\/\/www.lassebacklund.fi\/?page_id=20497"},"modified":"2021-07-26T12:51:21","modified_gmt":"2021-07-26T09:51:21","slug":"en-smastads-oden-av-axel-haggman","status":"publish","type":"page","link":"https:\/\/www.kristinestadshistoria.fi\/?page_id=20497","title":{"rendered":"En sm\u00e5stads \u00f6den, av Axel H\u00e4ggman."},"content":{"rendered":"<p>Filosofie magistern och l\u00e4raren Axel H\u00e4ggman sammanst\u00e4llde en historik om Kristinestad, som han kallade &#8221;En sm\u00e5stads \u00f6den under 300 \u00e5r&#8221;. Den publicerades i Svenska Folkskolans V\u00e4nners kalender \u00e5r 1948 och uppgifterna hade han plockat ur &#8221;Kristinestads Historia&#8221; fr\u00e5n \u00e5r 1915. Det betyder att de fel och brister som finns i den boken ocks\u00e5 finns med i Axel H\u00e4ggmans historik.<\/p>\n<p>Axel H\u00e4ggman bodde med sin familj i Kristinestad p\u00e5 <a href=\"https:\/\/www.lassebacklund.fi\/?page_id=20539\">V\u00e4stra L\u00e5nggatan 10<\/a> fr\u00e5n mitten av 30-talet till mitten av 50-talet. Axel var f\u00f6dd i Helsingfors \u00e5r 1893 och han var gift med Lilja Elisabet (f\u00f6dd Johansson i Terj\u00e4rv 1899).<\/p>\n<p><img loading=\"lazy\" decoding=\"async\" class=\"alignnone wp-image-20480\" src=\"https:\/\/www.lassebacklund.fi\/wp-content\/uploads\/2021\/04\/13.jpg\" alt=\"\" width=\"993\" height=\"1584\" \/> <img loading=\"lazy\" decoding=\"async\" class=\"alignnone wp-image-20481\" src=\"https:\/\/www.lassebacklund.fi\/wp-content\/uploads\/2021\/04\/14.jpg\" alt=\"\" width=\"993\" height=\"1555\" \/> <img loading=\"lazy\" decoding=\"async\" class=\"alignnone wp-image-20482\" src=\"https:\/\/www.lassebacklund.fi\/wp-content\/uploads\/2021\/04\/15.jpg\" alt=\"\" width=\"994\" height=\"1577\" \/> <img loading=\"lazy\" decoding=\"async\" class=\"alignnone wp-image-20483\" src=\"https:\/\/www.lassebacklund.fi\/wp-content\/uploads\/2021\/04\/16.jpg\" alt=\"\" width=\"990\" height=\"1577\" \/> <img loading=\"lazy\" decoding=\"async\" class=\"alignnone wp-image-20484\" src=\"https:\/\/www.lassebacklund.fi\/wp-content\/uploads\/2021\/04\/17.jpg\" alt=\"\" width=\"984\" height=\"1565\" \/> <img loading=\"lazy\" decoding=\"async\" class=\"alignnone wp-image-20485\" src=\"https:\/\/www.lassebacklund.fi\/wp-content\/uploads\/2021\/04\/18.jpg\" alt=\"\" width=\"983\" height=\"1553\" \/> <img loading=\"lazy\" decoding=\"async\" class=\"alignnone wp-image-20486\" src=\"https:\/\/www.lassebacklund.fi\/wp-content\/uploads\/2021\/04\/19.jpg\" alt=\"\" width=\"982\" height=\"1546\" \/> <img loading=\"lazy\" decoding=\"async\" class=\"alignnone wp-image-20487\" src=\"https:\/\/www.lassebacklund.fi\/wp-content\/uploads\/2021\/04\/20.jpg\" alt=\"\" width=\"988\" height=\"1541\" \/> <img loading=\"lazy\" decoding=\"async\" class=\"alignnone wp-image-20488\" src=\"https:\/\/www.lassebacklund.fi\/wp-content\/uploads\/2021\/04\/21.jpg\" alt=\"\" width=\"986\" height=\"1545\" \/> <img loading=\"lazy\" decoding=\"async\" class=\"alignnone wp-image-20489\" src=\"https:\/\/www.lassebacklund.fi\/wp-content\/uploads\/2021\/04\/22.jpg\" alt=\"\" width=\"988\" height=\"1544\" \/> <img loading=\"lazy\" decoding=\"async\" class=\"alignnone wp-image-20490\" src=\"https:\/\/www.lassebacklund.fi\/wp-content\/uploads\/2021\/04\/23.jpg\" alt=\"\" width=\"979\" height=\"1578\" \/> <img loading=\"lazy\" decoding=\"async\" class=\"alignnone wp-image-20491\" src=\"https:\/\/www.lassebacklund.fi\/wp-content\/uploads\/2021\/04\/24.jpg\" alt=\"\" width=\"984\" height=\"1539\" \/> <img loading=\"lazy\" decoding=\"async\" class=\"alignnone wp-image-20492\" src=\"https:\/\/www.lassebacklund.fi\/wp-content\/uploads\/2021\/04\/25.jpg\" alt=\"\" width=\"981\" height=\"1556\" \/> <img loading=\"lazy\" decoding=\"async\" class=\"alignnone wp-image-20493\" src=\"https:\/\/www.lassebacklund.fi\/wp-content\/uploads\/2021\/04\/26.jpg\" alt=\"\" width=\"973\" height=\"1574\" \/> <img loading=\"lazy\" decoding=\"async\" class=\"alignnone wp-image-20494\" src=\"https:\/\/www.lassebacklund.fi\/wp-content\/uploads\/2021\/04\/27.jpg\" alt=\"\" width=\"966\" height=\"1556\" \/> <img loading=\"lazy\" decoding=\"async\" class=\"alignnone wp-image-20495\" src=\"https:\/\/www.lassebacklund.fi\/wp-content\/uploads\/2021\/04\/28.jpg\" alt=\"\" width=\"971\" height=\"1521\" \/> <img loading=\"lazy\" decoding=\"async\" class=\"alignnone wp-image-20496\" src=\"https:\/\/www.lassebacklund.fi\/wp-content\/uploads\/2021\/04\/29.jpg\" alt=\"\" width=\"966\" height=\"1571\" \/><\/p>\n","protected":false},"excerpt":{"rendered":"<p>Filosofie magistern och l\u00e4raren Axel H\u00e4ggman sammanst\u00e4llde en historik om Kristinestad, som han kallade &#8221;En sm\u00e5stads \u00f6den under 300 \u00e5r&#8221;. Den publicerades i Svenska Folkskolans V\u00e4nners kalender \u00e5r 1948 och uppgifterna hade han plockat ur &#8221;Kristinestads Historia&#8221; fr\u00e5n \u00e5r 1915. <a class=\"more-link\" href=\"https:\/\/www.kristinestadshistoria.fi\/?page_id=20497\">Forts\u00e4tt l\u00e4sa <span class=\"screen-reader-text\">  En sm\u00e5stads \u00f6den, av Axel H\u00e4ggman.<\/span><span class=\"meta-nav\">&rarr;<\/span><\/a><\/p>\n","protected":false},"author":1,"featured_media":0,"parent":21456,"menu_order":7,"comment_status":"closed","ping_status":"closed","template":"","meta":{"footnotes":""},"class_list":["post-20497","page","type-page","status-publish","hentry"],"_links":{"self":[{"href":"https:\/\/www.kristinestadshistoria.fi\/index.php?rest_route=\/wp\/v2\/pages\/20497","targetHints":{"allow":["GET"]}}],"collection":[{"href":"https:\/\/www.kristinestadshistoria.fi\/index.php?rest_route=\/wp\/v2\/pages"}],"about":[{"href":"https:\/\/www.kristinestadshistoria.fi\/index.php?rest_route=\/wp\/v2\/types\/page"}],"author":[{"embeddable":true,"href":"https:\/\/www.kristinestadshistoria.fi\/index.php?rest_route=\/wp\/v2\/users\/1"}],"replies":[{"embeddable":true,"href":"https:\/\/www.kristinestadshistoria.fi\/index.php?rest_route=%2Fwp%2Fv2%2Fcomments&post=20497"}],"version-history":[{"count":4,"href":"https:\/\/www.kristinestadshistoria.fi\/index.php?rest_route=\/wp\/v2\/pages\/20497\/revisions"}],"predecessor-version":[{"id":20558,"href":"https:\/\/www.kristinestadshistoria.fi\/index.php?rest_route=\/wp\/v2\/pages\/20497\/revisions\/20558"}],"up":[{"embeddable":true,"href":"https:\/\/www.kristinestadshistoria.fi\/index.php?rest_route=\/wp\/v2\/pages\/21456"}],"wp:attachment":[{"href":"https:\/\/www.kristinestadshistoria.fi\/index.php?rest_route=%2Fwp%2Fv2%2Fmedia&parent=20497"}],"curies":[{"name":"wp","href":"https:\/\/api.w.org\/{rel}","templated":true}]}}