{"id":20379,"date":"2021-04-13T00:16:15","date_gmt":"2021-04-12T21:16:15","guid":{"rendered":"https:\/\/www.lassebacklund.fi\/?page_id=20379"},"modified":"2023-07-21T08:51:51","modified_gmt":"2023-07-21T05:51:51","slug":"wilhelm-stenberg","status":"publish","type":"page","link":"https:\/\/www.kristinestadshistoria.fi\/?page_id=20379","title":{"rendered":"Waldemar Stenberg."},"content":{"rendered":"<p><strong><span style=\"color: #000080;\">Sammanst\u00e4llt av Lasse Backlund i april 2021:<\/span><\/strong><\/p>\n<p>Waldemar f\u00f6ddes \u00e5r 1865 i Bj\u00f6rneborg och han var son till f\u00e4rgarem\u00e4staren G. A. Stenberg. Han blev student i Bj\u00f6rneborg \u00e5r 1884 och efter det vistades han ett par \u00e5r i England f\u00f6r att studera tr\u00e4varubranschen. \u00c5r 1890 anst\u00e4lldes han av tr\u00e4varufirman F. A. Juselius och blev skickad till Brahestad som prokurist f\u00f6r dennes aff\u00e4r d\u00e4r. \u00c5r 1896 flyttade han till Kristinestad f\u00f6r att bli disponent p\u00e5 firmans filial i staden och i den tj\u00e4nsten stannade han \u00e4nda till sin d\u00f6d \u00e5r 1904.<\/p>\n<p>Waldemar Stenberg var politiskt aktiv i staden och satt bland annat med i stadsfullm\u00e4ktige. Han var en duktig seglare och har en drivande kraft i den frivilliga brandk\u00e5ren. Han var k\u00e4nd som en gladlynt och social person, som hade l\u00e4tt att f\u00e5 v\u00e4nner.<\/p>\n<p>\u00c5r 1901 gifte han sig med vicekonsul och sj\u00f6kapten Wilhelm Starcks dotter Sigrid, som var f\u00f6dd i juni 1883. Under \u00e5r 1903 l\u00e4t Waldemar uppf\u00f6ra en st\u00e5tlig g\u00e5rd p\u00e5 sv\u00e4rfar Starcks tomt. G\u00e5rden fick 8 rum, k\u00f6k, matsal, stora garderober och ett par rum ocks\u00e5 p\u00e5 \u00f6vre v\u00e5ningen. G\u00e5rden som planerades och byggdes av byggm\u00e4stare Holmstr\u00f6m ans\u00e5gs v\u00e4ldigt p\u00e5kostad med flera vackra kakelugnar fr\u00e5n Helsingfors Kakelfabrik.<\/p>\n<p>Knappt hade g\u00e5rden blivit f\u00e4rdig s\u00e5 drabbades Waldemar Stenberg av en elakartad lunginflammation. Han togs in p\u00e5 sjukhus och han genomgick en operation av l\u00e4karna Pelkonen fr\u00e5n N\u00e4rpes och Ernst Wendelin fr\u00e5n staden. De ans\u00e5g att operationen lyckades v\u00e4l men \u00e4nd\u00e5 dog Waldemar ett par dagar efter\u00e5t av hj\u00e4rtf\u00f6rlamning.<\/p>\n<p>Under sitt korta \u00e4ktenskap hann de inte f\u00e5 n\u00e5gra barn. \u00c4nkan Sigrid gifte om sig \u00e5r 1906 med Einar Hedstr\u00f6m fr\u00e5n Nykarleby. Hon flyttade dit h\u00f6sten 1908 och d\u00e4r arbetade hon som l\u00e4rarinna och det ser ut som att ocks\u00e5 det \u00e4ktenskapet var barnl\u00f6st.<\/p>\n<p><img loading=\"lazy\" decoding=\"async\" class=\"alignnone size-full wp-image-20384\" src=\"https:\/\/www.lassebacklund.fi\/wp-content\/uploads\/2021\/04\/Stenbergs-dodsannons.jpg\" alt=\"\" width=\"720\" height=\"1152\" srcset=\"https:\/\/www.kristinestadshistoria.fi\/wp-content\/uploads\/2021\/04\/Stenbergs-dodsannons.jpg 720w, https:\/\/www.kristinestadshistoria.fi\/wp-content\/uploads\/2021\/04\/Stenbergs-dodsannons-188x300.jpg 188w, https:\/\/www.kristinestadshistoria.fi\/wp-content\/uploads\/2021\/04\/Stenbergs-dodsannons-640x1024.jpg 640w\" sizes=\"auto, (max-width: 720px) 100vw, 720px\" \/><\/p>\n<figure id=\"attachment_21110\" aria-describedby=\"caption-attachment-21110\" style=\"width: 1344px\" class=\"wp-caption alignnone\"><img loading=\"lazy\" decoding=\"async\" class=\"size-full wp-image-21110\" src=\"https:\/\/www.lassebacklund.fi\/wp-content\/uploads\/2021\/06\/Stenberg-Fredrik.jpg\" alt=\"\" width=\"1344\" height=\"1296\" srcset=\"https:\/\/www.kristinestadshistoria.fi\/wp-content\/uploads\/2021\/06\/Stenberg-Fredrik.jpg 1344w, https:\/\/www.kristinestadshistoria.fi\/wp-content\/uploads\/2021\/06\/Stenberg-Fredrik-300x289.jpg 300w, https:\/\/www.kristinestadshistoria.fi\/wp-content\/uploads\/2021\/06\/Stenberg-Fredrik-1024x987.jpg 1024w, https:\/\/www.kristinestadshistoria.fi\/wp-content\/uploads\/2021\/06\/Stenberg-Fredrik-768x741.jpg 768w\" sizes=\"auto, (max-width: 1344px) 100vw, 1344px\" \/><figcaption id=\"caption-attachment-21110\" class=\"wp-caption-text\">Till v\u00e4nster Waldemar Stenbergs gravsten p\u00e5 gamla begravningsplatsen p\u00e5 \u00d6stra sidan. Den var ju denne Waldemar som kort f\u00f6re sin d\u00f6d byggde g\u00e5rden p\u00e5 Nygatan 1. Till h\u00f6ger hans sv\u00e4rfar Wilhelm Starck, som f\u00f6rst bodde i g\u00e5rden p\u00e5 Strandgatan 58 men sedan flyttade in i dotterns g\u00e5rd vid Nygatan.<\/figcaption><\/figure>\n","protected":false},"excerpt":{"rendered":"<p>Sammanst\u00e4llt av Lasse Backlund i april 2021: Waldemar f\u00f6ddes \u00e5r 1865 i Bj\u00f6rneborg och han var son till f\u00e4rgarem\u00e4staren G. A. Stenberg. Han blev student i Bj\u00f6rneborg \u00e5r 1884 och efter det vistades han ett par \u00e5r i England f\u00f6r <a class=\"more-link\" href=\"https:\/\/www.kristinestadshistoria.fi\/?page_id=20379\">Forts\u00e4tt l\u00e4sa <span class=\"screen-reader-text\">  Waldemar Stenberg.<\/span><span class=\"meta-nav\">&rarr;<\/span><\/a><\/p>\n","protected":false},"author":1,"featured_media":0,"parent":20372,"menu_order":1,"comment_status":"closed","ping_status":"closed","template":"","meta":{"footnotes":""},"class_list":["post-20379","page","type-page","status-publish","hentry"],"_links":{"self":[{"href":"https:\/\/www.kristinestadshistoria.fi\/index.php?rest_route=\/wp\/v2\/pages\/20379","targetHints":{"allow":["GET"]}}],"collection":[{"href":"https:\/\/www.kristinestadshistoria.fi\/index.php?rest_route=\/wp\/v2\/pages"}],"about":[{"href":"https:\/\/www.kristinestadshistoria.fi\/index.php?rest_route=\/wp\/v2\/types\/page"}],"author":[{"embeddable":true,"href":"https:\/\/www.kristinestadshistoria.fi\/index.php?rest_route=\/wp\/v2\/users\/1"}],"replies":[{"embeddable":true,"href":"https:\/\/www.kristinestadshistoria.fi\/index.php?rest_route=%2Fwp%2Fv2%2Fcomments&post=20379"}],"version-history":[{"count":5,"href":"https:\/\/www.kristinestadshistoria.fi\/index.php?rest_route=\/wp\/v2\/pages\/20379\/revisions"}],"predecessor-version":[{"id":26917,"href":"https:\/\/www.kristinestadshistoria.fi\/index.php?rest_route=\/wp\/v2\/pages\/20379\/revisions\/26917"}],"up":[{"embeddable":true,"href":"https:\/\/www.kristinestadshistoria.fi\/index.php?rest_route=\/wp\/v2\/pages\/20372"}],"wp:attachment":[{"href":"https:\/\/www.kristinestadshistoria.fi\/index.php?rest_route=%2Fwp%2Fv2%2Fmedia&parent=20379"}],"curies":[{"name":"wp","href":"https:\/\/api.w.org\/{rel}","templated":true}]}}