{"id":19858,"date":"2021-03-09T08:58:18","date_gmt":"2021-03-09T06:58:18","guid":{"rendered":"https:\/\/www.lassebacklund.fi\/?page_id=19858"},"modified":"2022-04-22T11:18:13","modified_gmt":"2022-04-22T08:18:13","slug":"wilhelm-martens-f-1861-d-1910","status":"publish","type":"page","link":"https:\/\/www.kristinestadshistoria.fi\/?page_id=19858","title":{"rendered":"Martens Matts Wilhelm (1861-1910)."},"content":{"rendered":"<p><span style=\"color: #000080;\">Sammanst\u00e4llt<b> av Lasse Backlund i mars 2021. Som grund har anv\u00e4nts flera gamla \u00e4mbetsbevis.<\/b><\/span><\/p>\n<p><strong>Matts <span style=\"text-decoration: underline;\">Wilhelm<\/span><\/strong> f\u00f6ddes 31.12.1861 som o\u00e4kta son till Kajsa Greta Mannfolk (f\u00f6dd i N\u00e4rpes 1833, d\u00f6d i staden \u00e5r 1909) och han tog i ett senare skede styvfaderns sl\u00e4ktnamn Martens.<\/p>\n<p>Kajsa Greta, som kallades Katharina hade ocks\u00e5 o\u00e4kta dottern <strong>Maria Matilda,<\/strong> f\u00f6dd 1858 och hon gifte sig \u00e5r 1878 med sj\u00f6mannen Gustaf Gr\u00f6nlund, men de fick inga barn. Efter Gustafs d\u00f6d \u00e5r 1880 gifte sig Maria Mathilda f\u00f6r andra g\u00e5ngen \u00e5r 1881 med sj\u00f6mannen och sadelmakaren, \u00e4nklingen Carl Johan Klemets, senare Br\u00e4nnlund (1840-1887) fr\u00e5n Dagsmark och de flyttade dit tillbaka \u00e5r 1884. Efter Carl Johans d\u00f6d 1887, flyttade \u00e4nkan Maria Br\u00e4nnlund till Vasa. Carl Johan Klemets var f\u00f6r \u00f6vrigt bror till Josef Henrik, som bytte namn till \u00d6sterholm, f\u00f6rfadern till urmakarna \u00d6sterholm i staden.<\/p>\n<p>\u00c5r 1862 gifte sig Katharina Mannfolk med \u00e4nklingen, fiskaren Matts Martens. Matts var f\u00f6dd \u00e5r 1811 i N\u00e4rpes och i sitt f\u00f6rsta \u00e4ktenskapet hade han varit gift med Kristina Johansdotter (1800-1860). \u00c5r 1831 flyttade Matts och Kristina Martens till Kristinestad, d\u00e4r de k\u00f6pte g\u00e5rden p\u00e5 tomt nr 196 i det fj\u00e4rde kvarteret, som d\u00e5 l\u00e5g l\u00e4ngs norra sidan av Brunstr\u00f6msgatan, mellan Strandgatan och \u00d6stra L\u00e5nggatan.<\/p>\n<p><strong>Matts och Kristina fick barnen:<\/strong><\/p>\n<h6>-Johanna Kristina (f\u00f6dd i N\u00e4rpes 1830-1844).<\/h6>\n<h6>-Johan Wilhelm (1832-1833).<\/h6>\n<h6>-Matts Edvard (1835-1838).<\/h6>\n<h6>-Maria Matilda (1837-1848).<\/h6>\n<h6>-Petter August (1839-1844).<\/h6>\n<h6>-Johan Bernhard (1842-d\u00f6d ogift 1865).<\/h6>\n<p>&nbsp;<\/p>\n<p>Efter Kristinas d\u00f6d \u00e5r 1860 gifte allts\u00e5 \u00e4nklingen Matts Martens om sig \u00e5r 1862 med ogifta 2-barnsmor Kajsa Greta Mannfolk. Hon som kallades Katharina flyttade d\u00e5 med sina tv\u00e5 barn till g\u00e5rden i Norrstan, invid Brunstr\u00f6msgatan.<\/p>\n<p><strong>Fiskaren Matts och Katharina Martens fick tillsammans barnen:<\/strong><\/p>\n<h6>-Wendla Wilhelmina (f\u00f6dd 1863, flyttade till Helsingfors \u00e5r 1898, ogift).<\/h6>\n<h6>-Hulda Emilia, som var f\u00f6dd 1865, gift med maskinisten Charles Rudolf Eklund (f.1864) flyttade till \u00c5bo \u00e5r 1888, och d\u00e4rifr\u00e5n till S\u00e4kyl\u00e4 1904 tillsammans med s\u00f6ner\u00a0 Charles och Volmar.<\/h6>\n<h6>-Tekla Katharina (1868-1869)<\/h6>\n<h6>-Johan Albert (1870-d\u00f6d ogift 1889)<\/h6>\n<p>&nbsp;<\/p>\n<p>Fiskare Matts Martens dog i september 1871 och \u00e4nkan Katharina fick \u00e4nnu o\u00e4kta sonen Artur Emil (f\u00f6dd \u00e5r 1875, flyttade till Vasa 1896 och blev handlande d\u00e4r).<\/p>\n<p>Wilhelm Martens som var f\u00f6dd 1861 gifte sig med Hulda Henriksson (1862-1929). Hulda var dotter till Sofie Henrikson (1834-1914).<\/p>\n<p><strong>Wilhelm och Hulda fick flera barn:<\/strong><\/p>\n<h6>-Vera Irene Sofia (1888-1947)<\/h6>\n<h6>-Ossian Wilhelm (1890-1950) gift med Rut Olin (1890-1988), som var dotter till handlanden J. W. Olin.<\/h6>\n<h6>-Vivi Hulda (1892-1968)<\/h6>\n<h6>-Kurt Mathias (1897-1953)<\/h6>\n<h6>-\u00c5ke (1900-1965).<\/h6>\n<p>&nbsp;<\/p>\n<p>Wilhelm Martens b\u00f6rjade som nitton\u00e5ring arbeta som kontorist p\u00e5 Carlstr\u00f6ms importaff\u00e4r. Hans eventuella andel i de Axelinska bedr\u00e4gerierna blev inte klarlagda men mellan raderna kan man ana att han nog hade n\u00e5gonting med aff\u00e4ren att g\u00f6ra. Enbart sj\u00e4lvmordet tyder p\u00e5 det och att han bad om urs\u00e4kt f\u00f6r det skedda \u00e4r ocks\u00e5 ett erk\u00e4nnande.<\/p>\n<figure id=\"attachment_20184\" aria-describedby=\"caption-attachment-20184\" style=\"width: 379px\" class=\"wp-caption alignnone\"><img loading=\"lazy\" decoding=\"async\" class=\"size-full wp-image-20184\" src=\"https:\/\/www.lassebacklund.fi\/wp-content\/uploads\/2021\/03\/Wilhelm-Martens-dodsannons.jpg\" alt=\"\" width=\"379\" height=\"648\" srcset=\"https:\/\/www.kristinestadshistoria.fi\/wp-content\/uploads\/2021\/03\/Wilhelm-Martens-dodsannons.jpg 379w, https:\/\/www.kristinestadshistoria.fi\/wp-content\/uploads\/2021\/03\/Wilhelm-Martens-dodsannons-175x300.jpg 175w\" sizes=\"auto, (max-width: 379px) 100vw, 379px\" \/><figcaption id=\"caption-attachment-20184\" class=\"wp-caption-text\">Wilhelm Martens d\u00f6dsannons inf\u00f6rd i Syd-\u00d6sterbotten 30 augusti 1910.<\/figcaption><\/figure>\n<figure id=\"attachment_23555\" aria-describedby=\"caption-attachment-23555\" style=\"width: 908px\" class=\"wp-caption alignnone\"><img loading=\"lazy\" decoding=\"async\" class=\"size-full wp-image-23555\" src=\"https:\/\/www.kristinestadshistoria.fi\/wp-content\/uploads\/2022\/04\/Martens.jpg\" alt=\"\" width=\"908\" height=\"1210\" srcset=\"https:\/\/www.kristinestadshistoria.fi\/wp-content\/uploads\/2022\/04\/Martens.jpg 908w, https:\/\/www.kristinestadshistoria.fi\/wp-content\/uploads\/2022\/04\/Martens-225x300.jpg 225w, https:\/\/www.kristinestadshistoria.fi\/wp-content\/uploads\/2022\/04\/Martens-768x1023.jpg 768w\" sizes=\"auto, (max-width: 908px) 100vw, 908px\" \/><figcaption id=\"caption-attachment-23555\" class=\"wp-caption-text\">Familjen Martens familjegrav finns p\u00e5 den gamla begravningsplatsen p\u00e5 \u00d6stra sidan.<\/figcaption><\/figure>\n<p><span style=\"color: #000080;\"><strong>Nekrolog i Syd-\u00d6sterbotten 30.8.1910:<\/strong><\/span><\/p>\n<p>N\u00e4r den Axelinska kraschen f\u00f6rst blev bekant anade v\u00e4l ingen i detta samh\u00e4lle, att den skulle f\u00e5 s\u00e5 vittg\u00e5ende och djupt sorgliga f\u00f6ljder som de senaste dagarnas tragiska h\u00e4ndelser visat. Senaste fredag kr\u00e4vde den sitt f\u00f6rsta och st\u00f6rsta offer, ett par dagar senare det andra.<\/p>\n<p>Kontoristen Matts Wilhelm Martens, sedan 30 \u00e5r tillbaka anst\u00e4lld i firman Carlstr\u00f6ms tj\u00e4nst och under m\u00e5nga \u00e5r prokuristen Emil Axelins n\u00e4rmaste man i firmans importaff\u00e4r i Kristinestad, tog det slag som genom herr Axelins bedr\u00e4gerier drabbade aff\u00e4ren s\u00e4rdeles djupt. \u00c4nda sedan herr Axelins h\u00e4ktning har Wilhelm Martens varit ytterst nedst\u00e4md och betryckt. D\u00e5 nya oegentligheter i aff\u00e4rens f\u00f6rvaltning vid unders\u00f6kningens g\u00e5ng alltj\u00e4mt kommit i dagen har detta ytterligare nedst\u00e4mt hans sinne.<\/p>\n<p>Klockan halv elva p\u00e5 f\u00f6rmiddagen senaste s\u00f6ndag l\u00e4mnade herr Martens sitt hem p\u00e5 Strandgatan 55 f\u00f6r att som han sade \u201dh\u00e4mta frisk luft&#8221;. Personer som f\u00f6r tillf\u00e4llet r\u00f6rde sig ute i staden hade bland annat vid 11-tiden sett honom g\u00e5 med skyndsamma steg l\u00e4ngs Strandgatan s\u00f6derut och antagit att han var ute i n\u00e5got uppdrag.<\/p>\n<p>F\u00f6r en annan person, som sett Martens p\u00e5 den s\u00e5 kallade Skatav\u00e4gen s\u00f6der om staden hade han uppgett ungef\u00e4r detsamma. D\u00e5 emellertid ungef\u00e4r tre timmar f\u00f6rflutit sedan Martens l\u00e4mnat hemmet, b\u00f6rjade man h\u00e4r ana on\u00e5d samt gissa att allt inte stod r\u00e4tt till, varf\u00f6r hans n\u00e4rmaste anh\u00f6riga gick ut f\u00f6r att s\u00f6ka honom.<\/p>\n<p>D\u00e5 dessa efterspaningar inte ledde till n\u00e5got resultat, utan Martens fortfarande var f\u00f6rsvunnen fr\u00e5n hemmet, uppb\u00e5dades ytterligare manskap, som noggrant unders\u00f6kte de st\u00e4llen, dit den f\u00f6rsvunne m\u00f6jligtvis kunde ha g\u00e5tt. S\u00e5lunda utforskades trakterna s\u00f6der om staden s\u00e5 gott det gick. Allt s\u00f6kande var dock f\u00e5f\u00e4ngt. \u00c4nnu klockan halv 8 p\u00e5 kv\u00e4llen var Martens f\u00f6rsvunnen.<\/p>\n<p>Nu alarmerades stadens frivilliga brandk\u00e5r, som med lyktor och marschaller t\u00e5gade ut. Vid v\u00e4gen till Alesundet formerades av manskapet led, och denna unders\u00f6kte under aftonens lopp ytterst noggrant s\u00f6der om Alesundsv\u00e4gen bel\u00e4gna skogar och \u00e4ngar. D\u00e5 m\u00f6rkret allt mer f\u00f6ll p\u00e5 tvingades man avsluta skallg\u00e5ngen som inte hade lett till \u00f6nskat resultat och f\u00f6r denna g\u00e5ng upph\u00f6ra med s\u00f6kandet.<\/p>\n<p>Tidigt i g\u00e5r morse uppb\u00e5dades genom polisens f\u00f6rsorg nytt manskap, som r\u00e4knades till 200 &#8211; 300 personer, och nu riktades anstr\u00e4ngningarna n\u00e4rmast p\u00e5 trakterna omkring Bj\u00f6rn\u00f6sund, d\u00e4r s\u00e5v\u00e4l land som vatten unders\u00f6ktes.<\/p>\n<p>Slutligen p\u00e5tr\u00e4ffades h\u00e4r p\u00e5 en utskjutande udde den f\u00f6rsvunnes m\u00f6ssa och k\u00e4pp och kort d\u00e4refter hans lik liggande p\u00e5 ungef\u00e4r en meters vattendjup och blott p\u00e5 n\u00e5gra 10-tals meters avst\u00e5nd fr\u00e5n land.<\/p>\n<p>Den avlidnes rockfickor var fullstoppade med stenar. Hur sj\u00e4lva h\u00e4ndelsen hade g\u00e5tt till \u00e4r sv\u00e5rt att uppge, men antagligen hade den avlidne vadat ut fr\u00e5n stranden och sedan tagit sig avdaga genom dr\u00e4nkning. Den d\u00f6des klocka hade stannat n\u00e5gra minuter \u00f6ver 12, varf\u00f6r det \u00e4r antagligt att den sorgliga h\u00e4ndelsen intr\u00e4ffat middagstiden p\u00e5 s\u00f6ndagen.<\/p>\n<p>I den p\u00e5 stranden funna m\u00f6ssan antr\u00e4ffades ett brev, adresserat till den avlidnes maka och inneh\u00e5llande en avskedsh\u00e4lsning till hans n\u00e4rmaste anh\u00f6riga, som han i brevet tillika ber om f\u00f6rl\u00e5telse och tillgift f\u00f6r den sorg som han kommer att \u00e5samka dem.<\/p>\n<p>Med motorb\u00e5ten \u201dT\u00e4rnan\u201d f\u00f6rdes liket sedan till den avlidnes hem i staden.<\/p>\n<p>Den sorgliga h\u00e4ndelsen har s\u00e5som ovan angetts, f\u00f6rorsakats uteslutande av sorg \u00f6ver de motg\u00e5ngar som genom den Axelinska kraschen tr\u00e4ffat den aff\u00e4r, d\u00e4r Martens var anst\u00e4lld, och av Alfred Carlstr\u00f6ms ov\u00e4ntade bortg\u00e5ng.<\/p>\n<p>De senaste dagarnas h\u00e4ndelser har p\u00e5 det djupaste uppr\u00f6rt stadens inv\u00e5nare och st\u00e4mningen \u00e4r i anledning h\u00e4rav ytterst tryckt. H\u00e4ndelser som dessa torde aldrig tidigare ha intr\u00e4ffat i denna stad. Intet under d\u00e4rf\u00f6r att staden f\u00f6r n\u00e4rvarande \u00e4r f\u00f6rs\u00e4nkt i djup sorg.<\/p>\n<p>Handlanden Matts Wilhelm Martens var f\u00f6dd i Kristinestad den 31 december 1861 och \u00e4gnade sig redan tidigt \u00e5t aff\u00e4rsmannabanan. Den 23 augusti 1910 var det j\u00e4mt 30 \u00e5r sedan han intr\u00e4dde i firman Carlstr\u00f6ms tj\u00e4nst. Plikttrogen och arbetsam som han var, vann han h\u00e4r s\u00e5v\u00e4l sina f\u00f6rm\u00e4ns som kamraters f\u00f6rtroende och aktning. Hans enkla och fl\u00e4rdfria v\u00e4sen skaffade honom m\u00e5nga v\u00e4nner och vidstr\u00e4ckta sympatier.<\/p>\n<p>Trots att den avlidne h\u00f6rde till de stilla i \u201dlandena&#8221;, som g\u00f6r litet v\u00e4sen av sig men i dess st\u00e4lle ih\u00e4rdigt och samvetsgrant sk\u00f6ter det kall, som blivit dem ombetrott, har hans f\u00f6rtj\u00e4nster dock uppskattats av alla.<\/p>\n<p>I en del allm\u00e4nna och kommunala uppdrag har den avlidne \u00e4ven blivit anlitad. Han har s\u00e5lunda flera g\u00e5nger varit medlem av f\u00f6rst\u00e4rkta stadsfullm\u00e4ktige f\u00f6r behandling av staden ber\u00f6rande viktigare fr\u00e5gor. Under m\u00e5nga \u00e5r har han tillh\u00f6rt styrelsen f\u00f6r Kristinestads evangelisk lutherska b\u00f6nehusf\u00f6rening, andra sm\u00e4rre uppdrag att f\u00f6rtiga.<\/p>\n<p>Den avlidne s\u00f6rjes n\u00e4rmast av efterl\u00e4mnad maka, f\u00f6dd Henriksson och fem barn.<\/p>\n","protected":false},"excerpt":{"rendered":"<p>Sammanst\u00e4llt av Lasse Backlund i mars 2021. Som grund har anv\u00e4nts flera gamla \u00e4mbetsbevis. Matts Wilhelm f\u00f6ddes 31.12.1861 som o\u00e4kta son till Kajsa Greta Mannfolk (f\u00f6dd i N\u00e4rpes 1833, d\u00f6d i staden \u00e5r 1909) och han tog i ett senare <a class=\"more-link\" href=\"https:\/\/www.kristinestadshistoria.fi\/?page_id=19858\">Forts\u00e4tt l\u00e4sa <span class=\"screen-reader-text\">  Martens Matts Wilhelm (1861-1910).<\/span><span class=\"meta-nav\">&rarr;<\/span><\/a><\/p>\n","protected":false},"author":1,"featured_media":0,"parent":22412,"menu_order":130,"comment_status":"closed","ping_status":"closed","template":"","meta":{"footnotes":""},"class_list":["post-19858","page","type-page","status-publish","hentry"],"_links":{"self":[{"href":"https:\/\/www.kristinestadshistoria.fi\/index.php?rest_route=\/wp\/v2\/pages\/19858","targetHints":{"allow":["GET"]}}],"collection":[{"href":"https:\/\/www.kristinestadshistoria.fi\/index.php?rest_route=\/wp\/v2\/pages"}],"about":[{"href":"https:\/\/www.kristinestadshistoria.fi\/index.php?rest_route=\/wp\/v2\/types\/page"}],"author":[{"embeddable":true,"href":"https:\/\/www.kristinestadshistoria.fi\/index.php?rest_route=\/wp\/v2\/users\/1"}],"replies":[{"embeddable":true,"href":"https:\/\/www.kristinestadshistoria.fi\/index.php?rest_route=%2Fwp%2Fv2%2Fcomments&post=19858"}],"version-history":[{"count":9,"href":"https:\/\/www.kristinestadshistoria.fi\/index.php?rest_route=\/wp\/v2\/pages\/19858\/revisions"}],"predecessor-version":[{"id":23556,"href":"https:\/\/www.kristinestadshistoria.fi\/index.php?rest_route=\/wp\/v2\/pages\/19858\/revisions\/23556"}],"up":[{"embeddable":true,"href":"https:\/\/www.kristinestadshistoria.fi\/index.php?rest_route=\/wp\/v2\/pages\/22412"}],"wp:attachment":[{"href":"https:\/\/www.kristinestadshistoria.fi\/index.php?rest_route=%2Fwp%2Fv2%2Fmedia&parent=19858"}],"curies":[{"name":"wp","href":"https:\/\/api.w.org\/{rel}","templated":true}]}}