{"id":19420,"date":"2021-02-09T21:23:28","date_gmt":"2021-02-09T19:23:28","guid":{"rendered":"https:\/\/www.lassebacklund.fi\/?page_id=19420"},"modified":"2024-08-30T22:23:23","modified_gmt":"2024-08-30T19:23:23","slug":"byggaren-henry-haggblad","status":"publish","type":"page","link":"https:\/\/www.kristinestadshistoria.fi\/?page_id=19420","title":{"rendered":"H\u00e4ggblad Henry, byggare (1874-1900)."},"content":{"rendered":"<p><span style=\"color: #000080;\">Sammanst\u00e4llt av Lasse Backlund i februari 2021:<\/span><\/p>\n<p>Karl <u>Henry<\/u> H\u00e4ggblad f\u00f6ddes den 28 april 1874 p\u00e5 <a href=\"http:\/\/www.kristinestadshistoria.fi\/?page_id=19409\">V\u00e4stra L\u00e5nggatan 28 i Kristinestad<\/a><a href=\"https:\/\/www.lassebacklund.fi\/?page_id=19409\">.<\/a> Han var son till skepparen Karl Johan H\u00e4ggblad (1843-1884) och Matilda (f. Juthe i Jakobstad 1849-1935). Han var \u00e4ldst av de 6 barnen och hann \u00e4nd\u00e5 f\u00e5 5 syskon f\u00f6re han blev faderl\u00f6s i 10-\u00e5rs \u00e5lder.<\/p>\n<p>Han gick i Industriskolan i Vasa, och han arbetade ocks\u00e5 i Vasa \u00e4nda till 1897 d\u00e5 han flyttade tillbaka till Kristinestad och b\u00f6rjade bygga g\u00e5rdar i en s\u00e4llan sk\u00e5dad takt.<\/p>\n<p>L\u00e4ngst bort i s\u00f6derstan p\u00e5 Strandgatan renoverade han och byggde till kapten Snellmans g\u00e5rd, senare Gabrielssons g\u00e5rd som numera \u00e4r riven. I n\u00e4rheten byggde han sedan <a href=\"http:\/\/www.kristinestadshistoria.fi\/?page_id=20111\">Emil Axelins st\u00e5tliga g\u00e5rd<\/a> vid Badhusparken och samtidigt byggde han ocks\u00e5 till T\u00f6ttermans g\u00e5rd vid Salutorget, den som f\u00f6rst\u00f6rdes i en brand 1974. Han byggde ocks\u00e5 Metodistkyrkan och s\u00e5 gjorde han ombyggnaden av Fontellska villan till segelf\u00f6reningens hus Pavis. Han gjorde en stor renovering och tillbyggnad vid den d\u00e5varande samskolan, allts\u00e5 nuvarande svenska l\u00e5gstadieskola. F\u00f6re sin d\u00f6d hann han g\u00f6ra ritningar till den nya badhuset n\u00e4ra Varvsbacken.<\/p>\n<p>Allt detta och lite till byggde han under de tre \u00e5r som han var verksam i branschen. F\u00f6r att f\u00e5 byggnadsvirke till alla dessa byggnader s\u00e5 rev han ner lagerbyggnaden vid Tj\u00f6ckfors Br\u00e4nnvinsbr\u00e4nneri och anv\u00e4nde stockarna d\u00e4rifr\u00e5n i de nya g\u00e5rdarna.<\/p>\n<p>Henry insjuknade i tuberkulos och han dog i 26 \u00e5rs \u00e5lder, ogift och barnl\u00f6s.<\/p>\n<figure id=\"attachment_19419\" aria-describedby=\"caption-attachment-19419\" style=\"width: 346px\" class=\"wp-caption alignnone\"><img loading=\"lazy\" decoding=\"async\" class=\"size-full wp-image-19419\" src=\"https:\/\/www.lassebacklund.fi\/wp-content\/uploads\/2021\/02\/Henry-Haggblads-dodsannons-30.5.1900.jpg\" alt=\"\" width=\"346\" height=\"575\" srcset=\"https:\/\/www.kristinestadshistoria.fi\/wp-content\/uploads\/2021\/02\/Henry-Haggblads-dodsannons-30.5.1900.jpg 346w, https:\/\/www.kristinestadshistoria.fi\/wp-content\/uploads\/2021\/02\/Henry-Haggblads-dodsannons-30.5.1900-181x300.jpg 181w\" sizes=\"auto, (max-width: 346px) 100vw, 346px\" \/><figcaption id=\"caption-attachment-19419\" class=\"wp-caption-text\">Henry H\u00e4ggblads d\u00f6dsannons 30.5.1900 i Kristinestads Tidning. Henry \u00e4r begrav i familjegraven p\u00e5 stadens gamla begravningsplats p\u00e5 \u00d6stra sidan.<\/figcaption><\/figure>\n<p><strong>Nekrolog i Kristinestads Tidning 30.5.1900:<\/strong><\/p>\n<p>I m\u00e5ndags p\u00e5 eftermiddagen s\u00e5 bortrycktes av d\u00f6den byggm\u00e4staren Karl Henry H\u00e4ggblad. Han var f\u00f6dd i denna stad den 29 april 1874. D\u00e5 hans livsl\u00e5ga p\u00e5 grund av ett t\u00e4rande och sv\u00e5rt br\u00f6stlidande slocknade, var han endast 26 \u00e5r gammal. Efter att ha genomg\u00e5tt Wasa industriskola, tj\u00e4nstgjorde den nyss bortg\u00e5ngne vid l\u00e4nsbyggnadskontoret i Wasa \u00e4nda till \u00e5r 1897. Detta \u00e5r flyttade han tillbaka till f\u00e4dernestaden, d\u00e4r han sedan dess \u00e4gnat sig \u00e5t sitt kall, byggnadsverksamheten. Under sin j\u00e4mf\u00f6relsevis korta tid han varit en medlem i detta samh\u00e4lle, har han som arkitekt och byggm\u00e4stare omh\u00e4nderhaft m\u00e5nga uppdrag. Den n\u00e4tta segelpaviljongen, som reser sig p\u00e5 H\u00f6gholmen ett stycke fr\u00e5n staden \u00e4r ett av hans verk. Om\u00e4ndringen av samskolslokalen i fjol somras var anf\u00f6rtrodd honom. <a href=\"http:\/\/www.kristinestadshistoria.fi\/?page_id=20111\">Handlanden Axelins,<\/a> kapten Snellmans och fru Nordlunds nybyggnader uppf\u00f6rdes under hans ledning. Likas\u00e5 den nya Metodistkyrkan.<\/p>\n<p>S\u00e5som medlem av segelf\u00f6reningen och Arbetets W\u00e4nner i denna stad visade han alltid ett stort, m\u00e5ngen g\u00e5ng ett uppoffrande intresse f\u00f6r dessa f\u00f6reningar.<\/p>\n<p>Den avlidne efterl\u00e4mnar m\u00e5nga v\u00e4nner. Inget under. Till hans v\u00e4sen var allt igenom hj\u00e4rtegott, kamratligt och \u00f6ppet. Henry H\u00e4ggblad s\u00f6rjs n\u00e4rmast av moder och syskon.<\/p>\n<p>M\u00e5 han slumra s\u00f6tt i sin grav under hembygdens torva!<\/p>\n<h4><strong>Foton och annonser.<\/strong><\/h4>\n<figure id=\"attachment_19432\" aria-describedby=\"caption-attachment-19432\" style=\"width: 1060px\" class=\"wp-caption alignnone\"><img loading=\"lazy\" decoding=\"async\" class=\"size-full wp-image-19432\" src=\"https:\/\/www.lassebacklund.fi\/wp-content\/uploads\/2021\/02\/Tjock-branneri.jpg\" alt=\"\" width=\"1060\" height=\"677\" srcset=\"https:\/\/www.kristinestadshistoria.fi\/wp-content\/uploads\/2021\/02\/Tjock-branneri.jpg 1060w, https:\/\/www.kristinestadshistoria.fi\/wp-content\/uploads\/2021\/02\/Tjock-branneri-300x192.jpg 300w, https:\/\/www.kristinestadshistoria.fi\/wp-content\/uploads\/2021\/02\/Tjock-branneri-1024x654.jpg 1024w, https:\/\/www.kristinestadshistoria.fi\/wp-content\/uploads\/2021\/02\/Tjock-branneri-768x491.jpg 768w\" sizes=\"auto, (max-width: 1060px) 100vw, 1060px\" \/><figcaption id=\"caption-attachment-19432\" class=\"wp-caption-text\">Ett av de st\u00f6rre br\u00e4nnvinsbr\u00e4nnerierna i \u00d6sterbotten p\u00e5 1800-talet var Tj\u00f6ckfors Br\u00e4nnvinsbr\u00e4nneri, som stod p\u00e5 det st\u00e4lle d\u00e4r Stora Ensos fabrik st\u00e5r i dag. I januari 1889 f\u00f6rst\u00f6rdes sj\u00e4lva fabriksbyggnaden till v\u00e4nster i en mordbrand. Lagerbyggnaden till h\u00f6ger klarade sig och det \u00e4r den h\u00e4r byggnaden som Henry H\u00e4ggblad plockade ned n\u00e4r g\u00e5rdarna i staden skulle byggas i slutet av 1800-talet.<\/figcaption><\/figure>\n<figure id=\"attachment_19418\" aria-describedby=\"caption-attachment-19418\" style=\"width: 1754px\" class=\"wp-caption alignnone\"><img loading=\"lazy\" decoding=\"async\" class=\"size-full wp-image-19418\" src=\"https:\/\/www.lassebacklund.fi\/wp-content\/uploads\/2021\/02\/Pavis-SLS_C3_96TA_146_ota146_foto_1602.jpg\" alt=\"\" width=\"1754\" height=\"1021\" srcset=\"https:\/\/www.kristinestadshistoria.fi\/wp-content\/uploads\/2021\/02\/Pavis-SLS_C3_96TA_146_ota146_foto_1602.jpg 1754w, https:\/\/www.kristinestadshistoria.fi\/wp-content\/uploads\/2021\/02\/Pavis-SLS_C3_96TA_146_ota146_foto_1602-300x175.jpg 300w, https:\/\/www.kristinestadshistoria.fi\/wp-content\/uploads\/2021\/02\/Pavis-SLS_C3_96TA_146_ota146_foto_1602-1024x596.jpg 1024w, https:\/\/www.kristinestadshistoria.fi\/wp-content\/uploads\/2021\/02\/Pavis-SLS_C3_96TA_146_ota146_foto_1602-768x447.jpg 768w, https:\/\/www.kristinestadshistoria.fi\/wp-content\/uploads\/2021\/02\/Pavis-SLS_C3_96TA_146_ota146_foto_1602-1536x894.jpg 1536w\" sizes=\"auto, (max-width: 1754px) 100vw, 1754px\" \/><figcaption id=\"caption-attachment-19418\" class=\"wp-caption-text\">Kristinestads Segelf\u00f6rening k\u00f6pte i november 1898 det lilla hotellet p\u00e5 H\u00f6gholmen av fr\u00f6knarna Fontell f\u00f6r 650 mark och de l\u00e4t d\u00e5 Henry H\u00e4ggblad planera, renovera och bygga till det till en paviljong. Huset som kallas Pavis har sedan renoverats och byggts till flera g\u00e5nger. Fotot fr\u00e5n Museiverkets samlingar.<\/figcaption><\/figure>\n<figure id=\"attachment_19415\" aria-describedby=\"caption-attachment-19415\" style=\"width: 2048px\" class=\"wp-caption alignnone\"><img loading=\"lazy\" decoding=\"async\" class=\"size-full wp-image-19415\" src=\"https:\/\/www.lassebacklund.fi\/wp-content\/uploads\/2021\/02\/Lasses-foto-av-Pavis.jpg\" alt=\"\" width=\"2048\" height=\"1536\" srcset=\"https:\/\/www.kristinestadshistoria.fi\/wp-content\/uploads\/2021\/02\/Lasses-foto-av-Pavis.jpg 2048w, https:\/\/www.kristinestadshistoria.fi\/wp-content\/uploads\/2021\/02\/Lasses-foto-av-Pavis-300x225.jpg 300w, https:\/\/www.kristinestadshistoria.fi\/wp-content\/uploads\/2021\/02\/Lasses-foto-av-Pavis-1024x768.jpg 1024w, https:\/\/www.kristinestadshistoria.fi\/wp-content\/uploads\/2021\/02\/Lasses-foto-av-Pavis-768x576.jpg 768w, https:\/\/www.kristinestadshistoria.fi\/wp-content\/uploads\/2021\/02\/Lasses-foto-av-Pavis-1536x1152.jpg 1536w\" sizes=\"auto, (max-width: 2048px) 100vw, 2048px\" \/><figcaption id=\"caption-attachment-19415\" class=\"wp-caption-text\">Segelf\u00f6reningens hus och restaurang Pavis \u00e4r ett arkitektoniskt m\u00e4sterverk av arkitekten och byggm\u00e4staren Henry H\u00e4ggblad. Fotot fr\u00e5n sommaren 2005.<\/figcaption><\/figure>\n<figure id=\"attachment_19417\" aria-describedby=\"caption-attachment-19417\" style=\"width: 2048px\" class=\"wp-caption alignnone\"><img loading=\"lazy\" decoding=\"async\" class=\"size-full wp-image-19417\" src=\"https:\/\/www.lassebacklund.fi\/wp-content\/uploads\/2021\/02\/PARKGA1.jpg\" alt=\"\" width=\"2048\" height=\"1032\" srcset=\"https:\/\/www.kristinestadshistoria.fi\/wp-content\/uploads\/2021\/02\/PARKGA1.jpg 2048w, https:\/\/www.kristinestadshistoria.fi\/wp-content\/uploads\/2021\/02\/PARKGA1-300x151.jpg 300w, https:\/\/www.kristinestadshistoria.fi\/wp-content\/uploads\/2021\/02\/PARKGA1-1024x516.jpg 1024w, https:\/\/www.kristinestadshistoria.fi\/wp-content\/uploads\/2021\/02\/PARKGA1-768x387.jpg 768w, https:\/\/www.kristinestadshistoria.fi\/wp-content\/uploads\/2021\/02\/PARKGA1-1536x774.jpg 1536w\" sizes=\"auto, (max-width: 2048px) 100vw, 2048px\" \/><figcaption id=\"caption-attachment-19417\" class=\"wp-caption-text\">P\u00e5 vykortet fr\u00e5n ungef\u00e4r 1920 syns den Snellmanska g\u00e5rden till h\u00f6ger, den som Henry H\u00e4ggblad renoverade och byggde till riktigt i slutet av 1800-talet. P\u00e5 andra sidan Parkgatan syns en del och tornet p\u00e5 handlande Emil Axelins g\u00e5rd, som byggdes samtidigt. Axelin och hans familj bodde inte sj\u00e4lva i g\u00e5rden utan de bodde i Alfred Carlstr\u00f6ms g\u00e5rd p\u00e5 Strandgatan i Norrstan. Byggnaden till v\u00e4nster, som skymtar bakom tr\u00e4den \u00e4r den svenska folkskolan, som f\u00f6rst\u00f6rdes i en brand 1922. Den byggdes aldrig upp p\u00e5 nytt, utan den flyttade efter n\u00e5gra \u00e5r till den d\u00e5varande samskolan, d\u00e4r den fortfarande verkar.<\/figcaption><\/figure>\n<figure id=\"attachment_19414\" aria-describedby=\"caption-attachment-19414\" style=\"width: 2560px\" class=\"wp-caption alignnone\"><img loading=\"lazy\" decoding=\"async\" class=\"size-full wp-image-19414\" src=\"https:\/\/www.lassebacklund.fi\/wp-content\/uploads\/2021\/02\/81-Axelins-hus-2020-scaled.jpg\" alt=\"\" width=\"2560\" height=\"1920\" srcset=\"https:\/\/www.kristinestadshistoria.fi\/wp-content\/uploads\/2021\/02\/81-Axelins-hus-2020-scaled.jpg 2560w, https:\/\/www.kristinestadshistoria.fi\/wp-content\/uploads\/2021\/02\/81-Axelins-hus-2020-300x225.jpg 300w, https:\/\/www.kristinestadshistoria.fi\/wp-content\/uploads\/2021\/02\/81-Axelins-hus-2020-1024x768.jpg 1024w, https:\/\/www.kristinestadshistoria.fi\/wp-content\/uploads\/2021\/02\/81-Axelins-hus-2020-768x576.jpg 768w, https:\/\/www.kristinestadshistoria.fi\/wp-content\/uploads\/2021\/02\/81-Axelins-hus-2020-1536x1152.jpg 1536w, https:\/\/www.kristinestadshistoria.fi\/wp-content\/uploads\/2021\/02\/81-Axelins-hus-2020-2048x1536.jpg 2048w\" sizes=\"auto, (max-width: 2560px) 100vw, 2560px\" \/><figcaption id=\"caption-attachment-19414\" class=\"wp-caption-text\">Henry H\u00e4ggblad fick i slutet av 1800-talet bygga ett av stadens st\u00e5tligaste byggnader, det <a href=\"http:\/\/www.kristinestadshistoria.fi\/?page_id=20111\">Axelinska huset invid Badhusparken.<\/a> Huset hade fr\u00e5n b\u00f6rjan 3 stora l\u00e4genheter och ett stort antal rum med fina kakelugnar och det kan verka underligt att han sj\u00e4lv inte bodde h\u00e4r, utan han hyrde ut alla l\u00e4genheter. \u00c5r 1910 n\u00e4r det visade sig att Emil Axelin var en bedragare och f\u00f6rsnillare av oanade m\u00e5tt, s\u00e5 s\u00e5ldes g\u00e5rden p\u00e5 konkursauktion och har efter det haft flera \u00e4gare och huset har kallats f\u00f6r b\u00e5de &#8221;Str\u00f6minas&#8221; och &#8221;Nortamos g\u00e5rdin&#8221;.<\/figcaption><\/figure>\n<figure id=\"attachment_19416\" aria-describedby=\"caption-attachment-19416\" style=\"width: 2147px\" class=\"wp-caption alignnone\"><img loading=\"lazy\" decoding=\"async\" class=\"size-full wp-image-19416\" src=\"https:\/\/www.lassebacklund.fi\/wp-content\/uploads\/2021\/02\/Metodistkyrkan-och-sjukhuset-SLS_C3_96TA_146_ota146_foto_1413.jpg\" alt=\"\" width=\"2147\" height=\"1158\" srcset=\"https:\/\/www.kristinestadshistoria.fi\/wp-content\/uploads\/2021\/02\/Metodistkyrkan-och-sjukhuset-SLS_C3_96TA_146_ota146_foto_1413.jpg 2147w, https:\/\/www.kristinestadshistoria.fi\/wp-content\/uploads\/2021\/02\/Metodistkyrkan-och-sjukhuset-SLS_C3_96TA_146_ota146_foto_1413-300x162.jpg 300w, https:\/\/www.kristinestadshistoria.fi\/wp-content\/uploads\/2021\/02\/Metodistkyrkan-och-sjukhuset-SLS_C3_96TA_146_ota146_foto_1413-1024x552.jpg 1024w, https:\/\/www.kristinestadshistoria.fi\/wp-content\/uploads\/2021\/02\/Metodistkyrkan-och-sjukhuset-SLS_C3_96TA_146_ota146_foto_1413-768x414.jpg 768w, https:\/\/www.kristinestadshistoria.fi\/wp-content\/uploads\/2021\/02\/Metodistkyrkan-och-sjukhuset-SLS_C3_96TA_146_ota146_foto_1413-1536x828.jpg 1536w, https:\/\/www.kristinestadshistoria.fi\/wp-content\/uploads\/2021\/02\/Metodistkyrkan-och-sjukhuset-SLS_C3_96TA_146_ota146_foto_1413-2048x1105.jpg 2048w\" sizes=\"auto, (max-width: 2147px) 100vw, 2147px\" \/><figcaption id=\"caption-attachment-19416\" class=\"wp-caption-text\">Till h\u00f6ger metodisternas Betlehem kyrka som Henry H\u00e4ggblad byggde riktigt i slutet av 1800-talet. Den var d\u00e5 f\u00f6rsedd med ett speciellt ta, som ganska snart byttes ut mot det som finns idag. Byggnaderna till v\u00e4nster \u00e4r stadens sjukhus och fattigg\u00e5rd. Fotot fr\u00e5n Museiverkets samlingar.<\/figcaption><\/figure>\n<figure id=\"attachment_19413\" aria-describedby=\"caption-attachment-19413\" style=\"width: 2560px\" class=\"wp-caption alignnone\"><img loading=\"lazy\" decoding=\"async\" class=\"size-full wp-image-19413\" src=\"https:\/\/www.lassebacklund.fi\/wp-content\/uploads\/2021\/02\/35-Metodistkyrkan-3-scaled.jpg\" alt=\"\" width=\"2560\" height=\"1920\" srcset=\"https:\/\/www.kristinestadshistoria.fi\/wp-content\/uploads\/2021\/02\/35-Metodistkyrkan-3-scaled.jpg 2560w, https:\/\/www.kristinestadshistoria.fi\/wp-content\/uploads\/2021\/02\/35-Metodistkyrkan-3-300x225.jpg 300w, https:\/\/www.kristinestadshistoria.fi\/wp-content\/uploads\/2021\/02\/35-Metodistkyrkan-3-1024x768.jpg 1024w, https:\/\/www.kristinestadshistoria.fi\/wp-content\/uploads\/2021\/02\/35-Metodistkyrkan-3-768x576.jpg 768w, https:\/\/www.kristinestadshistoria.fi\/wp-content\/uploads\/2021\/02\/35-Metodistkyrkan-3-1536x1152.jpg 1536w, https:\/\/www.kristinestadshistoria.fi\/wp-content\/uploads\/2021\/02\/35-Metodistkyrkan-3-2048x1536.jpg 2048w\" sizes=\"auto, (max-width: 2560px) 100vw, 2560px\" \/><figcaption id=\"caption-attachment-19413\" class=\"wp-caption-text\">Metodistf\u00f6rsamlingen som b\u00f6rjade sin verksamhet i norrstan l\u00e4t bygga denna Betlehemkyrka riktigt i slutet av 1800-talet lite utanf\u00f6r den sj\u00e4lva stadsk\u00e4rnan. Kyrkan har renoverats flera g\u00e5nger och \u00e4r fortfarande i gott skick. Fotot fr\u00e5n sommaren 2020.<\/figcaption><\/figure>\n<figure id=\"attachment_19427\" aria-describedby=\"caption-attachment-19427\" style=\"width: 469px\" class=\"wp-caption alignnone\"><img loading=\"lazy\" decoding=\"async\" class=\"size-full wp-image-19427\" src=\"https:\/\/www.lassebacklund.fi\/wp-content\/uploads\/2021\/02\/18981112-Henry-Haggblad-annonserar-om-ritningar-och-byggnader.jpg\" alt=\"\" width=\"469\" height=\"637\" srcset=\"https:\/\/www.kristinestadshistoria.fi\/wp-content\/uploads\/2021\/02\/18981112-Henry-Haggblad-annonserar-om-ritningar-och-byggnader.jpg 469w, https:\/\/www.kristinestadshistoria.fi\/wp-content\/uploads\/2021\/02\/18981112-Henry-Haggblad-annonserar-om-ritningar-och-byggnader-221x300.jpg 221w\" sizes=\"auto, (max-width: 469px) 100vw, 469px\" \/><figcaption id=\"caption-attachment-19427\" class=\"wp-caption-text\">Henry H\u00e4ggblad annonserade s\u00e5 h\u00e4r i Kristinestads Tidning 12.11.1898.<\/figcaption><\/figure>\n<figure id=\"attachment_19438\" aria-describedby=\"caption-attachment-19438\" style=\"width: 420px\" class=\"wp-caption alignnone\"><img loading=\"lazy\" decoding=\"async\" class=\"size-full wp-image-19438\" src=\"https:\/\/www.lassebacklund.fi\/wp-content\/uploads\/2021\/02\/18981198-Inga-skravlare-behovs.jpg\" alt=\"\" width=\"420\" height=\"400\" srcset=\"https:\/\/www.kristinestadshistoria.fi\/wp-content\/uploads\/2021\/02\/18981198-Inga-skravlare-behovs.jpg 420w, https:\/\/www.kristinestadshistoria.fi\/wp-content\/uploads\/2021\/02\/18981198-Inga-skravlare-behovs-300x286.jpg 300w\" sizes=\"auto, (max-width: 420px) 100vw, 420px\" \/><figcaption id=\"caption-attachment-19438\" class=\"wp-caption-text\">&#8221;Skr\u00e4flare besv\u00e4re sig ej&#8221; st\u00e5r det i klartext i Henry H\u00e4ggblads annons i Kristinestads Tidning i november 1898.<\/figcaption><\/figure>\n<figure id=\"attachment_19426\" aria-describedby=\"caption-attachment-19426\" style=\"width: 386px\" class=\"wp-caption alignnone\"><img loading=\"lazy\" decoding=\"async\" class=\"size-full wp-image-19426\" src=\"https:\/\/www.lassebacklund.fi\/wp-content\/uploads\/2021\/02\/18980205-Henry-Haggblad-dementerar-sina-hoga-priser.jpg\" alt=\"\" width=\"386\" height=\"675\" srcset=\"https:\/\/www.kristinestadshistoria.fi\/wp-content\/uploads\/2021\/02\/18980205-Henry-Haggblad-dementerar-sina-hoga-priser.jpg 386w, https:\/\/www.kristinestadshistoria.fi\/wp-content\/uploads\/2021\/02\/18980205-Henry-Haggblad-dementerar-sina-hoga-priser-172x300.jpg 172w\" sizes=\"auto, (max-width: 386px) 100vw, 386px\" \/><figcaption id=\"caption-attachment-19426\" class=\"wp-caption-text\">Redan i slutet av 1897 b\u00f6rjade konkurrenterna beskylla Henry H\u00e4ggblad f\u00f6r att betala ett f\u00f6r h\u00f6gt pris f\u00f6r sitt byggnadstimmer och detta hamnade han att dementera i januari 1898 i Kristinestads Tidning.<\/figcaption><\/figure>\n<figure id=\"attachment_19428\" aria-describedby=\"caption-attachment-19428\" style=\"width: 295px\" class=\"wp-caption alignnone\"><img loading=\"lazy\" decoding=\"async\" class=\"size-full wp-image-19428\" src=\"https:\/\/www.lassebacklund.fi\/wp-content\/uploads\/2021\/02\/18990805-Henry-Haggblad-forbjuder-vistelse-pa-byggen.jpg\" alt=\"\" width=\"295\" height=\"285\" \/><figcaption id=\"caption-attachment-19428\" class=\"wp-caption-text\">F\u00f6r att b\u00e4ttre kunna \u00f6vervaka alla sina byggen i staden, s\u00e5 m\u00e5ste han f\u00f6rbjuda all on\u00f6dig vistelse och hota med 50 marks vite.<\/figcaption><\/figure>\n<figure id=\"attachment_19429\" aria-describedby=\"caption-attachment-19429\" style=\"width: 711px\" class=\"wp-caption alignnone\"><img loading=\"lazy\" decoding=\"async\" class=\"size-full wp-image-19429\" src=\"https:\/\/www.lassebacklund.fi\/wp-content\/uploads\/2021\/02\/Henry-Haggblad-soker-byggare.jpg\" alt=\"\" width=\"711\" height=\"740\" srcset=\"https:\/\/www.kristinestadshistoria.fi\/wp-content\/uploads\/2021\/02\/Henry-Haggblad-soker-byggare.jpg 711w, https:\/\/www.kristinestadshistoria.fi\/wp-content\/uploads\/2021\/02\/Henry-Haggblad-soker-byggare-288x300.jpg 288w\" sizes=\"auto, (max-width: 711px) 100vw, 711px\" \/><figcaption id=\"caption-attachment-19429\" class=\"wp-caption-text\">Till en b\u00f6rjan s\u00f6kte Henry H\u00e4ggblad efter 20 &#8211; 30 timmerm\u00e4n men efter en tid \u00f6kades m\u00e4ngden till 50. De b\u00e5da annonserna \u00e4r ur Kristinestads Tidning.<\/figcaption><\/figure>\n","protected":false},"excerpt":{"rendered":"<p>Sammanst\u00e4llt av Lasse Backlund i februari 2021: Karl Henry H\u00e4ggblad f\u00f6ddes den 28 april 1874 p\u00e5 V\u00e4stra L\u00e5nggatan 28 i Kristinestad. Han var son till skepparen Karl Johan H\u00e4ggblad (1843-1884) och Matilda (f. Juthe i Jakobstad 1849-1935). Han var \u00e4ldst <a class=\"more-link\" href=\"https:\/\/www.kristinestadshistoria.fi\/?page_id=19420\">Forts\u00e4tt l\u00e4sa <span class=\"screen-reader-text\">  H\u00e4ggblad Henry, byggare (1874-1900).<\/span><span class=\"meta-nav\">&rarr;<\/span><\/a><\/p>\n","protected":false},"author":1,"featured_media":0,"parent":22412,"menu_order":82,"comment_status":"closed","ping_status":"closed","template":"","meta":{"footnotes":""},"class_list":["post-19420","page","type-page","status-publish","hentry"],"_links":{"self":[{"href":"https:\/\/www.kristinestadshistoria.fi\/index.php?rest_route=\/wp\/v2\/pages\/19420","targetHints":{"allow":["GET"]}}],"collection":[{"href":"https:\/\/www.kristinestadshistoria.fi\/index.php?rest_route=\/wp\/v2\/pages"}],"about":[{"href":"https:\/\/www.kristinestadshistoria.fi\/index.php?rest_route=\/wp\/v2\/types\/page"}],"author":[{"embeddable":true,"href":"https:\/\/www.kristinestadshistoria.fi\/index.php?rest_route=\/wp\/v2\/users\/1"}],"replies":[{"embeddable":true,"href":"https:\/\/www.kristinestadshistoria.fi\/index.php?rest_route=%2Fwp%2Fv2%2Fcomments&post=19420"}],"version-history":[{"count":11,"href":"https:\/\/www.kristinestadshistoria.fi\/index.php?rest_route=\/wp\/v2\/pages\/19420\/revisions"}],"predecessor-version":[{"id":22471,"href":"https:\/\/www.kristinestadshistoria.fi\/index.php?rest_route=\/wp\/v2\/pages\/19420\/revisions\/22471"}],"up":[{"embeddable":true,"href":"https:\/\/www.kristinestadshistoria.fi\/index.php?rest_route=\/wp\/v2\/pages\/22412"}],"wp:attachment":[{"href":"https:\/\/www.kristinestadshistoria.fi\/index.php?rest_route=%2Fwp%2Fv2%2Fmedia&parent=19420"}],"curies":[{"name":"wp","href":"https:\/\/api.w.org\/{rel}","templated":true}]}}