{"id":19381,"date":"2021-02-08T09:22:23","date_gmt":"2021-02-08T07:22:23","guid":{"rendered":"https:\/\/www.lassebacklund.fi\/?page_id=19381"},"modified":"2021-02-08T09:28:05","modified_gmt":"2021-02-08T07:28:05","slug":"anteckningar-fran-krigsaret-1808","status":"publish","type":"page","link":"https:\/\/www.kristinestadshistoria.fi\/?page_id=19381","title":{"rendered":"Anteckningar fr\u00e5n krigs\u00e5ret 1808."},"content":{"rendered":"<p><span style=\"color: #000080;\">Publicerade i Syd-\u00d6sterbotten 17.10.1908. Renskrivna och moderniserade i februari 2021.<\/span><\/p>\n<p><strong>Den 11 februari 1808<\/strong> uppl\u00e4stes i r\u00e5dstugan i Kristinestad p\u00e5 landsh\u00f6vdinge\u00e4mbetets v\u00e4gnar brev om \u00bbett ifr\u00e5n ryska sidan befarat anfall\u00bb. Med anledning av detta besl\u00f6t det n\u00e4rvarande borgerskapet, \u00bbatt stadens innev\u00e5nare genom trumslag genast skola h\u00e4rom underr\u00e4ttas.\u00bb<\/p>\n<p><strong>Den 10 mars 1808<\/strong> uppl\u00e4stes f\u00f6r borgerskapet \u00bbKongl. Majest\u00e4ts N\u00e5diga anmaning till Finlands inbyggare att g\u00e5 emot fienden och f\u00f6rsvara sig\u201d. Vid samma tillf\u00e4lle infordrade myndigheterna uppgifter ang\u00e5ende fartygens antal i stadens hamn. Vidare ville man veta, om borgerskapet hade gev\u00e4r och krut, samt slutligen om det fanns \u00bbspannm\u00e5l och salt till \u00f6fverfl\u00f6d\u00bb.<\/p>\n<p><strong>Den 21 mars 1808.<\/strong> Staden g\u00e4stades av \u00f6verbef\u00e4lhavaren f\u00f6r den svenska arm\u00e9n, <a href=\"https:\/\/sv.wikipedia.org\/wiki\/Mauritz_Klingspor\">generalen greve Mauritz Klingspor.<\/a> Greven uppvaktades av borgm\u00e4staren Matteus, som f\u00e5r befallning bl. a. att l\u00e5ta transportera upplagssaltet fr\u00e5n \u00bb\u00f6stra sidan\u00bb till staden. Samma dag utdelade Klingspor \u00e5t Kristinestads borgerskap av svenska kronans f\u00f6rr\u00e5d, som inte kunde bortsl\u00e4pas, en stor m\u00e4ngd s\u00e4d.<\/p>\n<p>Redan samma m\u00e5nad, i mars 1808, f\u00f6ll Kristinestad i fiendens h\u00e4nder. I staden och i dess n\u00e4rmaste omnejd f\u00f6rlades cirka 1,000 ryssar under greve Orlof-Denisoffs bef\u00e4l. All samf\u00e4rdsel med Sverige f\u00f6rbj\u00f6ds och alla fartyg togs p\u00e5 v\u00e5ren i beslag f\u00f6r fraktande av livsf\u00f6rn\u00f6denheter till de kejserliga trupperna.<\/p>\n<p><strong>Den 2 april 1808<\/strong> anl\u00e4nder \u00bbtill magistraten fr\u00e5n konungens respektive befallningshavande:<\/p>\n<p>1:o Hans Excellence m. m. h\u00f6gv\u00e4lborne <a href=\"https:\/\/sv.wikipedia.org\/wiki\/Fredrik_Vilhelm_von_Buxhoevden\">Herr Greve Bouxh\u00f6fdens<\/a> Proclamation ang\u00e5ende vissa omst\u00e4ndigheters iakttagande.<\/p>\n<p>2:o Ordres, att ingen av landets innev\u00e5nare f\u00e5t b\u00e4ra b\u00f6ssor och andra vapenslag.<\/p>\n<p>3:o ang\u00e5ende befrielse fr\u00e5n bevillnings utg\u00f6rande\u00bb.<\/p>\n<p><strong>Den 5 april 1808<\/strong> omn\u00e4mns i magistratens brevbok att staden m\u00e5ste ha 8 s\u00e5 kallade \u00bbposth\u00e4star\u00bb i beredskap f\u00f6r de ryska kurirerna. I sammanhang h\u00e4rmed meddelas, att stadsborna ofta tvingades att skjutsa fientliga officerare och stafetter flera h\u00e5ll i ett str\u00e4ck. Detta skedde d\u00e5 h\u00e4st inte fanns tillhanda vid n\u00e4rmaste g\u00e4stgiverier.<\/p>\n<p><strong>Den 13 april 1808<\/strong> f\u00f6redrogs i magistraten en skrivelse fr\u00e5n landsh\u00f6vdinge\u00e4mbetet, enligt vilken borgerskapet \u00e5lades att genast st\u00e4lla i ordning \u00bbs\u00e4kra f\u00f6rvaringsrum f\u00f6r det h\u00f6, som f\u00f6r Kejserliga arm\u00e9ns r\u00e4kning kommer att levereras. Dessutom f\u00f6rst\u00e4ndigas borgarene att \u00bbf\u00f6r h\u00e4r i staden varande ryska trupper anskaffa 20 tunnor korngryn och desamma till proviantkommissarien mot kvitto och kontant betalning aflemna\u00bb. Desslikes b\u00f6r f\u00f6r ryska arm\u00e9ns r\u00e4kning i Kristinestad hopbringas 400 sk\u00e5lpund br\u00f6d.<\/p>\n<p>Samma dag fr\u00e5gade ryssarna efter de fartyg som befinner sig i staden. Dessa konstaterades vara:<\/p>\n<h6>-fregatten \u201dEnigheten\u201d, 101 l\u00e4ster, \u00e4gare: Anders och Nils Holmstr\u00f6m.<\/h6>\n<h6>-briggen \u201dJohannes\u201d. 56 l\u00e4ster, \u00e4gare: Joh. Nagell.<\/h6>\n<h6>-skutan \u201dVictoria\u201d, 46 l\u00e4ster, \u00e4gare: Aron Bergstr\u00f6m.<\/h6>\n<h6>-jakten \u201dTrofast\u201d, 39 l\u00e4ster, \u00e4gare: Eric Holmstr\u00f6m.<\/h6>\n<h6>-jakten \u201dVictoria\u201d, 31 l\u00e4ster, \u00e4gare: enkan Bj\u00f6rkman<\/h6>\n<h6>-jakten \u201dCurrier\u201d, 29 l\u00e4ster, \u00e4gare: E.M. och G.P. Parman.<\/h6>\n<h6>-Dessutom lag infrusen en liten Tj\u00f6ck-galeas.<\/h6>\n<p>&nbsp;<\/p>\n<p><strong>Den 20 april 1808<\/strong> meddelade staden borgm\u00e4stare, att Kejserlige ryske generalmajoren Aderkas vid dess framresa genom staden befallt, det omedelbart de vid inloppet till hamnen bel\u00e4gna tv\u00e5 b\u00e5karna, n\u00e4mligen den s\u00e5 kallade H\u00e4rkmeri- och den st\u00f6rre b\u00e5k, som staden sj\u00e4lv \u00e4ger, har blivit uppbr\u00e4nda eller p\u00e5 annat s\u00e4tt f\u00f6rst\u00f6rda. Generalen hade d\u00e4rvid f\u00f6rs\u00e4krat, \u201datt lika goda om icke b\u00e4ttre b\u00e5kar skola upps\u00e4ttas i dessas st\u00e4lle utan minsta kostnad f\u00f6r staden framdeles.\u00bb<\/p>\n<p>Stadens tillst\u00e4des komna handlande f\u00f6rklarade sig icke blott vilja genast nedtaga b\u00e5karna utan \u00e4ven bes\u00f6rja d\u00e4rom, att allt virke j\u00e4mte br\u00e4der och spik fr\u00e5n b\u00e5klandet skulle f\u00f6ras undan till tj\u00e4nligt st\u00e4lle.<\/p>\n<p><strong>Den 23 april 1808<\/strong> f\u00f6r\u00f6vades av n\u00e5gra ryska soldater \u00bbj\u00e4mte deras v\u00e4rdfolk\u00bb tv\u00e5 Kristinestadsbor s\u00e4rskilda inbrottsst\u00f6lder, varvid en ko och tv\u00e5 f\u00e5r bortstals. Ryssarna blev den g\u00e5ngen av kommendanten i staden, major Jakob Nikolaj Koschelow befordrade till str\u00e4ngt straff, medan de b\u00e5da Kristinestad tjuvarna d\u00f6mdes av r\u00e5dstur\u00e4tten.<\/p>\n<p><strong>Den 18 maj 1808<\/strong> beklagar man sig \u00f6ver, att den i staden omedelbart efter anfallet f\u00f6rlagda ryska garnisonen inte alls f\u00e4st sig vid hur magistraten f\u00f6rdelat inkvarteringen, utan att ryssarna hade tagit sig kvarter sj\u00e4lva och ing\u00e5tt uti de kvarter och hus, som f\u00f6r dem fallit l\u00e4gligast utan att ordning och skick kunnat iakttagas.<\/p>\n<p><strong>Den 22 maj 1808<\/strong> avlade alla manspersoner \u00f6ver 15 \u00e5r \u00e5lder trohetsed till Rysslands kejsare. P\u00e5 denna avtvingade ed litade de ryska inkr\u00e4ktarna dock inte mycket, ty n\u00e5gra dagar senare befallde greve Buxh\u00f6wden alla de i staden bosatta hantverkarna och tj\u00e4narna samt alla b\u00f6nder att utel\u00e4mna sina vapen. Det gick nog f\u00f6r sig att befalla, men det lyckades inte lika l\u00e4tt att ta av alla.<\/p>\n<p><strong>Den 6 juni 1808<\/strong> utf\u00e4rdades en befallning att master, segel och rigg skulle tas bort fr\u00e5n alla fartyg och st\u00f6rre b\u00e5tar.<\/p>\n<p><strong>Den 13 juni 1808<\/strong> uppl\u00e4stes f\u00f6r borgerskapet \u00e5tskilliga cirkul\u00e4r fr\u00e5n landsh\u00f6vdinge\u00e4mbetet som vittnande om stor nervositet som till exempel \u201dom utf\u00e4st bel\u00f6ning f\u00f6r dem, som kunna uppt\u00e4cka banem\u00e4nnen till de i Lappo skogen m\u00f6rdade ryska soldaterna\u201d och \u201dang\u00e5ende f\u00f6ljderna, ifall Finlands innev\u00e5nare attackera och hindra de kejserliga trupperna\u201d.<\/p>\n<p><strong>I b\u00f6rjan av juli 1808<\/strong> meddelades det \u00e5t ryssarna att en svensk flotta nalkades Kristinestad fr\u00e5n Kask\u00f6 sidan. Denna underr\u00e4ttelse framkallade en fullst\u00e4ndig panik hos den ryska garnisonen. Den avt\u00e5gade hals \u00f6ver huvud fr\u00e5n staden. S\u00e5 stor var br\u00e5dskan, att man inte ens gav sig tid att, s\u00e5som den ursprungliga avsikten varit ant\u00e4nda de under kyrkan och r\u00e5dhuset f\u00f6r \u00e4ndam\u00e5let anbragta f\u00f6rr\u00e5den av halm och tj\u00e4rtunnor. Orlof-Denisoff drog sig med sina trupper tillbaka \u00e4nda till Ikalis.\u00a0Den i fr\u00e5ga varande \u201dsvenska flottan\u201d bestod dock endast av en enda rekognoscerande liten \u00f6rlogsbrigg, som f\u00f6ljdes \u00e5t av n\u00e5gra fiskarb\u00e5tar.<\/p>\n<p>Efter att den ryska generalen hade erh\u00e5llit f\u00f6rst\u00e4rkning kom dock han snart tillbaka och satte sig p\u00e5 nytt i besittning av staden. Om denna tilldragelse ins\u00e4nde ryssarna sedan till \u00c5bo tidning en st\u00e5tlig ber\u00e4ttelse. D\u00e4r hette det att svenskarna, 2,000 man starka, hade framfor staden gjort f\u00f6rhuggningar och d\u00e4r uppst\u00e4llt ett antal kanoner. Den 13 juli angreps denna fiende och f\u00f6rdrevs fr\u00e5n bef\u00e4stningarna och fyrahundra svenskar nedgjordes. Ryssarna tog 7 kanoner och 2 fanor. Spillrorna av den slagna svenska \u00bbh\u00e4ren\u00bb s\u00f6kte r\u00e4dda sig tillbaka p\u00e5 skeppen.\u00a0Mot denna skildring finns endast det att anm\u00e4rka, att den med sanna f\u00f6rh\u00e5llandet har intet att skaffa.\u00a0S\u00e5som synes k\u00e4nde vederb\u00f6rande redan d\u00e5 till konsten att f\u00e4rgl\u00e4gga sina vapenbragder. Hela detta \u201dstora f\u00e4ltslag\u201d reducerade sig till en obetydlig sk\u00e4rmytsling med en hop N\u00e4rpesb\u00f6nder, som under bef\u00e4l av en sergeant gjort f\u00f6rs\u00f6k att ett par mil norr om Kristinestad g\u00f6ra motst\u00e5nd mot ryssarna. De skingrades av kosackerna och deras 4 nickor blev segrarens byte.<\/p>\n<p>Ocks\u00e5 borgarna i Kristinestads hade fr\u00e5n b\u00f6rjan planerat att bjuda de \u00e5terv\u00e4ndande ryssarna spetsen. De hade f\u00f6rt sina kvinnor, barn och \u00e5ldringar i s\u00e4kerhet till utsk\u00e4ren och d\u00e4refter, bev\u00e4pnade med liar, spjut och allehanda tillf\u00e4lligtvis \u00f6verkomna vapen ryckt ut f\u00f6r att inv\u00e4nta fiendens ankomst. Men n\u00e4r de l\u00e4mnades utan underst\u00f6d av det svenska krigsfolket, ins\u00e5g de snart att det skulle vara f\u00e5f\u00e4ngt, ja, vansinnigt att enbart med egna krafter s\u00f6ka g\u00f6ra motst\u00e5nd mot en \u00f6vad arm\u00e9k\u00e5r. De lade d\u00e4rf\u00f6r \u00e5ter bort sina vapen samt f\u00f6rh\u00f6ll sig fredligt. Detta r\u00e4ddade ocks\u00e5 staden fr\u00e5n f\u00f6rst\u00f6relse.\u00a0Likv\u00e4l m\u00e5ste ocks\u00e5 de utst\u00e5 vederv\u00e4rdigheter av allehanda slag. Orlof-Denisoff kr\u00e4vde av dem allt vad de n\u00e5gonsin hade att ge till de ryska truppernas underh\u00e5ll. Ers\u00e4ttning ficks s\u00e4llan f\u00f6r de levererade livsf\u00f6rn\u00f6denheterna. Han behandlade stadsborna p\u00e5 ett slaviskt och oanst\u00e4ndigt och kr\u00e4nkande s\u00e4tt, och l\u00e4t till exempel s\u00e4lja enskild egendom f\u00f6r egen vinnings skull.<\/p>\n<p>En Parman, som var borgare i Kristinestad, blev under det han i Lappfj\u00e4rd gjorde kunskapartj\u00e4nst, gripen av kosackerna samt piskad. Han skulle utan tvivel blivit hudfl\u00e4ngd till d\u00f6ds, om inte Lappfj\u00e4rds prostens d\u00f6ttrar genom sina f\u00f6rb\u00f6ner i sista stunden lyckats beveka den ryska generalen att ge befallning om pryglandets avbrytande.<\/p>\n<p><strong>Den 11 augusti 1808<\/strong> utrymde ryssarna staden, ansatta av kapten Gyllenb\u00f6gel, som med 1,000 man den 30 juli hade landstigit vid Kask\u00f6.\u00a0<strong>Den 13 augusti<\/strong> skriver magistraten till landsh\u00f6vdingen h\u00e4rom f\u00f6ljande: \u201dSedan igenom en del av Kongl. svenska arm\u00e9ns hitkomst den 11 dennes den h\u00e4r i staden f\u00f6rlagda kejserliga ryska truppen icke allenast genast evacuerat staden utan och tillika med de i Lappfj\u00e4rd by f\u00f6rlagde s\u00e4rskilde trupper fortsatt deras retr\u00e4tt till \u00c5bo och Bj\u00f6rneborgs l\u00e4n, varigenom staden och landet h\u00e4romkring s\u00e5ledes fr\u00e5n all rysk invasion, Gudi \u00e4rad, numera blivit lyckligen befriad, s\u00e5 har magistraten bort s\u00e5dant herr landsh\u00f6vdingen h\u00e4rmedelst \u00f6dmjukast vid handen giva\u201d.<\/p>\n<p><strong>Den 19 augusti 1808<\/strong> anl\u00e4nde ett brev fr\u00e5n konungens befallningshavande:<\/p>\n<h6>-1:o om b\u00e5karnas uppst\u00e4llande.<\/h6>\n<h6>-2:o om handlandenas \u00e5l\u00e4ggande att anskaffa br\u00f6d \u00e5t svenska arm\u00e9n.<\/h6>\n<h6>-8.0 om uppst\u00e4llande av 4 man till lantv\u00e4rnet.<\/h6>\n<p>&nbsp;<\/p>\n<p><strong>Den 28 augusti 1808<\/strong> p\u00e5 kv\u00e4llen landsteg generalmajor von Vegesack med 2,500 man vid Kristinestad och besegrade f\u00f6ljande dag ryssarna i Lappfj\u00e4rd.<\/p>\n<p><strong>\u00c4nda till den 9 september 1808<\/strong> var staden nu i svenskarnas h\u00e4nder. Det var d\u00e5 som Vegesack l\u00e4mnade Lappfj\u00e4rd och skyndade norrut f\u00f6r att f\u00f6rena sig med den mot norra Finland retirerande svenska huvudarm\u00e9n. Kristinestad besattes d\u00e5 igen av ryska trupper.<\/p>\n<p><strong>Den 20 september 1808<\/strong> uppmanar den ryska greven Buxh\u00f6vden i ett brev fr\u00e5n Gamla Karleby att magistraten i Kristinestad skall unders\u00f6ka och v\u00e4rdera de skador, som stadens innev\u00e5nare hade lidit genom de ryska truppernas marscher och under deras vistelse p\u00e5 orten. I b\u00f6rjan av oktober verkst\u00e4lldes denna unders\u00f6kning och resulterade i f\u00f6ljande.<\/p>\n<p>1. R\u00e5dmannen och handlanden Erik Magnus Parman, hade flytt undan ryssarna. Orlof-Denisoff hade d\u00e4rf\u00f6r avtvungit Parman huset b\u00e5de kontanter och \u00e5tskillig annan l\u00f6segendom, alltsamman representerande i v\u00e4rde 1598 Rdr 18 sk. 8 rst. riksg\u00e4ldssedlar.<\/p>\n<p>2. Handelsmans\u00e4nkan Maria Catharina Bj\u00f6rkman fick p\u00e5 Orlof-Denisoffs befallning sin l\u00f6segendom den 81 juli 1808 p\u00e5 \u00f6ppen auktion f\u00f6rs\u00e5ld till den mestbjudande. Hon hade den 12 juli flytt. Totalt steg hennes f\u00f6rluster till 980 rdr 8 sk. 4 rst.<\/p>\n<p>3. Handlanden Anders Bj\u00f6rkman med hustru och tvenne s\u00f6ner 1792 rdr 10 sk. 8 rst.<\/p>\n<p>Det skulle bli f\u00f6r l\u00e5ngt att uppr\u00e4kna alla Kristinestadsbor, som genom ryssarnas framfart hade blivit lidande. Totalt anm\u00e4lde 79 personer inf\u00f6r magistraten att de hade lidit skada. Kort h\u00e4refter slocknade krigets flamma i v\u00e5rt land. Kristinestads borgerskap fick dock \u00e4nnu l\u00e4nge vidk\u00e4nnas b\u00f6rdan av rysk inkvartering. Ryssarnas upptr\u00e4dande pr\u00e4glades dock numera av st\u00f6rre humanitet gentemot stadsborna. I synnerhet erh\u00e5ller det Rjasanska regementet som under tiden september 1808 \u2014 augusti 1809 var f\u00f6rlagt till staden och dess omnejd ett gott vitsord f\u00f6r ordning och disciplin.<\/p>\n","protected":false},"excerpt":{"rendered":"<p>Publicerade i Syd-\u00d6sterbotten 17.10.1908. Renskrivna och moderniserade i februari 2021. Den 11 februari 1808 uppl\u00e4stes i r\u00e5dstugan i Kristinestad p\u00e5 landsh\u00f6vdinge\u00e4mbetets v\u00e4gnar brev om \u00bbett ifr\u00e5n ryska sidan befarat anfall\u00bb. Med anledning av detta besl\u00f6t det n\u00e4rvarande borgerskapet, \u00bbatt stadens <a class=\"more-link\" href=\"https:\/\/www.kristinestadshistoria.fi\/?page_id=19381\">Forts\u00e4tt l\u00e4sa <span class=\"screen-reader-text\">  Anteckningar fr\u00e5n krigs\u00e5ret 1808.<\/span><span class=\"meta-nav\">&rarr;<\/span><\/a><\/p>\n","protected":false},"author":1,"featured_media":0,"parent":6292,"menu_order":15,"comment_status":"closed","ping_status":"closed","template":"","meta":{"footnotes":""},"class_list":["post-19381","page","type-page","status-publish","hentry"],"_links":{"self":[{"href":"https:\/\/www.kristinestadshistoria.fi\/index.php?rest_route=\/wp\/v2\/pages\/19381","targetHints":{"allow":["GET"]}}],"collection":[{"href":"https:\/\/www.kristinestadshistoria.fi\/index.php?rest_route=\/wp\/v2\/pages"}],"about":[{"href":"https:\/\/www.kristinestadshistoria.fi\/index.php?rest_route=\/wp\/v2\/types\/page"}],"author":[{"embeddable":true,"href":"https:\/\/www.kristinestadshistoria.fi\/index.php?rest_route=\/wp\/v2\/users\/1"}],"replies":[{"embeddable":true,"href":"https:\/\/www.kristinestadshistoria.fi\/index.php?rest_route=%2Fwp%2Fv2%2Fcomments&post=19381"}],"version-history":[{"count":3,"href":"https:\/\/www.kristinestadshistoria.fi\/index.php?rest_route=\/wp\/v2\/pages\/19381\/revisions"}],"predecessor-version":[{"id":19384,"href":"https:\/\/www.kristinestadshistoria.fi\/index.php?rest_route=\/wp\/v2\/pages\/19381\/revisions\/19384"}],"up":[{"embeddable":true,"href":"https:\/\/www.kristinestadshistoria.fi\/index.php?rest_route=\/wp\/v2\/pages\/6292"}],"wp:attachment":[{"href":"https:\/\/www.kristinestadshistoria.fi\/index.php?rest_route=%2Fwp%2Fv2%2Fmedia&parent=19381"}],"curies":[{"name":"wp","href":"https:\/\/api.w.org\/{rel}","templated":true}]}}