{"id":18806,"date":"2020-12-25T09:21:36","date_gmt":"2020-12-25T07:21:36","guid":{"rendered":"https:\/\/www.lassebacklund.fi\/?page_id=18806"},"modified":"2022-07-11T21:23:06","modified_gmt":"2022-07-11T18:23:06","slug":"myntgomman-i-sundmans-gard","status":"publish","type":"page","link":"https:\/\/www.kristinestadshistoria.fi\/?page_id=18806","title":{"rendered":"Myntg\u00f6mman i Sundmans g\u00e5rd."},"content":{"rendered":"<p><span style=\"color: #000080;\">4.6.1946 skrev Syd-\u00d6sterbotten s\u00e5 h\u00e4r om den myntg\u00f6mma som hittades:<\/span><\/p>\n<h5><strong>Myntg\u00f6mma p\u00e5tr\u00e4ffad i f\u00f6re detta Sundmanska g\u00e5rden.<\/strong><\/h5>\n<p><strong>Ett tiotal kg koppar-, silver- och guldmynt.<\/strong><\/p>\n<p>Vid rivningen av uthusbyggnaderna och dr\u00e4ngstugan i f\u00f6re detta Sundmanska g\u00e5rden i h\u00f6rnet av Strand- och Skolhusgatorna har man gjort ett anm\u00e4rkningsv\u00e4rt fynd av gamla mynt. Fyndet gjordes av tre arbetare, som dock inte anm\u00e4lde om fyndet till g\u00e5rds\u00e4garen Rainer H\u00f6gback, utan de s\u00e5lde en del av mynten i Vasa och beh\u00f6ll resten f\u00f6r egen del. De tre arbetarna av vilka en \u00e4r fr\u00e5n Strandkroken och tv\u00e5 \u00e4r fr\u00e5n Tj\u00f6ck har anh\u00e5llits.<\/p>\n<p>Vid unders\u00f6kningarna har det framkommit att mynten har varit nedpackade i en mindre tunna och den torde ha inneh\u00e5llit \u00f6ver 10 kg silvermynt. St\u00f6rsta delen av silvermynten har p\u00e5tr\u00e4ffats hos de tre arbetarna. En mindre del guld och silver har s\u00e5lts till guldsmeder i Vasa och man uppskattar den summa som har erh\u00e5llits fr\u00e5n f\u00f6rs\u00e4ljningen till cirka 80\u00a0000 mark.<\/p>\n<p>Det kan n\u00e4mnas att kommerser\u00e5det Simon Anders Wendelin i januari \u00e5r 1844 s\u00e5lde g\u00e5rden till handlanden Erik Johan Sundman. K\u00f6pesumman var 646 rubel 87 kopek silver. G\u00e5rden \u00f6vergick sedan genom arv till sonen, handlanden Konrad Sundman och efter dennes d\u00f6d till sonen, tandl\u00e4karen Frej Sundman. Denne s\u00e5lde i sin tur g\u00e5rden till konsul Ivar Ehrstr\u00f6m och den \u00e4gs numera av herr Rainer H\u00f6gback.<\/p>\n<p>Eftersom mynten \u00e4r av rysk val\u00f6r och daterade \u00e5ren 1835 till 1845, s\u00e5 har de sannolikt g\u00f6mts av handlanden Erik Sundman p\u00e5 1850-talet. Det \u00e4r m\u00f6jligt att han av r\u00e4dsla f\u00f6r plundring under Krimkriget 1853 \u2013 1856 g\u00f6mde pengarna. Som bekant s\u00e5 landsteg ju engelsm\u00e4nnen ocks\u00e5 i Kristinestad sommaren 1854 men de f\u00f6retog inga plundringar.<\/p>\n<p>Ber\u00e4knat enligt nuvarande v\u00e4rde p\u00e5 \u00e4delmetaller, s\u00e5 representerar fyndet ett v\u00e4rde p\u00e5 flera hundratusen mark. Vem som har den juridiska r\u00e4tten till fyndet \u00e4r \u00e4nnu oklart men sannolikt tillfaller mynten den nuvarande g\u00e5rds\u00e4garen, eftersom fyndet n\u00e4rmast \u00e4r att betrakta som s\u00e5 kallat \u00f6vergivet gods.<\/p>\n<p><span style=\"color: #000080;\">Den 14.1.1947 skrev tidningen Syd-\u00d6sterbotten:<\/span><\/p>\n<h5><strong>H\u00f6gback fick silvret. <\/strong><\/h5>\n<p><strong>R\u00e5dhusr\u00e4tten har avkunnat utslag i \u201dsilverm\u00e5let\u201d.<\/strong><\/p>\n<p>Vid r\u00e5dhusr\u00e4ttens sammantr\u00e4de i g\u00e5r behandlas bland annat det s\u00e5 kallade silverm\u00e5let. Parter i m\u00e5let var tandl\u00e4kare Frej Sundman och g\u00e5rds\u00e4garna Einar och Rainer H\u00f6gback. Tvisten g\u00e4llde \u00e4gander\u00e4tten till det myntfynd som senaste sommar gjordes i f\u00f6re detta Sundmanska g\u00e5rden i Kristinestad. I skattg\u00f6mman fanns 6 guldmynt, 21 kg silvermynt och 14 \u00bd kg kopparmynt.<\/p>\n<p>R\u00e4tten fann det utrett att Sundman inte kunde styrka att han hade b\u00e4ttre r\u00e4tt till pengarna, varf\u00f6r de tilld\u00f6mdes g\u00e5rds\u00e4garna Einar och Rainer H\u00f6gback. R\u00e4tteg\u00e5ngskostnaderna kvittades mellan parterna och b\u00e5da parter anm\u00e4lde missn\u00f6je med utslaget.<\/p>\n<p>Fallet gick till hovr\u00e4tten i Vasa, som i mars 1949 d\u00f6mde p\u00e5 ett helt annat vis efterden den ans\u00e5g att g\u00e5rds\u00e4garna inte kunde ha st\u00f6rre r\u00e4tt till fyndet \u00e4n Frej Sundman, vars farfar Erik Johan hade gr\u00e4vt ner pengarna. \u00c4rendet f\u00f6rdes \u00e4nda till h\u00f6gsta domstolen, eftersom n\u00e5got motsvarande fall inte tidigare hade behandlats i Finland.<\/p>\n<p>Den 22 juni 1950 skrev Syd-\u00d6sterbotten s\u00e5 h\u00e4r om utslaget fr\u00e5n H\u00f6gsta domstolen:<\/p>\n<h5><strong>Frej Sundman fick silvret. <\/strong><\/h5>\n<p><strong>H\u00f6gsta domstolen har avkunnat utslag<\/strong>.<\/p>\n<p>Tvisten ang\u00e5ende \u00e4gander\u00e4tten till den myntsamling p\u00e5 21 kg silver och 14 kg koppar, som p\u00e5tr\u00e4ffades vid rivningsarbeten i den f\u00f6re detta Sundmanska g\u00e5rden i Kristinestad har nu avgjorts av H\u00f6gsta domstolen. Den bekr\u00e4ftade hovr\u00e4ttens dom att tandl\u00e4kare Frej Sundman, f\u00f6r n\u00e4rvarande bosatt i Sverige \u00e4r den r\u00e4tta \u00e4garen till silverskatten.<\/p>\n<p>Mynten \u00e4r pr\u00e4glade p\u00e5 1840- och 1850-talen och har under Krimkriget g\u00f6mts av Frej Sundmans farfar Erik Johan Sundman. Myntens v\u00e4rde torde uppg\u00e5 till ett par hundratusen mark.<\/p>\n<p>Som bekant tillerk\u00e4nde r\u00e5dhusr\u00e4tten i Kristinestad mark\u00e4garen, handlanden Einar H\u00f6gback och hans son Rainer \u00e4gander\u00e4tten till mynten.<\/p>\n<p>Under hela r\u00e4tteg\u00e5ngsprocessen hade myntskatten f\u00f6rvarats i Tullhuset och efter utslaget fr\u00e5n H\u00f6gsta domstolen fick Frej Sundman tillg\u00e5ng till pengarna. Enligt Christer Norrvik s\u00e5 skulle Frej ha k\u00f6pt en b\u00e5t f\u00f6r dessa pengar, och han l\u00e4t d\u00f6pa b\u00e5ten till \u201dSkatten\u201d.<\/p>\n<figure id=\"attachment_23886\" aria-describedby=\"caption-attachment-23886\" style=\"width: 1845px\" class=\"wp-caption alignnone\"><img loading=\"lazy\" decoding=\"async\" class=\"size-full wp-image-23886\" src=\"https:\/\/www.kristinestadshistoria.fi\/wp-content\/uploads\/2022\/07\/Artikel-i-Antik-o-Auktion-1991-scaled.jpg\" alt=\"\" width=\"1845\" height=\"2560\" srcset=\"https:\/\/www.kristinestadshistoria.fi\/wp-content\/uploads\/2022\/07\/Artikel-i-Antik-o-Auktion-1991-scaled.jpg 1845w, https:\/\/www.kristinestadshistoria.fi\/wp-content\/uploads\/2022\/07\/Artikel-i-Antik-o-Auktion-1991-216x300.jpg 216w, https:\/\/www.kristinestadshistoria.fi\/wp-content\/uploads\/2022\/07\/Artikel-i-Antik-o-Auktion-1991-738x1024.jpg 738w, https:\/\/www.kristinestadshistoria.fi\/wp-content\/uploads\/2022\/07\/Artikel-i-Antik-o-Auktion-1991-768x1066.jpg 768w, https:\/\/www.kristinestadshistoria.fi\/wp-content\/uploads\/2022\/07\/Artikel-i-Antik-o-Auktion-1991-1107x1536.jpg 1107w, https:\/\/www.kristinestadshistoria.fi\/wp-content\/uploads\/2022\/07\/Artikel-i-Antik-o-Auktion-1991-1476x2048.jpg 1476w\" sizes=\"auto, (max-width: 1845px) 100vw, 1845px\" \/><figcaption id=\"caption-attachment-23886\" class=\"wp-caption-text\">Ingrid Sundman, som var hustru till Erik Johan Sundmans barnbarn skrev i den rikssvenska tidningen &#8221;Antik &amp; Auktion&#8221; en artikel om silverskatten \u00e5r 1991.<\/figcaption><\/figure>\n","protected":false},"excerpt":{"rendered":"<p>4.6.1946 skrev Syd-\u00d6sterbotten s\u00e5 h\u00e4r om den myntg\u00f6mma som hittades: Myntg\u00f6mma p\u00e5tr\u00e4ffad i f\u00f6re detta Sundmanska g\u00e5rden. Ett tiotal kg koppar-, silver- och guldmynt. Vid rivningen av uthusbyggnaderna och dr\u00e4ngstugan i f\u00f6re detta Sundmanska g\u00e5rden i h\u00f6rnet av Strand- och <a class=\"more-link\" href=\"https:\/\/www.kristinestadshistoria.fi\/?page_id=18806\">Forts\u00e4tt l\u00e4sa <span class=\"screen-reader-text\">  Myntg\u00f6mman i Sundmans g\u00e5rd.<\/span><span class=\"meta-nav\">&rarr;<\/span><\/a><\/p>\n","protected":false},"author":1,"featured_media":0,"parent":18802,"menu_order":1,"comment_status":"closed","ping_status":"closed","template":"","meta":{"footnotes":""},"class_list":["post-18806","page","type-page","status-publish","hentry"],"_links":{"self":[{"href":"https:\/\/www.kristinestadshistoria.fi\/index.php?rest_route=\/wp\/v2\/pages\/18806","targetHints":{"allow":["GET"]}}],"collection":[{"href":"https:\/\/www.kristinestadshistoria.fi\/index.php?rest_route=\/wp\/v2\/pages"}],"about":[{"href":"https:\/\/www.kristinestadshistoria.fi\/index.php?rest_route=\/wp\/v2\/types\/page"}],"author":[{"embeddable":true,"href":"https:\/\/www.kristinestadshistoria.fi\/index.php?rest_route=\/wp\/v2\/users\/1"}],"replies":[{"embeddable":true,"href":"https:\/\/www.kristinestadshistoria.fi\/index.php?rest_route=%2Fwp%2Fv2%2Fcomments&post=18806"}],"version-history":[{"count":3,"href":"https:\/\/www.kristinestadshistoria.fi\/index.php?rest_route=\/wp\/v2\/pages\/18806\/revisions"}],"predecessor-version":[{"id":23888,"href":"https:\/\/www.kristinestadshistoria.fi\/index.php?rest_route=\/wp\/v2\/pages\/18806\/revisions\/23888"}],"up":[{"embeddable":true,"href":"https:\/\/www.kristinestadshistoria.fi\/index.php?rest_route=\/wp\/v2\/pages\/18802"}],"wp:attachment":[{"href":"https:\/\/www.kristinestadshistoria.fi\/index.php?rest_route=%2Fwp%2Fv2%2Fmedia&parent=18806"}],"curies":[{"name":"wp","href":"https:\/\/api.w.org\/{rel}","templated":true}]}}