{"id":18747,"date":"2020-12-18T13:49:03","date_gmt":"2020-12-18T11:49:03","guid":{"rendered":"https:\/\/www.lassebacklund.fi\/?page_id=18747"},"modified":"2026-01-23T22:46:04","modified_gmt":"2026-01-23T20:46:04","slug":"skraddare-hjertstroms-gard-pa-nr-58","status":"publish","type":"page","link":"https:\/\/www.kristinestadshistoria.fi\/?page_id=18747","title":{"rendered":"Skr\u00e4ddare Hjertstr\u00f6ms g\u00e5rd p\u00e5 \u00d6stra L\u00e5nggatan 58"},"content":{"rendered":"<figure id=\"attachment_23855\" aria-describedby=\"caption-attachment-23855\" style=\"width: 1612px\" class=\"wp-caption alignnone\"><img loading=\"lazy\" decoding=\"async\" class=\"size-full wp-image-23855\" src=\"https:\/\/www.kristinestadshistoria.fi\/wp-content\/uploads\/2022\/06\/IMG_4367-kopia.jpg\" alt=\"\" width=\"1612\" height=\"1036\" srcset=\"https:\/\/www.kristinestadshistoria.fi\/wp-content\/uploads\/2022\/06\/IMG_4367-kopia.jpg 1612w, https:\/\/www.kristinestadshistoria.fi\/wp-content\/uploads\/2022\/06\/IMG_4367-kopia-300x193.jpg 300w, https:\/\/www.kristinestadshistoria.fi\/wp-content\/uploads\/2022\/06\/IMG_4367-kopia-1024x658.jpg 1024w, https:\/\/www.kristinestadshistoria.fi\/wp-content\/uploads\/2022\/06\/IMG_4367-kopia-768x494.jpg 768w, https:\/\/www.kristinestadshistoria.fi\/wp-content\/uploads\/2022\/06\/IMG_4367-kopia-1536x987.jpg 1536w\" sizes=\"auto, (max-width: 1612px) 100vw, 1612px\" \/><figcaption id=\"caption-attachment-23855\" class=\"wp-caption-text\">Den f\u00f6rsta delen av den h\u00e4r g\u00e5rden byggdes \u00e5r 1824 av borgaren Erik Sundman. Den var d\u00e5 endast 6,83 m l\u00e5ng och placerad i s\u00f6dra r\u00e5n. Den byggdes sedan till \u00e5r 1911 p\u00e5 b\u00e5de h\u00f6jden och p\u00e5 l\u00e4ngden, s\u00e5 att den blev 12 meter l\u00e5ng. Bakom uthuset skymtar 2-v\u00e5ningshuset p\u00e5 nuvarande Strandgatan 61, som tidigare var den andra delen av tomt nr 27. Fotot taget fr\u00e5n nordv\u00e4st sommaren 2022.<\/figcaption><\/figure>\n<figure id=\"attachment_18750\" aria-describedby=\"caption-attachment-18750\" style=\"width: 1509px\" class=\"wp-caption alignnone\"><img loading=\"lazy\" decoding=\"async\" class=\"size-full wp-image-18750\" src=\"https:\/\/www.lassebacklund.fi\/wp-content\/uploads\/2020\/12\/Karta-1751-1.jpg\" alt=\"\" width=\"1509\" height=\"725\" srcset=\"https:\/\/www.kristinestadshistoria.fi\/wp-content\/uploads\/2020\/12\/Karta-1751-1.jpg 1509w, https:\/\/www.kristinestadshistoria.fi\/wp-content\/uploads\/2020\/12\/Karta-1751-1-300x144.jpg 300w, https:\/\/www.kristinestadshistoria.fi\/wp-content\/uploads\/2020\/12\/Karta-1751-1-1024x492.jpg 1024w, https:\/\/www.kristinestadshistoria.fi\/wp-content\/uploads\/2020\/12\/Karta-1751-1-768x369.jpg 768w\" sizes=\"auto, (max-width: 1509px) 100vw, 1509px\" \/><figcaption id=\"caption-attachment-18750\" class=\"wp-caption-text\">P\u00e5 den Bergentinska stadsplanen fr\u00e5n \u00e5r 1751 s\u00e5 har tomten p\u00e5, \u00d6stra L\u00e5nggatan 58 nummer 6, storleken var 20 x 60 m och den d\u00e5tida boningsbyggnaden skulle ha legat l\u00e4ngs Strandgatan. Tomten nr 6 i det f\u00f6rsta kvarteret \u00e4gdes d\u00e5 av handelsman Matts Bergs \u00e4nka.<\/figcaption><\/figure>\n<figure id=\"attachment_20209\" aria-describedby=\"caption-attachment-20209\" style=\"width: 994px\" class=\"wp-caption alignnone\"><img loading=\"lazy\" decoding=\"async\" class=\"size-full wp-image-20209\" src=\"https:\/\/www.lassebacklund.fi\/wp-content\/uploads\/2021\/03\/Karta-1825.jpg\" alt=\"\" width=\"994\" height=\"660\" srcset=\"https:\/\/www.kristinestadshistoria.fi\/wp-content\/uploads\/2021\/03\/Karta-1825.jpg 994w, https:\/\/www.kristinestadshistoria.fi\/wp-content\/uploads\/2021\/03\/Karta-1825-300x199.jpg 300w, https:\/\/www.kristinestadshistoria.fi\/wp-content\/uploads\/2021\/03\/Karta-1825-768x510.jpg 768w\" sizes=\"auto, (max-width: 994px) 100vw, 994px\" \/><figcaption id=\"caption-attachment-20209\" class=\"wp-caption-text\">I stadsplanen fr\u00e5n \u00e5r 1825 s\u00e5 g\u00e5r tomten nr 27 mellan Strandgatan och \u00d6stra L\u00e5nggatan och den var delad i a och b. Den \u00f6stra delen b inf\u00f6rlivades sedan med tomten nr 28 och \u00e4r den som i dag \u00e4r Strandgatan 61. Den v\u00e4stra delen av nr 27 blev d\u00e5 en egen fastighet.<\/figcaption><\/figure>\n<p><strong>\u00c5r 1830<\/strong> \u00e4gdes &#8221;Bergska g\u00e5rden&#8221; av borgaren Erik Sundman med hustrun Lisa (f.1799) och de fick lagfart 1833. Han hade \u00e5r 1824 byggt den f\u00f6rsta delen av g\u00e5rden \u00e5r 1824 och den var d\u00e5 endast 6,83 meter l\u00e5ng.\u00a0 Erik och Lisa hade \u00e5tminstone sonen Karl Erik (f.1823) och dottern Elisabeth Rebecka (f.1825).<\/p>\n<p><strong>\u00c5ren 1840 och 1850<\/strong> \u00e4gdes g\u00e5rden av borgare\u00e4nkan Elisabeth \u201dLisa\u201d Sundman och d\u00e4r bodde en tid ocks\u00e5\u00a0 sonen, handlande Karl Erik Sundman (f.1823).<\/p>\n<p><strong>\u00c5r 1851, den 11 september<\/strong> s\u00e5lde \u00e4nkan Elisabeth Sundman och hennes son Karl Erik Sundman g\u00e5rden \u00e5t skeppare\u00e4nkan <span style=\"text-decoration: underline;\">Johanna<\/span> Elisabeth Samulin (f. Malmberg i Gamlakarleby 1813-d\u00f6d i staden 1869) f\u00f6r 600 rubel silver. Johanna hade varit gift med skepparen Carl Henrik Samulin, som var f\u00f6dd 1811 i Gamlakarleby. Han var bef\u00e4lhavare p\u00e5 tv\u00e5 st\u00f6rre fartyg, tills han dog i gula febern i Brasilien i maj 1851.<\/p>\n<p><strong>\u00c5r 1856, den 1 oktober<\/strong> s\u00e5lde skeppare\u00e4nkan Johanna Samulin g\u00e5rden vid \u00d6stra L\u00e5nggatan f\u00f6r 650 rubel silver \u00e5t skepparen Johan Edvin Skogberg och hon flyttade d\u00e5 till <a href=\"https:\/\/www.kristinestadshistoria.fi\/?page_id=22148\">Weckstr\u00f6ms g\u00e5rd p\u00e5 V\u00e4stra L\u00e5nggatan 53<\/a> f\u00f6r att sedan sluta sina dagar i <a href=\"https:\/\/www.kristinestadshistoria.fi\/?page_id=19253\">Bergviks g\u00e5rd p\u00e5 \u00d6stra L\u00e5nggatan 33<\/a>. Skogberg finansierade k\u00f6pet med att l\u00e5na 400 rubel av sin syster, demoiselle Emelie Skogberg. I Skogbergs g\u00e5rd bodde ocks\u00e5 skeppare\u00e4nkan Margaretha Linddahl, timmermannen Karl Sundblad med hustrun Maria, arbetskarls\u00e4nkan Maria Wester och en sj\u00f6manshustru. Det h\u00e4r \u00e5ret f\u00f6ddes Edvin Skogberg (1856-1894) i den h\u00e4r g\u00e5rden och han har skrivit flera ber\u00e4ttelser om stadens historia, l\u00e4s mera om dem <a href=\"https:\/\/www.kristinestadshistoria.fi\/?page_id=7860\"><span style=\"text-decoration: underline;\"><span style=\"color: #000080;\"><strong>H\u00c4R!<\/strong><\/span><\/span><\/a><\/p>\n<p><strong>\u00c5r 1860<\/strong> \u00e4gdes g\u00e5rden av kofferdieskepparen Johan Edvin Skogberg (f.1824 i Nykarleby, flyttade till staden 1852). Han gifte sig \u00e5r 1853 med Maria Antoinette, som var f\u00f6dd 1835 och var dotter till hattmakaren Johan Fredrik Lundholm och Maja Greta Berg, och med dem bodde ocks\u00e5\u00a0 sv\u00e4rmor Maria Lundholm (f. Berg i staden \u00e5r 1804, d\u00f6d h\u00e4r 1866) och skeppare Johans syster Emeli (f. 1822). Johan Edvin Skogberg var styrman p\u00e5\u00a0 fartyget New Orleans, som f\u00f6rdes av skepparen Parman som f\u00f6rsvann sp\u00e5rl\u00f6st runt 1871. Matrosen Kienokoski bodde i g\u00e5rden p\u00e5 hyra, liksom en handlande\u00e4nka Holmudd.<\/p>\n<p><strong>\u00c5r 1863, den 27 oktober<\/strong> s\u00e5lde skeppare Skogberg g\u00e5rden \u00e5t tj\u00e4rvr\u00e4karen Carl Gustaf Ekroos f\u00f6r 2 700 mark silver mynt.\u00a0Carl Gustaf var f\u00f6dd \u00e5r 1829 i Siikais och flyttade till staden \u00e5r 1861. Med dem bodde barnen Carl Wilhelm (f. 1853), Maria Sofia (f.1860) och Gustaf Alfred (f. 1863). Inneboende var f\u00f6re detta garvarehustrun G. Berg med sin dotter Ulla. Sj\u00f6mannen J. A. Kullberg med hustrun Kajsa bodde d\u00e4r, liksom skepparen Ramstr\u00f6m med hustrun Maria.<\/p>\n<p><strong>\u00c5r 1870<\/strong> \u00e4gdes g\u00e5rden av tj\u00e4rvr\u00e4karen C. G. Ekroos. Hans hustru Maria ser ut att ha avlidit, f\u00f6rgiftad av kolos. Han \u00e4r nu andra g\u00e5ngen gift med Kristina Sofia \u00c5str\u00f6m (f.1825). D\u00e4r bodde ocks\u00e5 sadelmakaren Gabriel Lagerstr\u00f6m och n\u00e4ringsidkaren Fredrik Malmberg med hustrun Maria.<\/p>\n<p><strong>\u00c5r 1875<\/strong> \u00e4gdes g\u00e5rden av tj\u00e4rvr\u00e4karen C. G. Ekroos med hustrun Kristina. Boende var m\u00e5laren Karl Rosendahl och hustrun Maria bodde d\u00e4r, liksom postiljonen Magnus Melander med hustrun Lisa.<\/p>\n<p><strong>\u00c5r 1878, den 19 september<\/strong> s\u00e5lde tj\u00e4rvr\u00e4kare Ekroos den bebyggda tomten 27 vid \u00d6stra L\u00e5nggatan \u00e5t sockenskr\u00e4ddaren och fabriksidkaren <span style=\"text-decoration: underline;\">Petter<\/span> Adrian Hjertstr\u00f6m (f.1847 i N\u00e4rpes, d\u00f6d i staden 5.2.1928) f\u00f6r 2 450 finska mark.<\/p>\n<p><strong>\u00c5r 1880<\/strong> \u00e4gdes g\u00e5rden av skr\u00e4ddaren Petter Hjertstr\u00f6m och hustrun Johanna (f.1842) och 2 barn. I g\u00e5rden bodde ocks\u00e5 skr\u00e4ddareges\u00e4llen August Lagerqvist (1829) och hustrun Maria (1826). D\u00e4r bodde ocks\u00e5 brandvakten Karl Johan Siiro (1840) med hustrun Anna (1843) med sonen Johannes (1862) och 2 mindre barn. \u00c4nnu bodde d\u00e4r stadstj\u00e4naren Joh. Fredrik Lehtonen (1847).<\/p>\n<p><strong>\u00c5r 1885<\/strong> \u00e4gdes g\u00e5rden av skr\u00e4ddare Hjertstr\u00f6m men d\u00e4r bodde ocks\u00e5 m\u00e5laren O. A. Rosendahl (1832) och hustrun Maria (1829). Stadstj\u00e4naren Fredrik Lehtonen (1847) bodde ocks\u00e5 p\u00e5 hyra.<\/p>\n<p><strong>\u00c5r 1890<\/strong> \u00e4gdes g\u00e5rden av skr\u00e4ddaren Petter Hjertstr\u00f6m och hustrun Johanna, med barnen Artur (1880-1902), Johanna &#8221;Mili&#8221; Emilia (f.1878).<\/p>\n<p><strong>\u00c5r 1902<\/strong> tecknade skr\u00e4ddaren Hjertstr\u00f6m en ny brandf\u00f6rs\u00e4kring p\u00e5 byggnader p\u00e5 sin tomt. om du vill l\u00e4sa mera om den och om de f\u00f6rs\u00e4krade byggnaderna, s\u00e5 skall du klicka <a href=\"https:\/\/www.kristinestadshistoria.fi\/?page_id=26122\"><span style=\"color: #000080;\"><strong>H\u00c4R!<\/strong><\/span><\/a><\/p>\n<figure id=\"attachment_26124\" aria-describedby=\"caption-attachment-26124\" style=\"width: 705px\" class=\"wp-caption alignnone\"><img loading=\"lazy\" decoding=\"async\" class=\"size-full wp-image-26124\" src=\"https:\/\/www.kristinestadshistoria.fi\/wp-content\/uploads\/2023\/05\/Tomtkarta-1902-liten.jpg\" alt=\"\" width=\"705\" height=\"515\" srcset=\"https:\/\/www.kristinestadshistoria.fi\/wp-content\/uploads\/2023\/05\/Tomtkarta-1902-liten.jpg 705w, https:\/\/www.kristinestadshistoria.fi\/wp-content\/uploads\/2023\/05\/Tomtkarta-1902-liten-300x219.jpg 300w\" sizes=\"auto, (max-width: 705px) 100vw, 705px\" \/><figcaption id=\"caption-attachment-26124\" class=\"wp-caption-text\">Den bl\u00e5a linjen visar tomtgr\u00e4nserna och det syns att tv\u00e5 byggnader var uppf\u00f6rda helt eller delvis p\u00e5 granntomten. \u00c5r 1902 d\u00e5 denna planteckning gjordes var huvudbyggnaden endast 6 m l\u00e5ng.<\/figcaption><\/figure>\n<p><strong>\u00c5r 1911<\/strong> byggde skr\u00e4ddare Hjertstr\u00f6m till g\u00e5rden i den norra \u00e4ndan med mer \u00e4n 5 meter, s\u00e5 att den fick sin nuvarande l\u00e4ngd p\u00e5 12 meter. \u00c5r 1912 bodde j\u00e4rnv\u00e4gsarbetaren Juha Lavikainen p\u00e5 hyra med hustrun Ida och de var hemma fr\u00e5n Joutseno.<\/p>\n<p><strong>\u00c5r 1920<\/strong> \u00e4gdes g\u00e5rden fortfarande av skr\u00e4ddare Hjertstr\u00f6m, men d\u00e4r bodde ocks\u00e5 skr\u00e4ddaren Tobias S\u00f6derling. Tobias var f\u00f6dd \u00e5r 1891 i Ulvila och han var gift med Petter Hjertstr\u00f6ms dotter Johanna Emilia (f.1878) och som kallades Mili.<\/p>\n<p><strong>\u00c5r 1928, den 5 februari<\/strong> avled skr\u00e4ddaren Petter Hjertstr\u00f6m och genom ett inb\u00f6rdes testamente \u00f6vertog \u00e4nkan Johanna g\u00e5rden och allt l\u00f6s\u00f6re.<\/p>\n<p><strong>\u00c5r 1930<\/strong> hade m\u00e5gen, skr\u00e4ddaren Tobias S\u00f6derling \u00f6vertagit g\u00e5rden och han bodde med hustrun Emilia, som kallades Mili.<\/p>\n<p><strong>\u00c5r 1954, den 13 april<\/strong> avled barnl\u00f6sa skr\u00e4ddaren Tobias S\u00f6derling och genom ett inb\u00f6rdes testamente fr\u00e5n 1930 \u00f6vertog \u00e4nkan Emilia g\u00e5rden.<\/p>\n<p><strong>\u00c5r 1955, den 5 juli<\/strong> hyrde Emilia S\u00f6derling ut sin g\u00e5rd p\u00e5 150 \u00e5rs tid \u00e5t telefonm\u00e4staren V\u00e4in\u00f6 Pajuluoma och hans hustru Helvi. Emilia skulle gratis f\u00e5 bo i ett rum i den s\u00f6dra \u00e4ndan och f\u00e5 v\u00e5rd till d\u00f6d dag. Pajuluoma fick r\u00e4tt att renovera g\u00e5rden och g\u00f6ra de f\u00f6r\u00e4ndringar han ans\u00e5g n\u00f6dv\u00e4ndiga.<\/p>\n<p><strong>\u00c5r 1956, den 4 juli<\/strong> upph\u00e4vdes det ovanligt l\u00e5nga hyresavtalet och Emilia fick tillbaka hela g\u00e5rden. Av Emilia fick Pajuluoma en ers\u00e4ttning om 148 712 mark f\u00f6r de renoveringskostnader han haft under det g\u00e5ngna \u00e5ret.<\/p>\n<p><strong>\u00c5r 1957, den 16 november<\/strong> \u00f6verl\u00e4t Emilia sin g\u00e5rd gratis \u00e5t socialn\u00e4mnden i Kristinestad, mot att hon fick bo p\u00e5 Kristinestad-Tj\u00f6ck kommunalhem till d\u00f6d dag, likas\u00e5 gratis. D\u00e4rtill skulle hon m\u00e5natligen f\u00e5 ett bidrag p\u00e5 1 500 mark.<\/p>\n<p><strong>\u00c5r 1957, den 28 december<\/strong> avled barnl\u00f6sa Emilia S\u00f6derling p\u00e5 kommunalhemmet och i juni f\u00f6ljande \u00e5r s\u00e5lde socialn\u00e4mnden hennes g\u00e5rd p\u00e5 offentlig auktion. H\u00f6gsta budet p\u00e5 250 000 mark gavs av charkuteriarbetaren Bertel Sj\u00f6blom och hans hustru Impi. Bertel var f\u00f6dd 1914 i Lappfj\u00e4rd och \u00e5r 1940 hade han gift sig med Impi Kaarina Jansson \/f.1917 i Stor\u00e5) och med sig hade de tre s\u00f6ner, f\u00f6dda mellan 1944 och 1955.<\/p>\n<p><strong>\u00c5r 1976, den 22 juni<\/strong> avled Impi Sj\u00f6blom och g\u00e5rden \u00f6vertogs d\u00e5 av d\u00f6dsboet, allts\u00e5 \u00e4nklingen Bertel och de tre vuxna s\u00f6nerna.<\/p>\n<p><strong>\u00c5r 1982, den 25 november<\/strong> s\u00e5lde d\u00f6dsbodel\u00e4garna g\u00e5rden och tomten \u00e5t Harry Sj\u00f6blom, som redan \u00e4gde en del av d\u00f6dsboet.<\/p>\n<p><strong>\u00c5r 1988, den 8 februari<\/strong> s\u00e5ldes Harry Sj\u00f6bloms g\u00e5rd p\u00e5 exekutiv auktion och h\u00f6gsta budet gavs av Harrys br\u00f6der Klaus och Helge Sj\u00f6blom.<\/p>\n<p><strong>\u00c5r 1988, den 19 september<\/strong> s\u00e5lde Klaus och Helge Sj\u00f6blom g\u00e5rden \u00e5t den nuvarande \u00e4garen, som \u00e4r f\u00f6dd i Stor\u00e5 1947 och han anv\u00e4nder den som stadigvarande bostad.<\/p>\n<figure id=\"attachment_23856\" aria-describedby=\"caption-attachment-23856\" style=\"width: 1613px\" class=\"wp-caption alignnone\"><img loading=\"lazy\" decoding=\"async\" class=\"size-full wp-image-23856\" src=\"https:\/\/www.kristinestadshistoria.fi\/wp-content\/uploads\/2022\/06\/IMG_4369-kopia.jpg\" alt=\"\" width=\"1613\" height=\"1210\" srcset=\"https:\/\/www.kristinestadshistoria.fi\/wp-content\/uploads\/2022\/06\/IMG_4369-kopia.jpg 1613w, https:\/\/www.kristinestadshistoria.fi\/wp-content\/uploads\/2022\/06\/IMG_4369-kopia-300x225.jpg 300w, https:\/\/www.kristinestadshistoria.fi\/wp-content\/uploads\/2022\/06\/IMG_4369-kopia-1024x768.jpg 1024w, https:\/\/www.kristinestadshistoria.fi\/wp-content\/uploads\/2022\/06\/IMG_4369-kopia-768x576.jpg 768w, https:\/\/www.kristinestadshistoria.fi\/wp-content\/uploads\/2022\/06\/IMG_4369-kopia-1536x1152.jpg 1536w\" sizes=\"auto, (max-width: 1613px) 100vw, 1613px\" \/><figcaption id=\"caption-attachment-23856\" class=\"wp-caption-text\">G\u00e5rden p\u00e5 tomt nr 27 \u00bd A vid \u00d6stra L\u00e5nggatan 58, mitt emot nya kyrkan. Fotot taget fr\u00e5n sydv\u00e4st sommaren 2022.<\/figcaption><\/figure>\n<figure id=\"attachment_18746\" aria-describedby=\"caption-attachment-18746\" style=\"width: 581px\" class=\"wp-caption alignnone\"><img loading=\"lazy\" decoding=\"async\" class=\"wp-image-18746 size-full\" src=\"https:\/\/www.lassebacklund.fi\/wp-content\/uploads\/2020\/12\/19061119-Annons.jpg\" alt=\"\" width=\"581\" height=\"353\" srcset=\"https:\/\/www.kristinestadshistoria.fi\/wp-content\/uploads\/2020\/12\/19061119-Annons.jpg 581w, https:\/\/www.kristinestadshistoria.fi\/wp-content\/uploads\/2020\/12\/19061119-Annons-300x182.jpg 300w\" sizes=\"auto, (max-width: 581px) 100vw, 581px\" \/><figcaption id=\"caption-attachment-18746\" class=\"wp-caption-text\">Skr\u00e4ddare Hjertstr\u00f6m var en flitig annons\u00f6r i de lokala tidningarna och i annonsen ser man att urvalet var gott och eftersom han h\u00f6ll p\u00e5 under s\u00e5 l\u00e5ng tid tyder p\u00e5 att arbetet var v\u00e4lgjort. Annonsen fr\u00e5n \u00e5r 1906 i Syd-\u00d6sterbotten.<\/figcaption><\/figure>\n<figure id=\"attachment_19716\" aria-describedby=\"caption-attachment-19716\" style=\"width: 575px\" class=\"wp-caption alignnone\"><img loading=\"lazy\" decoding=\"async\" class=\"size-full wp-image-19716\" src=\"https:\/\/www.lassebacklund.fi\/wp-content\/uploads\/2021\/03\/19090529-Filial-i-Narpes.jpg\" alt=\"\" width=\"575\" height=\"283\" srcset=\"https:\/\/www.kristinestadshistoria.fi\/wp-content\/uploads\/2021\/03\/19090529-Filial-i-Narpes.jpg 575w, https:\/\/www.kristinestadshistoria.fi\/wp-content\/uploads\/2021\/03\/19090529-Filial-i-Narpes-300x148.jpg 300w\" sizes=\"auto, (max-width: 575px) 100vw, 575px\" \/><figcaption id=\"caption-attachment-19716\" class=\"wp-caption-text\">Den f\u00f6rsta juni 1909 \u00f6ppnade Hjertstr\u00f6m en filial till sitt skr\u00e4dderi ocks\u00e5 i N\u00e4rpes.<\/figcaption><\/figure>\n<figure id=\"attachment_20208\" aria-describedby=\"caption-attachment-20208\" style=\"width: 571px\" class=\"wp-caption alignnone\"><img loading=\"lazy\" decoding=\"async\" class=\"size-full wp-image-20208\" src=\"https:\/\/www.lassebacklund.fi\/wp-content\/uploads\/2021\/03\/19101022-Oppnar-butik.jpg\" alt=\"\" width=\"571\" height=\"263\" srcset=\"https:\/\/www.kristinestadshistoria.fi\/wp-content\/uploads\/2021\/03\/19101022-Oppnar-butik.jpg 571w, https:\/\/www.kristinestadshistoria.fi\/wp-content\/uploads\/2021\/03\/19101022-Oppnar-butik-300x138.jpg 300w\" sizes=\"auto, (max-width: 571px) 100vw, 571px\" \/><figcaption id=\"caption-attachment-20208\" class=\"wp-caption-text\">I oktober 1910 \u00f6ppnade skr\u00e4ddare Hjertstr\u00f6m en butik i sin g\u00e5rd.<\/figcaption><\/figure>\n<figure id=\"attachment_21926\" aria-describedby=\"caption-attachment-21926\" style=\"width: 755px\" class=\"wp-caption alignnone\"><img loading=\"lazy\" decoding=\"async\" class=\"size-full wp-image-21926\" src=\"https:\/\/www.kristinestadshistoria.fi\/wp-content\/uploads\/2021\/09\/19160722-Topi-Soderling-overtar-verksamheten.jpg\" alt=\"\" width=\"755\" height=\"383\" srcset=\"https:\/\/www.kristinestadshistoria.fi\/wp-content\/uploads\/2021\/09\/19160722-Topi-Soderling-overtar-verksamheten.jpg 755w, https:\/\/www.kristinestadshistoria.fi\/wp-content\/uploads\/2021\/09\/19160722-Topi-Soderling-overtar-verksamheten-300x152.jpg 300w\" sizes=\"auto, (max-width: 755px) 100vw, 755px\" \/><figcaption id=\"caption-attachment-21926\" class=\"wp-caption-text\">I juli 1916 \u00f6vertog Topi S\u00f6derling den skr\u00e4dderiaff\u00e4r som hans sv\u00e4rfar P. A. Hjertstr\u00f6m hade drivit sedan 1880-talet.<\/figcaption><\/figure>\n<figure id=\"attachment_22017\" aria-describedby=\"caption-attachment-22017\" style=\"width: 1004px\" class=\"wp-caption alignnone\"><img loading=\"lazy\" decoding=\"async\" class=\"size-full wp-image-22017\" src=\"https:\/\/www.kristinestadshistoria.fi\/wp-content\/uploads\/2021\/09\/Annonser-fran-1916.jpg\" alt=\"\" width=\"1004\" height=\"278\" srcset=\"https:\/\/www.kristinestadshistoria.fi\/wp-content\/uploads\/2021\/09\/Annonser-fran-1916.jpg 1004w, https:\/\/www.kristinestadshistoria.fi\/wp-content\/uploads\/2021\/09\/Annonser-fran-1916-300x83.jpg 300w, https:\/\/www.kristinestadshistoria.fi\/wp-content\/uploads\/2021\/09\/Annonser-fran-1916-768x213.jpg 768w\" sizes=\"auto, (max-width: 1004px) 100vw, 1004px\" \/><figcaption id=\"caption-attachment-22017\" class=\"wp-caption-text\">Ofta inf\u00f6rd annons av Tobias S\u00f6derling, h\u00f6sten och vintern 1916.<\/figcaption><\/figure>\n<h4><strong>Sl\u00e4kten S\u00f6derling.<\/strong><\/h4>\n<p>Arbetaren Frans Mauri S\u00f6derling f\u00f6ddes p\u00e5 Harjunp\u00e4\u00e4 i Ulvila 2.8.1854. Den 22.5.1881 gifte han sig med Maria Sofia Majasdotter, som var f\u00f6dd 10.9.1857 i Ulvila. Maria Sofia dog i Ulvila 31.12.1886 och den 16.12.1899 gifte \u00e4nklingen om sig med Maria Vilhelmina Gustavsdotter, som var f\u00f6dd 1.9.1863. Detta \u00e4ktenskap var barnl\u00f6st. Frans Mauri S\u00f6derling dog 27.5.1909.<\/p>\n<p>Frans Mauri och Maria Sofia fick 3 barn:<\/p>\n<p>1). <u>Frans<\/u> Alexander S\u00f6derling, f\u00f6dd 16.9.1883 i Ulvila och han flyttade ogift till S\u00e4rkel\u00e4 by i Evij\u00e4rvi i februari 1908. Frans arbetade som murare och han gifte sig d\u00e4r tv\u00e5 g\u00e5nger.<\/p>\n<p>2). Anton (<u>Antti<\/u>) Nikolai S\u00f6derling, f\u00f6dd 27.11.1886 i Ulvila. Han dog i Noppo by Nurmij\u00e4rvi 27.1.1955 d\u00e4r han hade varit gift med Sigrid Emilia Nurmi, f\u00f6dd 3.2.1892. Med henne hade Anton 3 barn.<\/p>\n<p>3). Tobias S\u00f6derling, f\u00f6dd 29.11.1891 i Ulvila flyttade som ogift till Kristinestad 1.8.1910. Han b\u00f6rjade som skr\u00e4ddarl\u00e4rling hos skr\u00e4ddarm\u00e4staren Petter Adrian Hjertstr\u00f6m, som var f\u00f6dd 19.9.1847 i N\u00e4rpes. Skr\u00e4ddare Hjertstr\u00f6m var gift med Johanna, som var f\u00f6dd Olland 1.7.1842 och som avled i Kristinestad 5.2.1928. Petter Adrian och Johanna hade tv\u00e5 barn:<\/p>\n<p>a). Arthur Adrian Hjertstr\u00f6m, f\u00f6dd 24.6.1880 och som avled 17.4.1902, ogift och barnl\u00f6s.<\/p>\n<p>b). Johanna Emilia &#8221;Mili&#8221; Hjertstr\u00f6m, f\u00f6dd 4.5.1878 i N\u00e4rpes. Den 20.8.1916 gifte sig Emilia med l\u00e4rlingen Tobias S\u00f6derling men de fick inga barn. \u00c5r 1930 uppgjorde Tobias och Emilia ett inb\u00f6rdes testamente. Tobias S\u00f6derling avled i Kristinestad 13.4.1954 och 28.12.1957 avled Emilia p\u00e5 stadens kommunalhem.<\/p>\n<p><img loading=\"lazy\" decoding=\"async\" class=\"alignnone size-full wp-image-29768\" src=\"https:\/\/www.kristinestadshistoria.fi\/wp-content\/uploads\/2025\/05\/19571231-Mili-Soderling-dodsannons.png\" alt=\"\" width=\"335\" height=\"748\" srcset=\"https:\/\/www.kristinestadshistoria.fi\/wp-content\/uploads\/2025\/05\/19571231-Mili-Soderling-dodsannons.png 335w, https:\/\/www.kristinestadshistoria.fi\/wp-content\/uploads\/2025\/05\/19571231-Mili-Soderling-dodsannons-134x300.png 134w\" sizes=\"auto, (max-width: 335px) 100vw, 335px\" \/><\/p>\n","protected":false},"excerpt":{"rendered":"<p>\u00c5r 1830 \u00e4gdes &#8221;Bergska g\u00e5rden&#8221; av borgaren Erik Sundman med hustrun Lisa (f.1799) och de fick lagfart 1833. Han hade \u00e5r 1824 byggt den f\u00f6rsta delen av g\u00e5rden \u00e5r 1824 och den var d\u00e5 endast 6,83 meter l\u00e5ng.\u00a0 Erik och <a class=\"more-link\" href=\"https:\/\/www.kristinestadshistoria.fi\/?page_id=18747\">Forts\u00e4tt l\u00e4sa <span class=\"screen-reader-text\">  Skr\u00e4ddare Hjertstr\u00f6ms g\u00e5rd p\u00e5 \u00d6stra L\u00e5nggatan 58<\/span><span class=\"meta-nav\">&rarr;<\/span><\/a><\/p>\n","protected":false},"author":1,"featured_media":0,"parent":18667,"menu_order":58,"comment_status":"closed","ping_status":"closed","template":"","meta":{"footnotes":""},"class_list":["post-18747","page","type-page","status-publish","hentry"],"_links":{"self":[{"href":"https:\/\/www.kristinestadshistoria.fi\/index.php?rest_route=\/wp\/v2\/pages\/18747","targetHints":{"allow":["GET"]}}],"collection":[{"href":"https:\/\/www.kristinestadshistoria.fi\/index.php?rest_route=\/wp\/v2\/pages"}],"about":[{"href":"https:\/\/www.kristinestadshistoria.fi\/index.php?rest_route=\/wp\/v2\/types\/page"}],"author":[{"embeddable":true,"href":"https:\/\/www.kristinestadshistoria.fi\/index.php?rest_route=\/wp\/v2\/users\/1"}],"replies":[{"embeddable":true,"href":"https:\/\/www.kristinestadshistoria.fi\/index.php?rest_route=%2Fwp%2Fv2%2Fcomments&post=18747"}],"version-history":[{"count":39,"href":"https:\/\/www.kristinestadshistoria.fi\/index.php?rest_route=\/wp\/v2\/pages\/18747\/revisions"}],"predecessor-version":[{"id":30635,"href":"https:\/\/www.kristinestadshistoria.fi\/index.php?rest_route=\/wp\/v2\/pages\/18747\/revisions\/30635"}],"up":[{"embeddable":true,"href":"https:\/\/www.kristinestadshistoria.fi\/index.php?rest_route=\/wp\/v2\/pages\/18667"}],"wp:attachment":[{"href":"https:\/\/www.kristinestadshistoria.fi\/index.php?rest_route=%2Fwp%2Fv2%2Fmedia&parent=18747"}],"curies":[{"name":"wp","href":"https:\/\/api.w.org\/{rel}","templated":true}]}}