{"id":18700,"date":"2020-12-15T18:20:04","date_gmt":"2020-12-15T16:20:04","guid":{"rendered":"https:\/\/www.lassebacklund.fi\/?page_id=18700"},"modified":"2020-12-15T18:21:58","modified_gmt":"2020-12-15T16:21:58","slug":"vinterdrom","status":"publish","type":"page","link":"https:\/\/www.kristinestadshistoria.fi\/?page_id=18700","title":{"rendered":"Vinterdr\u00f6m"},"content":{"rendered":"<div class=\"kvgmc6g5 cxmmr5t8 oygrvhab hcukyx3x c1et5uql ii04i59q\">\n<div dir=\"auto\"><span style=\"color: #000080;\">Skrivet av Eva p\u00e5 Luciadagen 2020:<\/span><\/div>\n<div dir=\"auto\"><\/div>\n<\/div>\n<div class=\"o9v6fnle cxmmr5t8 oygrvhab hcukyx3x c1et5uql ii04i59q\">\n<div dir=\"auto\">\n<h6>I morse n\u00e4r vi vaknade var det vitt p\u00e5 marken,<\/h6>\n<h6>inte s\u00e5 mycket att man kan ta fram sparken.<\/h6>\n<h6>Ett tunt, tunt lager hade fallit under natten<\/h6>\n<h6>och p\u00e5 g\u00e5rden syntes sp\u00e5r av granng\u00e5rdskatten.<\/h6>\n<p>&nbsp;<\/p>\n<h6>Det blev s\u00e5 ljust och vackert, det n\u00e4stan lyser,<\/h6>\n<h6>\u00f6nskar m\u00e5nga minusgrader s\u00e5 att fj\u00e4rden fryser.<\/h6>\n<h6>N\u00e4r isen ligger tjock \u00e4r det m\u00e5nga som g\u00e5r eller skidar,<\/h6>\n<h6>p\u00e5 en riktig gammaldags vinter jag bara g\u00e5r och bidar.<\/h6>\n<p>&nbsp;<\/p>\n<h6>En halvmeter med sn\u00f6 s\u00e5 att barnen kan ha roligt,<\/h6>\n<h6>d\u00e4remellan klarv\u00e4der, bl\u00e5 himmel och soligt.<\/h6>\n<h6>S\u00e5 var det f\u00f6rr i v\u00e4rlden, det vill jag \u00e5tminstone minnas<\/h6>\n<h6>men kanske det luckor i tantens minne b\u00f6rjar finnas.<\/h6>\n<p>&nbsp;<\/p>\n<\/div>\n<\/div>\n","protected":false},"excerpt":{"rendered":"<p>Skrivet av Eva p\u00e5 Luciadagen 2020: I morse n\u00e4r vi vaknade var det vitt p\u00e5 marken, inte s\u00e5 mycket att man kan ta fram sparken. Ett tunt, tunt lager hade fallit under natten och p\u00e5 g\u00e5rden syntes sp\u00e5r av granng\u00e5rdskatten. <a class=\"more-link\" href=\"https:\/\/www.kristinestadshistoria.fi\/?page_id=18700\">Forts\u00e4tt l\u00e4sa <span class=\"screen-reader-text\">  Vinterdr\u00f6m<\/span><span class=\"meta-nav\">&rarr;<\/span><\/a><\/p>\n","protected":false},"author":1,"featured_media":0,"parent":16671,"menu_order":15,"comment_status":"closed","ping_status":"closed","template":"","meta":{"footnotes":""},"class_list":["post-18700","page","type-page","status-publish","hentry"],"_links":{"self":[{"href":"https:\/\/www.kristinestadshistoria.fi\/index.php?rest_route=\/wp\/v2\/pages\/18700","targetHints":{"allow":["GET"]}}],"collection":[{"href":"https:\/\/www.kristinestadshistoria.fi\/index.php?rest_route=\/wp\/v2\/pages"}],"about":[{"href":"https:\/\/www.kristinestadshistoria.fi\/index.php?rest_route=\/wp\/v2\/types\/page"}],"author":[{"embeddable":true,"href":"https:\/\/www.kristinestadshistoria.fi\/index.php?rest_route=\/wp\/v2\/users\/1"}],"replies":[{"embeddable":true,"href":"https:\/\/www.kristinestadshistoria.fi\/index.php?rest_route=%2Fwp%2Fv2%2Fcomments&post=18700"}],"version-history":[{"count":3,"href":"https:\/\/www.kristinestadshistoria.fi\/index.php?rest_route=\/wp\/v2\/pages\/18700\/revisions"}],"predecessor-version":[{"id":18703,"href":"https:\/\/www.kristinestadshistoria.fi\/index.php?rest_route=\/wp\/v2\/pages\/18700\/revisions\/18703"}],"up":[{"embeddable":true,"href":"https:\/\/www.kristinestadshistoria.fi\/index.php?rest_route=\/wp\/v2\/pages\/16671"}],"wp:attachment":[{"href":"https:\/\/www.kristinestadshistoria.fi\/index.php?rest_route=%2Fwp%2Fv2%2Fmedia&parent=18700"}],"curies":[{"name":"wp","href":"https:\/\/api.w.org\/{rel}","templated":true}]}}