{"id":18667,"date":"2020-12-12T18:45:45","date_gmt":"2020-12-12T16:45:45","guid":{"rendered":"https:\/\/www.lassebacklund.fi\/?page_id=18667"},"modified":"2025-06-17T23:19:41","modified_gmt":"2025-06-17T20:19:41","slug":"ostra-langgatans-gardar","status":"publish","type":"page","link":"https:\/\/www.kristinestadshistoria.fi\/?page_id=18667","title":{"rendered":"\u00d6stra L\u00e5nggatans g\u00e5rdar"},"content":{"rendered":"<p>P\u00e5 den f\u00f6rsta stadsplanen fr\u00e5n 1651 s\u00e5 finns det endast 3 l\u00e4ngsg\u00e5ende gator i staden. Det var f\u00f6rst p\u00e5 1700-talet som det drogs en ny gata mitt i de nedersta kvarteren, och den fick namnet \u00d6stra L\u00e5nggatan. Kvarteren l\u00e4ngs denna gata har ett djup p\u00e5 endast 60 meter. I dag b\u00f6rjar \u00d6stra L\u00e5nggatan vid Repslagaregatan i norr och slutar vid Parkgatan i s\u00f6derstan, d\u00e4r den \u00f6verg\u00e5r i Varvsgatan. Den har en l\u00e4ngd av 1 300 meter och l\u00e4ngs gatan finns det flera intressanta g\u00e5rdar, som du kan titta n\u00e4rmare p\u00e5 h\u00e4r under:<\/p>\n<h5><a href=\"https:\/\/www.kristinestadshistoria.fi\/?page_id=23106\"><strong>-4 Sj\u00f6man Forsstr\u00f6ms g\u00e5rd<\/strong><\/a><\/h5>\n<h5><a href=\"https:\/\/www.kristinestadshistoria.fi\/?page_id=28332\"><strong>-7 Forman Janssons g\u00e5rd<\/strong><\/a><\/h5>\n<h5><a href=\"https:\/\/www.kristinestadshistoria.fi\/?page_id=24018\"><strong>-9 Hannus\u00b4 2 g\u00e5rdar<\/strong><\/a><\/h5>\n<h5><a href=\"https:\/\/www.kristinestadshistoria.fi\/?page_id=23379\"><strong>-23 &#8221;De m\u00e5nga \u00e4garnas g\u00e5rd&#8221;<\/strong><\/a><\/h5>\n<h5><a href=\"http:\/\/www.kristinestadshistoria.fi\/?page_id=19506\"><strong>-24 Melanders g\u00e5rd<\/strong><\/a><\/h5>\n<h5><a href=\"https:\/\/www.kristinestadshistoria.fi\/?page_id=22347\"><strong>-28 Torpet<\/strong><\/a><\/h5>\n<h5><a href=\"http:\/\/www.kristinestadshistoria.fi\/?page_id=19253\"><strong>-33 Bergviks g\u00e5rd<\/strong><\/a><\/h5>\n<h5><a href=\"http:\/\/www.kristinestadshistoria.fi\/?page_id=19698\"><strong>-34 Rusks g\u00e5rd<\/strong><\/a><\/h5>\n<h5><a href=\"http:\/\/www.kristinestadshistoria.fi\/?page_id=20063\"><strong>-36 Spolanders g\u00e5rd<\/strong><\/a><\/h5>\n<h5><a href=\"https:\/\/www.kristinestadshistoria.fi\/?page_id=29926\"><strong>-37 B\u00e4rnlunds metodistkapell<\/strong><\/a><\/h5>\n<h5><a href=\"https:\/\/www.kristinestadshistoria.fi\/?page_id=23989\"><strong>-38 \u00c5kerbergs eller Lahtinens g\u00e5rd<\/strong><\/a><\/h5>\n<h5><a href=\"https:\/\/www.kristinestadshistoria.fi\/?page_id=25173\"><strong>-44 Henriksons eller Sparbankens g\u00e5rd<\/strong><\/a><\/h5>\n<h5><a href=\"http:\/\/www.kristinestadshistoria.fi\/?page_id=19139\"><strong>-45 Braheg\u00e5rden eller Carlstr\u00f6ms g\u00e5rd<\/strong><\/a><\/h5>\n<h5><a href=\"https:\/\/www.kristinestadshistoria.fi\/?page_id=22282\"><strong>-46 Handelslagets g\u00e5rd<\/strong><\/a><\/h5>\n<h5><a href=\"http:\/\/www.kristinestadshistoria.fi\/?page_id=21172\"><strong>-47 Krepelinska g\u00e5rden<\/strong><\/a><\/h5>\n<h5><a href=\"http:\/\/www.kristinestadshistoria.fi\/?page_id=19336\"><strong>-49 Apoteket eller Andelsbankens g\u00e5rd<\/strong><\/a><\/h5>\n<h5><strong><a href=\"http:\/\/www.kristinestadshistoria.fi\/?page_id=20314\">-51 Cornerhuset<\/a><\/strong><\/h5>\n<h5><a href=\"http:\/\/www.kristinestadshistoria.fi\/?page_id=18747\"><strong>-58 Skr\u00e4ddare Hjertstr\u00f6ms g\u00e5rd<\/strong><\/a><\/h5>\n<h5><a href=\"http:\/\/www.kristinestadshistoria.fi\/?page_id=18863\"><strong>-63 Linds eller Eklunds g\u00e5rd<\/strong><\/a><\/h5>\n<h5><a href=\"https:\/\/www.kristinestadshistoria.fi\/?page_id=23763\"><strong>-65 Blomqvists eller Nybergs g\u00e5rd<\/strong><\/a><\/h5>\n<h5><a href=\"https:\/\/www.kristinestadshistoria.fi\/?page_id=29412\"><strong>-67 Kaptensg\u00e5rden Sundqvist<\/strong><\/a><\/h5>\n<h5><a href=\"https:\/\/www.kristinestadshistoria.fi\/?page_id=23482\"><strong>-70 H\u00e4llstr\u00f6ms g\u00e5rd<\/strong><\/a><\/h5>\n<h5><strong><a href=\"https:\/\/www.kristinestadshistoria.fi\/?page_id=24593\">-71 Skeppare Johan Parmans g\u00e5rd<\/a><\/strong><\/h5>\n<h5><a href=\"http:\/\/www.kristinestadshistoria.fi\/?page_id=20436\"><strong>-72 Skeppare Sundqvists g\u00e5rd<\/strong><\/a><\/h5>\n","protected":false},"excerpt":{"rendered":"<p>P\u00e5 den f\u00f6rsta stadsplanen fr\u00e5n 1651 s\u00e5 finns det endast 3 l\u00e4ngsg\u00e5ende gator i staden. Det var f\u00f6rst p\u00e5 1700-talet som det drogs en ny gata mitt i de nedersta kvarteren, och den fick namnet \u00d6stra L\u00e5nggatan. Kvarteren l\u00e4ngs denna <a class=\"more-link\" href=\"https:\/\/www.kristinestadshistoria.fi\/?page_id=18667\">Forts\u00e4tt l\u00e4sa <span class=\"screen-reader-text\">  \u00d6stra L\u00e5nggatans g\u00e5rdar<\/span><span class=\"meta-nav\">&rarr;<\/span><\/a><\/p>\n","protected":false},"author":1,"featured_media":0,"parent":18571,"menu_order":2,"comment_status":"closed","ping_status":"closed","template":"","meta":{"footnotes":""},"class_list":["post-18667","page","type-page","status-publish","hentry"],"_links":{"self":[{"href":"https:\/\/www.kristinestadshistoria.fi\/index.php?rest_route=\/wp\/v2\/pages\/18667","targetHints":{"allow":["GET"]}}],"collection":[{"href":"https:\/\/www.kristinestadshistoria.fi\/index.php?rest_route=\/wp\/v2\/pages"}],"about":[{"href":"https:\/\/www.kristinestadshistoria.fi\/index.php?rest_route=\/wp\/v2\/types\/page"}],"author":[{"embeddable":true,"href":"https:\/\/www.kristinestadshistoria.fi\/index.php?rest_route=\/wp\/v2\/users\/1"}],"replies":[{"embeddable":true,"href":"https:\/\/www.kristinestadshistoria.fi\/index.php?rest_route=%2Fwp%2Fv2%2Fcomments&post=18667"}],"version-history":[{"count":34,"href":"https:\/\/www.kristinestadshistoria.fi\/index.php?rest_route=\/wp\/v2\/pages\/18667\/revisions"}],"predecessor-version":[{"id":29941,"href":"https:\/\/www.kristinestadshistoria.fi\/index.php?rest_route=\/wp\/v2\/pages\/18667\/revisions\/29941"}],"up":[{"embeddable":true,"href":"https:\/\/www.kristinestadshistoria.fi\/index.php?rest_route=\/wp\/v2\/pages\/18571"}],"wp:attachment":[{"href":"https:\/\/www.kristinestadshistoria.fi\/index.php?rest_route=%2Fwp%2Fv2%2Fmedia&parent=18667"}],"curies":[{"name":"wp","href":"https:\/\/api.w.org\/{rel}","templated":true}]}}