{"id":18665,"date":"2020-12-12T18:35:28","date_gmt":"2020-12-12T16:35:28","guid":{"rendered":"https:\/\/www.lassebacklund.fi\/?page_id=18665"},"modified":"2026-04-06T18:04:39","modified_gmt":"2026-04-06T15:04:39","slug":"vastra-langgatans-gardar","status":"publish","type":"page","link":"https:\/\/www.kristinestadshistoria.fi\/?page_id=18665","title":{"rendered":"V\u00e4stra L\u00e5nggatans g\u00e5rdar."},"content":{"rendered":"<p>P\u00e5 Claes Claessons stadsplan fr\u00e5n 1651, s\u00e5 fanns det endast 3 l\u00e4ngsg\u00e5ende gator i Kristinestad. Den l\u00e4ngsta av dessa var L\u00e5nggatan, som b\u00f6rjade vid Norra Kvarnberget i Norrstan och slutade mitt emellan H\u00e5llfastska gatan och Parkgatan. Fr\u00e5n b\u00f6rjan var den 750 meter l\u00e5ng men har sedan f\u00f6rl\u00e4ngts i den s\u00f6dra \u00e4ndan, s\u00e5 att l\u00e4ngden i dag \u00e4r 1 100 meter. D\u00e5 man p\u00e5 1700-talet delade de nedersta kvarteren med en ny l\u00e5nggata, s\u00e5 fick den nya gatan namnet \u00d6stra L\u00e5nggatan och den gamla L\u00e5nggatan b\u00f6rjade heta V\u00e4stra L\u00e5nggatan. Den V\u00e4stra L\u00e5nggatan har alltid haft bebyggelse p\u00e5 b\u00e5da sidorna och det finns fortfarande m\u00e5nga fina g\u00e5rdar l\u00e4ngs gatan. Klicka h\u00e4r nere, s\u00e5 f\u00e5r du l\u00e4sa mera om n\u00e5gra g\u00e5rdar:<\/p>\n<h5><a href=\"http:\/\/www.kristinestadshistoria.fi\/?page_id=19275\"><strong>-4 Spectras g\u00e5rd<\/strong><\/a><\/h5>\n<h5><a href=\"https:\/\/www.kristinestadshistoria.fi\/?page_id=24821\"><strong>-4 Timmerman Str\u00f6ms g\u00e5rd<\/strong><\/a><\/h5>\n<h5><a href=\"https:\/\/www.kristinestadshistoria.fi\/?page_id=21938\"><strong>-9 Borgm\u00e4stare Hasselblatts g\u00e5rd<\/strong><\/a><\/h5>\n<h5><strong><a href=\"http:\/\/www.kristinestadshistoria.fi\/?page_id=20539\">-10 Jyllis eller m\u00e5larm\u00e4stare Stendahls g\u00e5rd<\/a><\/strong><\/h5>\n<h5><a href=\"http:\/\/www.kristinestadshistoria.fi\/?page_id=18787\"><strong>-11 Westerbacks eller Ax\u00e9ns g\u00e5rd<\/strong><\/a><\/h5>\n<h5><a href=\"https:\/\/www.kristinestadshistoria.fi\/?page_id=22706\"><strong>-13 Skogsvaktarens eller Ahos g\u00e5rd<\/strong><\/a><\/h5>\n<h5><a href=\"https:\/\/www.kristinestadshistoria.fi\/?page_id=22763\"><strong>-13 Kronol\u00e4nsman Starckes g\u00e5rd p\u00e5 Kyrkogatan 1<\/strong><\/a><\/h5>\n<h5><a href=\"http:\/\/www.kristinestadshistoria.fi\/?page_id=18049\"><strong>-14 Glassbarshuset<\/strong><\/a><\/h5>\n<h5><a href=\"http:\/\/www.kristinestadshistoria.fi\/?page_id=20355\"><strong>-15 Wihuris eller Jyllis g\u00e5rd<\/strong><\/a><\/h5>\n<h5><a href=\"https:\/\/www.kristinestadshistoria.fi\/?page_id=24307\"><strong>-21 Wijkbergs g\u00e5rd<\/strong><\/a><\/h5>\n<h5><a href=\"https:\/\/www.kristinestadshistoria.fi\/?page_id=29233\"><strong>-23 Fr\u00e4lsningsarm\u00e9n eller Saalem<\/strong><\/a><\/h5>\n<h5><a href=\"https:\/\/www.kristinestadshistoria.fi\/?page_id=30766\"><strong>-25 Posthuset eller Ekmans g\u00e5rd<\/strong><\/a><\/h5>\n<h5><a href=\"http:\/\/www.kristinestadshistoria.fi\/?page_id=18619\"><strong>-27 Granlunds g\u00e5rd<\/strong><\/a><\/h5>\n<h5><a href=\"http:\/\/www.kristinestadshistoria.fi\/?page_id=19409\"><strong>-28 H\u00e4ggblads g\u00e5rd<\/strong><\/a><\/h5>\n<h5><strong><a href=\"https:\/\/www.kristinestadshistoria.fi\/?page_id=25279\">-29 B\u00f6nehuset eller f\u00f6rsamlingshemmet<\/a><\/strong><\/h5>\n<h5><a href=\"http:\/\/www.kristinestadshistoria.fi\/?page_id=19451\"><strong>-30 Sj\u00f6grens eller Aaltonens g\u00e5rd<\/strong><\/a><\/h5>\n<h5><a href=\"https:\/\/www.kristinestadshistoria.fi\/?page_id=27341\"><strong>-32 kapten\u00e4nkan Ramstr\u00f6ms g\u00e5rd<\/strong><\/a><\/h5>\n<h5><a href=\"https:\/\/www.kristinestadshistoria.fi\/?page_id=23183\"><strong>-34 Folkskolans g\u00e5rd<\/strong><\/a><\/h5>\n<h5><a href=\"http:\/\/www.kristinestadshistoria.fi\/?page_id=20245\"><strong>-37 Argelanders g\u00e5rd<\/strong><\/a><\/h5>\n<h5><a href=\"https:\/\/www.kristinestadshistoria.fi\/?page_id=23788\"><strong>-38 Forman Jernvalls g\u00e5rd<\/strong><\/a><\/h5>\n<h5><strong><a href=\"https:\/\/www.kristinestadshistoria.fi\/?page_id=23932\">-49 Sj\u00f6bloms g\u00e5rd<\/a><\/strong><\/h5>\n<h5><a href=\"https:\/\/www.kristinestadshistoria.fi\/?page_id=22148\"><strong>-53 Weckstr\u00f6ms g\u00e5rd<\/strong><\/a><\/h5>\n<h5><a href=\"http:\/\/www.kristinestadshistoria.fi\/?page_id=20029\"><strong>-55 B\u00e4ckstr\u00f6ms g\u00e5rd<\/strong><\/a><\/h5>\n<h5><a href=\"https:\/\/www.kristinestadshistoria.fi\/?page_id=22041\"><strong>-63 Cederstr\u00f6ms g\u00e5rd<\/strong><\/a><\/h5>\n<h5><strong><a href=\"https:\/\/www.kristinestadshistoria.fi\/?page_id=23219\">-65 Marjam\u00e4kis g\u00e5rd<\/a><\/strong><\/h5>\n<h5><a href=\"https:\/\/www.kristinestadshistoria.fi\/?page_id=27282\"><strong>-71 Arnfelts g\u00e5rd<\/strong><\/a><\/h5>\n","protected":false},"excerpt":{"rendered":"<p>P\u00e5 Claes Claessons stadsplan fr\u00e5n 1651, s\u00e5 fanns det endast 3 l\u00e4ngsg\u00e5ende gator i Kristinestad. Den l\u00e4ngsta av dessa var L\u00e5nggatan, som b\u00f6rjade vid Norra Kvarnberget i Norrstan och slutade mitt emellan H\u00e5llfastska gatan och Parkgatan. Fr\u00e5n b\u00f6rjan var den <a class=\"more-link\" href=\"https:\/\/www.kristinestadshistoria.fi\/?page_id=18665\">Forts\u00e4tt l\u00e4sa <span class=\"screen-reader-text\">  V\u00e4stra L\u00e5nggatans g\u00e5rdar.<\/span><span class=\"meta-nav\">&rarr;<\/span><\/a><\/p>\n","protected":false},"author":1,"featured_media":0,"parent":18571,"menu_order":3,"comment_status":"closed","ping_status":"closed","template":"","meta":{"footnotes":""},"class_list":["post-18665","page","type-page","status-publish","hentry"],"_links":{"self":[{"href":"https:\/\/www.kristinestadshistoria.fi\/index.php?rest_route=\/wp\/v2\/pages\/18665","targetHints":{"allow":["GET"]}}],"collection":[{"href":"https:\/\/www.kristinestadshistoria.fi\/index.php?rest_route=\/wp\/v2\/pages"}],"about":[{"href":"https:\/\/www.kristinestadshistoria.fi\/index.php?rest_route=\/wp\/v2\/types\/page"}],"author":[{"embeddable":true,"href":"https:\/\/www.kristinestadshistoria.fi\/index.php?rest_route=\/wp\/v2\/users\/1"}],"replies":[{"embeddable":true,"href":"https:\/\/www.kristinestadshistoria.fi\/index.php?rest_route=%2Fwp%2Fv2%2Fcomments&post=18665"}],"version-history":[{"count":34,"href":"https:\/\/www.kristinestadshistoria.fi\/index.php?rest_route=\/wp\/v2\/pages\/18665\/revisions"}],"predecessor-version":[{"id":30785,"href":"https:\/\/www.kristinestadshistoria.fi\/index.php?rest_route=\/wp\/v2\/pages\/18665\/revisions\/30785"}],"up":[{"embeddable":true,"href":"https:\/\/www.kristinestadshistoria.fi\/index.php?rest_route=\/wp\/v2\/pages\/18571"}],"wp:attachment":[{"href":"https:\/\/www.kristinestadshistoria.fi\/index.php?rest_route=%2Fwp%2Fv2%2Fmedia&parent=18665"}],"curies":[{"name":"wp","href":"https:\/\/api.w.org\/{rel}","templated":true}]}}