{"id":18663,"date":"2020-12-12T18:17:34","date_gmt":"2020-12-12T16:17:34","guid":{"rendered":"https:\/\/www.lassebacklund.fi\/?page_id=18663"},"modified":"2024-07-29T00:15:04","modified_gmt":"2024-07-28T21:15:04","slug":"staketgatans-gardar","status":"publish","type":"page","link":"https:\/\/www.kristinestadshistoria.fi\/?page_id=18663","title":{"rendered":"Staketgatans g\u00e5rdar."},"content":{"rendered":"<p>P\u00e5 Claes Claessons stadsplan fr\u00e5n 1651, s\u00e5 var Staketgatan en av de tre l\u00e4ngsg\u00e5ende gatorna. Det var l\u00e4ngs denna gata som tullstaketet gick i tiderna \u00e4nda fram till 1808 d\u00e5 landstullarna avskaffades. I tiderna l\u00e5g all bebyggelse p\u00e5 den \u00f6stra sidan av Staketgatan och det \u00e4r f\u00f6rst p\u00e5 1800-talet som g\u00e5rdar kunde byggas ocks\u00e5\u00a0 p\u00e5 gatans \u00f6vre sida. P\u00e5 den f\u00f6rsta stadsplanen b\u00f6rjar Staketgatan vid Kyrkotorget nedanf\u00f6r Ulrika Eleonorakyrkan och slutade i s\u00f6derstan vid S\u00f6dra Kvarnbacken, det som i dag kallas Svin\u00e5kersbacken. Den var fr\u00e5n b\u00f6rjan endast 350 meter l\u00e5ng men har sedan f\u00f6rl\u00e4ngts betydligt i den s\u00f6dra \u00e4ndan, s\u00e5 att den numera \u00e4r 1 km l\u00e5ng. L\u00e4ngs Staketgatan finns inga stora handelshus men desto fler mindre stadsg\u00e5rdar.<\/p>\n<h4><a href=\"https:\/\/www.kristinestadshistoria.fi\/?page_id=28790\"><strong>-10 \u00c4mbetshusen och den gamla g\u00e5rden<\/strong><\/a><\/h4>\n<h4><a href=\"https:\/\/www.kristinestadshistoria.fi\/?page_id=22183\"><strong>-20 \u00c4nkan Bergs g\u00e5rd<\/strong><\/a><\/h4>\n<h4><a href=\"https:\/\/www.kristinestadshistoria.fi\/?page_id=21807\"><strong>-24 H\u00f6gbacks g\u00e5rd<\/strong><\/a><\/h4>\n<h4><a href=\"https:\/\/www.kristinestadshistoria.fi\/?page_id=22222\"><strong>-30 Systrarna Teirs g\u00e5rd<\/strong><\/a><\/h4>\n","protected":false},"excerpt":{"rendered":"<p>P\u00e5 Claes Claessons stadsplan fr\u00e5n 1651, s\u00e5 var Staketgatan en av de tre l\u00e4ngsg\u00e5ende gatorna. Det var l\u00e4ngs denna gata som tullstaketet gick i tiderna \u00e4nda fram till 1808 d\u00e5 landstullarna avskaffades. I tiderna l\u00e5g all bebyggelse p\u00e5 den \u00f6stra <a class=\"more-link\" href=\"https:\/\/www.kristinestadshistoria.fi\/?page_id=18663\">Forts\u00e4tt l\u00e4sa <span class=\"screen-reader-text\">  Staketgatans g\u00e5rdar.<\/span><span class=\"meta-nav\">&rarr;<\/span><\/a><\/p>\n","protected":false},"author":1,"featured_media":0,"parent":18571,"menu_order":4,"comment_status":"closed","ping_status":"closed","template":"","meta":{"footnotes":""},"class_list":["post-18663","page","type-page","status-publish","hentry"],"_links":{"self":[{"href":"https:\/\/www.kristinestadshistoria.fi\/index.php?rest_route=\/wp\/v2\/pages\/18663","targetHints":{"allow":["GET"]}}],"collection":[{"href":"https:\/\/www.kristinestadshistoria.fi\/index.php?rest_route=\/wp\/v2\/pages"}],"about":[{"href":"https:\/\/www.kristinestadshistoria.fi\/index.php?rest_route=\/wp\/v2\/types\/page"}],"author":[{"embeddable":true,"href":"https:\/\/www.kristinestadshistoria.fi\/index.php?rest_route=\/wp\/v2\/users\/1"}],"replies":[{"embeddable":true,"href":"https:\/\/www.kristinestadshistoria.fi\/index.php?rest_route=%2Fwp%2Fv2%2Fcomments&post=18663"}],"version-history":[{"count":7,"href":"https:\/\/www.kristinestadshistoria.fi\/index.php?rest_route=\/wp\/v2\/pages\/18663\/revisions"}],"predecessor-version":[{"id":28807,"href":"https:\/\/www.kristinestadshistoria.fi\/index.php?rest_route=\/wp\/v2\/pages\/18663\/revisions\/28807"}],"up":[{"embeddable":true,"href":"https:\/\/www.kristinestadshistoria.fi\/index.php?rest_route=\/wp\/v2\/pages\/18571"}],"wp:attachment":[{"href":"https:\/\/www.kristinestadshistoria.fi\/index.php?rest_route=%2Fwp%2Fv2%2Fmedia&parent=18663"}],"curies":[{"name":"wp","href":"https:\/\/api.w.org\/{rel}","templated":true}]}}