{"id":18658,"date":"2020-12-12T17:45:56","date_gmt":"2020-12-12T15:45:56","guid":{"rendered":"https:\/\/www.lassebacklund.fi\/?page_id=18658"},"modified":"2026-03-10T19:44:47","modified_gmt":"2026-03-10T17:44:47","slug":"strandgatans-gardar","status":"publish","type":"page","link":"https:\/\/www.kristinestadshistoria.fi\/?page_id=18658","title":{"rendered":"Strandgatans g\u00e5rdar"},"content":{"rendered":"<p>I den allra f\u00f6rsta stadsplanen, som Claes Claesson gjorde \u00e5r 1651 s\u00e5 var Strandgatan en av de tre l\u00e4ngsg\u00e5ende gatorna i den nya staden. Som namnet s\u00e4ger s\u00e5\u00a0 gick gatan l\u00e4ngs stranden men landh\u00f6jningen har gjort att Strandgatan numera g\u00e5r l\u00e5ngt uppe p\u00e5 land, tv\u00e4rs genom Salutorget. Den gick i tiderna mellan Brunstr\u00f6mska gatan i norrstan till H\u00e5llfastska gatan i s\u00f6derstan men har p\u00e5 senare tid f\u00f6rl\u00e4ngts i b\u00e5da \u00e4ndarna. P\u00e5 1600-talet fanns det inga g\u00e5rdar nedanf\u00f6r Strandgatan men d\u00e5 havet drog sig tillbaka s\u00e5 bildades det bostadstomter ocks\u00e5 p\u00e5 den nedre sidan. Sedan 1977 \u00e4r Strandgatan enkelriktad mellan Salutorget och Parkgatan. L\u00e4ngs denna gata finns det m\u00e5nga intressanta byggnader, s\u00e5\u00a0 klicka p\u00e5 n\u00e5gon adress h\u00e4r under:<\/p>\n<h5><a href=\"https:\/\/www.kristinestadshistoria.fi\/?page_id=24513\"><strong>-2 M\u00e5lare Wikl\u00f6fs g\u00e5rd<\/strong><\/a><\/h5>\n<h5><a href=\"https:\/\/www.kristinestadshistoria.fi\/?page_id=23686\"><strong>-13 Dykare Stens g\u00e5rd<\/strong><\/a><\/h5>\n<h5><a href=\"http:\/\/www.kristinestadshistoria.fi\/?page_id=20855\"><strong>-16 Glasm\u00e4stare Eklunds g\u00e5rd<\/strong><\/a><\/h5>\n<h5><a href=\"https:\/\/www.kristinestadshistoria.fi\/?page_id=29339\"><strong>-18 Hemsl\u00f6jdsg\u00e5rden<\/strong><\/a><\/h5>\n<h5><a href=\"http:\/\/www.kristinestadshistoria.fi\/?page_id=19730\"><strong>-20 Printzons g\u00e5rd<\/strong><\/a><\/h5>\n<h5><a href=\"https:\/\/www.kristinestadshistoria.fi\/?page_id=24921\"><strong>-22 DUX och f\u00e4rgarnas g\u00e5rd<\/strong><\/a><\/h5>\n<h5><a href=\"https:\/\/www.kristinestadshistoria.fi\/?page_id=27532\"><strong>-23 sl\u00e4kten Bj\u00f6rkmans tomt<\/strong><\/a><\/h5>\n<h5><a href=\"https:\/\/www.kristinestadshistoria.fi\/?page_id=24744\"><strong>-25 Suominens g\u00e5rd<\/strong><\/a><\/h5>\n<h5><a href=\"https:\/\/www.kristinestadshistoria.fi\/?page_id=27927\"><strong>-26 Bagarnas eller Nelsons g\u00e5rd<\/strong><\/a><\/h5>\n<h5><a href=\"http:\/\/www.kristinestadshistoria.fi\/?page_id=19675\"><strong>-27 Rosenlunds g\u00e5rd<\/strong><\/a><\/h5>\n<h5><a href=\"http:\/\/www.kristinestadshistoria.fi\/?page_id=20737\"><strong>-28 Kapten Olins eller polis Utters g\u00e5rd<\/strong><\/a><\/h5>\n<h5><a href=\"https:\/\/www.kristinestadshistoria.fi\/?page_id=23261\"><strong>-31 Eklunds eller Forsstr\u00f6ms g\u00e5rd<\/strong><\/a><\/h5>\n<h5><a href=\"https:\/\/www.kristinestadshistoria.fi\/?page_id=27153\"><strong>-32 Nordlunds g\u00e5rd<\/strong><\/a><\/h5>\n<h5><a href=\"https:\/\/www.kristinestadshistoria.fi\/?page_id=30684\"><strong>-34 Resehuset<\/strong><\/a><\/h5>\n<h5><a href=\"https:\/\/www.kristinestadshistoria.fi\/?page_id=30103\"><strong>-36 Fontells eller C.E. Carlstr\u00f6ms g\u00e5rd<\/strong><\/a><\/h5>\n<h5><a href=\"http:\/\/www.kristinestadshistoria.fi\/?page_id=20156\"><strong>-37 Ungdomsg\u00e5rden<\/strong><\/a><\/h5>\n<h5><a href=\"http:\/\/www.kristinestadshistoria.fi\/?page_id=19793\"><strong>-38 Wendelins g\u00e5rd<\/strong><\/a><\/h5>\n<h5><a href=\"http:\/\/www.kristinestadshistoria.fi\/?page_id=18802\"><strong>-39 Sundmanska g\u00e5rden<\/strong><\/a><\/h5>\n<h5><a href=\"https:\/\/www.kristinestadshistoria.fi\/?page_id=27830\"><strong>-40 Varuhus A. Talas\u00a0<\/strong><\/a><\/h5>\n<h5><a href=\"https:\/\/www.kristinestadshistoria.fi\/?page_id=21739\"><strong>-41 Borgm\u00e4star\u00e4nkans g\u00e5rd<\/strong><\/a><\/h5>\n<h5><a href=\"http:\/\/www.kristinestadshistoria.fi\/?page_id=18580\"><strong>-42 Fremdelings g\u00e5rd.<\/strong><\/a><\/h5>\n<h5><a href=\"https:\/\/www.kristinestadshistoria.fi\/?page_id=30217\"><strong>-43 fiskare Fabrins g\u00e5rd<\/strong><\/a><\/h5>\n<h5><a href=\"http:\/\/www.kristinestadshistoria.fi\/?page_id=20229\"><strong>-44 Sundstr\u00f6mska g\u00e5rden<\/strong><\/a><\/h5>\n<h5><a href=\"https:\/\/www.kristinestadshistoria.fi\/?page_id=26608\"><strong>-47 T\u00f6ttermans eller HAB:s g\u00e5rd<\/strong><\/a><\/h5>\n<h5><a href=\"http:\/\/www.kristinestadshistoria.fi\/?page_id=20660\"><strong>-49 Stadshotellet<\/strong><\/a><\/h5>\n<h5><a href=\"http:\/\/www.kristinestadshistoria.fi\/?page_id=20608\"><strong>-51 Lebellska eller Holmudds g\u00e5rd<\/strong><\/a><\/h5>\n<h5><a href=\"https:\/\/www.kristinestadshistoria.fi\/?page_id=29827\"><strong>-52 Schultz eller \u00c5kermans g\u00e5rd<\/strong><\/a><\/h5>\n<h5><a href=\"https:\/\/www.kristinestadshistoria.fi\/?page_id=29528\"><strong>-53 Fel\u00e9nska huset<\/strong><\/a><\/h5>\n<h5><a href=\"http:\/\/www.kristinestadshistoria.fi\/?page_id=20819\"><strong>-54 Holmstr\u00f6ms resandehem eller Leinonens g\u00e5rd<\/strong><\/a><\/h5>\n<h5><a href=\"http:\/\/www.kristinestadshistoria.fi\/?page_id=18759\"><strong>-55 Parmans g\u00e5rd.<\/strong><\/a><\/h5>\n<h5><a href=\"http:\/\/www.kristinestadshistoria.fi\/?page_id=20372\"><strong>-58 Kapten Starcks g\u00e5rdar<\/strong><\/a><\/h5>\n<h5><a href=\"https:\/\/www.kristinestadshistoria.fi\/?page_id=29079\"><strong>-59 G\u00e5rden p\u00e5 den Backmanska tomten<\/strong><\/a><\/h5>\n<h5><a href=\"http:\/\/www.kristinestadshistoria.fi\/?page_id=18953\"><strong>-63 Teirs eller Hjulmans g\u00e5rd<\/strong><\/a><\/h5>\n<h5><a href=\"https:\/\/www.kristinestadshistoria.fi\/?page_id=24204\"><strong>-69 Skinnaris g\u00e5rd<\/strong><\/a><\/h5>\n<h5><a href=\"https:\/\/www.kristinestadshistoria.fi\/?page_id=21902\"><strong>-79 Kjerrstr\u00f6ms g\u00e5rd<\/strong><\/a><\/h5>\n<h5><a href=\"http:\/\/www.kristinestadshistoria.fi\/?page_id=20111\"><strong>-81 Axelins g\u00e5rd<\/strong><\/a><\/h5>\n<h5><a href=\"https:\/\/www.kristinestadshistoria.fi\/?page_id=28169\"><strong>-83 Snellmans eller Gabrielssons g\u00e5rd<\/strong><\/a><\/h5>\n","protected":false},"excerpt":{"rendered":"<p>I den allra f\u00f6rsta stadsplanen, som Claes Claesson gjorde \u00e5r 1651 s\u00e5 var Strandgatan en av de tre l\u00e4ngsg\u00e5ende gatorna i den nya staden. Som namnet s\u00e4ger s\u00e5\u00a0 gick gatan l\u00e4ngs stranden men landh\u00f6jningen har gjort att Strandgatan numera g\u00e5r <a class=\"more-link\" href=\"https:\/\/www.kristinestadshistoria.fi\/?page_id=18658\">Forts\u00e4tt l\u00e4sa <span class=\"screen-reader-text\">  Strandgatans g\u00e5rdar<\/span><span class=\"meta-nav\">&rarr;<\/span><\/a><\/p>\n","protected":false},"author":1,"featured_media":0,"parent":18571,"menu_order":1,"comment_status":"closed","ping_status":"closed","template":"","meta":{"footnotes":""},"class_list":["post-18658","page","type-page","status-publish","hentry"],"_links":{"self":[{"href":"https:\/\/www.kristinestadshistoria.fi\/index.php?rest_route=\/wp\/v2\/pages\/18658","targetHints":{"allow":["GET"]}}],"collection":[{"href":"https:\/\/www.kristinestadshistoria.fi\/index.php?rest_route=\/wp\/v2\/pages"}],"about":[{"href":"https:\/\/www.kristinestadshistoria.fi\/index.php?rest_route=\/wp\/v2\/types\/page"}],"author":[{"embeddable":true,"href":"https:\/\/www.kristinestadshistoria.fi\/index.php?rest_route=\/wp\/v2\/users\/1"}],"replies":[{"embeddable":true,"href":"https:\/\/www.kristinestadshistoria.fi\/index.php?rest_route=%2Fwp%2Fv2%2Fcomments&post=18658"}],"version-history":[{"count":48,"href":"https:\/\/www.kristinestadshistoria.fi\/index.php?rest_route=\/wp\/v2\/pages\/18658\/revisions"}],"predecessor-version":[{"id":30742,"href":"https:\/\/www.kristinestadshistoria.fi\/index.php?rest_route=\/wp\/v2\/pages\/18658\/revisions\/30742"}],"up":[{"embeddable":true,"href":"https:\/\/www.kristinestadshistoria.fi\/index.php?rest_route=\/wp\/v2\/pages\/18571"}],"wp:attachment":[{"href":"https:\/\/www.kristinestadshistoria.fi\/index.php?rest_route=%2Fwp%2Fv2%2Fmedia&parent=18658"}],"curies":[{"name":"wp","href":"https:\/\/api.w.org\/{rel}","templated":true}]}}