{"id":18619,"date":"2020-12-06T19:47:58","date_gmt":"2020-12-06T17:47:58","guid":{"rendered":"https:\/\/www.lassebacklund.fi\/?page_id=18619"},"modified":"2024-10-21T22:32:47","modified_gmt":"2024-10-21T19:32:47","slug":"granlunds-gard-pa-vastra-langgatan-27","status":"publish","type":"page","link":"https:\/\/www.kristinestadshistoria.fi\/?page_id=18619","title":{"rendered":"Granlunds g\u00e5rd p\u00e5 V\u00e4stra L\u00e5nggatan 27"},"content":{"rendered":"<figure id=\"attachment_18618\" aria-describedby=\"caption-attachment-18618\" style=\"width: 2560px\" class=\"wp-caption alignnone\"><img loading=\"lazy\" decoding=\"async\" class=\"wp-image-18618 size-full\" src=\"https:\/\/www.kristinestadshistoria.fi\/wp-content\/uploads\/2020\/12\/27-Vastra-Langgatan-Parmansgatan-Granlunds-1-scaled.jpg\" alt=\"\" width=\"2560\" height=\"1920\" srcset=\"https:\/\/www.kristinestadshistoria.fi\/wp-content\/uploads\/2020\/12\/27-Vastra-Langgatan-Parmansgatan-Granlunds-1-scaled.jpg 2560w, https:\/\/www.kristinestadshistoria.fi\/wp-content\/uploads\/2020\/12\/27-Vastra-Langgatan-Parmansgatan-Granlunds-1-300x225.jpg 300w, https:\/\/www.kristinestadshistoria.fi\/wp-content\/uploads\/2020\/12\/27-Vastra-Langgatan-Parmansgatan-Granlunds-1-1024x768.jpg 1024w, https:\/\/www.kristinestadshistoria.fi\/wp-content\/uploads\/2020\/12\/27-Vastra-Langgatan-Parmansgatan-Granlunds-1-768x576.jpg 768w, https:\/\/www.kristinestadshistoria.fi\/wp-content\/uploads\/2020\/12\/27-Vastra-Langgatan-Parmansgatan-Granlunds-1-1536x1152.jpg 1536w, https:\/\/www.kristinestadshistoria.fi\/wp-content\/uploads\/2020\/12\/27-Vastra-Langgatan-Parmansgatan-Granlunds-1-2048x1536.jpg 2048w\" sizes=\"auto, (max-width: 2560px) 100vw, 2560px\" \/><figcaption id=\"caption-attachment-18618\" class=\"wp-caption-text\">Den h\u00e4r g\u00e5rden p\u00e5 V\u00e4stra L\u00e5nggatan 27 byggdes under \u00e5ren 1882-1883 av stadstj\u00e4naren Matts Lindberg. Fotot fr\u00e5n sommaren 2020.<\/figcaption><\/figure>\n<p><span style=\"color: #000080;\"><strong>Sammanst\u00e4llt av Lasse Backlund i december 2020. Uppgifterna \u00e4r tagna ur gamla mantalsl\u00e4ngder, lagfartsregister, kyrkb\u00f6cker och tidningar.<\/strong><\/span><\/p>\n<h2><strong>L\u00e4nkar.<\/strong><\/h2>\n<p>Om du vill l\u00e4sa mer om sj\u00e4lva byggnaderna p\u00e5 tomten, s\u00e5 skall du klicka <a href=\"https:\/\/www.kristinestadshistoria.fi\/?page_id=25964\"><span style=\"color: #000080;\"><strong>H\u00c4R,<\/strong><\/span><\/a> s\u00e5 f\u00e5r du se vad som st\u00e5r i de gamla f\u00f6rs\u00e4kringsbreven.<\/p>\n<figure id=\"attachment_21208\" aria-describedby=\"caption-attachment-21208\" style=\"width: 1238px\" class=\"wp-caption alignnone\"><img loading=\"lazy\" decoding=\"async\" class=\"size-full wp-image-21208\" src=\"https:\/\/www.lassebacklund.fi\/wp-content\/uploads\/2021\/06\/Stadsplan-1751-1.jpg\" alt=\"\" width=\"1238\" height=\"899\" srcset=\"https:\/\/www.kristinestadshistoria.fi\/wp-content\/uploads\/2021\/06\/Stadsplan-1751-1.jpg 1238w, https:\/\/www.kristinestadshistoria.fi\/wp-content\/uploads\/2021\/06\/Stadsplan-1751-1-300x218.jpg 300w, https:\/\/www.kristinestadshistoria.fi\/wp-content\/uploads\/2021\/06\/Stadsplan-1751-1-1024x744.jpg 1024w, https:\/\/www.kristinestadshistoria.fi\/wp-content\/uploads\/2021\/06\/Stadsplan-1751-1-768x558.jpg 768w\" sizes=\"auto, (max-width: 1238px) 100vw, 1238px\" \/><figcaption id=\"caption-attachment-21208\" class=\"wp-caption-text\">Enligt stadsplanen \u00e5r 1751 s\u00e5 \u00e4gdes denna tomt, som d\u00e5 hade nummer 40 i det f\u00f6rsta kvarteret av Anders \u00c5kervall.<\/figcaption><\/figure>\n<figure id=\"attachment_21209\" aria-describedby=\"caption-attachment-21209\" style=\"width: 1041px\" class=\"wp-caption alignnone\"><img loading=\"lazy\" decoding=\"async\" class=\"size-full wp-image-21209\" src=\"https:\/\/www.lassebacklund.fi\/wp-content\/uploads\/2021\/06\/Stadsplan-1825-1.jpg\" alt=\"\" width=\"1041\" height=\"696\" srcset=\"https:\/\/www.kristinestadshistoria.fi\/wp-content\/uploads\/2021\/06\/Stadsplan-1825-1.jpg 1041w, https:\/\/www.kristinestadshistoria.fi\/wp-content\/uploads\/2021\/06\/Stadsplan-1825-1-300x201.jpg 300w, https:\/\/www.kristinestadshistoria.fi\/wp-content\/uploads\/2021\/06\/Stadsplan-1825-1-1024x685.jpg 1024w, https:\/\/www.kristinestadshistoria.fi\/wp-content\/uploads\/2021\/06\/Stadsplan-1825-1-768x513.jpg 768w\" sizes=\"auto, (max-width: 1041px) 100vw, 1041px\" \/><figcaption id=\"caption-attachment-21209\" class=\"wp-caption-text\">Enligt stadsplanen fr\u00e5n 1825 har tomten nummer 54 i det f\u00f6rsta kvarteret.<\/figcaption><\/figure>\n<h2><strong>G\u00e5rdens historia<\/strong><\/h2>\n<p><strong>\u00c5r 1835<\/strong> \u00e4gdes den gamla g\u00e5rden p\u00e5 tomt nr 54 av skeppare\u00e4nkan Magdalena H\u00f6\u00f6k (1785-1852), som var dotter till &#8221;Rika Bergen&#8221;. Hon hade varit gift med skepparen Gustaf Erik H\u00f6\u00f6k (1777-1822) och de hade f\u00e5tt 5 barn. Gustaf Erik var son till handelsbetj\u00e4nten Abraham H\u00f6\u00f6k och Anna Greta (f.1756), som hade bott i g\u00e5rden p\u00e5 samma tomt, som ocks\u00e5 hade haft nummer 52.<\/p>\n<p><strong>\u00c5r 1850<\/strong> \u00e4gdes den gamla g\u00e5rden av skeppare\u00e4nkan Magdalena H\u00f6\u00f6k, med d\u00f6ttrarna Anna, Maria och Johanna.<\/p>\n<p><strong>\u00c5r 1852<\/strong> \u00e4gdes g\u00e5rden av skepparen Abraham Lagerstam (1811-1884). Han var f\u00f6dd i Pern\u00e5 , blev sj\u00f6kapten \u00e5r 1839, samma \u00e5r som han flyttade till staden. Han hade \u00e5r 1838 gift sig med Christina Wilhelmina (1818-1874), som var dotter till Gustaf Erik och Magdalena H\u00f6\u00f6k. Boende ocks\u00e5 sv\u00e4gerskan Anna H\u00f6\u00f6k.<\/p>\n<p><strong>\u00c5r 1859, i januari<\/strong> f\u00f6rst\u00f6rdes Lagerstams g\u00e5rd i den stora stadsbranden och staden l\u00f6ste d\u00e5 in den obebodda tomten f\u00f6r 700 mark.<\/p>\n<p><strong>\u00c5r 1860<\/strong> arrenderades den br\u00e4nda, obebyggda tomten nr 54 av kofferdiskepparen Matts Ekman (1803-1898). Han var f\u00f6dd i staden och han var sedan \u00e5r 1830 gift med Greta \u00c5man (1806-1878).<\/p>\n<p><strong>\u00c5r 1865<\/strong> arrenderades tomten av skepparen Matts Ekman och hustrun Margaretha, som kallades Greta och pigan Kajsa. Kapten Ekman som som hade f\u00f6rt bef\u00e4l p\u00e5 flera fartyg gick i land f\u00f6r gott \u00e5r 1860 och efter det sysslade han med fiske och han bodde under l\u00e5nga tider i sin fiskestuga i Skatan.<\/p>\n<p><strong>\u00c4nnu \u00e5r 1880<\/strong> arrenderade Matts Ekman, som hade blivit \u00e4nkling ett par \u00e5r tidigare den obebyggda tomten och han bodde troligtvis efter det ute i stugan i Skatan fram till sin d\u00f6d \u00e5r 1898.<\/p>\n<p><strong>\u00c5r 1883<\/strong> i maj kunde stadstj\u00e4naren Matts Lindberg l\u00f6sa in den obebyggda tomten av staden f\u00f6r 400 mark och han byggde d\u00e5 den g\u00e5rd, som fortfarande st\u00e5r kvar och han s\u00f6kte och fick lagfart p\u00e5 tomten 7 april 1884. I november 1883 tecknade han en brandf\u00f6rs\u00e4kring p\u00e5 den nya g\u00e5rden och den v\u00e4rderades d\u00e5 till 5 500 mark. Om du vill l\u00e4sa mera om f\u00f6rs\u00e4kringarna och om husen, s\u00e5 skall du klicka <a href=\"https:\/\/www.kristinestadshistoria.fi\/?page_id=25964\"><span style=\"color: #000080;\"><strong>H\u00c4R!<\/strong><\/span><\/a><\/p>\n<figure id=\"attachment_25820\" aria-describedby=\"caption-attachment-25820\" style=\"width: 1256px\" class=\"wp-caption alignnone\"><img loading=\"lazy\" decoding=\"async\" class=\"size-full wp-image-25820\" src=\"https:\/\/www.kristinestadshistoria.fi\/wp-content\/uploads\/2023\/04\/Tomtkarta-1883-liten-1.jpg\" alt=\"\" width=\"1256\" height=\"636\" srcset=\"https:\/\/www.kristinestadshistoria.fi\/wp-content\/uploads\/2023\/04\/Tomtkarta-1883-liten-1.jpg 1256w, https:\/\/www.kristinestadshistoria.fi\/wp-content\/uploads\/2023\/04\/Tomtkarta-1883-liten-1-300x152.jpg 300w, https:\/\/www.kristinestadshistoria.fi\/wp-content\/uploads\/2023\/04\/Tomtkarta-1883-liten-1-1024x519.jpg 1024w, https:\/\/www.kristinestadshistoria.fi\/wp-content\/uploads\/2023\/04\/Tomtkarta-1883-liten-1-768x389.jpg 768w\" sizes=\"auto, (max-width: 1256px) 100vw, 1256px\" \/><figcaption id=\"caption-attachment-25820\" class=\"wp-caption-text\">I november 1883 ville stadstj\u00e4naren Matts Lindberg f\u00f6rs\u00e4kra sin nybyggda g\u00e5rd i Brandstodsbolaget. Den inneh\u00f6ll 11 rum och hade asfaltfilt p\u00e5 taket men var inte \u00e4nnu varken br\u00e4dfodrat eller m\u00e5lad. Uthuset p\u00e5 g\u00e5rden var under byggnad d\u00e5 f\u00f6rs\u00e4kringen togs och l\u00e4mnade d\u00e4rf\u00f6r utan f\u00f6rs\u00e4kring.<\/figcaption><\/figure>\n<p><strong>\u00c5r 1885<\/strong> \u00e4gdes g\u00e5rden av stadstj\u00e4naren Matts Lindberg, men han bodde inte sj\u00e4lv i g\u00e5rden. D\u00e4r bodde sj\u00f6tullvaktm\u00e4staren B\u00e4ckman (1859) och hustrun Maria (1858). Ocks\u00e5 Maria Teresia Lindstr\u00f6m (1835) med sonen Karl (1867) bodde h\u00e4r, likas\u00e5 sj\u00f6mannen H. A. Backman (1859) och hustrun Maria (1858). Justeraren Rodas fr\u00e5n Vasa brukade regelbundet bes\u00f6ka staden f\u00f6r att granska och justera handlarnas m\u00e5tt och han bodde d\u00e5 i stadstj\u00e4nare Lindbergs g\u00e5rd.<\/p>\n<figure id=\"attachment_24497\" aria-describedby=\"caption-attachment-24497\" style=\"width: 869px\" class=\"wp-caption alignnone\"><img loading=\"lazy\" decoding=\"async\" class=\"size-full wp-image-24497\" src=\"https:\/\/www.kristinestadshistoria.fi\/wp-content\/uploads\/2022\/11\/Karta-1890-54-88-botten.jpg\" alt=\"\" width=\"869\" height=\"856\" srcset=\"https:\/\/www.kristinestadshistoria.fi\/wp-content\/uploads\/2022\/11\/Karta-1890-54-88-botten.jpg 869w, https:\/\/www.kristinestadshistoria.fi\/wp-content\/uploads\/2022\/11\/Karta-1890-54-88-botten-300x296.jpg 300w, https:\/\/www.kristinestadshistoria.fi\/wp-content\/uploads\/2022\/11\/Karta-1890-54-88-botten-768x757.jpg 768w\" sizes=\"auto, (max-width: 869px) 100vw, 869px\" \/><figcaption id=\"caption-attachment-24497\" class=\"wp-caption-text\">Tomten nr 54 ligger i h\u00f6rnet av Parmansgatan och V\u00e4stra L\u00e5nggatan. Skissen med r\u00e5ar och g\u00e5rdar visar situationen ungef\u00e4r \u00e5r 1890.<\/figcaption><\/figure>\n<p><strong>\u00c5r 1890<\/strong> gjorde stadstj\u00e4naren Matts Lindberg konkurs och g\u00e5rden s\u00e5ldes p\u00e5 offentlig auktion den 18 november 1890. Auktionen kungjordes i stadens kyrka och genom utringning i gath\u00f6rnen. H\u00f6gsta och godk\u00e4nda budet gavs av \u00f6lbryggare\u00e4nkan Aurora B\u00e5ge, som bj\u00f6d 4 999 mark.<\/p>\n<p><strong>\u00c5r 1895<\/strong> \u00e4gdes g\u00e5rden av \u00f6lbryggare\u00e4nkan Aurora B\u00e5ge. Aurora var f\u00f6dd \u00e5r 1837 i staden och hon var dotter till Christian Olin. Hon var \u00e4nka efter \u00f6lbryggaren Petter Henrik B\u00e5ge (1836-1880). Aurora bodde inte h\u00e4r utan hon bodde sj\u00e4lv i g\u00e5rden nr 26, p\u00e5 Strandgatan 59. D\u00e4remot bodde Alfred Carlstr\u00f6ms kontorist Wilhelm Martens och hustrun Hulda i Granlunds g\u00e5rd. Wilhelm och Hulda k\u00f6pte i b\u00f6rjan av 1900-talet <a href=\"http:\/\/www.kristinestadshistoria.fi\/?page_id=18759\">Parmans g\u00e5rd p\u00e5 Strandgatan 55,<\/a> nuvarande finska f\u00f6rsamlingshemmet. D\u00e4remellan hann de ocks\u00e5 bo en tid p\u00e5 H\u00e5llfastgatan 14. I februari 1897 utbr\u00f6t eld i uthuset p\u00e5\u00a0 B\u00e5ges g\u00e5rd men tack vare god tillg\u00e5ng p\u00e5 vatten kunde huvudbyggnaden r\u00e4ddas och skadorna p\u00e5 uthuset blev relativt sm\u00e5.<\/p>\n<p><strong>\u00c5r 1897, den 26 maj<\/strong> avled bryggeri\u00e4nkan Aurora B\u00e5ge och g\u00e5rden \u00f6vertogs d\u00e5 av hennes barn bryggerim\u00e4staren Johan Henrik B\u00e5ge och Hulda Elisabeth, som var gift med apotekaren i Pudasj\u00e4rvi Karl Arrhenius.<\/p>\n<p><strong>\u00c5r 1899, den 17 januari<\/strong> s\u00e5lde Hulda Elisabeth Arrhenius sina arvedelar \u00e5t sin bror Johan Henrik B\u00e5ge f\u00f6r 11 500 mark. I det k\u00f6pet ingick h\u00e4lften av V\u00e4stra L\u00e5nggatan 27, h\u00e4lften av g\u00e5rden p\u00e5 V\u00e4stra L\u00e5nggatan 25, h\u00e4lften av Turha bryggeri p\u00e5 \u00d6stra sidan och en del av g\u00e5rden p\u00e5 Strandgatan 59. Johan Henrik hade ju f\u00e5tt de andra h\u00e4lfterna i arv efter sina f\u00f6r\u00e4ldrar, s\u00e5 nu \u00e4gde han ensam de h\u00e4r g\u00e5rdarna.<\/p>\n<p><strong>\u00c5r 1900<\/strong> \u00e4gdes g\u00e5rden p\u00e5 V\u00e4stra L\u00e5nggatan 27av \u00f6lbryggaren Henrik B\u00e5ge (1865-1944) Han var f\u00f6dd i staden men han bodde inte h\u00e4r, eftersom han sj\u00e4lv bodde p\u00e5 Strandgatan 59. Han bodde d\u00e4r med hustrun Aina (f. Demeseur i Sideby 1863-1942).<\/p>\n<p><strong>\u00c5r 1900, den 30 oktober<\/strong> s\u00e5lde Henrik och Aina B\u00e5ge g\u00e5rden p\u00e5 V\u00e4stra L\u00e5nggatan 27 \u00e5t guldsmeden Alexander Sandelin f\u00f6r 10 000 mark. Alexander var f\u00f6dd \u00e5r 1871 i Kurikka och \u00e5r 1893 gifte han sig i Vasa med\u00a0 Vilhelmina Holtti, som var f\u00f6dd 1862. De fick totalt 7 barn, varav 6 levde till vuxen \u00e5lder. Sandelin b\u00e5de bodde och hade sin guldsmedsaff\u00e4r i systrarna Wahlfors g\u00e5rd i h\u00f6rnet av \u00d6stra L\u00e5nggatan och Parmansgatan.\u00a0 P\u00e5 V\u00e4stra L\u00e5nggatan 27 bodde d\u00e5 fr\u00f6ken Selma Holmstr\u00f6m (1829) och hennes syster Ingeborg (1833). D\u00e4r bodde ocks\u00e5 folkskoll\u00e4raren Karl Lindberg (1871) och hustrun Lydia.<\/p>\n<p><strong>\u00c5r 1904<\/strong> \u00e4gdes g\u00e5rden av guldsmed Sandelin och nu har han sj\u00e4lv ocks\u00e5 flyttat dit fr\u00e5n \u00d6stra L\u00e5nggatan 50. Han bodde d\u00e4r med hustrun Wilhelmina och 5 barn och hos dem bodde ocks\u00e5 pigan Ida Aittam\u00e4ki (f.1884). P\u00e5 hyra bodde systrarna fr\u00f6ken Selma Holmstr\u00f6m (f.1829) och Ingeborg Holmstr\u00f6m (f.1833) och deras piga Henrika Berg (f.1853).<\/p>\n<p><strong>I augusti 1908<\/strong> var det n\u00e4ra att g\u00e5rden hade fattat eld, d\u00e5 l\u00e4rlingen Juho Kannisto med blotta h\u00e4nderna skulle b\u00e4ra ut en gaslampa, som fattat eld i reservoiren. D\u00e5 han sl\u00e4ppte lampan i golvet, slog elden vitt omkring sig men den sl\u00e4cktes av de andra ges\u00e4llerna (S-\u00d6 22.8.1908)<\/p>\n<p><strong>\u00a0\u00c5r 1910<\/strong> \u00e4gdes g\u00e5rden av guldsmeden Alexander Sandelin och Vilhelmina och de bodde sj\u00e4lva i g\u00e5rden. Detta \u00e5r hade de pigan Hulda Hellman (f.1892). Enda hyresg\u00e4sten var fr\u00f6ken Selma Holmstr\u00f6m. \u00c5r 1912 bodde ocks\u00e5 sj\u00f6kapten\u00e4nkan Adelina Sundqvist (f.1852) p\u00e5 hyra med barnen Herman (f.1890) och Helga (f.1892)<\/p>\n<p><strong>\u00c5r 1914<\/strong> bodde lantm\u00e4taren Ihmet Hannelius (1876-1951) p\u00e5 hyra i Sandelins g\u00e5rd. Han var f\u00f6dd i Honkajoki och han var gift med Thyra Aminoff, som var f\u00f6dd 1872 i Lappfj\u00e4rd. De hade med sig 3 barn, plus pigan Hilma L\u00e4hdesm\u00e4ki. P\u00e5 hyra bodde ocks\u00e5 handelsbitr\u00e4det Signe Suominen (1893). Guldsmeden Alexander Sandelin hade nu f\u00f6rv\u00e4rvat g\u00e5rden p\u00e5 \u00d6stra L\u00e5nggatan 50, d\u00e4r han hade haft sin aff\u00e4r sedan 1897 och han flyttade genast dit med sin familj.<\/p>\n<p><strong>\u00c5r 1914, den 7 september<\/strong> s\u00e5lde guldsmeden Alexander Sandelin g\u00e5rden \u00e5t sj\u00f6kapten Gustaf Granlund (1883-1955) och hans hustru Fanny f\u00f6r 24 000 mark. Gustaf Granlund var son till Herman Hermansson Nuttura eller Svartti (1846-1901) fr\u00e5n Stor\u00e5, som senare tog sl\u00e4ktnamnet Granlund. Herman flyttade till Kristinestad \u00e5r 1868 och \u00e5r 1871 gifte han sig f\u00f6rsta g\u00e5ngen med Karolina Henrika Silfvernagel fr\u00e5n Lappfj\u00e4rd, som hade flyttat till staden 1866. Hon var f\u00f6dd \u00e5r 1848 och hon avled i december 1873 som barnl\u00f6s. Karolina Henrika var dotter till bonden Anders Silfvernagel, f\u00f6dd i P\u00e5skmark \u00e5r 1805 men i sitt \u00e4ktenskap med Anna Bj\u00f6rmans (1809-1851) flyttade han till Lappfj\u00e4rd.<\/p>\n<p>Herman Granlund gifte sig p\u00e5 nytt \u00e5r 1874 och denna g\u00e5ng med Karolina Henrikas \u00e4ldre syster Maria Sofia Silfvernagel. Hon var f\u00f6dd i Lappfj\u00e4rd \u00e5r 1847 och flyttade till staden \u00e5r 1875, d\u00e4r hon sedan dog \u00e5r 1909. Herman och Maria Sofia fick fyra barn men endast sonen Gustaf (1883-1955) levde till vuxen \u00e5lder.<\/p>\n<p>Gustaf Granlund var allts\u00e5 f\u00f6dd i staden och gifte sig\u00a0 f\u00f6rsta g\u00e5ngen \u00e5r 1912 med Fanny (f. Berg 1861-1938), som var dotter till sj\u00f6kaptenen Gerhard Berg i Norrstan. Gustaf Granlund och hans Fanny bodde f\u00f6re k\u00f6pet p\u00e5 \u00d6stra L\u00e5nggatan 17 i Norrstan. Efter genomg\u00e5ngen navigationsskola var Granlund bef\u00e4lhavare p\u00e5 flera fartyg men efter n\u00e5gra gick han i land. Han fick anst\u00e4llning i olika tr\u00e4varubolag och han var en tid chef f\u00f6r Nobel-Standard i staden. Han var ocks\u00e5 politiskt aktiv och satt i perioder i olika n\u00e4mnder. Sj\u00f6kapten Granlund var s\u00e5 pass spr\u00e5kkunnig att han privat kunde ge lektioner i det engelska spr\u00e5ket \u00e5t s\u00e5dana elever som beh\u00f6vde det.<\/p>\n<p><strong>\u00c5r 1916<\/strong> \u00e4gdes g\u00e5rden av sj\u00f6kapten Gustaf Granlund och hustrun Fanny. F\u00f6re gifterm\u00e5let 1912 var Fanny Berg f\u00f6rest\u00e5ndare f\u00f6r det Norra Barnhemmet p\u00e5 Strandgatan. \u00c5r 1916 bodde ocks\u00e5 aff\u00e4rsbitr\u00e4det Ingrid Johansson 1892 i g\u00e5rden.<\/p>\n<p><strong>\u00c5r 1920<\/strong> \u00e4gdes g\u00e5rden av kapten Gustaf Granlund och hustrun Fanny. D\u00e4r bodde ocks\u00e5 sj\u00f6kaptenen Artur Berg (1886), \u00e4nkefru Ida Sundholm (1847) med pigan Elna Henriksdal (1899) som var sjuklig. Ocks\u00e5 l\u00e4rarinnan Anna Sundholm (1883) bodde h\u00e4r, liksom handlanden Axel Dahl (1853).<\/p>\n<p><strong>\u00c5r 1922<\/strong> \u00e4gdes g\u00e5rden av kapten Gustaf Granlund med hustrun Fanny. P\u00e5 hyra bodde justitier\u00e5dinnan Eva Stenb\u00e4ck (f.1862). \u00c5r 1924 bodde h\u00e4r \u00e4nkefrun Olga Blomberg (f.1874).<\/p>\n<p><strong>\u00c4nnu \u00e5r 1930<\/strong> \u00e4gdes g\u00e5rden av sj\u00f6kapten Gustaf Granlund. Efter en tid som sj\u00f6kapten, s\u00e5 gick Gustaf i land och han var under en l\u00e5ng tid f\u00f6rest\u00e5ndare f\u00f6r Nobel-Standards kontor i staden. Han innehade ocks\u00e5 flera kommunala uppdrag, han var bland annat ledamot i taxeringsn\u00e4mnden och i hamnkommitt\u00e9n och han var ocks\u00e5 styrelsemedlem i Kristinestads sparbank. I slutet av 30-talet bodde pensionerade folkskoll\u00e4rarinnan Hilda Hasselblatt (f. 1876) p\u00e5 hyra i g\u00e5rden.<\/p>\n<p><strong>\u00c5r 1938<\/strong> avled Fanny Granlund och genom ett testamente fr\u00e5n 1913 \u00e4rvde maken Gustaf g\u00e5rden och all annan egendom. Makarna hade inga barn men Fanny hade flera syskon, som allts\u00e5 inte \u00e4rvde n\u00e5got.<\/p>\n<p><strong>\u00c5r 1939, den 7 augusti<\/strong> gifte Gustaf om sig med ingenj\u00f6rs\u00e4nkan Martha Porkka, f\u00f6dd Lundqvist (1887-1966) i N\u00e4rpes. Hon \u00e4gde en l\u00e4genhet i Kilpihuset p\u00e5 \u00d6stra sidan men f\u00f6re gifterm\u00e5let gjorde de ett \u00e4ktenskapsf\u00f6rord, som best\u00e4mde att den andra parten inte har n\u00e5gon giftor\u00e4tt i den andras egendomar. Samma dag skrev Gustaf Granlund ett testamente som best\u00e4mde att om han avlider f\u00f6re Martha, s\u00e5 skall hon f\u00e5 besittningsr\u00e4tten till alla egendomar och bo i orubbat bo till sin d\u00f6d. Martha skulle p\u00e5 samma g\u00e5ng f\u00e5 \u00e4gander\u00e4tten till en tjugondedel av hans tillg\u00e5ngar.<\/p>\n<p>I<strong> b\u00f6rjan av 1940-talet<\/strong> \u00e4gdes g\u00e5rden av Gustaf Granlund, som \u00e5r 1939 hade gift om sig med <span style=\"text-decoration: underline;\">Martha<\/span> Maria, f. Lundqvist (f.1887) fr\u00e5n N\u00e4rpes. Hon hade varit gift Porkka och \u00e4gde en l\u00e4genhet i Kilpihuset p\u00e5 \u00d6stra sidan. Gustaf Granlund bodde i g\u00e5rden \u00e4nda tills han dog i \u00e5r 1955.<\/p>\n<p><strong>\u00c5r 1955, den 29 januari<\/strong> avled Gustaf Granlund och \u00e4nkan Martha fick genom testamentet bo kvar i g\u00e5rden och fick ocks\u00e5 en tjugondedel av tillg\u00e5ngarna. Ocks\u00e5 detta \u00e4ktenskap var barnl\u00f6st.<\/p>\n<p><strong>\u00c5r 1966, den 20 december <\/strong>avled \u00e4nkan Martha Granlund och g\u00e5rden och all egendom \u00f6vertogs av d\u00f6dsboet.<\/p>\n<p><strong>\u00c5r 1968, den 28 juni<\/strong> s\u00e5lde Granlunds d\u00f6dsbo g\u00e5rden p\u00e5 V\u00e4stra L\u00e5nggatan \u00e5r bankdirekt\u00f6r Juhani Kaprio (f.1916 i Pieks\u00e4m\u00e4ki) f\u00f6r 24 600 mark. Juhani hade \u00e5r 1941 gift sig med Lea Porkka, som var f\u00f6dd 1920 i Kristinestad. Antalet s\u00e4ljare var stort och det kr\u00e4vdes hela 67 \u00e4mbetsbetyg och d\u00e4rtill flera l\u00e5nga sl\u00e4ktutredningar f\u00f6r att klarl\u00e4gga att s\u00e4ljarna hade r\u00e4tt att s\u00e4lja g\u00e5rden.<\/p>\n<p>&nbsp;<\/p>\n<h2><strong>Foton<\/strong><\/h2>\n<figure id=\"attachment_26245\" aria-describedby=\"caption-attachment-26245\" style=\"width: 2560px\" class=\"wp-caption alignnone\"><img loading=\"lazy\" decoding=\"async\" class=\"size-full wp-image-26245\" src=\"https:\/\/www.kristinestadshistoria.fi\/wp-content\/uploads\/2023\/05\/Posthuset-postbuss-och-Granlunds-gard-fotot-pa-FB-Sonja-Ronnqvist-scaled.jpg\" alt=\"\" width=\"2560\" height=\"2073\" srcset=\"https:\/\/www.kristinestadshistoria.fi\/wp-content\/uploads\/2023\/05\/Posthuset-postbuss-och-Granlunds-gard-fotot-pa-FB-Sonja-Ronnqvist-scaled.jpg 2560w, https:\/\/www.kristinestadshistoria.fi\/wp-content\/uploads\/2023\/05\/Posthuset-postbuss-och-Granlunds-gard-fotot-pa-FB-Sonja-Ronnqvist-300x243.jpg 300w, https:\/\/www.kristinestadshistoria.fi\/wp-content\/uploads\/2023\/05\/Posthuset-postbuss-och-Granlunds-gard-fotot-pa-FB-Sonja-Ronnqvist-1024x829.jpg 1024w, https:\/\/www.kristinestadshistoria.fi\/wp-content\/uploads\/2023\/05\/Posthuset-postbuss-och-Granlunds-gard-fotot-pa-FB-Sonja-Ronnqvist-768x622.jpg 768w, https:\/\/www.kristinestadshistoria.fi\/wp-content\/uploads\/2023\/05\/Posthuset-postbuss-och-Granlunds-gard-fotot-pa-FB-Sonja-Ronnqvist-1536x1244.jpg 1536w, https:\/\/www.kristinestadshistoria.fi\/wp-content\/uploads\/2023\/05\/Posthuset-postbuss-och-Granlunds-gard-fotot-pa-FB-Sonja-Ronnqvist-2048x1658.jpg 2048w\" sizes=\"auto, (max-width: 2560px) 100vw, 2560px\" \/><figcaption id=\"caption-attachment-26245\" class=\"wp-caption-text\">Det var s\u00e4kert postbussen utanf\u00f6r posten som norrn\u00e4sbon Nils Hoffman (1936-2014) skulle fotografera p\u00e5 1950-talet men han lyckades ocks\u00e5 f\u00e5 med en stor del av Granlunds g\u00e5rd. Fotot utl\u00e5nat av hans systerdotter.<\/figcaption><\/figure>\n<figure id=\"attachment_21512\" aria-describedby=\"caption-attachment-21512\" style=\"width: 2117px\" class=\"wp-caption alignnone\"><img loading=\"lazy\" decoding=\"async\" class=\"size-full wp-image-21512\" src=\"http:\/\/www.kristinestadshistoria.fi\/wp-content\/uploads\/2021\/07\/27-ar-2021.jpg\" alt=\"\" width=\"2117\" height=\"1356\" srcset=\"https:\/\/www.kristinestadshistoria.fi\/wp-content\/uploads\/2021\/07\/27-ar-2021.jpg 2117w, https:\/\/www.kristinestadshistoria.fi\/wp-content\/uploads\/2021\/07\/27-ar-2021-300x192.jpg 300w, https:\/\/www.kristinestadshistoria.fi\/wp-content\/uploads\/2021\/07\/27-ar-2021-1024x656.jpg 1024w, https:\/\/www.kristinestadshistoria.fi\/wp-content\/uploads\/2021\/07\/27-ar-2021-768x492.jpg 768w, https:\/\/www.kristinestadshistoria.fi\/wp-content\/uploads\/2021\/07\/27-ar-2021-1536x984.jpg 1536w, https:\/\/www.kristinestadshistoria.fi\/wp-content\/uploads\/2021\/07\/27-ar-2021-2048x1312.jpg 2048w\" sizes=\"auto, (max-width: 2117px) 100vw, 2117px\" \/><figcaption id=\"caption-attachment-21512\" class=\"wp-caption-text\">Granlunds g\u00e5rd fotograferad fr\u00e5n sydost sommaren 2021.<\/figcaption><\/figure>\n<figure id=\"attachment_26458\" aria-describedby=\"caption-attachment-26458\" style=\"width: 1017px\" class=\"wp-caption alignnone\"><img loading=\"lazy\" decoding=\"async\" class=\"size-full wp-image-26458\" src=\"https:\/\/www.kristinestadshistoria.fi\/wp-content\/uploads\/2023\/06\/Sandelin-Alexander.jpg\" alt=\"\" width=\"1017\" height=\"1912\" srcset=\"https:\/\/www.kristinestadshistoria.fi\/wp-content\/uploads\/2023\/06\/Sandelin-Alexander.jpg 1017w, https:\/\/www.kristinestadshistoria.fi\/wp-content\/uploads\/2023\/06\/Sandelin-Alexander-160x300.jpg 160w, https:\/\/www.kristinestadshistoria.fi\/wp-content\/uploads\/2023\/06\/Sandelin-Alexander-545x1024.jpg 545w, https:\/\/www.kristinestadshistoria.fi\/wp-content\/uploads\/2023\/06\/Sandelin-Alexander-768x1444.jpg 768w, https:\/\/www.kristinestadshistoria.fi\/wp-content\/uploads\/2023\/06\/Sandelin-Alexander-817x1536.jpg 817w\" sizes=\"auto, (max-width: 1017px) 100vw, 1017px\" \/><figcaption id=\"caption-attachment-26458\" class=\"wp-caption-text\">Alexander och Wilhelmina Sandelin \u00e4gde g\u00e5rden mellan \u00e5ren 1900 och 1914 och de \u00e4r begravda p\u00e5 den gamla begravningsplatsen p\u00e5 \u00d6stra sidan.<\/figcaption><\/figure>\n","protected":false},"excerpt":{"rendered":"<p>Sammanst\u00e4llt av Lasse Backlund i december 2020. Uppgifterna \u00e4r tagna ur gamla mantalsl\u00e4ngder, lagfartsregister, kyrkb\u00f6cker och tidningar. L\u00e4nkar. Om du vill l\u00e4sa mer om sj\u00e4lva byggnaderna p\u00e5 tomten, s\u00e5 skall du klicka H\u00c4R, s\u00e5 f\u00e5r du se vad som st\u00e5r <a class=\"more-link\" href=\"https:\/\/www.kristinestadshistoria.fi\/?page_id=18619\">Forts\u00e4tt l\u00e4sa <span class=\"screen-reader-text\">  Granlunds g\u00e5rd p\u00e5 V\u00e4stra L\u00e5nggatan 27<\/span><span class=\"meta-nav\">&rarr;<\/span><\/a><\/p>\n","protected":false},"author":1,"featured_media":0,"parent":18665,"menu_order":27,"comment_status":"closed","ping_status":"closed","template":"","meta":{"footnotes":""},"class_list":["post-18619","page","type-page","status-publish","hentry"],"_links":{"self":[{"href":"https:\/\/www.kristinestadshistoria.fi\/index.php?rest_route=\/wp\/v2\/pages\/18619","targetHints":{"allow":["GET"]}}],"collection":[{"href":"https:\/\/www.kristinestadshistoria.fi\/index.php?rest_route=\/wp\/v2\/pages"}],"about":[{"href":"https:\/\/www.kristinestadshistoria.fi\/index.php?rest_route=\/wp\/v2\/types\/page"}],"author":[{"embeddable":true,"href":"https:\/\/www.kristinestadshistoria.fi\/index.php?rest_route=\/wp\/v2\/users\/1"}],"replies":[{"embeddable":true,"href":"https:\/\/www.kristinestadshistoria.fi\/index.php?rest_route=%2Fwp%2Fv2%2Fcomments&post=18619"}],"version-history":[{"count":55,"href":"https:\/\/www.kristinestadshistoria.fi\/index.php?rest_route=\/wp\/v2\/pages\/18619\/revisions"}],"predecessor-version":[{"id":29204,"href":"https:\/\/www.kristinestadshistoria.fi\/index.php?rest_route=\/wp\/v2\/pages\/18619\/revisions\/29204"}],"up":[{"embeddable":true,"href":"https:\/\/www.kristinestadshistoria.fi\/index.php?rest_route=\/wp\/v2\/pages\/18665"}],"wp:attachment":[{"href":"https:\/\/www.kristinestadshistoria.fi\/index.php?rest_route=%2Fwp%2Fv2%2Fmedia&parent=18619"}],"curies":[{"name":"wp","href":"https:\/\/api.w.org\/{rel}","templated":true}]}}