{"id":18571,"date":"2020-12-01T22:51:02","date_gmt":"2020-12-01T20:51:02","guid":{"rendered":"https:\/\/www.lassebacklund.fi\/?page_id=18571"},"modified":"2023-06-01T16:34:02","modified_gmt":"2023-06-01T13:34:02","slug":"intressanta-byggnader","status":"publish","type":"page","link":"https:\/\/www.kristinestadshistoria.fi\/?page_id=18571","title":{"rendered":"Gamla g\u00e5rdar"},"content":{"rendered":"<p>Eftersom Kristinestad \u00e4r en gammal stad och har varit f\u00f6rskonad fr\u00e5n st\u00f6rre br\u00e4nder, s\u00e5 finns det gott om gamla, fina byggnader. De \u00e4ldsta g\u00e5rdarna \u00e4r fr\u00e5n 1700-talet men de flesta \u00e4r byggda under staden storhets tid p\u00e5 1800-talet. G\u00e5rdarna hade i tiderna adresser endast p\u00e5 de 4 l\u00e4ngsg\u00e5ende gatorna, s\u00e5\u00a0 v\u00e4lj gata f\u00f6rst, s\u00e5 kan du sedan v\u00e4lja g\u00e5rdsnummer.<\/p>\n<h4><a href=\"http:\/\/www.kristinestadshistoria.fi\/?page_id=18658\"><strong>-Strandgatans g\u00e5rdar.<\/strong><\/a><\/h4>\n<h4><a href=\"http:\/\/www.kristinestadshistoria.fi\/?page_id=18667\"><strong>-\u00d6stra L\u00e5nggatans g\u00e5rdar.<\/strong><\/a><\/h4>\n<h4><a href=\"http:\/\/www.kristinestadshistoria.fi\/?page_id=18665\"><strong>-V\u00e4stra L\u00e5nggatans g\u00e5rdar.<\/strong><\/a><\/h4>\n<h4><a href=\"http:\/\/www.kristinestadshistoria.fi\/?page_id=18663\"><strong>-Staketgatans g\u00e5rdar.<\/strong><\/a><\/h4>\n<h4><a href=\"https:\/\/www.kristinestadshistoria.fi\/?page_id=23578\"><strong>-Varvsgatans g\u00e5rdar<\/strong><\/a><\/h4>\n<h4><a href=\"https:\/\/www.kristinestadshistoria.fi\/?page_id=26190\"><strong>-Skolgatans g\u00e5rdar<\/strong><\/a><\/h4>\n<h4><a href=\"https:\/\/www.kristinestadshistoria.fi\/?page_id=26358\"><strong>-Kyrkogatans g\u00e5rdar<\/strong><\/a><\/h4>\n<p>Det var f\u00f6rst p\u00e5 1920-talet, som staden fick sitt nuvarande system med gator och g\u00e5rdsnummer. F\u00f6re det hade g\u00e5rdarna namn, som de \u00e4ldre stadsborna nog k\u00e4nde till. Det kunde vara till exempel \u00e4nkan Sundstr\u00f6ms g\u00e5rd, bokh\u00e5llare Ramstr\u00f6ms g\u00e5rd och sj\u00f6kaptensdotter Ekman g\u00e5rd. Staden var indelad i 4 kvarter med b\u00f6rjan i s\u00f6der. Alla g\u00e5rdstomter hade ett nummer, som inte hade n\u00e5gonting med dagens gatunummer att g\u00f6ra.\u00a0 Det kunde allts\u00e5 heta &#8221;Tullvaktm\u00e4stare Karl Weckstr\u00f6ms g\u00e5rd p\u00e5 tomt nr 67 i f\u00f6rsta kvarteret enligt stadsplan fr\u00e5n 1825&#8221;. Ledarskribenten p\u00e5 Syd-\u00d6sterbotten f\u00f6reslog redan i juli 1906 att g\u00e5rdsnummer skulle inf\u00f6ras, eftersom det fanns m\u00e5nga nyinflyttade i staden som inte hade en aning om var &#8221;Bryggm\u00e4stare B\u00e5ges hus&#8221; fanns. Men det dr\u00f6jde \u00e4nda till sj\u00e4lvst\u00e4ndighetstiden f\u00f6rr\u00e4n nuvarande system inf\u00f6rdes.<\/p>\n","protected":false},"excerpt":{"rendered":"<p>Eftersom Kristinestad \u00e4r en gammal stad och har varit f\u00f6rskonad fr\u00e5n st\u00f6rre br\u00e4nder, s\u00e5 finns det gott om gamla, fina byggnader. De \u00e4ldsta g\u00e5rdarna \u00e4r fr\u00e5n 1700-talet men de flesta \u00e4r byggda under staden storhets tid p\u00e5 1800-talet. G\u00e5rdarna hade <a class=\"more-link\" href=\"https:\/\/www.kristinestadshistoria.fi\/?page_id=18571\">Forts\u00e4tt l\u00e4sa <span class=\"screen-reader-text\">  Gamla g\u00e5rdar<\/span><span class=\"meta-nav\">&rarr;<\/span><\/a><\/p>\n","protected":false},"author":1,"featured_media":0,"parent":0,"menu_order":2,"comment_status":"closed","ping_status":"closed","template":"","meta":{"footnotes":""},"class_list":["post-18571","page","type-page","status-publish","hentry"],"_links":{"self":[{"href":"https:\/\/www.kristinestadshistoria.fi\/index.php?rest_route=\/wp\/v2\/pages\/18571","targetHints":{"allow":["GET"]}}],"collection":[{"href":"https:\/\/www.kristinestadshistoria.fi\/index.php?rest_route=\/wp\/v2\/pages"}],"about":[{"href":"https:\/\/www.kristinestadshistoria.fi\/index.php?rest_route=\/wp\/v2\/types\/page"}],"author":[{"embeddable":true,"href":"https:\/\/www.kristinestadshistoria.fi\/index.php?rest_route=\/wp\/v2\/users\/1"}],"replies":[{"embeddable":true,"href":"https:\/\/www.kristinestadshistoria.fi\/index.php?rest_route=%2Fwp%2Fv2%2Fcomments&post=18571"}],"version-history":[{"count":19,"href":"https:\/\/www.kristinestadshistoria.fi\/index.php?rest_route=\/wp\/v2\/pages\/18571\/revisions"}],"predecessor-version":[{"id":26409,"href":"https:\/\/www.kristinestadshistoria.fi\/index.php?rest_route=\/wp\/v2\/pages\/18571\/revisions\/26409"}],"wp:attachment":[{"href":"https:\/\/www.kristinestadshistoria.fi\/index.php?rest_route=%2Fwp%2Fv2%2Fmedia&parent=18571"}],"curies":[{"name":"wp","href":"https:\/\/api.w.org\/{rel}","templated":true}]}}