{"id":18342,"date":"2020-11-12T20:54:04","date_gmt":"2020-11-12T18:54:04","guid":{"rendered":"https:\/\/www.lassebacklund.fi\/?page_id=18342"},"modified":"2020-11-12T20:54:04","modified_gmt":"2020-11-12T18:54:04","slug":"botom-bergen","status":"publish","type":"page","link":"https:\/\/www.kristinestadshistoria.fi\/?page_id=18342","title":{"rendered":"B\u00f6tom-bergen."},"content":{"rendered":"<p><span style=\"color: #000080;\">Artikel i Syd-\u00d6sterbotten 27 augusti 1904, undertecknad med signaturen \u201dR. I.\u201d Renskriven och moderniserad av Lasse Backlund i november 2020.<\/span><\/p>\n<p>I fr\u00e5ga om natursk\u00f6nhet, och natursev\u00e4rdheter st\u00e5r v\u00e5rt Syd\u00f6sterbotten, i det allm\u00e4nna omd\u00f6met, nog sist i raden i v\u00e5rt land. Och vi har blivit s\u00e5 vana att h\u00f6ra ringaktande omd\u00f6men om naturens fulhet och karghet h\u00e4r, att vi sj\u00e4lva till sist inte l\u00e4gger m\u00e4rke till de ofta egendomligt vackra och pittoreska partier naturen \u00e4ven h\u00e4r erbjuder. S\u00e5dana finns s\u00e5 gott som p\u00e5 varje ort, b\u00e5de i sk\u00e4ren, p\u00e5 kusterna och inuti landet, blott vi beaktar och upps\u00f6ker dem.<\/p>\n<p>Av s\u00e4reget intresse \u00e4r till exempel ett bes\u00f6k p\u00e5 B\u00f6tom-bergen. N\u00e4mner h\u00e4r endast ett par av dem, vilka torde vara mindre k\u00e4nda, \u00e4n den mellan Lappfj\u00e4rd och B\u00f6tom liggande h\u00f6jden (Jungfrudansen.)<\/p>\n<p>Vi f\u00e4rdas fr\u00e5n B\u00f6tom g\u00e4stv\u00e4nliga pr\u00e4stg\u00e5rd, med kyrkoherden sj\u00e4lv som ciceron, den omkring 7 km. l\u00e5nga v\u00e4gen f\u00f6rbi v\u00e4lbyggda g\u00e5rdar, sm\u00e5 torp, \u00e4ngar, \u00e5krar och potatisland, som frosten bitit i. Hela tiden har vi, \u00e4n p\u00e5 v\u00e4nster hand, \u00e4n mitt framf\u00f6r oss, beroende p\u00e5 v\u00e4gens kr\u00f6kningar, den skogiga, dominerande h\u00f6jd, dit vi \u00e4mnar oss. S\u00e5 l\u00e4mnar vi byn bakom oss och kommer till tallskog. V\u00e4gen stiger alltmera. Vi inandas med v\u00e4lbehag den intensiva barrdoften. \u00c4nnu n\u00e5gra steg och \u201dIso-Vuori\u201d eller \u201dIso-Kakkuri\u201d ligger framf\u00f6r oss. Det \u00e4r inte bara ett berg, utan m\u00e5nga som \u00e4r kastade om varandra, som om en naturrevolution g\u00e5tt h\u00e4r\u00f6ver.<\/p>\n<p>En plat\u00e5 med klippor h\u00f6jer sig dock \u00f6ver de andra. Det \u00e4r dit vi str\u00e4var p\u00e5 r\u00e4tt otillg\u00e4ngliga v\u00e4gar. Och nu st\u00e5r vi d\u00e4r p\u00e5 det 130 meter h\u00f6ga \u0084\u201dIso-Kakkuri\u201d och blickar med glad h\u00e4pnad omkring oss, f\u00f6r utsikten h\u00e4rifr\u00e5n \u00e4r verkligen storartad. L\u00e5ngt ned under v\u00e5ra f\u00f6tter utbreder sig ett o\u00e4ndligt panorama av tr\u00e4dtoppar och h\u00f6jder, gr\u00f6nt i gr\u00f6nt, gr\u00f6nt i alla schatteringar till dess det f\u00f6rtonar i bl\u00e5nande fj\u00e4rran. \u00d6ver horisonten reser sig h\u00e4r och d\u00e4r m\u00f6rka, uppr\u00e4ttst\u00e5ende f\u00f6rem\u00e5l. Vi tar kikaren till hj\u00e4lp d\u00e5 luften i dag \u00e4r n\u00e5got disig och k\u00e4nner igen gamla bekanta. Kask\u00f6 fyr, Kristinestads kyrktorn och r\u00e5dhus, Lappfj\u00e4rds kyrka, f\u00f6r att inte tala om B\u00f6tom kyrka, som ligger h\u00e4r nedanf\u00f6r, inb\u00e4ddad i gr\u00f6nt. En skogsdunge, vilken vi i dag inte bryr oss om att genomtr\u00e4nga, d\u00f6ljer f\u00f6r oss \u00d6stermark kyrka. \u00c4ven kyrktornet i N\u00e4rpes torde vid klar v\u00e4derlek vara synligt hit. I sydv\u00e4st h\u00f6jer Sideby klockstapel sin respektabla hj\u00e4ssa, och i v\u00e4ster syns en ljus strimma av havet. Ja, vi har h\u00e4r en vidare och sk\u00f6nare utsikt, \u00e4n vi n\u00e5gonsin kunnat tro, och s\u00e5 h\u00e4r, mitt i v\u00e5rt flacka Syd\u00f6sterbotten, ett intryck av fj\u00e4llnatur.<\/p>\n<p>\u201dPuskavuori\u201d \u00e4r n\u00e5got l\u00e4gre, men har \u00e4ven det en beaktansv\u00e4rd utsikt. Sj\u00e4lva h\u00f6jden g\u00f6r dock ett \u00f6dsligt intryck. Det \u00e4r egentligen endast en sten\u00f6ken med fantastiskt formade och p\u00e5 varandra uppstaplade klippstycken, samt rullstenar, ofantliga f\u00e4lt h\u00e4rav, som mot kanterna av h\u00f6jden, ligger i terrasser. Runda och gl\u00e4ttade ligger de d\u00e4r, s\u00e5som endast havets j\u00e4ttehand kunnat rada dem, lik en m\u00e4ktig h\u00e4lsning fr\u00e5n \u00e5rtusenden, d\u00e5 \u00e4nnu havets v\u00e5gor svallade h\u00e4r. Icke underligt att folks\u00e4gnen har mycket att ber\u00e4tta om B\u00f6tombergen. H\u00e4r har funnits skeppsskrov och ankaren, troll och gastar driver h\u00e4r sitt spel m.m. Dock h\u00e4rav ser och h\u00f6r vi intet. Vi har bestigit h\u00f6gsta punkten och ser \u00e5ter vida omkring.<\/p>\n<p>D\u00e4r ligger Tj\u00f6ck, Penik och M\u00f6rtmark byar, med sina solbelysta, vitnande r\u00e5g\u00e5krar och r\u00f6dm\u00e5lade byggnader. Av Kristinestad ser vi b\u00e5de g\u00e5rdar och kyrkor. D\u00e4r nere har vi Lappfj\u00e4rds sl\u00e4ttbygd med kyrkan, som h\u00e4rifr\u00e5n ter sig som en stor, fyrkantig klump. Men d\u00e4r bakom h\u00f6jer sig som en f\u00f6rsonande bakgrund skogen och Tr\u00e4skviks glittrande vatten. Vi \u00e5terv\u00e4nder en annan v\u00e4g \u00e4n vi kom. Nu f\u00e4rdas vi \u00e5ter genom doftande tallskog, d\u00e4r marken \u00e4r r\u00f6d av yppig ljung, och d\u00e4r den vita ljungen \u00e4ven ibland framsticker sina fina blommor. Breda, raka v\u00e4gar korsar varandra \u00f6verallt, och vi undrar i v\u00e5rt stilla sinne, om inte h\u00e4r vore ett gott l\u00e4ge f\u00f6r ett lungsotssanatorium.<\/p>\n<p>Vi passerar \u201dSusivuori\u201d med dess m\u00e5nga meter l\u00e5nga grotta, men vi k\u00e4nner ingen lust att unders\u00f6ka den, d\u00e5 den \u00e4r s\u00e5 l\u00e5g, att man endast krypande kan r\u00f6ra sig d\u00e4rinne.<\/p>\n<p>B\u00f6tombergen f\u00f6rtj\u00e4nade verkligen att mera uppm\u00e4rksammas. S\u00e5 vidstr\u00e4ckta, som de \u00e4r, och med m\u00e5nga egendomliga bergformationer skapade b\u00e5de av naturen och av m\u00e4nniskohand, skulle de utan tvivel erbjuda mycket av intresse s\u00e5v\u00e4l f\u00f6r forskaren, som f\u00f6r turisten.<\/p>\n","protected":false},"excerpt":{"rendered":"<p>Artikel i Syd-\u00d6sterbotten 27 augusti 1904, undertecknad med signaturen \u201dR. I.\u201d Renskriven och moderniserad av Lasse Backlund i november 2020. I fr\u00e5ga om natursk\u00f6nhet, och natursev\u00e4rdheter st\u00e5r v\u00e5rt Syd\u00f6sterbotten, i det allm\u00e4nna omd\u00f6met, nog sist i raden i v\u00e5rt land. <a class=\"more-link\" href=\"https:\/\/www.kristinestadshistoria.fi\/?page_id=18342\">Forts\u00e4tt l\u00e4sa <span class=\"screen-reader-text\">  B\u00f6tom-bergen.<\/span><span class=\"meta-nav\">&rarr;<\/span><\/a><\/p>\n","protected":false},"author":1,"featured_media":0,"parent":16868,"menu_order":1,"comment_status":"closed","ping_status":"closed","template":"","meta":{"footnotes":""},"class_list":["post-18342","page","type-page","status-publish","hentry"],"_links":{"self":[{"href":"https:\/\/www.kristinestadshistoria.fi\/index.php?rest_route=\/wp\/v2\/pages\/18342","targetHints":{"allow":["GET"]}}],"collection":[{"href":"https:\/\/www.kristinestadshistoria.fi\/index.php?rest_route=\/wp\/v2\/pages"}],"about":[{"href":"https:\/\/www.kristinestadshistoria.fi\/index.php?rest_route=\/wp\/v2\/types\/page"}],"author":[{"embeddable":true,"href":"https:\/\/www.kristinestadshistoria.fi\/index.php?rest_route=\/wp\/v2\/users\/1"}],"replies":[{"embeddable":true,"href":"https:\/\/www.kristinestadshistoria.fi\/index.php?rest_route=%2Fwp%2Fv2%2Fcomments&post=18342"}],"version-history":[{"count":1,"href":"https:\/\/www.kristinestadshistoria.fi\/index.php?rest_route=\/wp\/v2\/pages\/18342\/revisions"}],"predecessor-version":[{"id":18343,"href":"https:\/\/www.kristinestadshistoria.fi\/index.php?rest_route=\/wp\/v2\/pages\/18342\/revisions\/18343"}],"up":[{"embeddable":true,"href":"https:\/\/www.kristinestadshistoria.fi\/index.php?rest_route=\/wp\/v2\/pages\/16868"}],"wp:attachment":[{"href":"https:\/\/www.kristinestadshistoria.fi\/index.php?rest_route=%2Fwp%2Fv2%2Fmedia&parent=18342"}],"curies":[{"name":"wp","href":"https:\/\/api.w.org\/{rel}","templated":true}]}}