{"id":18213,"date":"2020-11-05T22:15:56","date_gmt":"2020-11-05T20:15:56","guid":{"rendered":"https:\/\/www.lassebacklund.fi\/?page_id=18213"},"modified":"2020-11-06T18:27:41","modified_gmt":"2020-11-06T16:27:41","slug":"mordet-pa-generalguvernor-bobrikoff","status":"publish","type":"page","link":"https:\/\/www.kristinestadshistoria.fi\/?page_id=18213","title":{"rendered":"Mordet p\u00e5 generalguvern\u00f6r Bobrikoff."},"content":{"rendered":"<p><span style=\"color: #000080;\">Sammanst\u00e4llt av Lasse Backlund i november 2020, uppgifterna tagna ur tidningen Syd-\u00d6sterbotten fr\u00e5n \u00e5r 1904:<\/span><\/p>\n<figure id=\"attachment_4674\" aria-describedby=\"caption-attachment-4674\" style=\"width: 261px\" class=\"wp-caption alignnone\"><img loading=\"lazy\" decoding=\"async\" class=\"size-full wp-image-4674\" src=\"https:\/\/www.lassebacklund.fi\/wp-content\/uploads\/2017\/07\/6.jpg\" alt=\"\" width=\"261\" height=\"391\" srcset=\"https:\/\/www.kristinestadshistoria.fi\/wp-content\/uploads\/2017\/07\/6.jpg 261w, https:\/\/www.kristinestadshistoria.fi\/wp-content\/uploads\/2017\/07\/6-200x300.jpg 200w\" sizes=\"auto, (max-width: 261px) 100vw, 261px\" \/><figcaption id=\"caption-attachment-4674\" class=\"wp-caption-text\">Nikolai Bobrikoff.<\/figcaption><\/figure>\n<p>Generaladjutanten Bobrikoff var f\u00f6dd den 27 januari 1839. Sin f\u00f6rsta utbildning erh\u00f6ll han i den s\u00e5 kallade f\u00f6rsta kadettk\u00e5ren i S:t Petersburg. Till underl\u00f6jtnant befordrades han 1858, till l\u00f6jtnant 1860 och till stabsryttm\u00e4stare 1883. Han intr\u00e4dde vid denna tid i generalstabsakademin och utdimmitterades d\u00e4rifr\u00e5n 1865 s\u00e5som kapten vid generalstaben. Under de n\u00e4rmaste tv\u00e5 \u00e5ren var han \u00e4ldste adjutant vid distriktsstaben f\u00f6r gardestrupperna och Petersburgska milit\u00e4rdistriktet. \u00c5r 1867 befordrades han till \u00f6verstel\u00f6jtnant och blev stabschef f\u00f6r de lokala trupperna, men utn\u00e4mndes redan f\u00f6ljande \u00e5r till divisionsstabschef. I denna egenskap kvarstod han till 1876, varunder han befordrades till \u00f6verste 1869. \u00c4r 1876 anst\u00e4lld f\u00f6r s\u00e4rskilda uppdrag hos \u00f6verbef\u00e4lhavaren f\u00f6r gardestrupperna och Petersburgska milit\u00e4rdistriktet, blev han f\u00f6ljande \u00e5r adjunkt hos stabschefen f\u00f6r n\u00e4mnda milit\u00e4rdistrikt, i vilken tj\u00e4nst han kvarstod till 1884, d\u00e5 han utn\u00e4mndes till sagda stabschefsbefattning. 1878 befordrades han till generalmajor vid Hans Majest\u00e4ts Kejsarens svit och 1884 till generall\u00f6jtnant samt 1896 till general av infanteriet. Vid sin utn\u00e4mning till generalguvern\u00f6r \u00f6ver Finland i slutet av augusti 1898 befordrades han till generaladjutant.<\/p>\n<figure id=\"attachment_18218\" aria-describedby=\"caption-attachment-18218\" style=\"width: 460px\" class=\"wp-caption alignnone\"><img loading=\"lazy\" decoding=\"async\" class=\"size-full wp-image-18218\" src=\"https:\/\/www.lassebacklund.fi\/wp-content\/uploads\/2020\/11\/19040611-Extra-bilaga-Bobrikoff-skjuten.jpg\" alt=\"\" width=\"460\" height=\"800\" srcset=\"https:\/\/www.kristinestadshistoria.fi\/wp-content\/uploads\/2020\/11\/19040611-Extra-bilaga-Bobrikoff-skjuten.jpg 460w, https:\/\/www.kristinestadshistoria.fi\/wp-content\/uploads\/2020\/11\/19040611-Extra-bilaga-Bobrikoff-skjuten-173x300.jpg 173w\" sizes=\"auto, (max-width: 460px) 100vw, 460px\" \/><figcaption id=\"caption-attachment-18218\" class=\"wp-caption-text\">Tidningen Syd-\u00d6sterbotten som utkom den 18 juni 1904 publicerade en extra bilaga om mordet p\u00e5 Bobrikoff.<\/figcaption><\/figure>\n<figure id=\"attachment_18217\" aria-describedby=\"caption-attachment-18217\" style=\"width: 465px\" class=\"wp-caption alignnone\"><img loading=\"lazy\" decoding=\"async\" class=\"size-full wp-image-18217\" src=\"https:\/\/www.lassebacklund.fi\/wp-content\/uploads\/2020\/11\/19040611-Extra-bilaga-Bobrikoff-dod.jpg\" alt=\"\" width=\"465\" height=\"568\" srcset=\"https:\/\/www.kristinestadshistoria.fi\/wp-content\/uploads\/2020\/11\/19040611-Extra-bilaga-Bobrikoff-dod.jpg 465w, https:\/\/www.kristinestadshistoria.fi\/wp-content\/uploads\/2020\/11\/19040611-Extra-bilaga-Bobrikoff-dod-246x300.jpg 246w\" sizes=\"auto, (max-width: 465px) 100vw, 465px\" \/><figcaption id=\"caption-attachment-18217\" class=\"wp-caption-text\">Syd-\u00d6sterbottens extra bilaga den 18 juni var troligen t\u00e4nkt att ha text endast p\u00e5 den ena sidan, men efter att det meddelats att Bobrikoff hade avlidit av skadorna, s\u00e5 trycktes detta telegram p\u00e5 baksidan. Eftersom Bobrikoff var illa omtyckt i Finland, s\u00e5 kan man t\u00e4nka sig att denna extra bilaga sattes upp p\u00e5 v\u00e4ggen i flera g\u00e5rdar.<\/figcaption><\/figure>\n<p><span style=\"color: #000080;\">Artikel i tidningen Syd-\u00d6sterbotten 25.6.1904:<\/span><\/p>\n<h4><strong>Hans excellens generalguvern\u00f6ren Bobrikoffs d\u00f6d.<\/strong><\/h4>\n<p>I \u201dNovoje Vremja\u201d ing\u00e5r i ett telegrafiskt meddelande f\u00f6ljande:<\/p>\n<p>P\u00e5 torsdagarna preciderade general Bobrikoff vanligen i senaten. Den 16 juni skulle sista plenum f\u00f6re ferierna \u00e4ga rum och f\u00f6ljande dag \u00e4mnade general Bobrikoff i privatangel\u00e4genheter resa till Viborg.<\/p>\n<p>Kl. 11 p\u00e5 morgonen begav sig general Bobrikoff till fots till senaten, \u00e5tf\u00f6ljd av guvern\u00f6ren general Kaigorodoff, tj\u00e4nstemannen f\u00f6r s\u00e4rskilda uppdrag, \u00f6verste Livoffski, adjutanten ryttm\u00e4stare Timirjeseff och tv\u00e5 d\u00f6ttrar, av vilka den ena f\u00f6rst p\u00e5 morgonen hade anl\u00e4nt till Helsingfors. Vid senatsbyggnadens trappa tog general Bobrikoff farv\u00e4l av alla.<\/p>\n<p>\u2014 Ni g\u00e5r till tj\u00e4nstg\u00f6ring, sade han till Kaigarodoff.<\/p>\n<p>\u2014 Ni, v\u00e4nde han sig till Timirjeseff och Livoffski, f\u00f6ljer mina d\u00f6ttrar. Vanligen f\u00f6ljde adjutanten generalguvern\u00f6ren uppf\u00f6r trappan, emedan polisen inte hade tilltr\u00e4de. Senaten hade anm\u00e4lt, att den \u00e5tog sig generalens bevakning. S\u00e5lunda intr\u00e4dde Bobrikoff ensam.<\/p>\n<p>Stentrappan, som vidtar med en m\u00f6rk plattform, \u00e4r spiralformig med sm\u00e5 avsatser. Portiern f\u00f6ljde generalen n\u00e5gra trappsteg, men \u00e5terv\u00e4nde, d\u00e5 han ingen s\u00e5g. Bobrikoff var ikl\u00e4dd palet\u00e5 och bar portf\u00f6lj. I andra v\u00e5ningen ledde korridoren \u00e5t tv\u00e5 h\u00e5ll: till v\u00e4nster befinner sig ekonomidepartementet, d\u00e4r plena f\u00f6rsigg\u00e5, till h\u00f6ger justitiedepartementet. General Bobrikoff v\u00e4nde sig till v\u00e4nster.<\/p>\n<p>Samtidigt lj\u00f6d skott. Den f\u00f6rsta kulan antages ha tr\u00e4ffat Vladimirkorset p\u00e5 generalens br\u00f6st och endast orsakat en kontusion, den andra \u2014 d\u00f6dande \u2014 st\u00f6tte mot en palet\u00e5knapp i magtrakten, \u00e4ndrade riktning och orsakade sv\u00e5ra s\u00e5r, den tredje \u00e5ter slet ett k\u00f6ttstycke fr\u00e5n halsen.<\/p>\n<p>General Bobrikoff f\u00f6rlorade inte sinnesn\u00e4rvaron, utan gick vidare, h\u00e5llande handen f\u00f6r halsen. Efter skotten skyndade portiern till. Han s\u00e5g hur en man ilade bort fr\u00e5n \u00f6vre avsatsen. Portiern f\u00f6ljde general Bobrikoff till departementsd\u00f6rren. Generalen yttrade ingenting till honom, utan tr\u00e4dde tyst in genom d\u00f6rren. D\u00e5 h\u00f6rdes \u00e5ter skott, som h\u00f6rdes som ett: de f\u00f6ljde \u00f6gonblickligen p\u00e5 varandra. Portiern m\u00e4rkte, att p\u00e5 plattformen, d\u00e4r trappan vidtar, f\u00f6r\u00f6varen l\u00e5g med h\u00e4nderna tryckta mot axlarna. Han var d\u00f6d. Emellertid kom senatorerna, oroade av skotten, ut att m\u00f6ta Bobrikoff.<\/p>\n<p>\u2014 Ers excellens \u00e4r s\u00e5rad? Var? fr\u00e5gade Linder, ekonomidepartementets vicepresident.<\/p>\n<p>\u2014 Nej, svarade Bobrikoff. \u2014 Men Er hals \u00e4r blodig!<\/p>\n<p>\u2014 I s\u00e5 fall \u00e4r jag s\u00e5rad.<\/p>\n<p>Senatorerna var ytterst f\u00f6rvirrade. Man placerade Bobrikoff i en l\u00e4nstol. Efter fem minuter infann sig milit\u00e4rdoktor generalens husl\u00e4kare Ljuba och guvern\u00f6ren samt d\u00f6ttrarna. P\u00e5 st\u00e4llet anlades det f\u00f6rsta f\u00f6rbandet och gjordes en f\u00f6rberedande unders\u00f6kning, varp\u00e5 den s\u00e5rade p\u00e5 b\u00e5r f\u00f6rdes till sitt hem. Professorerna Bonsdorff och Faltin tillkallades genast, som f\u00f6rordade en of\u00f6rdr\u00f6jlig operation. Peritonit yppade sig. Den s\u00e5rade led sv\u00e5ra pl\u00e5gor, men f\u00f6rdrog den manligt, gjorde sina dispositioner, mottog sakramenten. Operationen ans\u00e5gs b\u00f6ra ske p\u00e5 sjukhus, varf\u00f6r officerare och soldater p\u00e5 tio minuter bar generalen till kirurgiska sjukhuset. Kl. 1 f\u00f6retogs operationen, vilken \u00e4gde rum under gynnsamma f\u00f6ruts\u00e4ttningar, d\u00e5 Bobrikoff inte hade f\u00f6rt\u00e4rt n\u00e5got p\u00e5 morgonen. Den av knappen deformerade kulan hade verkat som dum-dum. Tunntarmen befanns skadad p\u00e5 trettio centimeters l\u00e4ngd. Blodf\u00f6rlusten var huvudorsaken till d\u00f6den.<\/p>\n<p>Efter operationen, som r\u00e4ckte i 55 minuter, f\u00f6rsvagades Bobrikoff och befann sig kl. 6 tiden i halvdvala. L\u00e4karna ans\u00e5g, att om den s\u00e5rade \u00f6verlevde natten, han skulle klara sig. Klockan 8 p\u00e5 kv\u00e4llen yppade sig ogynnsamma symptom d\u00e5 hj\u00e4rtverksamheten f\u00f6rsvagades. Generalen somnade och dog kl. 1,7 p\u00e5 natten, utan att ha vaknat upp.<\/p>\n<p>Kl. 3 p\u00e5 natten bars den avlidne av sl\u00e4ktingar och v\u00e4nner p\u00e5 b\u00e5r hem. Livmedikus Veljaminoff hade redan tidigare tillkallats, men han anl\u00e4nde f\u00f6r sent.<\/p>\n<p>M\u00f6rdaren, Eugen Waldemar Schauman, var en ung man, 29 \u00e5r gammal. Han var son till senator Schauman, avskedad vid ryska spr\u00e5kets inf\u00f6rande. M\u00f6rdarens farbror var kommend\u00f6r f\u00f6r det indragna Finska Dragonregementet. Schauman avslutade Alexanderuniversitetet 1899. F\u00f6ljande \u00e5r antogs han i tj\u00e4nst som senatsextrakopist och ingick 1 november senaste \u00e5r vid skol\u00f6verstyrelsen. Avgjord svekoman <em><span style=\"color: #000080;\">(motsats till fennoman)<\/span><\/em>, h\u00f6ll han sig f\u00f6rsiktigt, hade f\u00e5 bekanta, var en utm\u00e4rkt skytt, han var till och med skjutl\u00e4rare med m\u00e5nga pris. Han bes\u00f6kte ofta senaten. I g\u00e5r kom han en bakv\u00e4g fr\u00e5n Regeringsgatan, men som bekant med flera tj\u00e4nstem\u00e4n v\u00e4ckte han ingen uppm\u00e4rksamhet. Fr\u00e5n f\u00f6nstren till Finansdepartementet, d\u00e4r han tidigare tj\u00e4nstgjort, kunde han observera Bobrikoffs ankomst. Han sk\u00f6t ur en Browningrevolver f\u00f6r \u00e5tta skott. Tre kulor \u00e5terstod. Tv\u00e5 sk\u00f6t han sig sj\u00e4lv i hj\u00e4rtat.<\/p>\n<h4><strong>Eftertr\u00e4daren Obolensky.<\/strong><\/h4>\n<p>Efter Bobrikoffs d\u00f6d utn\u00e4mnde kejsaren Knyaz Ivan Obolensky till eftertr\u00e4dare. Till tilltr\u00e4dde 18 augusti 1894 och han verkade som generalguvern\u00f6r i Finland fram till november 1905.<\/p>\n<p>Ocks\u00e5 han var illa omtyckt av finl\u00e4ndarna och genast efter att han tilltr\u00e4dde s\u00e5 fick han ett telegram av en anonym avs\u00e4ndare, som skrev ungef\u00e4r s\u00e5 h\u00e4r: \u201dJag v\u00e4ntar p\u00e5 dig i en n\u00e4ra framtid. H\u00e4r \u00e4r v\u00e4dret + 200\u00b0. Bobrikoff\u201d<\/p>\n<figure id=\"attachment_18227\" aria-describedby=\"caption-attachment-18227\" style=\"width: 567px\" class=\"wp-caption alignnone\"><img loading=\"lazy\" decoding=\"async\" class=\"size-full wp-image-18227\" src=\"https:\/\/www.lassebacklund.fi\/wp-content\/uploads\/2020\/11\/Prince_Ivan_Mikh._Obolensky.jpg\" alt=\"\" width=\"567\" height=\"634\" srcset=\"https:\/\/www.kristinestadshistoria.fi\/wp-content\/uploads\/2020\/11\/Prince_Ivan_Mikh._Obolensky.jpg 567w, https:\/\/www.kristinestadshistoria.fi\/wp-content\/uploads\/2020\/11\/Prince_Ivan_Mikh._Obolensky-268x300.jpg 268w\" sizes=\"auto, (max-width: 567px) 100vw, 567px\" \/><figcaption id=\"caption-attachment-18227\" class=\"wp-caption-text\">Generalguvern\u00f6r Obolensky f\u00f6ddes 1853 i Moskva och dog i St. Petersburg 1910.<\/figcaption><\/figure>\n","protected":false},"excerpt":{"rendered":"<p>Sammanst\u00e4llt av Lasse Backlund i november 2020, uppgifterna tagna ur tidningen Syd-\u00d6sterbotten fr\u00e5n \u00e5r 1904: Generaladjutanten Bobrikoff var f\u00f6dd den 27 januari 1839. Sin f\u00f6rsta utbildning erh\u00f6ll han i den s\u00e5 kallade f\u00f6rsta kadettk\u00e5ren i S:t Petersburg. Till underl\u00f6jtnant befordrades <a class=\"more-link\" href=\"https:\/\/www.kristinestadshistoria.fi\/?page_id=18213\">Forts\u00e4tt l\u00e4sa <span class=\"screen-reader-text\">  Mordet p\u00e5 generalguvern\u00f6r Bobrikoff.<\/span><span class=\"meta-nav\">&rarr;<\/span><\/a><\/p>\n","protected":false},"author":1,"featured_media":0,"parent":4677,"menu_order":5,"comment_status":"closed","ping_status":"closed","template":"","meta":{"footnotes":""},"class_list":["post-18213","page","type-page","status-publish","hentry"],"_links":{"self":[{"href":"https:\/\/www.kristinestadshistoria.fi\/index.php?rest_route=\/wp\/v2\/pages\/18213","targetHints":{"allow":["GET"]}}],"collection":[{"href":"https:\/\/www.kristinestadshistoria.fi\/index.php?rest_route=\/wp\/v2\/pages"}],"about":[{"href":"https:\/\/www.kristinestadshistoria.fi\/index.php?rest_route=\/wp\/v2\/types\/page"}],"author":[{"embeddable":true,"href":"https:\/\/www.kristinestadshistoria.fi\/index.php?rest_route=\/wp\/v2\/users\/1"}],"replies":[{"embeddable":true,"href":"https:\/\/www.kristinestadshistoria.fi\/index.php?rest_route=%2Fwp%2Fv2%2Fcomments&post=18213"}],"version-history":[{"count":7,"href":"https:\/\/www.kristinestadshistoria.fi\/index.php?rest_route=\/wp\/v2\/pages\/18213\/revisions"}],"predecessor-version":[{"id":18229,"href":"https:\/\/www.kristinestadshistoria.fi\/index.php?rest_route=\/wp\/v2\/pages\/18213\/revisions\/18229"}],"up":[{"embeddable":true,"href":"https:\/\/www.kristinestadshistoria.fi\/index.php?rest_route=\/wp\/v2\/pages\/4677"}],"wp:attachment":[{"href":"https:\/\/www.kristinestadshistoria.fi\/index.php?rest_route=%2Fwp%2Fv2%2Fmedia&parent=18213"}],"curies":[{"name":"wp","href":"https:\/\/api.w.org\/{rel}","templated":true}]}}