{"id":18163,"date":"2020-11-01T21:41:57","date_gmt":"2020-11-01T19:41:57","guid":{"rendered":"https:\/\/www.lassebacklund.fi\/?page_id=18163"},"modified":"2020-11-01T21:44:35","modified_gmt":"2020-11-01T19:44:35","slug":"snart-fodelsedag","status":"publish","type":"page","link":"https:\/\/www.kristinestadshistoria.fi\/?page_id=18163","title":{"rendered":"Snart f\u00f6delsedag."},"content":{"rendered":"<div class=\"kvgmc6g5 cxmmr5t8 oygrvhab hcukyx3x c1et5uql ii04i59q\">\n<div dir=\"auto\"><span style=\"color: #000080;\">Diktat av Eva den 27 september 2020:<\/span><\/div>\n<div dir=\"auto\"><\/div>\n<\/div>\n<div class=\"o9v6fnle cxmmr5t8 oygrvhab hcukyx3x c1et5uql ii04i59q\">\n<div dir=\"auto\">\n<h6>Jag fyller snart \u00e5r, en f\u00f6ljetong med repris<\/h6>\n<h6>och var och en firar ju p\u00e5 sitt speciella vis.<\/h6>\n<h6>De allra k\u00e4raste var bjudna och vi bj\u00f6d dem p\u00e5 mat,<\/h6>\n<h6>p\u00e5 en lokal restaurang f\u00f6r jag b\u00f6rjar bli lite lat.<\/h6>\n<p>&nbsp;<\/p>\n<h6>Det \u00e4r h\u00e4rligt att tr\u00e4ffas och se att alla har det bra<\/h6>\n<h6>f\u00f6r fast vi bor r\u00e4tt n\u00e4ra vi ej ses varenda da.<\/h6>\n<h6>\u00c4ldsta barnbarnet \u00e4r tretton och minstingen drygt ett<\/h6>\n<h6>s\u00e5 intressespektrat \u00e4r ju ganska brett.<\/h6>\n<p>&nbsp;<\/p>\n<h6>Vill inte ha presenter, det har vi l\u00e4mnat bort<\/h6>\n<h6>men i st\u00e4llet fick jag tv\u00e5 fina handgjorda kort.<\/h6>\n<h6>Flickorna hade m\u00e5lat och skrivit n\u00e5t riktigt rart,<\/h6>\n<h6>och fl\u00f6det i mina t\u00e5rkanaler fick en v\u00e4ldig fart.<\/h6>\n<p>&nbsp;<\/p>\n<h6>Det andra kortet hade silvertext, handskrivet och dubbelvikt.<\/h6>\n<h6>Lilla W hade ritat och hans mamma skrivit en dikt.<\/h6>\n<h6>Det var s\u00e5 fina ord, ord som verkligen ber\u00f6r och gl\u00e4der,<\/h6>\n<h6>dessutom var det ju underbart fint sensommarv\u00e4der.<\/h6>\n<p>&nbsp;<\/p>\n<\/div>\n<\/div>\n","protected":false},"excerpt":{"rendered":"<p>Diktat av Eva den 27 september 2020: Jag fyller snart \u00e5r, en f\u00f6ljetong med repris och var och en firar ju p\u00e5 sitt speciella vis. De allra k\u00e4raste var bjudna och vi bj\u00f6d dem p\u00e5 mat, p\u00e5 en lokal restaurang <a class=\"more-link\" href=\"https:\/\/www.kristinestadshistoria.fi\/?page_id=18163\">Forts\u00e4tt l\u00e4sa <span class=\"screen-reader-text\">  Snart f\u00f6delsedag.<\/span><span class=\"meta-nav\">&rarr;<\/span><\/a><\/p>\n","protected":false},"author":1,"featured_media":0,"parent":16671,"menu_order":11,"comment_status":"closed","ping_status":"closed","template":"","meta":{"footnotes":""},"class_list":["post-18163","page","type-page","status-publish","hentry"],"_links":{"self":[{"href":"https:\/\/www.kristinestadshistoria.fi\/index.php?rest_route=\/wp\/v2\/pages\/18163","targetHints":{"allow":["GET"]}}],"collection":[{"href":"https:\/\/www.kristinestadshistoria.fi\/index.php?rest_route=\/wp\/v2\/pages"}],"about":[{"href":"https:\/\/www.kristinestadshistoria.fi\/index.php?rest_route=\/wp\/v2\/types\/page"}],"author":[{"embeddable":true,"href":"https:\/\/www.kristinestadshistoria.fi\/index.php?rest_route=\/wp\/v2\/users\/1"}],"replies":[{"embeddable":true,"href":"https:\/\/www.kristinestadshistoria.fi\/index.php?rest_route=%2Fwp%2Fv2%2Fcomments&post=18163"}],"version-history":[{"count":3,"href":"https:\/\/www.kristinestadshistoria.fi\/index.php?rest_route=\/wp\/v2\/pages\/18163\/revisions"}],"predecessor-version":[{"id":18166,"href":"https:\/\/www.kristinestadshistoria.fi\/index.php?rest_route=\/wp\/v2\/pages\/18163\/revisions\/18166"}],"up":[{"embeddable":true,"href":"https:\/\/www.kristinestadshistoria.fi\/index.php?rest_route=\/wp\/v2\/pages\/16671"}],"wp:attachment":[{"href":"https:\/\/www.kristinestadshistoria.fi\/index.php?rest_route=%2Fwp%2Fv2%2Fmedia&parent=18163"}],"curies":[{"name":"wp","href":"https:\/\/api.w.org\/{rel}","templated":true}]}}