{"id":17663,"date":"2020-09-13T22:29:09","date_gmt":"2020-09-13T19:29:09","guid":{"rendered":"https:\/\/www.lassebacklund.fi\/?page_id=17663"},"modified":"2020-09-13T22:29:09","modified_gmt":"2020-09-13T19:29:09","slug":"hostregnet","status":"publish","type":"page","link":"https:\/\/www.kristinestadshistoria.fi\/?page_id=17663","title":{"rendered":"H\u00f6stregnet."},"content":{"rendered":"<h6><span style=\"color: #000080;\">Skrivet av Eva i september 2020:\u00a0<\/span><\/h6>\n<p>&nbsp;<\/p>\n<h6>Dagar som denna n\u00e4r regnet strilar ner,<\/h6>\n<h6>donar p\u00e5 inne med saker man bara sj\u00e4lv ser.<\/h6>\n<h6>Sk\u00f6ter blommor och krukv\u00e4xter, vattnar dem alla,<\/h6>\n<h6>saint paulia, orkid\u00e9er och en stor fredskalla.<\/h6>\n<p>&nbsp;<\/p>\n<h6>Lyssnar p\u00e5 radion och virkar n\u00e5gra varv p\u00e5 min duk,<\/h6>\n<h6>skickar en h\u00e4lsning till en v\u00e4n som \u00e4r sjuk.<\/h6>\n<h6>G\u00e5r runt med trasan, torkar damm h\u00e4r och d\u00e4r,<\/h6>\n<h6>snart blir det kaffe f\u00f6r mig och den jag har k\u00e4r.<\/h6>\n<p>&nbsp;<\/p>\n","protected":false},"excerpt":{"rendered":"<p>Skrivet av Eva i september 2020:\u00a0 &nbsp; Dagar som denna n\u00e4r regnet strilar ner, donar p\u00e5 inne med saker man bara sj\u00e4lv ser. Sk\u00f6ter blommor och krukv\u00e4xter, vattnar dem alla, saint paulia, orkid\u00e9er och en stor fredskalla. &nbsp; Lyssnar p\u00e5 <a class=\"more-link\" href=\"https:\/\/www.kristinestadshistoria.fi\/?page_id=17663\">Forts\u00e4tt l\u00e4sa <span class=\"screen-reader-text\">  H\u00f6stregnet.<\/span><span class=\"meta-nav\">&rarr;<\/span><\/a><\/p>\n","protected":false},"author":1,"featured_media":0,"parent":16671,"menu_order":9,"comment_status":"closed","ping_status":"closed","template":"","meta":{"footnotes":""},"class_list":["post-17663","page","type-page","status-publish","hentry"],"_links":{"self":[{"href":"https:\/\/www.kristinestadshistoria.fi\/index.php?rest_route=\/wp\/v2\/pages\/17663","targetHints":{"allow":["GET"]}}],"collection":[{"href":"https:\/\/www.kristinestadshistoria.fi\/index.php?rest_route=\/wp\/v2\/pages"}],"about":[{"href":"https:\/\/www.kristinestadshistoria.fi\/index.php?rest_route=\/wp\/v2\/types\/page"}],"author":[{"embeddable":true,"href":"https:\/\/www.kristinestadshistoria.fi\/index.php?rest_route=\/wp\/v2\/users\/1"}],"replies":[{"embeddable":true,"href":"https:\/\/www.kristinestadshistoria.fi\/index.php?rest_route=%2Fwp%2Fv2%2Fcomments&post=17663"}],"version-history":[{"count":1,"href":"https:\/\/www.kristinestadshistoria.fi\/index.php?rest_route=\/wp\/v2\/pages\/17663\/revisions"}],"predecessor-version":[{"id":17664,"href":"https:\/\/www.kristinestadshistoria.fi\/index.php?rest_route=\/wp\/v2\/pages\/17663\/revisions\/17664"}],"up":[{"embeddable":true,"href":"https:\/\/www.kristinestadshistoria.fi\/index.php?rest_route=\/wp\/v2\/pages\/16671"}],"wp:attachment":[{"href":"https:\/\/www.kristinestadshistoria.fi\/index.php?rest_route=%2Fwp%2Fv2%2Fmedia&parent=17663"}],"curies":[{"name":"wp","href":"https:\/\/api.w.org\/{rel}","templated":true}]}}