{"id":17,"date":"2016-07-12T21:53:08","date_gmt":"2016-07-12T19:53:08","guid":{"rendered":"http:\/\/www.lassebacklund.fi\/wp\/?page_id=17"},"modified":"2025-11-02T14:56:50","modified_gmt":"2025-11-02T12:56:50","slug":"allmant","status":"publish","type":"page","link":"https:\/\/www.kristinestadshistoria.fi\/?page_id=17","title":{"rendered":"Allm\u00e4nt och nyttigt"},"content":{"rendered":"<p><span class=\"Standard-C\">H\u00e4r hittar du m\u00e5nga intressanta, \u00e4ldre och nyare h\u00e4ndelser att l\u00e4sa om:\u00a0<\/span><\/p>\n<h4><strong><a href=\"http:\/\/www.kristinestadshistoria.fi\/?page_id=733\">-F\u00f6rhistorisk tid<\/a><\/strong><\/h4>\n<h4><a href=\"https:\/\/www.lassebacklund.fi\/?page_id=19\"><strong>-Trevlig l\u00e4sning<\/strong><\/a><\/h4>\n<h4><strong><a href=\"http:\/\/www.kristinestadshistoria.fi\/?page_id=9290\">-En flygmaskin i Kristinestad<\/a><\/strong><\/h4>\n<h4><strong><a href=\"http:\/\/www.kristinestadshistoria.fi\/?page_id=8861\">-Stadens f\u00f6rsta fullm\u00e4ktige<\/a><\/strong><\/h4>\n<h4><\/h4>\n<h4><strong><a href=\"https:\/\/www.lassebacklund.fi\/?page_id=8088\">-Evangeliska folkh\u00f6gskolan i Dagsmark<\/a><\/strong><\/h4>\n<h4><strong><a href=\"https:\/\/www.lassebacklund.fi\/?page_id=6289\">-V\u00e5ra krig<\/a><\/strong><\/h4>\n<h4><strong><a href=\"https:\/\/www.lassebacklund.fi\/?page_id=3747\">-Skyddsk\u00e5rens och milit\u00e4rens historia<\/a><\/strong><\/h4>\n<h4><strong><a href=\"https:\/\/www.lassebacklund.fi\/?page_id=3704\">-Storsj\u00f6tr\u00e4sk i Dagsmark<\/a><\/strong><\/h4>\n<h6><\/h6>\n<h6><\/h6>\n<h6><\/h6>\n<h6><\/h6>\n<h6><\/h6>\n<h6><\/h6>\n<h6><\/h6>\n<h6><\/h6>\n<h6><\/h6>\n<h6><\/h6>\n<h6><\/h6>\n<p>&nbsp;<\/p>\n","protected":false},"excerpt":{"rendered":"<p>H\u00e4r hittar du m\u00e5nga intressanta, \u00e4ldre och nyare h\u00e4ndelser att l\u00e4sa om:\u00a0 -F\u00f6rhistorisk tid -Trevlig l\u00e4sning -En flygmaskin i Kristinestad -Stadens f\u00f6rsta fullm\u00e4ktige -Evangeliska folkh\u00f6gskolan i Dagsmark -V\u00e5ra krig -Skyddsk\u00e5rens och milit\u00e4rens historia -Storsj\u00f6tr\u00e4sk i Dagsmark &nbsp;<\/p>\n","protected":false},"author":1,"featured_media":0,"parent":8025,"menu_order":2,"comment_status":"closed","ping_status":"closed","template":"","meta":{"footnotes":""},"class_list":["post-17","page","type-page","status-publish","hentry"],"_links":{"self":[{"href":"https:\/\/www.kristinestadshistoria.fi\/index.php?rest_route=\/wp\/v2\/pages\/17","targetHints":{"allow":["GET"]}}],"collection":[{"href":"https:\/\/www.kristinestadshistoria.fi\/index.php?rest_route=\/wp\/v2\/pages"}],"about":[{"href":"https:\/\/www.kristinestadshistoria.fi\/index.php?rest_route=\/wp\/v2\/types\/page"}],"author":[{"embeddable":true,"href":"https:\/\/www.kristinestadshistoria.fi\/index.php?rest_route=\/wp\/v2\/users\/1"}],"replies":[{"embeddable":true,"href":"https:\/\/www.kristinestadshistoria.fi\/index.php?rest_route=%2Fwp%2Fv2%2Fcomments&post=17"}],"version-history":[{"count":69,"href":"https:\/\/www.kristinestadshistoria.fi\/index.php?rest_route=\/wp\/v2\/pages\/17\/revisions"}],"predecessor-version":[{"id":30411,"href":"https:\/\/www.kristinestadshistoria.fi\/index.php?rest_route=\/wp\/v2\/pages\/17\/revisions\/30411"}],"up":[{"embeddable":true,"href":"https:\/\/www.kristinestadshistoria.fi\/index.php?rest_route=\/wp\/v2\/pages\/8025"}],"wp:attachment":[{"href":"https:\/\/www.kristinestadshistoria.fi\/index.php?rest_route=%2Fwp%2Fv2%2Fmedia&parent=17"}],"curies":[{"name":"wp","href":"https:\/\/api.w.org\/{rel}","templated":true}]}}