{"id":16804,"date":"2020-06-11T21:28:50","date_gmt":"2020-06-11T18:28:50","guid":{"rendered":"http:\/\/www.lassebacklund.fi\/?page_id=16804"},"modified":"2024-06-18T23:56:04","modified_gmt":"2024-06-18T20:56:04","slug":"sevardheter-och-annat-intressant","status":"publish","type":"page","link":"https:\/\/www.kristinestadshistoria.fi\/?page_id=16804","title":{"rendered":"Sev\u00e4rdheter"},"content":{"rendered":"<p>Eftersom Kristinestad best\u00e5r av b\u00e5de en gammal stadsk\u00e4rna och en stor omgivande landsbygd, s\u00e5 finns det flera intressanta platser att bes\u00f6ka. Kristinestad kan man bes\u00f6ka \u00e5ret om men flera intressanta platser b\u00f6r nog bes\u00f6kas om sommaren. Klicka p\u00e5 n\u00e5got passligt alternativt h\u00e4r under, s\u00e5 kanske n\u00e5got st\u00e4lle v\u00e4cker ditt intresse.<\/p>\n<h4><a href=\"http:\/\/www.kristinestadshistoria.fi\/?page_id=17074\"><strong>-Storholmen i Lappfj\u00e4rds \u00e5 i Perus<\/strong><\/a><\/h4>\n<h4><a href=\"http:\/\/www.kristinestadshistoria.fi\/?page_id=16985\"><strong>-Badhusparken i Kristinestad<\/strong><\/a><\/h4>\n<h4><a href=\"http:\/\/www.kristinestadshistoria.fi\/?page_id=16828\"><strong>-Kanonviken och Bj\u00f6rksk\u00e4ret<\/strong><\/a><\/h4>\n<h4><a href=\"http:\/\/www.kristinestadshistoria.fi\/?page_id=16868\"><strong>-B\u00f6tombergens fritidsomr\u00e5de<\/strong><\/a><\/h4>\n<h4><a href=\"http:\/\/www.kristinestadshistoria.fi\/?page_id=17161\"><strong>-Tegelbruksbacken &#8211; Norrfj\u00e4rdens naturstig<\/strong><\/a><\/h4>\n<h4><a href=\"http:\/\/www.kristinestadshistoria.fi\/?page_id=17265\"><strong>-Bockholmens camping och Sandbankens simstrand<\/strong><\/a><\/h4>\n<h4><a href=\"https:\/\/www.lassebacklund.fi\/?page_id=15223\"><strong>-Kyrkan i Lappfj\u00e4rd<\/strong><\/a><\/h4>\n<h4><a href=\"http:\/\/www.kristinestadshistoria.fi\/?page_id=10623\"><strong>-Ulrika Eleonorakyrkan i Kristinestad<\/strong><\/a><\/h4>\n<h4><a href=\"http:\/\/www.kristinestadshistoria.fi\/?page_id=18889\"><strong>-Kattpiskargr\u00e4nden i s\u00f6derstan<\/strong><\/a><\/h4>\n<h4><a href=\"http:\/\/www.kristinestadshistoria.fi\/?page_id=20608\"><strong>-Lebellska k\u00f6pmansg\u00e5rden<\/strong><\/a><\/h4>\n<h4><a href=\"http:\/\/www.kristinestadshistoria.fi\/?page_id=21033\"><strong>-Carlsro museum<\/strong><\/a><\/h4>\n<h4><a href=\"https:\/\/www.kristinestadshistoria.fi\/?page_id=21856\"><strong>-V\u00e4derkvarnen p\u00e5 Norra Kvarnberget<\/strong><\/a><\/h4>\n<p>Om du vill l\u00e4sa en uppsats om stadens sev\u00e4rdheter som Ethel B\u00e5sk hade skrivit i tiderna och som Syd-\u00d6sterbotten publicerade 1947, s\u00e5 skall du klicka <a href=\"https:\/\/www.lassebacklund.fi\/?page_id=5833\"><span style=\"color: #000080;\"><strong>H\u00c4R!<\/strong><\/span><\/a><\/p>\n<h6><\/h6>\n","protected":false},"excerpt":{"rendered":"<p>Eftersom Kristinestad best\u00e5r av b\u00e5de en gammal stadsk\u00e4rna och en stor omgivande landsbygd, s\u00e5 finns det flera intressanta platser att bes\u00f6ka. Kristinestad kan man bes\u00f6ka \u00e5ret om men flera intressanta platser b\u00f6r nog bes\u00f6kas om sommaren. Klicka p\u00e5 n\u00e5got passligt <a class=\"more-link\" href=\"https:\/\/www.kristinestadshistoria.fi\/?page_id=16804\">Forts\u00e4tt l\u00e4sa <span class=\"screen-reader-text\">  Sev\u00e4rdheter<\/span><span class=\"meta-nav\">&rarr;<\/span><\/a><\/p>\n","protected":false},"author":1,"featured_media":0,"parent":0,"menu_order":0,"comment_status":"closed","ping_status":"closed","template":"","meta":{"footnotes":""},"class_list":["post-16804","page","type-page","status-publish","hentry"],"_links":{"self":[{"href":"https:\/\/www.kristinestadshistoria.fi\/index.php?rest_route=\/wp\/v2\/pages\/16804","targetHints":{"allow":["GET"]}}],"collection":[{"href":"https:\/\/www.kristinestadshistoria.fi\/index.php?rest_route=\/wp\/v2\/pages"}],"about":[{"href":"https:\/\/www.kristinestadshistoria.fi\/index.php?rest_route=\/wp\/v2\/types\/page"}],"author":[{"embeddable":true,"href":"https:\/\/www.kristinestadshistoria.fi\/index.php?rest_route=\/wp\/v2\/users\/1"}],"replies":[{"embeddable":true,"href":"https:\/\/www.kristinestadshistoria.fi\/index.php?rest_route=%2Fwp%2Fv2%2Fcomments&post=16804"}],"version-history":[{"count":46,"href":"https:\/\/www.kristinestadshistoria.fi\/index.php?rest_route=\/wp\/v2\/pages\/16804\/revisions"}],"predecessor-version":[{"id":28459,"href":"https:\/\/www.kristinestadshistoria.fi\/index.php?rest_route=\/wp\/v2\/pages\/16804\/revisions\/28459"}],"wp:attachment":[{"href":"https:\/\/www.kristinestadshistoria.fi\/index.php?rest_route=%2Fwp%2Fv2%2Fmedia&parent=16804"}],"curies":[{"name":"wp","href":"https:\/\/api.w.org\/{rel}","templated":true}]}}