{"id":16677,"date":"2020-06-04T21:11:42","date_gmt":"2020-06-04T18:11:42","guid":{"rendered":"http:\/\/www.lassebacklund.fi\/?page_id=16677"},"modified":"2020-06-04T21:11:42","modified_gmt":"2020-06-04T18:11:42","slug":"glada-wappen","status":"publish","type":"page","link":"https:\/\/www.kristinestadshistoria.fi\/?page_id=16677","title":{"rendered":"Glada Wappen!"},"content":{"rendered":"<p><span style=\"color: #000080;\">Diktat av Eva p\u00e5 valborgsm\u00e4ssoafton 2020, under den p\u00e5g\u00e5ende coronakrisen:<\/span><\/p>\n<p>Vi firar Valborg och f\u00f6rsta maj,<br \/>\nTopelius och Amanda med m\u00f6ssan p\u00e5 svaj.<br \/>\nDet \u00e4r arbetarnas och studenternas fest,<br \/>\n\u00e5tminstone \u00e4r det de som brukar h\u00f6ras mest.<\/p>\n<div class=\"text_exposed_show\">\n<p>Mansk\u00f6rer sjunger om den majsol som ler<br \/>\nfast regn eller sn\u00f6glopp oftast kommer ner.<br \/>\nDe sjunger ocks\u00e5 f\u00f6r en ljuv liten flicka<br \/>\noch sen sk\u00e5lar alla i bubbeldricka.<\/p>\n<p>Man \u00e4ter brunch eller frukost med sill,<br \/>\ni vanliga fall \u00e4r det s\u00e5h\u00e4r det g\u00e5r till.<br \/>\nMen i \u00e5r vi firar med v\u00e4nner p\u00e5 distans<br \/>\ns\u00e5 nu s\u00e4ger jag sk\u00e5l, var du \u00e4n finns n\u00e5nstans!<\/p>\n<\/div>\n","protected":false},"excerpt":{"rendered":"<p>Diktat av Eva p\u00e5 valborgsm\u00e4ssoafton 2020, under den p\u00e5g\u00e5ende coronakrisen: Vi firar Valborg och f\u00f6rsta maj, Topelius och Amanda med m\u00f6ssan p\u00e5 svaj. Det \u00e4r arbetarnas och studenternas fest, \u00e5tminstone \u00e4r det de som brukar h\u00f6ras mest. Mansk\u00f6rer sjunger om <a class=\"more-link\" href=\"https:\/\/www.kristinestadshistoria.fi\/?page_id=16677\">Forts\u00e4tt l\u00e4sa <span class=\"screen-reader-text\">  Glada Wappen!<\/span><span class=\"meta-nav\">&rarr;<\/span><\/a><\/p>\n","protected":false},"author":1,"featured_media":0,"parent":16671,"menu_order":2,"comment_status":"closed","ping_status":"closed","template":"","meta":{"footnotes":""},"class_list":["post-16677","page","type-page","status-publish","hentry"],"_links":{"self":[{"href":"https:\/\/www.kristinestadshistoria.fi\/index.php?rest_route=\/wp\/v2\/pages\/16677","targetHints":{"allow":["GET"]}}],"collection":[{"href":"https:\/\/www.kristinestadshistoria.fi\/index.php?rest_route=\/wp\/v2\/pages"}],"about":[{"href":"https:\/\/www.kristinestadshistoria.fi\/index.php?rest_route=\/wp\/v2\/types\/page"}],"author":[{"embeddable":true,"href":"https:\/\/www.kristinestadshistoria.fi\/index.php?rest_route=\/wp\/v2\/users\/1"}],"replies":[{"embeddable":true,"href":"https:\/\/www.kristinestadshistoria.fi\/index.php?rest_route=%2Fwp%2Fv2%2Fcomments&post=16677"}],"version-history":[{"count":1,"href":"https:\/\/www.kristinestadshistoria.fi\/index.php?rest_route=\/wp\/v2\/pages\/16677\/revisions"}],"predecessor-version":[{"id":16678,"href":"https:\/\/www.kristinestadshistoria.fi\/index.php?rest_route=\/wp\/v2\/pages\/16677\/revisions\/16678"}],"up":[{"embeddable":true,"href":"https:\/\/www.kristinestadshistoria.fi\/index.php?rest_route=\/wp\/v2\/pages\/16671"}],"wp:attachment":[{"href":"https:\/\/www.kristinestadshistoria.fi\/index.php?rest_route=%2Fwp%2Fv2%2Fmedia&parent=16677"}],"curies":[{"name":"wp","href":"https:\/\/api.w.org\/{rel}","templated":true}]}}