{"id":16671,"date":"2020-06-04T19:34:46","date_gmt":"2020-06-04T16:34:46","guid":{"rendered":"http:\/\/www.lassebacklund.fi\/?page_id=16671"},"modified":"2021-05-12T12:58:59","modified_gmt":"2021-05-12T09:58:59","slug":"evas-dikter-samling-nr-4","status":"publish","type":"page","link":"https:\/\/www.kristinestadshistoria.fi\/?page_id=16671","title":{"rendered":"Evas dikter, samling nr 4."},"content":{"rendered":"<p><span style=\"display: inline !important; float: none; background-color: #ffffff; color: #373737; font-family: 'Helvetica Neue',Helvetica,Arial,sans-serif; font-size: 16px; font-style: normal; font-variant: normal; font-weight: 300; letter-spacing: normal; orphans: 2; text-align: left; text-decoration: none; text-indent: 0px; text-transform: none; -webkit-text-stroke-width: 0px; white-space: normal; word-spacing: 0px;\">Eva Backlunds fj\u00e4rde diktsamling inneh\u00e5llande flera dikter med varierande inneh\u00e5ll. Klicka nedan p\u00e5 \u00f6nskad dikt. Mycket n\u00f6je!<\/span><\/p>\n<h4><a href=\"http:\/\/www.lassebacklund.fi\/?page_id=16674\"><strong>-Bland timjan och tok.<\/strong><\/a><\/h4>\n<h4><a href=\"http:\/\/www.lassebacklund.fi\/?page_id=16677\"><strong>-Glada Wappen!<\/strong><\/a><\/h4>\n<h4><a href=\"http:\/\/www.lassebacklund.fi\/?page_id=16681\"><strong>-Nya Nokia.<\/strong><\/a><\/h4>\n<h4><a href=\"http:\/\/www.lassebacklund.fi\/?page_id=16894\"><strong>-Det uppr\u00f6rda havet.<\/strong><\/a><\/h4>\n<h4><strong><a href=\"http:\/\/www.lassebacklund.fi\/?page_id=17330\">-Armade krankar!<\/a><\/strong><\/h4>\n<h4><a href=\"http:\/\/www.lassebacklund.fi\/?page_id=17336\"><strong>-En tur i natur.<\/strong><\/a><\/h4>\n<h4><a href=\"https:\/\/www.lassebacklund.fi\/?page_id=17656\">&#8211;<strong>Sensommarmys.<\/strong><\/a><\/h4>\n<h4><a href=\"https:\/\/www.lassebacklund.fi\/?page_id=17660\"><strong>-Ung man i s\u00e4ngen.<\/strong><\/a><\/h4>\n<h4><a href=\"https:\/\/www.lassebacklund.fi\/?page_id=17663\"><strong>-H\u00f6stregnet.<\/strong><\/a><\/h4>\n<h4><strong><a href=\"https:\/\/www.lassebacklund.fi\/?page_id=17711\">-Stormvindar fr\u00e5n norr.<\/a><\/strong><\/h4>\n<h4><strong><a href=\"https:\/\/www.lassebacklund.fi\/?page_id=18163\">-Snart f\u00f6delsedag.<\/a><\/strong><\/h4>\n<h4><a href=\"https:\/\/www.lassebacklund.fi\/?page_id=18168\"><strong>-Det kallas r\u00e4nt\u00e4\u00e4.<\/strong><\/a><\/h4>\n<h4><a href=\"https:\/\/www.lassebacklund.fi\/?page_id=18171\"><strong>-Vridandet av visarna<\/strong><\/a><\/h4>\n<h4><a href=\"https:\/\/www.lassebacklund.fi\/?page_id=18176\"><strong>-Att t\u00e4nda ett ljus.<\/strong><\/a><\/h4>\n<h4><a href=\"https:\/\/www.lassebacklund.fi\/?page_id=18700\"><strong>-Vinterdr\u00f6m<\/strong><\/a><\/h4>\n<h4><a href=\"https:\/\/www.lassebacklund.fi\/?page_id=19401\"><strong>-Vinterpromenad<\/strong><\/a><\/h4>\n<h4><a href=\"https:\/\/www.lassebacklund.fi\/?page_id=20697\"><strong>-Ode till Solv\u00e4ngen<\/strong><\/a><\/h4>\n","protected":false},"excerpt":{"rendered":"<p>Eva Backlunds fj\u00e4rde diktsamling inneh\u00e5llande flera dikter med varierande inneh\u00e5ll. Klicka nedan p\u00e5 \u00f6nskad dikt. Mycket n\u00f6je! -Bland timjan och tok. -Glada Wappen! -Nya Nokia. -Det uppr\u00f6rda havet. -Armade krankar! -En tur i natur. &#8211;Sensommarmys. -Ung man i s\u00e4ngen. -H\u00f6stregnet. <a class=\"more-link\" href=\"https:\/\/www.kristinestadshistoria.fi\/?page_id=16671\">Forts\u00e4tt l\u00e4sa <span class=\"screen-reader-text\">  Evas dikter, samling nr 4.<\/span><span class=\"meta-nav\">&rarr;<\/span><\/a><\/p>\n","protected":false},"author":1,"featured_media":0,"parent":13097,"menu_order":4,"comment_status":"closed","ping_status":"closed","template":"","meta":{"footnotes":""},"class_list":["post-16671","page","type-page","status-publish","hentry"],"_links":{"self":[{"href":"https:\/\/www.kristinestadshistoria.fi\/index.php?rest_route=\/wp\/v2\/pages\/16671","targetHints":{"allow":["GET"]}}],"collection":[{"href":"https:\/\/www.kristinestadshistoria.fi\/index.php?rest_route=\/wp\/v2\/pages"}],"about":[{"href":"https:\/\/www.kristinestadshistoria.fi\/index.php?rest_route=\/wp\/v2\/types\/page"}],"author":[{"embeddable":true,"href":"https:\/\/www.kristinestadshistoria.fi\/index.php?rest_route=\/wp\/v2\/users\/1"}],"replies":[{"embeddable":true,"href":"https:\/\/www.kristinestadshistoria.fi\/index.php?rest_route=%2Fwp%2Fv2%2Fcomments&post=16671"}],"version-history":[{"count":25,"href":"https:\/\/www.kristinestadshistoria.fi\/index.php?rest_route=\/wp\/v2\/pages\/16671\/revisions"}],"predecessor-version":[{"id":20728,"href":"https:\/\/www.kristinestadshistoria.fi\/index.php?rest_route=\/wp\/v2\/pages\/16671\/revisions\/20728"}],"up":[{"embeddable":true,"href":"https:\/\/www.kristinestadshistoria.fi\/index.php?rest_route=\/wp\/v2\/pages\/13097"}],"wp:attachment":[{"href":"https:\/\/www.kristinestadshistoria.fi\/index.php?rest_route=%2Fwp%2Fv2%2Fmedia&parent=16671"}],"curies":[{"name":"wp","href":"https:\/\/api.w.org\/{rel}","templated":true}]}}