{"id":16310,"date":"2020-05-04T21:27:03","date_gmt":"2020-05-04T18:27:03","guid":{"rendered":"http:\/\/www.lassebacklund.fi\/?page_id=16310"},"modified":"2025-11-09T21:29:29","modified_gmt":"2025-11-09T19:29:29","slug":"kristinestads-handelsflotta","status":"publish","type":"page","link":"https:\/\/www.kristinestadshistoria.fi\/?page_id=16310","title":{"rendered":"Kristinestads handelsflotta."},"content":{"rendered":"<p><span style=\"font-size: 12.0pt; line-height: 115%; font-family: 'Helvetica','sans-serif';\">D\u00e5 handeln och seglationen blev fri fr\u00e5n alla begr\u00e4nsningar i slutet av 1700-talet, kunde handelsm\u00e4nnen och borgarna i Kristinestad konkurrera med de andra st\u00e4derna i Finland p\u00e5 samma villkor. F\u00f6rg\u00e5ngen var den tid d\u00e5 endast stapelst\u00e4derna hade r\u00e4tt att idka handel ocks\u00e5 med andra l\u00e4nder \u00e4n Sverige. Redarna l\u00e4t bygga stora segelfartyg, som ocks\u00e5 kunde segla p\u00e5 de st\u00f6rre haven och Kristinestads l\u00e4ge vid Bottenhavets kust var mycket b\u00e4ttre \u00e4n grannst\u00e4derna i norr. Den isfria seglationss\u00e4songen var l\u00e4ngre b\u00e5de p\u00e5 h\u00f6sten och p\u00e5 v\u00e5ren j\u00e4mf\u00f6rt med v\u00e4rsta konkurrenten Vasa, f\u00f6r att inte tala om Ule\u00e5borg.<\/span><\/p>\n<p><span style=\"font-size: 12.0pt; line-height: 115%; font-family: 'Helvetica','sans-serif';\">Kristinestads blomstringstid b\u00f6rjade i slutet av 1700-talet och fortsatte lysande \u00e4nda till 1860-1870-talet. Handeln utveckling var enorm i staden och i mitten av 1850-talet hade Kristinestad den tredje st\u00f6rsta handelsflottan i landet, efter \u00c5bo och Ule\u00e5borg.<\/span><\/p>\n<p><span style=\"font-size: 12.0pt; line-height: 115%; font-family: 'Helvetica','sans-serif';\">Om du vill l\u00e4sa mera om speciella h\u00e4ndelser i Kristinestads sj\u00f6fart, s\u00e5 skall du klicka p\u00e5 n\u00e5gon rubrik h\u00e4r under. Om du vill l\u00e4sa mera ing\u00e5ende om Kristinestad och dess sj\u00f6fart, b\u00f6r du skaffa eller l\u00e5na Christer Norrviks bok \u201dStad under segel\u201d, som utkom \u00e5r 1999.<\/span><\/p>\n<p><a class=\"fasc-button fasc-size-medium fasc-type-glossy fasc-rounded-medium\" style=\"background-color: #33809e; color: #ffffff;\" href=\"http:\/\/www.lassebacklund.fi\/?page_id=16313\">Ulricas v\u00e4rldsomsegling<\/a><\/p>\n","protected":false},"excerpt":{"rendered":"<p>D\u00e5 handeln och seglationen blev fri fr\u00e5n alla begr\u00e4nsningar i slutet av 1700-talet, kunde handelsm\u00e4nnen och borgarna i Kristinestad konkurrera med de andra st\u00e4derna i Finland p\u00e5 samma villkor. F\u00f6rg\u00e5ngen var den tid d\u00e5 endast stapelst\u00e4derna hade r\u00e4tt att idka <a class=\"more-link\" href=\"https:\/\/www.kristinestadshistoria.fi\/?page_id=16310\">Forts\u00e4tt l\u00e4sa <span class=\"screen-reader-text\">  Kristinestads handelsflotta.<\/span><span class=\"meta-nav\">&rarr;<\/span><\/a><\/p>\n","protected":false},"author":1,"featured_media":0,"parent":8025,"menu_order":60,"comment_status":"closed","ping_status":"closed","template":"","meta":{"footnotes":""},"class_list":["post-16310","page","type-page","status-publish","hentry"],"_links":{"self":[{"href":"https:\/\/www.kristinestadshistoria.fi\/index.php?rest_route=\/wp\/v2\/pages\/16310","targetHints":{"allow":["GET"]}}],"collection":[{"href":"https:\/\/www.kristinestadshistoria.fi\/index.php?rest_route=\/wp\/v2\/pages"}],"about":[{"href":"https:\/\/www.kristinestadshistoria.fi\/index.php?rest_route=\/wp\/v2\/types\/page"}],"author":[{"embeddable":true,"href":"https:\/\/www.kristinestadshistoria.fi\/index.php?rest_route=\/wp\/v2\/users\/1"}],"replies":[{"embeddable":true,"href":"https:\/\/www.kristinestadshistoria.fi\/index.php?rest_route=%2Fwp%2Fv2%2Fcomments&post=16310"}],"version-history":[{"count":4,"href":"https:\/\/www.kristinestadshistoria.fi\/index.php?rest_route=\/wp\/v2\/pages\/16310\/revisions"}],"predecessor-version":[{"id":16356,"href":"https:\/\/www.kristinestadshistoria.fi\/index.php?rest_route=\/wp\/v2\/pages\/16310\/revisions\/16356"}],"up":[{"embeddable":true,"href":"https:\/\/www.kristinestadshistoria.fi\/index.php?rest_route=\/wp\/v2\/pages\/8025"}],"wp:attachment":[{"href":"https:\/\/www.kristinestadshistoria.fi\/index.php?rest_route=%2Fwp%2Fv2%2Fmedia&parent=16310"}],"curies":[{"name":"wp","href":"https:\/\/api.w.org\/{rel}","templated":true}]}}