{"id":15972,"date":"2020-04-05T22:23:48","date_gmt":"2020-04-05T19:23:48","guid":{"rendered":"http:\/\/www.lassebacklund.fi\/?page_id=15972"},"modified":"2020-04-05T22:50:21","modified_gmt":"2020-04-05T19:50:21","slug":"15972-2","status":"publish","type":"page","link":"https:\/\/www.kristinestadshistoria.fi\/?page_id=15972","title":{"rendered":"November 2019"},"content":{"rendered":"<p><span style=\"color: #000080;\">Skrivet av Eva 27.11.2019:<\/span><\/p>\n<h6>November drar sina sista andetag,<\/h6>\n<h6>Det blir m\u00f6rkare och m\u00f6rkare fr\u00e5n dag till dag.<\/h6>\n<h6>Vad g\u00f6r vi f\u00f6r att m\u00f6rkret bem\u00e4stra?<\/h6>\n<h6>N\u00e5got annat \u00e4n att i S\u00f6dern semestra?<\/h6>\n<p>&nbsp;<\/p>\n<h6>Plockar fram ljus och extra lampor t\u00e4nder,<\/h6>\n<h6>b\u00f6rjar pynta till julen, litet i s\u00e4nder.<\/h6>\n<h6>L\u00e4ser den bok som finns p\u00e5 mitt nattygsbord,<\/h6>\n<h6>den jag har nu handlar om hemska mord.<\/h6>\n<p>&nbsp;<\/p>\n<h6>Tar en promenad och sjunger d\u00e4remellan,<\/h6>\n<h6>tycker det \u00e4r onsdag n\u00e4stan f\u00f6r s\u00e4llan.<\/h6>\n<h6>\u00d6var s\u00e5nger hemma f\u00f6r att p\u00e5 tonerna f\u00e5 kl\u00e4m<\/h6>\n<h6>och m\u00e5lar n\u00e4stomtar som alla har f\u00e5tt nya hem.<\/h6>\n<p>&nbsp;<\/p>\n<h6>\u00c4nnu i en m\u00e5nad vi m\u00e5ste h\u00e5lla ut<\/h6>\n<h6>och m\u00f6rkret tar ju inte p\u00e5 en g\u00e5ng slut.<\/h6>\n<h6>Men d\u00e5 kommer julen och vi f\u00e5r annat att t\u00e4nka p\u00e5<\/h6>\n<h6>s\u00e5 nog skall vi v\u00e4l \u00f6verleva detta \u00e5r ocks\u00e5.<\/h6>\n","protected":false},"excerpt":{"rendered":"<p>Skrivet av Eva 27.11.2019: November drar sina sista andetag, Det blir m\u00f6rkare och m\u00f6rkare fr\u00e5n dag till dag. Vad g\u00f6r vi f\u00f6r att m\u00f6rkret bem\u00e4stra? N\u00e5got annat \u00e4n att i S\u00f6dern semestra? &nbsp; Plockar fram ljus och extra lampor t\u00e4nder, <a class=\"more-link\" href=\"https:\/\/www.kristinestadshistoria.fi\/?page_id=15972\">Forts\u00e4tt l\u00e4sa <span class=\"screen-reader-text\">  November 2019<\/span><span class=\"meta-nav\">&rarr;<\/span><\/a><\/p>\n","protected":false},"author":1,"featured_media":0,"parent":13531,"menu_order":19,"comment_status":"closed","ping_status":"closed","template":"","meta":{"footnotes":""},"class_list":["post-15972","page","type-page","status-publish","hentry"],"_links":{"self":[{"href":"https:\/\/www.kristinestadshistoria.fi\/index.php?rest_route=\/wp\/v2\/pages\/15972","targetHints":{"allow":["GET"]}}],"collection":[{"href":"https:\/\/www.kristinestadshistoria.fi\/index.php?rest_route=\/wp\/v2\/pages"}],"about":[{"href":"https:\/\/www.kristinestadshistoria.fi\/index.php?rest_route=\/wp\/v2\/types\/page"}],"author":[{"embeddable":true,"href":"https:\/\/www.kristinestadshistoria.fi\/index.php?rest_route=\/wp\/v2\/users\/1"}],"replies":[{"embeddable":true,"href":"https:\/\/www.kristinestadshistoria.fi\/index.php?rest_route=%2Fwp%2Fv2%2Fcomments&post=15972"}],"version-history":[{"count":2,"href":"https:\/\/www.kristinestadshistoria.fi\/index.php?rest_route=\/wp\/v2\/pages\/15972\/revisions"}],"predecessor-version":[{"id":15974,"href":"https:\/\/www.kristinestadshistoria.fi\/index.php?rest_route=\/wp\/v2\/pages\/15972\/revisions\/15974"}],"up":[{"embeddable":true,"href":"https:\/\/www.kristinestadshistoria.fi\/index.php?rest_route=\/wp\/v2\/pages\/13531"}],"wp:attachment":[{"href":"https:\/\/www.kristinestadshistoria.fi\/index.php?rest_route=%2Fwp%2Fv2%2Fmedia&parent=15972"}],"curies":[{"name":"wp","href":"https:\/\/api.w.org\/{rel}","templated":true}]}}