{"id":15969,"date":"2020-04-05T22:19:10","date_gmt":"2020-04-05T19:19:10","guid":{"rendered":"http:\/\/www.lassebacklund.fi\/?page_id=15969"},"modified":"2020-04-05T22:44:30","modified_gmt":"2020-04-05T19:44:30","slug":"solen-lyser-in","status":"publish","type":"page","link":"https:\/\/www.kristinestadshistoria.fi\/?page_id=15969","title":{"rendered":"Solen lyser in"},"content":{"rendered":"<p><span style=\"color: #000080;\">Skrivet av Eva 7.3.2019:<\/span><\/p>\n<h6>Solen lyser in, avsl\u00f6jar dammet p\u00e5 v\u00e5rt golv,<\/h6>\n<h6>en svanplog fl\u00f6g \u00f6ver g\u00e5rden, jag r\u00e4kna dem till tolv.<\/h6>\n<h6>P\u00e5 cykelbanan \u00e4r ytan sn\u00f6fri, v\u00e5t och svart<\/h6>\n<h6>borta \u00e4r sp\u00e5ren efter en skuttande harpalt.<\/h6>\n<p>&nbsp;<\/p>\n<h6>Titor och mesar sjunger och kvittrar,<\/h6>\n<h6>skatorna flyger parvis, leker och kurtiserar.<\/h6>\n<h6>Termometern visar n\u00e5gra grader p\u00e5 plus<\/h6>\n<h6>och sn\u00f6n den sm\u00e4lter p\u00e5 taket av v\u00e5rt hus.<\/h6>\n<p>&nbsp;<\/p>\n<h6>En fluga satt d\u00e4r ute p\u00e5 rutan av ett f\u00f6nster,<\/h6>\n<h6>borta \u00e4r isblommornas vinterm\u00f6nster.<\/h6>\n<h6>Jag h\u00e4ngde ut lakan, premi\u00e4r f\u00f6r detta \u00e5r<\/h6>\n<h6>det betyder att vi absolut g\u00e5r mot v\u00e5r!<\/h6>\n","protected":false},"excerpt":{"rendered":"<p>Skrivet av Eva 7.3.2019: Solen lyser in, avsl\u00f6jar dammet p\u00e5 v\u00e5rt golv, en svanplog fl\u00f6g \u00f6ver g\u00e5rden, jag r\u00e4kna dem till tolv. P\u00e5 cykelbanan \u00e4r ytan sn\u00f6fri, v\u00e5t och svart borta \u00e4r sp\u00e5ren efter en skuttande harpalt. &nbsp; Titor och <a class=\"more-link\" href=\"https:\/\/www.kristinestadshistoria.fi\/?page_id=15969\">Forts\u00e4tt l\u00e4sa <span class=\"screen-reader-text\">  Solen lyser in<\/span><span class=\"meta-nav\">&rarr;<\/span><\/a><\/p>\n","protected":false},"author":1,"featured_media":0,"parent":13531,"menu_order":9,"comment_status":"closed","ping_status":"closed","template":"","meta":{"footnotes":""},"class_list":["post-15969","page","type-page","status-publish","hentry"],"_links":{"self":[{"href":"https:\/\/www.kristinestadshistoria.fi\/index.php?rest_route=\/wp\/v2\/pages\/15969","targetHints":{"allow":["GET"]}}],"collection":[{"href":"https:\/\/www.kristinestadshistoria.fi\/index.php?rest_route=\/wp\/v2\/pages"}],"about":[{"href":"https:\/\/www.kristinestadshistoria.fi\/index.php?rest_route=\/wp\/v2\/types\/page"}],"author":[{"embeddable":true,"href":"https:\/\/www.kristinestadshistoria.fi\/index.php?rest_route=\/wp\/v2\/users\/1"}],"replies":[{"embeddable":true,"href":"https:\/\/www.kristinestadshistoria.fi\/index.php?rest_route=%2Fwp%2Fv2%2Fcomments&post=15969"}],"version-history":[{"count":1,"href":"https:\/\/www.kristinestadshistoria.fi\/index.php?rest_route=\/wp\/v2\/pages\/15969\/revisions"}],"predecessor-version":[{"id":15970,"href":"https:\/\/www.kristinestadshistoria.fi\/index.php?rest_route=\/wp\/v2\/pages\/15969\/revisions\/15970"}],"up":[{"embeddable":true,"href":"https:\/\/www.kristinestadshistoria.fi\/index.php?rest_route=\/wp\/v2\/pages\/13531"}],"wp:attachment":[{"href":"https:\/\/www.kristinestadshistoria.fi\/index.php?rest_route=%2Fwp%2Fv2%2Fmedia&parent=15969"}],"curies":[{"name":"wp","href":"https:\/\/api.w.org\/{rel}","templated":true}]}}