{"id":15962,"date":"2020-04-05T22:05:56","date_gmt":"2020-04-05T19:05:56","guid":{"rendered":"http:\/\/www.lassebacklund.fi\/?page_id=15962"},"modified":"2020-04-05T22:48:40","modified_gmt":"2020-04-05T19:48:40","slug":"det-borde-vara-vinter","status":"publish","type":"page","link":"https:\/\/www.kristinestadshistoria.fi\/?page_id=15962","title":{"rendered":"Det borde vara vinter&#8230;"},"content":{"rendered":"<h6><span style=\"color: #000080;\">Skrivet av Eva 26.1.2020.<\/span><\/h6>\n<p>&nbsp;<\/p>\n<h6>Vi lever i en tid som borde kallas vinter<\/h6>\n<h6>men varken sparkmedarna eller skidorna slinter.<\/h6>\n<h6>Jag som vill f\u00e5 frisk luft i b\u00e5de ur och skur<\/h6>\n<h6>tog min k\u00e4ra cykel och for iv\u00e4g p\u00e5 en tur.<\/h6>\n<p>&nbsp;<\/p>\n<h6>En plog med vita svanar, tror de var fem<\/h6>\n<h6>trumpetade och fl\u00f6g, p\u00e5 v\u00e4g bort eller hem?<\/h6>\n<h6>Videkissor vita lyste lite varstans,<\/h6>\n<h6>borde ha plockat och gjort en ny d\u00f6rrkrans.<\/h6>\n<p>&nbsp;<\/p>\n<h6>Det g\u00e5r bra att cykla bara man inte t\u00e4nker<\/h6>\n<h6>att det kan vara halt det som p\u00e5 v\u00e4gen bl\u00e4nker.<\/h6>\n<h6>Skulle ta en paus och n\u00e5gra foton kn\u00e4ppa<\/h6>\n<h6>och just som jag bromsa jag k\u00e4nde d\u00e4cken sl\u00e4ppa.<\/h6>\n<p>&nbsp;<\/p>\n<h6>Men farten den var l\u00e5g och ingenting v\u00e4rre h\u00e4nde<\/h6>\n<h6>\u00e4n att jag cykeln n\u00e4stan uppochner v\u00e4nde.<\/h6>\n<h6>D\u00e4refter gick f\u00e4rden i sakta snigelfart<\/h6>\n<h6>tills jag kom fram d\u00e4r det var isfritt och bart!<\/h6>\n","protected":false},"excerpt":{"rendered":"<p>Skrivet av Eva 26.1.2020. &nbsp; Vi lever i en tid som borde kallas vinter men varken sparkmedarna eller skidorna slinter. Jag som vill f\u00e5 frisk luft i b\u00e5de ur och skur tog min k\u00e4ra cykel och for iv\u00e4g p\u00e5 en <a class=\"more-link\" href=\"https:\/\/www.kristinestadshistoria.fi\/?page_id=15962\">Forts\u00e4tt l\u00e4sa <span class=\"screen-reader-text\">  Det borde vara vinter&#8230;<\/span><span class=\"meta-nav\">&rarr;<\/span><\/a><\/p>\n","protected":false},"author":1,"featured_media":0,"parent":13531,"menu_order":15,"comment_status":"closed","ping_status":"closed","template":"","meta":{"footnotes":""},"class_list":["post-15962","page","type-page","status-publish","hentry"],"_links":{"self":[{"href":"https:\/\/www.kristinestadshistoria.fi\/index.php?rest_route=\/wp\/v2\/pages\/15962","targetHints":{"allow":["GET"]}}],"collection":[{"href":"https:\/\/www.kristinestadshistoria.fi\/index.php?rest_route=\/wp\/v2\/pages"}],"about":[{"href":"https:\/\/www.kristinestadshistoria.fi\/index.php?rest_route=\/wp\/v2\/types\/page"}],"author":[{"embeddable":true,"href":"https:\/\/www.kristinestadshistoria.fi\/index.php?rest_route=\/wp\/v2\/users\/1"}],"replies":[{"embeddable":true,"href":"https:\/\/www.kristinestadshistoria.fi\/index.php?rest_route=%2Fwp%2Fv2%2Fcomments&post=15962"}],"version-history":[{"count":2,"href":"https:\/\/www.kristinestadshistoria.fi\/index.php?rest_route=\/wp\/v2\/pages\/15962\/revisions"}],"predecessor-version":[{"id":15964,"href":"https:\/\/www.kristinestadshistoria.fi\/index.php?rest_route=\/wp\/v2\/pages\/15962\/revisions\/15964"}],"up":[{"embeddable":true,"href":"https:\/\/www.kristinestadshistoria.fi\/index.php?rest_route=\/wp\/v2\/pages\/13531"}],"wp:attachment":[{"href":"https:\/\/www.kristinestadshistoria.fi\/index.php?rest_route=%2Fwp%2Fv2%2Fmedia&parent=15962"}],"curies":[{"name":"wp","href":"https:\/\/api.w.org\/{rel}","templated":true}]}}