{"id":15959,"date":"2020-04-05T19:13:40","date_gmt":"2020-04-05T16:13:40","guid":{"rendered":"http:\/\/www.lassebacklund.fi\/?page_id=15959"},"modified":"2020-04-05T19:13:40","modified_gmt":"2020-04-05T16:13:40","slug":"leve-finland","status":"publish","type":"page","link":"https:\/\/www.kristinestadshistoria.fi\/?page_id=15959","title":{"rendered":"Leve Finland"},"content":{"rendered":"<h6>Visst har vi det bra vi som bor i Finland<\/h6>\n<h6>trots det vi marrar och klagar ibland.<\/h6>\n<h6>P\u00e5 chefernas h\u00f6ga l\u00f6ner och d\u00e5lig postg\u00e5ng,<\/h6>\n<h6>tv-bilden som fryser och vintern \u00e4r alltf\u00f6r l\u00e5ng.<\/h6>\n<p>&nbsp;<\/p>\n<h6>Barnen f\u00e5r varm mat i skolan helt gratis,<\/h6>\n<h6>br\u00f6d och mj\u00f6lk, inte bara ris och potatis.<\/h6>\n<h6>Babyl\u00e5dan \u00e4r b\u00e5de unikt och stort<\/h6>\n<h6>och den har ut i v\u00e4rlden g\u00e5tt p\u00e5 export.<\/h6>\n<p>&nbsp;<\/p>\n<h6>Allemansr\u00e4tten, den \u00e4r ju unik<\/h6>\n<h6>att f\u00e5 r\u00f6ra sig fritt i naturen fin och rik.<\/h6>\n","protected":false},"excerpt":{"rendered":"<p>Visst har vi det bra vi som bor i Finland trots det vi marrar och klagar ibland. P\u00e5 chefernas h\u00f6ga l\u00f6ner och d\u00e5lig postg\u00e5ng, tv-bilden som fryser och vintern \u00e4r alltf\u00f6r l\u00e5ng. &nbsp; Barnen f\u00e5r varm mat i skolan helt <a class=\"more-link\" href=\"https:\/\/www.kristinestadshistoria.fi\/?page_id=15959\">Forts\u00e4tt l\u00e4sa <span class=\"screen-reader-text\">  Leve Finland<\/span><span class=\"meta-nav\">&rarr;<\/span><\/a><\/p>\n","protected":false},"author":1,"featured_media":0,"parent":13531,"menu_order":18,"comment_status":"closed","ping_status":"closed","template":"","meta":{"footnotes":""},"class_list":["post-15959","page","type-page","status-publish","hentry"],"_links":{"self":[{"href":"https:\/\/www.kristinestadshistoria.fi\/index.php?rest_route=\/wp\/v2\/pages\/15959","targetHints":{"allow":["GET"]}}],"collection":[{"href":"https:\/\/www.kristinestadshistoria.fi\/index.php?rest_route=\/wp\/v2\/pages"}],"about":[{"href":"https:\/\/www.kristinestadshistoria.fi\/index.php?rest_route=\/wp\/v2\/types\/page"}],"author":[{"embeddable":true,"href":"https:\/\/www.kristinestadshistoria.fi\/index.php?rest_route=\/wp\/v2\/users\/1"}],"replies":[{"embeddable":true,"href":"https:\/\/www.kristinestadshistoria.fi\/index.php?rest_route=%2Fwp%2Fv2%2Fcomments&post=15959"}],"version-history":[{"count":1,"href":"https:\/\/www.kristinestadshistoria.fi\/index.php?rest_route=\/wp\/v2\/pages\/15959\/revisions"}],"predecessor-version":[{"id":15960,"href":"https:\/\/www.kristinestadshistoria.fi\/index.php?rest_route=\/wp\/v2\/pages\/15959\/revisions\/15960"}],"up":[{"embeddable":true,"href":"https:\/\/www.kristinestadshistoria.fi\/index.php?rest_route=\/wp\/v2\/pages\/13531"}],"wp:attachment":[{"href":"https:\/\/www.kristinestadshistoria.fi\/index.php?rest_route=%2Fwp%2Fv2%2Fmedia&parent=15959"}],"curies":[{"name":"wp","href":"https:\/\/api.w.org\/{rel}","templated":true}]}}