{"id":15953,"date":"2020-04-05T18:57:31","date_gmt":"2020-04-05T15:57:31","guid":{"rendered":"http:\/\/www.lassebacklund.fi\/?page_id=15953"},"modified":"2020-04-05T22:47:34","modified_gmt":"2020-04-05T19:47:34","slug":"fyrtiofem-ar-i-dag","status":"publish","type":"page","link":"https:\/\/www.kristinestadshistoria.fi\/?page_id=15953","title":{"rendered":"Fyrtiofem \u00e5r i dag"},"content":{"rendered":"<p><span style=\"color: #000080; font-family: 'Helvetica','sans-serif';\">Skrivet av Eva 14.12.2019:<\/span><\/p>\n<p><span style=\"font-family: 'Helvetica','sans-serif'; color: #1c1e21;\">Tack min k\u00e4re make och \u00e4lskade v\u00e4n<br \/>\ntill \u00e5ren som i dag blir fyrtiofem<br \/>\nsen vi tr\u00e4ffades p\u00e5 lokalen i Yttermark by,<br \/>\nen bekantskap som f\u00f6r mig var trevlig och ny.<\/span><\/p>\n<p><span style=\"font-family: 'Helvetica','sans-serif'; color: #1c1e21;\">Med dig \u00e4r jag lycklig och k\u00e4nner mig trygg,<br \/>\nvi har levt v\u00e5ra liv som s\u00e4rk och rygg.<br \/>\nF\u00f6rst var det bara vi men nu \u00e4r vi tolv<br \/>\nsom p\u00e5 juldagen kommer att trampa p\u00e5 v\u00e5rt golv.<\/span><\/p>\n<p><span style=\"font-family: 'Helvetica','sans-serif'; color: #1c1e21;\">I vardagslunken, det som kallas livet<br \/>\nman tar varandra och gemenskapen f\u00f6r givet.<br \/>\nMen ju \u00e4ldre vi blir dess sk\u00f6rare \u00e4r v\u00e5r lycka,<br \/>\natt ha en v\u00e4n vid sin sida som st\u00f6d och levnadskrycka.<\/span><\/p>\n<p><span style=\"font-family: 'Helvetica','sans-serif'; color: #1c1e21;\">D\u00e4rf\u00f6r jag i dag skriver dessa ord till dig:<br \/>\nTack k\u00e4ra Lasse, du \u00e4r den b\u00e4sta f\u00f6r mig!<\/span><\/p>\n","protected":false},"excerpt":{"rendered":"<p>Skrivet av Eva 14.12.2019: Tack min k\u00e4re make och \u00e4lskade v\u00e4n till \u00e5ren som i dag blir fyrtiofem sen vi tr\u00e4ffades p\u00e5 lokalen i Yttermark by, en bekantskap som f\u00f6r mig var trevlig och ny. Med dig \u00e4r jag lycklig <a class=\"more-link\" href=\"https:\/\/www.kristinestadshistoria.fi\/?page_id=15953\">Forts\u00e4tt l\u00e4sa <span class=\"screen-reader-text\">  Fyrtiofem \u00e5r i dag<\/span><span class=\"meta-nav\">&rarr;<\/span><\/a><\/p>\n","protected":false},"author":1,"featured_media":0,"parent":13531,"menu_order":12,"comment_status":"closed","ping_status":"closed","template":"","meta":{"footnotes":""},"class_list":["post-15953","page","type-page","status-publish","hentry"],"_links":{"self":[{"href":"https:\/\/www.kristinestadshistoria.fi\/index.php?rest_route=\/wp\/v2\/pages\/15953","targetHints":{"allow":["GET"]}}],"collection":[{"href":"https:\/\/www.kristinestadshistoria.fi\/index.php?rest_route=\/wp\/v2\/pages"}],"about":[{"href":"https:\/\/www.kristinestadshistoria.fi\/index.php?rest_route=\/wp\/v2\/types\/page"}],"author":[{"embeddable":true,"href":"https:\/\/www.kristinestadshistoria.fi\/index.php?rest_route=\/wp\/v2\/users\/1"}],"replies":[{"embeddable":true,"href":"https:\/\/www.kristinestadshistoria.fi\/index.php?rest_route=%2Fwp%2Fv2%2Fcomments&post=15953"}],"version-history":[{"count":2,"href":"https:\/\/www.kristinestadshistoria.fi\/index.php?rest_route=\/wp\/v2\/pages\/15953\/revisions"}],"predecessor-version":[{"id":15955,"href":"https:\/\/www.kristinestadshistoria.fi\/index.php?rest_route=\/wp\/v2\/pages\/15953\/revisions\/15955"}],"up":[{"embeddable":true,"href":"https:\/\/www.kristinestadshistoria.fi\/index.php?rest_route=\/wp\/v2\/pages\/13531"}],"wp:attachment":[{"href":"https:\/\/www.kristinestadshistoria.fi\/index.php?rest_route=%2Fwp%2Fv2%2Fmedia&parent=15953"}],"curies":[{"name":"wp","href":"https:\/\/api.w.org\/{rel}","templated":true}]}}