{"id":15943,"date":"2020-04-05T18:34:52","date_gmt":"2020-04-05T15:34:52","guid":{"rendered":"http:\/\/www.lassebacklund.fi\/?page_id=15943"},"modified":"2020-04-05T22:49:05","modified_gmt":"2020-04-05T19:49:05","slug":"du-ar-nummer-tva","status":"publish","type":"page","link":"https:\/\/www.kristinestadshistoria.fi\/?page_id=15943","title":{"rendered":"Du \u00e4r nummer tv\u00e5!"},"content":{"rendered":"<p><span style=\"font-size: 12.0pt; line-height: 115%; font-family: 'Helvetica','sans-serif'; color: #1c1e21; background: white;\">Du kommer alltid att vara nummer tv\u00e5,<\/span><span style=\"font-size: 12.0pt; line-height: 115%; font-family: 'Helvetica','sans-serif'; color: #1c1e21;\"><br \/>\ndessutom \u00e4r du ju kortast ocks\u00e5.<br \/>\nDu \u00e4r oftast sn\u00f6rik och kan vara riktigt kall,<br \/>\ns\u00e5 brukar det ju vara i normala fall.<br \/>\n<\/span><\/p>\n<p><span style=\"font-size: 12.0pt; line-height: 115%; font-family: 'Helvetica','sans-serif'; color: #1c1e21;\">Men detta \u00e5r \u00e4r ingenting som det borde vara<br \/>\noch du s\u00e4llar dig till den onormalas skara.<br \/>\nEn extra dag du i \u00e5r har f\u00e5tt,<br \/>\nsen senast har det redan fyra \u00e5r g\u00e5tt.<br \/>\n<\/span><\/p>\n<p><span style=\"font-size: 12.0pt; line-height: 115%; font-family: 'Helvetica','sans-serif'; color: #1c1e21;\">N\u00e4r du anl\u00e4nder vi mot v\u00e5ren har kommit en bit<br \/>\nS\u00e5 k\u00e4ra Februari, v\u00e4lkommen hit!<\/span><\/p>\n","protected":false},"excerpt":{"rendered":"<p>Du kommer alltid att vara nummer tv\u00e5, dessutom \u00e4r du ju kortast ocks\u00e5. Du \u00e4r oftast sn\u00f6rik och kan vara riktigt kall, s\u00e5 brukar det ju vara i normala fall. Men detta \u00e5r \u00e4r ingenting som det borde vara och <a class=\"more-link\" href=\"https:\/\/www.kristinestadshistoria.fi\/?page_id=15943\">Forts\u00e4tt l\u00e4sa <span class=\"screen-reader-text\">  Du \u00e4r nummer tv\u00e5!<\/span><span class=\"meta-nav\">&rarr;<\/span><\/a><\/p>\n","protected":false},"author":1,"featured_media":0,"parent":13531,"menu_order":16,"comment_status":"closed","ping_status":"closed","template":"","meta":{"footnotes":""},"class_list":["post-15943","page","type-page","status-publish","hentry"],"_links":{"self":[{"href":"https:\/\/www.kristinestadshistoria.fi\/index.php?rest_route=\/wp\/v2\/pages\/15943","targetHints":{"allow":["GET"]}}],"collection":[{"href":"https:\/\/www.kristinestadshistoria.fi\/index.php?rest_route=\/wp\/v2\/pages"}],"about":[{"href":"https:\/\/www.kristinestadshistoria.fi\/index.php?rest_route=\/wp\/v2\/types\/page"}],"author":[{"embeddable":true,"href":"https:\/\/www.kristinestadshistoria.fi\/index.php?rest_route=\/wp\/v2\/users\/1"}],"replies":[{"embeddable":true,"href":"https:\/\/www.kristinestadshistoria.fi\/index.php?rest_route=%2Fwp%2Fv2%2Fcomments&post=15943"}],"version-history":[{"count":1,"href":"https:\/\/www.kristinestadshistoria.fi\/index.php?rest_route=\/wp\/v2\/pages\/15943\/revisions"}],"predecessor-version":[{"id":15944,"href":"https:\/\/www.kristinestadshistoria.fi\/index.php?rest_route=\/wp\/v2\/pages\/15943\/revisions\/15944"}],"up":[{"embeddable":true,"href":"https:\/\/www.kristinestadshistoria.fi\/index.php?rest_route=\/wp\/v2\/pages\/13531"}],"wp:attachment":[{"href":"https:\/\/www.kristinestadshistoria.fi\/index.php?rest_route=%2Fwp%2Fv2%2Fmedia&parent=15943"}],"curies":[{"name":"wp","href":"https:\/\/api.w.org\/{rel}","templated":true}]}}