{"id":15926,"date":"2020-04-05T17:39:19","date_gmt":"2020-04-05T14:39:19","guid":{"rendered":"http:\/\/www.lassebacklund.fi\/?page_id=15926"},"modified":"2020-04-05T22:51:17","modified_gmt":"2020-04-05T19:51:17","slug":"mars-2020","status":"publish","type":"page","link":"https:\/\/www.kristinestadshistoria.fi\/?page_id=15926","title":{"rendered":"Mars 2020."},"content":{"rendered":"<p><span style=\"color: #000080;\">Diktat av Eva 1 april 2020:<\/span><\/p>\n<p><span style=\"font-family: 'Helvetica','sans-serif'; color: #1c1e21;\">Vi v\u00e4nder ett blad och b\u00f6rjar om p\u00e5 nytt,<br \/>\nkommer knappast att sakna m\u00e5naden som flytt.<br \/>\nDen blev s\u00e5 konstig med alla restriktioner<br \/>\nen efter en st\u00e4ngdes samh\u00e4llets funktioner.<\/span><\/p>\n<p><span style=\"font-family: 'Helvetica','sans-serif'; color: #1c1e21;\">Teatrar och bibliotek, skolor och simhallar<br \/>\nfick ej tr\u00e4ffa gelikerna som sjunger och trallar.<br \/>\nEnsamma vi vandrade l\u00e4ngs v\u00e4gar och gator<br \/>\nkollade in flyttf\u00e5glar och f\u00e4rggranna skator.<\/span><\/p>\n<p><span style=\"font-family: 'Helvetica','sans-serif'; color: #1c1e21;\">Till butiken skulle vi g\u00e5 snabbt och s\u00e4llan<br \/>\ndu \u00f6ver 70 hamnade i riskgruppsf\u00e4llan.<br \/>\nNyheterna handlade bara om en enda sak<br \/>\nMars 2020 far din v\u00e4g och kom aldrig tillbak!<\/span><\/p>\n<p><img loading=\"lazy\" decoding=\"async\" class=\"alignnone wp-image-15925\" src=\"http:\/\/www.lassebacklund.fi\/wp-content\/uploads\/2020\/04\/Mars-2020-scaled.jpg\" alt=\"\" width=\"473\" height=\"621\" \/><\/p>\n<p><span style=\"font-family: 'Helvetica','sans-serif'; color: #1c1e21;\">\u00a0<\/span><\/p>\n","protected":false},"excerpt":{"rendered":"<p>Diktat av Eva 1 april 2020: Vi v\u00e4nder ett blad och b\u00f6rjar om p\u00e5 nytt, kommer knappast att sakna m\u00e5naden som flytt. Den blev s\u00e5 konstig med alla restriktioner en efter en st\u00e4ngdes samh\u00e4llets funktioner. Teatrar och bibliotek, skolor och <a class=\"more-link\" href=\"https:\/\/www.kristinestadshistoria.fi\/?page_id=15926\">Forts\u00e4tt l\u00e4sa <span class=\"screen-reader-text\">  Mars 2020.<\/span><span class=\"meta-nav\">&rarr;<\/span><\/a><\/p>\n","protected":false},"author":1,"featured_media":0,"parent":13531,"menu_order":21,"comment_status":"closed","ping_status":"closed","template":"","meta":{"footnotes":""},"class_list":["post-15926","page","type-page","status-publish","hentry"],"_links":{"self":[{"href":"https:\/\/www.kristinestadshistoria.fi\/index.php?rest_route=\/wp\/v2\/pages\/15926","targetHints":{"allow":["GET"]}}],"collection":[{"href":"https:\/\/www.kristinestadshistoria.fi\/index.php?rest_route=\/wp\/v2\/pages"}],"about":[{"href":"https:\/\/www.kristinestadshistoria.fi\/index.php?rest_route=\/wp\/v2\/types\/page"}],"author":[{"embeddable":true,"href":"https:\/\/www.kristinestadshistoria.fi\/index.php?rest_route=\/wp\/v2\/users\/1"}],"replies":[{"embeddable":true,"href":"https:\/\/www.kristinestadshistoria.fi\/index.php?rest_route=%2Fwp%2Fv2%2Fcomments&post=15926"}],"version-history":[{"count":2,"href":"https:\/\/www.kristinestadshistoria.fi\/index.php?rest_route=\/wp\/v2\/pages\/15926\/revisions"}],"predecessor-version":[{"id":15929,"href":"https:\/\/www.kristinestadshistoria.fi\/index.php?rest_route=\/wp\/v2\/pages\/15926\/revisions\/15929"}],"up":[{"embeddable":true,"href":"https:\/\/www.kristinestadshistoria.fi\/index.php?rest_route=\/wp\/v2\/pages\/13531"}],"wp:attachment":[{"href":"https:\/\/www.kristinestadshistoria.fi\/index.php?rest_route=%2Fwp%2Fv2%2Fmedia&parent=15926"}],"curies":[{"name":"wp","href":"https:\/\/api.w.org\/{rel}","templated":true}]}}