{"id":15672,"date":"2020-03-02T21:25:32","date_gmt":"2020-03-02T19:25:32","guid":{"rendered":"http:\/\/www.lassebacklund.fi\/?page_id=15672"},"modified":"2024-07-03T15:15:28","modified_gmt":"2024-07-03T12:15:28","slug":"gravarna-under-kyrkans-golv","status":"publish","type":"page","link":"https:\/\/www.kristinestadshistoria.fi\/?page_id=15672","title":{"rendered":"Gravarna under kyrkans golv."},"content":{"rendered":"<p><span style=\"color: #000080;\">H\u00e5kan Olin renskrev i tiderna en skrift av Comminister Carl Aspegren fr\u00e5n \u00e5r 1752. Skriften upptog namnet p\u00e5 alla de som fram till mitten av 1700-talet hade begravts under golvet p\u00e5 Ulrika Eleonorakyrkan. Efter 1774 var det inte l\u00e4ngre m\u00f6jligt att bli begraven under kyrkans golv. Denna utredning publicerades i tidningen Syd-\u00d6sterbotten 6.1.1989.<\/span><\/p>\n<h4><strong>I koret.<\/strong><\/h4>\n<h6>-p\u00e5 s\u00f6dra sidan om altaret \u00e4r Hr Johan Bachsters och dennes arvingars grav.<\/h6>\n<h6>-mitt emot altaret handlanden Hanelius grav.<\/h6>\n<h6>-bredvid norr om \u00e4r handelsmans Hans Bergs grav.<\/h6>\n<h6>-norr om altaret H. C. Lebells grav.<\/h6>\n<h6>-mitt under sakristians d\u00f6rr handlande Abram B\u00e4ckmans grav.<\/h6>\n<h4><\/h4>\n<h4><strong>I kyrkan under herrarnas b\u00e4nkar.<\/strong><\/h4>\n<h6>-nr 1.2.3 Anders Persons grav.<\/h6>\n<h6>-nr 4.5.6. Anders Holm och Haquerins \u00e4nka.<\/h6>\n<h6>-nr 7.8.9. Jakob Hinders, H\u00f6rer till Hans H\u00e4ggman, Anders Silverling och Carl Troutsmeisters \u00e4r arvingar.<\/h6>\n<h6>-nr 11.not tv\u00e4rg\u00e5ngen Mats Jonson Bergs sterbhus.<\/h6>\n<h6>-nr 12.13. Mats B\u00e4ckstr\u00f6ms sterbhus.<\/h6>\n<h6>-nr 14.15.16 och 17. Handelsman Eric Holmstr\u00f6m.<\/h6>\n<h6>-nr 18.19. som g\u00e5r om s\u00f6dra tornfoten k\u00f6ptes av R\u00e5d. Matts Brunck den 10 december 1753.<\/h6>\n<h4><\/h4>\n<h4><strong>Mitt p\u00e5 g\u00e5ngen fr\u00e5n koret r\u00e4knat.<\/strong><\/h4>\n<h6>-Handlande Uddmans grav.<\/h6>\n<h6>-T\u00f6rns eller Scheppers grav.<\/h6>\n<h6>-Johan M\u00e5ngs arvtagare. Strandm\u00e4nnerne Hans och Matts Walbergs och Yttermans \u00e4nkas grav.<\/h6>\n<h6>&#8211;H. Dan. Hambergs, nu Johan Bergs \u00e4nka tillh\u00f6rig.<\/h6>\n<h6>-Dan. Forsbergs, Joh. \u00c5kerbergs \u00e4nkas grav.<\/h6>\n<h6>-Lars Larsons eller Westm\u00e4nnerne And. och Jacobs och Fred. H\u00f6der junior.<\/h6>\n<h4><\/h4>\n<h4><strong>I Tornfoten.<\/strong><\/h4>\n<h6>-s\u00f6dra sidan Anders Jons arvingar, And. Enroth och Jos. Asplund.<\/h6>\n<h6>-norra sidan R\u00e5dman Nils Larson.<\/h6>\n<h4><\/h4>\n<h4><strong>I kyrkan under kvinnornas b\u00e4nkar.<\/strong><\/h4>\n<h6>-nr 1.2.3. k\u00f6ptes av R\u00e5dman Matts Brunck 1753.<\/h6>\n<h6>-nr 4.5.6. handlande Hind. Lukassons arvingar. Comministern herr Carl Aspegren och Petter Uddmans grav.<\/h6>\n<h6>-nr 7.8.9. Beckuddens, nu Anders Holm tillh\u00f6rig, k\u00f6pt p\u00e5 auktion.<\/h6>\n<h6>-nr 10.11.12. Carl Turins.<\/h6>\n<h6>-nr 13.14.15. Grels Grelsons vars arvingar \u00e4r Matts Bi\u00f6rkman, Jakob Grelsons \u00e4nka, Eric Nyman, Hind. Jacobsons \u00e4nka.<\/h6>\n<h6>-nr 16.17.18. Jak. Markusons arvingar. Carl Lund. Jakob Strandman.<\/h6>\n<h6>-nr 19 och 20 som g\u00e5r norr om tornfoten M\u00e4ster Johan Gregorius.<\/h6>\n","protected":false},"excerpt":{"rendered":"<p>H\u00e5kan Olin renskrev i tiderna en skrift av Comminister Carl Aspegren fr\u00e5n \u00e5r 1752. Skriften upptog namnet p\u00e5 alla de som fram till mitten av 1700-talet hade begravts under golvet p\u00e5 Ulrika Eleonorakyrkan. Efter 1774 var det inte l\u00e4ngre m\u00f6jligt <a class=\"more-link\" href=\"https:\/\/www.kristinestadshistoria.fi\/?page_id=15672\">Forts\u00e4tt l\u00e4sa <span class=\"screen-reader-text\">  Gravarna under kyrkans golv.<\/span><span class=\"meta-nav\">&rarr;<\/span><\/a><\/p>\n","protected":false},"author":1,"featured_media":0,"parent":10623,"menu_order":10,"comment_status":"closed","ping_status":"closed","template":"","meta":{"footnotes":""},"class_list":["post-15672","page","type-page","status-publish","hentry"],"_links":{"self":[{"href":"https:\/\/www.kristinestadshistoria.fi\/index.php?rest_route=\/wp\/v2\/pages\/15672","targetHints":{"allow":["GET"]}}],"collection":[{"href":"https:\/\/www.kristinestadshistoria.fi\/index.php?rest_route=\/wp\/v2\/pages"}],"about":[{"href":"https:\/\/www.kristinestadshistoria.fi\/index.php?rest_route=\/wp\/v2\/types\/page"}],"author":[{"embeddable":true,"href":"https:\/\/www.kristinestadshistoria.fi\/index.php?rest_route=\/wp\/v2\/users\/1"}],"replies":[{"embeddable":true,"href":"https:\/\/www.kristinestadshistoria.fi\/index.php?rest_route=%2Fwp%2Fv2%2Fcomments&post=15672"}],"version-history":[{"count":5,"href":"https:\/\/www.kristinestadshistoria.fi\/index.php?rest_route=\/wp\/v2\/pages\/15672\/revisions"}],"predecessor-version":[{"id":28647,"href":"https:\/\/www.kristinestadshistoria.fi\/index.php?rest_route=\/wp\/v2\/pages\/15672\/revisions\/28647"}],"up":[{"embeddable":true,"href":"https:\/\/www.kristinestadshistoria.fi\/index.php?rest_route=\/wp\/v2\/pages\/10623"}],"wp:attachment":[{"href":"https:\/\/www.kristinestadshistoria.fi\/index.php?rest_route=%2Fwp%2Fv2%2Fmedia&parent=15672"}],"curies":[{"name":"wp","href":"https:\/\/api.w.org\/{rel}","templated":true}]}}