{"id":15603,"date":"2020-01-29T21:38:09","date_gmt":"2020-01-29T19:38:09","guid":{"rendered":"http:\/\/www.lassebacklund.fi\/?page_id=15603"},"modified":"2020-01-29T22:24:32","modified_gmt":"2020-01-29T20:24:32","slug":"misstankt-for-inbrott-i-westbotnia-i-lappfjard","status":"publish","type":"page","link":"https:\/\/www.kristinestadshistoria.fi\/?page_id=15603","title":{"rendered":"Misst\u00e4nkt f\u00f6r inbrott i Westbotnia i Lappfj\u00e4rd."},"content":{"rendered":"<p><span style=\"color: #000080;\"><b>Nedtecknat av Lasse Backlund i januari 2020:<\/b><\/span><\/p>\n<p><b><\/b>I januari 1988 ringde Olle fr\u00e5n Korsholm och ville komma p\u00e5 bes\u00f6k till Dagsmark. Olle var k\u00f6pman i hyrd lokal i Vasa och nu t\u00e4nkte han satsa p\u00e5 en egen butik, som han skulle bygga i en by i Korsholm. Eftersom jag sj\u00e4lv var K-k\u00f6pman i Dagsmark, s\u00e5 k\u00e4nde vi varandra fr\u00e5n tidigare och det var helt naturligt att han ville komma och se vilken typ av aff\u00e4r, som vi h\u00f6ll p\u00e5 att bygga just d\u00e5.<\/p>\n<p>Vi kom \u00f6verens i telefon att han skulle p\u00e5 bes\u00f6k tisdagen den 19 januari p\u00e5 f\u00f6rmiddagen. Han meddelade d\u00e5 att han inte kommer ensam, utan han tar ocks\u00e5 sin bokf\u00f6rare eller var det revisor med sig. P\u00e5 utsatt dag d\u00f6k herrarna Olle och bokf\u00f6raren upp i en ljus paketbil. Jag bj\u00f6d f\u00f6rst p\u00e5 kaffe hemma hos oss och vi diskuterade byggandet av aff\u00e4ren i Dagsmark och efter det gick vi till byggplatsen som l\u00e5g i n\u00e4rheten.<\/p>\n<p>Efter en grundlig genomg\u00e5ng, s\u00e5 var herrarna n\u00f6jda, tackade f\u00f6r sig och \u00e5kte iv\u00e4g. Men de \u00e5kte inte raka v\u00e4gen hem utan de stannade i Lappfj\u00e4rd d\u00e4r de tog en titt p\u00e5 Bj\u00f6rkskogs relativt nybyggda K-aff\u00e4r. De gick runt i aff\u00e4ren och tittade p\u00e5 b\u00e5de fastigheten och inventarierna och utan att k\u00f6pa n\u00e5gonting for de iv\u00e4g.<\/p>\n<p>Sedan \u00e5kte de iv\u00e4g till Handelslaget Westbotnias hallbutik som l\u00e5g i n\u00e4rheten. D\u00e4r gjorde de samma sak, de gick omkring och tittade p\u00e5 aff\u00e4ren och bokf\u00f6raren h\u00e4lsade i f\u00f6rbifarten p\u00e5 en bekant, som arbetade i aff\u00e4ren just d\u00e5. Inte heller d\u00e4r gjordes n\u00e5gra ink\u00f6p och detta noterades ocks\u00e5 av personalen.<\/p>\n<p>Efter dessa bes\u00f6k \u00e5kte de hem igen f\u00f6r att planera vidare hur deras nya aff\u00e4r skulle se ut.<\/p>\n<figure id=\"attachment_15605\" aria-describedby=\"caption-attachment-15605\" style=\"width: 337px\" class=\"wp-caption alignnone\"><img loading=\"lazy\" decoding=\"async\" class=\"size-full wp-image-15605\" src=\"http:\/\/www.lassebacklund.fi\/wp-content\/uploads\/2020\/01\/En-saga-19880121-Inbrott-i-Westbotnias-aff\u00e4r..jpg\" alt=\"\" width=\"337\" height=\"880\" srcset=\"https:\/\/www.kristinestadshistoria.fi\/wp-content\/uploads\/2020\/01\/En-saga-19880121-Inbrott-i-Westbotnias-aff\u00e4r..jpg 337w, https:\/\/www.kristinestadshistoria.fi\/wp-content\/uploads\/2020\/01\/En-saga-19880121-Inbrott-i-Westbotnias-aff\u00e4r.-115x300.jpg 115w\" sizes=\"auto, (max-width: 337px) 100vw, 337px\" \/><figcaption id=\"caption-attachment-15605\" class=\"wp-caption-text\">Tv\u00e5 dagar efter inbrottet, allts\u00e5 den 21.1.1988 publicerade tidningen Syd-\u00d6sterbotten denna artikel. Polisen var speciellt intresserade av tv\u00e5 m\u00e4n, som de trodde hade r\u00f6rt sig till fots.<\/figcaption><\/figure>\n<figure id=\"attachment_10661\" aria-describedby=\"caption-attachment-10661\" style=\"width: 1346px\" class=\"wp-caption alignnone\"><img loading=\"lazy\" decoding=\"async\" class=\"size-full wp-image-10661\" src=\"http:\/\/www.lassebacklund.fi\/wp-content\/uploads\/2018\/12\/25-Sokos-hallen-i-Lappfj\u00e4rd.-byggd-1975.jpg\" alt=\"\" width=\"1346\" height=\"984\" srcset=\"https:\/\/www.kristinestadshistoria.fi\/wp-content\/uploads\/2018\/12\/25-Sokos-hallen-i-Lappfj\u00e4rd.-byggd-1975.jpg 1346w, https:\/\/www.kristinestadshistoria.fi\/wp-content\/uploads\/2018\/12\/25-Sokos-hallen-i-Lappfj\u00e4rd.-byggd-1975-300x219.jpg 300w, https:\/\/www.kristinestadshistoria.fi\/wp-content\/uploads\/2018\/12\/25-Sokos-hallen-i-Lappfj\u00e4rd.-byggd-1975-768x561.jpg 768w, https:\/\/www.kristinestadshistoria.fi\/wp-content\/uploads\/2018\/12\/25-Sokos-hallen-i-Lappfj\u00e4rd.-byggd-1975-1024x749.jpg 1024w\" sizes=\"auto, (max-width: 1346px) 100vw, 1346px\" \/><figcaption id=\"caption-attachment-10661\" class=\"wp-caption-text\">\u00c5r 1975 byggde La-Syd denna hallbutik i Lappfj\u00e4rd. La-Syd fusionerades efter en tid med andra handelslag och fick d\u00e5 namnet Westbotnia. Det var i denna aff\u00e4r som tjuvarna br\u00f6t sig in och kom \u00f6ver hela 30 000 marks byte.<\/figcaption><\/figure>\n<p>Efter n\u00e5gra dagar r\u00e5kade de l\u00e4sa i Vasabladet att det hade varit inbrott i Westbotnias aff\u00e4r i Lappfj\u00e4rd en natt. Tjuvarna hade brutit sig in i aff\u00e4ren och lyckats t\u00f6mma kassask\u00e5pet och kassamaskinerna som inneh\u00f6ll 30\u00a0000 mark. En stor summa var det, f\u00f6r de pengarna kunde man den tiden f\u00e5 k\u00f6pa en bra begagnad bil. M\u00e4nnen sk\u00e4mtade med varandra med att kanske de var misst\u00e4nkta f\u00f6r detta brott.<\/p>\n<p>Och sannerligen, efter n\u00e4rmare tv\u00e5 veckor d\u00f6k polisen upp med bl\u00e5ljusen p\u00e5 hemma hos bokf\u00f6raren. Under tiden som g\u00e5tt sedan inbrottet hade polisen h\u00e5llit de b\u00e5da m\u00e4nnen under uppsikt och till och med fr\u00e5gat av grannarna om de hade m\u00e4rkt n\u00e5got speciellt.<\/p>\n<p>Polisbilen f\u00f6rde bokf\u00f6raren till centralkriminalen i Vasa, d\u00e4r han delgavs misstanken om brott. En i personalen p\u00e5 Westbotnia kunde namnge personen, som hade varit in och spionerat dagen f\u00f6re inbrottet. F\u00f6rh\u00f6ren kunde ske f\u00f6rst om ett par timmar, d\u00e5 polisen fr\u00e5n Kristinestad hunnit k\u00f6ra upp till Vasa. Ganska snabbt kunde f\u00f6rh\u00f6rsledaren och vittnena konstatera att bokf\u00f6raren och hans kompanjon Olle var helt oskyldiga till brottet.<\/p>\n<p>B\u00e5de Olle och bokf\u00f6raren blev frigivna och de fick skjuts hem igen av polisen fr\u00e5n Kristinestad. De riktiga tjuvarna hade tur, eftersom polisen endast unders\u00f6kte Olles och bokf\u00f6rarens f\u00f6rehavanden under tv\u00e5 veckors tid. De torde fortfarande vara p\u00e5 fri fot.<\/p>\n<p>\u00c5tminstone f\u00f6r bokf\u00f6raren var denna h\u00e4rva en traumatisk h\u00e4ndelse och den 10 februari 1988 publicerade han en artikel i Vasabladet, som han kallade \u201dEn saga ur verkligheten\u201d. Du kan l\u00e4sa hans artikel h\u00e4r nedan:<\/p>\n<p><img loading=\"lazy\" decoding=\"async\" class=\"alignnone size-full wp-image-15606\" src=\"http:\/\/www.lassebacklund.fi\/wp-content\/uploads\/2020\/01\/En-saga-b\u00f6rjan.jpg\" alt=\"\" width=\"569\" height=\"1175\" srcset=\"https:\/\/www.kristinestadshistoria.fi\/wp-content\/uploads\/2020\/01\/En-saga-b\u00f6rjan.jpg 569w, https:\/\/www.kristinestadshistoria.fi\/wp-content\/uploads\/2020\/01\/En-saga-b\u00f6rjan-145x300.jpg 145w, https:\/\/www.kristinestadshistoria.fi\/wp-content\/uploads\/2020\/01\/En-saga-b\u00f6rjan-496x1024.jpg 496w\" sizes=\"auto, (max-width: 569px) 100vw, 569px\" \/> <img loading=\"lazy\" decoding=\"async\" class=\"alignnone size-full wp-image-15607\" src=\"http:\/\/www.lassebacklund.fi\/wp-content\/uploads\/2020\/01\/En-saga-slutet.jpg\" alt=\"\" width=\"839\" height=\"1186\" srcset=\"https:\/\/www.kristinestadshistoria.fi\/wp-content\/uploads\/2020\/01\/En-saga-slutet.jpg 839w, https:\/\/www.kristinestadshistoria.fi\/wp-content\/uploads\/2020\/01\/En-saga-slutet-212x300.jpg 212w, https:\/\/www.kristinestadshistoria.fi\/wp-content\/uploads\/2020\/01\/En-saga-slutet-768x1086.jpg 768w, https:\/\/www.kristinestadshistoria.fi\/wp-content\/uploads\/2020\/01\/En-saga-slutet-724x1024.jpg 724w\" sizes=\"auto, (max-width: 839px) 100vw, 839px\" \/><\/p>\n","protected":false},"excerpt":{"rendered":"<p>Nedtecknat av Lasse Backlund i januari 2020: I januari 1988 ringde Olle fr\u00e5n Korsholm och ville komma p\u00e5 bes\u00f6k till Dagsmark. Olle var k\u00f6pman i hyrd lokal i Vasa och nu t\u00e4nkte han satsa p\u00e5 en egen butik, som han <a class=\"more-link\" href=\"https:\/\/www.kristinestadshistoria.fi\/?page_id=15603\">Forts\u00e4tt l\u00e4sa <span class=\"screen-reader-text\">  Misst\u00e4nkt f\u00f6r inbrott i Westbotnia i Lappfj\u00e4rd.<\/span><span class=\"meta-nav\">&rarr;<\/span><\/a><\/p>\n","protected":false},"author":1,"featured_media":0,"parent":3621,"menu_order":5,"comment_status":"closed","ping_status":"closed","template":"","meta":{"footnotes":""},"class_list":["post-15603","page","type-page","status-publish","hentry"],"_links":{"self":[{"href":"https:\/\/www.kristinestadshistoria.fi\/index.php?rest_route=\/wp\/v2\/pages\/15603","targetHints":{"allow":["GET"]}}],"collection":[{"href":"https:\/\/www.kristinestadshistoria.fi\/index.php?rest_route=\/wp\/v2\/pages"}],"about":[{"href":"https:\/\/www.kristinestadshistoria.fi\/index.php?rest_route=\/wp\/v2\/types\/page"}],"author":[{"embeddable":true,"href":"https:\/\/www.kristinestadshistoria.fi\/index.php?rest_route=\/wp\/v2\/users\/1"}],"replies":[{"embeddable":true,"href":"https:\/\/www.kristinestadshistoria.fi\/index.php?rest_route=%2Fwp%2Fv2%2Fcomments&post=15603"}],"version-history":[{"count":5,"href":"https:\/\/www.kristinestadshistoria.fi\/index.php?rest_route=\/wp\/v2\/pages\/15603\/revisions"}],"predecessor-version":[{"id":15615,"href":"https:\/\/www.kristinestadshistoria.fi\/index.php?rest_route=\/wp\/v2\/pages\/15603\/revisions\/15615"}],"up":[{"embeddable":true,"href":"https:\/\/www.kristinestadshistoria.fi\/index.php?rest_route=\/wp\/v2\/pages\/3621"}],"wp:attachment":[{"href":"https:\/\/www.kristinestadshistoria.fi\/index.php?rest_route=%2Fwp%2Fv2%2Fmedia&parent=15603"}],"curies":[{"name":"wp","href":"https:\/\/api.w.org\/{rel}","templated":true}]}}