{"id":15269,"date":"2019-12-25T20:51:21","date_gmt":"2019-12-25T18:51:21","guid":{"rendered":"http:\/\/www.lassebacklund.fi\/?page_id=15269"},"modified":"2019-12-25T20:53:01","modified_gmt":"2019-12-25T18:53:01","slug":"k-v-akerblom","status":"publish","type":"page","link":"https:\/\/www.kristinestadshistoria.fi\/?page_id=15269","title":{"rendered":"K. V. \u00c5kerblom."},"content":{"rendered":"<p>Kristian Vilhelm \u00c5kerblom f\u00f6ddes den 9 mars 1877 i V\u00f6r\u00e5, d\u00e4r hans far var urmakare. Eftersom det var 10 km v\u00e4g till folkskolan, s\u00e5 fick han n\u00f6ja sig med att g\u00e5 i byns sm\u00e5barnskola. D\u00e4r l\u00e4rde han sig att l\u00e4sa och att skriva. Han v\u00e4xte upp under knappa f\u00f6rh\u00e5llanden som vallpojke men i ungdoms\u00e5ren fick han plats som l\u00e4rling p\u00e5 ett pl\u00e5tslageri i Vasa.<\/p>\n<p>Han hade dock ett stort intresse av att studera och som 19-\u00e5ring kom han in p\u00e5 l\u00e4rarseminariet i Nykarleby \u00e5r 1896. \u00c5r 1900 var han f\u00e4rdigt utbildad l\u00e4rare och fick tj\u00e4nst i Vallgrund. \u00c5r 1904 fick han tj\u00e4nst som f\u00f6rest\u00e5ndare p\u00e5 Kvevlax kyrkby folkskola, d\u00e4r han stannade tills han gick i pension.<\/p>\n<p>Det \u00e4r dock som historiker och f\u00f6rfattare han \u00e4r mest k\u00e4nd. Han var ocks\u00e5 intresserad av musik och \u00e5r 1907 gav han ut Folkskolans s\u00e5ngbok. Efter det tog hembygdsforskningen \u00f6ver och han kan nog kallas \u201dhembygdsforskningens fader i \u00d6sterbotten\u201d. Han var aktiv skribent och publicerade flera historiska artiklar i v\u00e5ra tidningar.\u00a0 Till exempel i juni 1926 skrev i 3 l\u00e5nga tidningsartiklar i tidningen Syd-\u00d6sterbotten d\u00e4r han beskrev hur det gick till d\u00e5 <a href=\"http:\/\/www.lassebacklund.fi\/?page_id=8029\">staden Kristinestad<\/a> grundades \u00e5r 1649.<\/p>\n<p>\u00c5r 1923 gav han ut Kvevlax historia, 1938 Lappfj\u00e4rds historia del 1 och \u00e5r 1952 del II. Han har ocks\u00e5 skrivit Korsholms, \u00d6vermark, Peders\u00f6re, P\u00f6rtom och Replots historia. \u00c5r 1935 gav han ut en bok om Johannes Klockars. Hans son Bror \u00c5kerblom (1908-1984) har fortsatt i faderns fotsp\u00e5r och ocks\u00e5 gett ut flera historieb\u00f6cker.<\/p>\n<p>K. V. \u00c5kerblom var ocks\u00e5 politiskt aktiv inom Svenska folkpartiet. Han var ledamot av lantdagen \u00e5r 1917 och i riksdagen under \u00e5ren 1919 \u2013 1929 och 1930 \u2013 1933. \u00c5r 1946 tilldelades han skolr\u00e5ds titel och \u00e5r 1948 blev han filosofiedoktor \u00e5r 1948.<\/p>\n<p>Han dog i Kvevlax 19 mars 1954.<\/p>\n","protected":false},"excerpt":{"rendered":"<p>Kristian Vilhelm \u00c5kerblom f\u00f6ddes den 9 mars 1877 i V\u00f6r\u00e5, d\u00e4r hans far var urmakare. Eftersom det var 10 km v\u00e4g till folkskolan, s\u00e5 fick han n\u00f6ja sig med att g\u00e5 i byns sm\u00e5barnskola. D\u00e4r l\u00e4rde han sig att l\u00e4sa <a class=\"more-link\" href=\"https:\/\/www.kristinestadshistoria.fi\/?page_id=15269\">Forts\u00e4tt l\u00e4sa <span class=\"screen-reader-text\">  K. V. \u00c5kerblom.<\/span><span class=\"meta-nav\">&rarr;<\/span><\/a><\/p>\n","protected":false},"author":1,"featured_media":0,"parent":8029,"menu_order":0,"comment_status":"closed","ping_status":"closed","template":"","meta":{"footnotes":""},"class_list":["post-15269","page","type-page","status-publish","hentry"],"_links":{"self":[{"href":"https:\/\/www.kristinestadshistoria.fi\/index.php?rest_route=\/wp\/v2\/pages\/15269","targetHints":{"allow":["GET"]}}],"collection":[{"href":"https:\/\/www.kristinestadshistoria.fi\/index.php?rest_route=\/wp\/v2\/pages"}],"about":[{"href":"https:\/\/www.kristinestadshistoria.fi\/index.php?rest_route=\/wp\/v2\/types\/page"}],"author":[{"embeddable":true,"href":"https:\/\/www.kristinestadshistoria.fi\/index.php?rest_route=\/wp\/v2\/users\/1"}],"replies":[{"embeddable":true,"href":"https:\/\/www.kristinestadshistoria.fi\/index.php?rest_route=%2Fwp%2Fv2%2Fcomments&post=15269"}],"version-history":[{"count":3,"href":"https:\/\/www.kristinestadshistoria.fi\/index.php?rest_route=\/wp\/v2\/pages\/15269\/revisions"}],"predecessor-version":[{"id":15272,"href":"https:\/\/www.kristinestadshistoria.fi\/index.php?rest_route=\/wp\/v2\/pages\/15269\/revisions\/15272"}],"up":[{"embeddable":true,"href":"https:\/\/www.kristinestadshistoria.fi\/index.php?rest_route=\/wp\/v2\/pages\/8029"}],"wp:attachment":[{"href":"https:\/\/www.kristinestadshistoria.fi\/index.php?rest_route=%2Fwp%2Fv2%2Fmedia&parent=15269"}],"curies":[{"name":"wp","href":"https:\/\/api.w.org\/{rel}","templated":true}]}}