{"id":14727,"date":"2019-10-21T19:54:22","date_gmt":"2019-10-21T16:54:22","guid":{"rendered":"http:\/\/www.lassebacklund.fi\/?page_id=14727"},"modified":"2020-04-05T22:44:54","modified_gmt":"2020-04-05T19:44:54","slug":"nar-dimman-lattar","status":"publish","type":"page","link":"https:\/\/www.kristinestadshistoria.fi\/?page_id=14727","title":{"rendered":"N\u00e4r dimman l\u00e4ttar."},"content":{"rendered":"<p><span style=\"color: #000080;\">Diktat av Eva 25 september 2019:<\/span><\/p>\n<p>Dimman l\u00e4ttar och solen tittar fram,<br \/>\nt\u00e4nk att en morgon kan vara s\u00e5 grann!<br \/>\nTemperaturen ligger en aning p\u00e5 plus,<br \/>\nh\u00e4r och d\u00e4r en liten vattenpuss.<\/p>\n<div class=\"text_exposed_show\">\n<p>Det regnade i g\u00e5r, var allm\u00e4nt gr\u00e5tt,<br \/>\nd\u00e4rf\u00f6r glittrar det i gr\u00e4set som \u00e4nnu \u00e4r v\u00e5tt.<br \/>\nI tr\u00e4dg\u00e5rden \u00e4r det trist och fruset,<br \/>\ninga blommor syns l\u00e4ngre lysa i solljuset.<\/p>\n<p>En svan simmar ensam ute p\u00e5 fj\u00e4rden,<br \/>\nsnart flyger den iv\u00e4g ut i vida v\u00e4rlden.<br \/>\nEn tranplog fl\u00f6g h\u00f6gt \u00f6ver huset i g\u00e5r,<br \/>\ntrumpetade och skrek tack f\u00f6r i \u00e5r!<\/p>\n<p>Allt andas stillhet, ro och f\u00f6rv\u00e4ntan,<br \/>\nkanske har ocks\u00e5 naturen en inbyggd l\u00e4ngtan<br \/>\natt f\u00e5 stilla sig och sakta vila ut<br \/>\nnu n\u00e4r h\u00f6sten \u00e4r h\u00e4r och sommaren slut!<\/p>\n<p><img loading=\"lazy\" decoding=\"async\" class=\"alignnone size-full wp-image-14726\" src=\"http:\/\/www.lassebacklund.fi\/wp-content\/uploads\/2019\/10\/Disig-morgon.jpg\" alt=\"\" width=\"3072\" height=\"2304\" srcset=\"https:\/\/www.kristinestadshistoria.fi\/wp-content\/uploads\/2019\/10\/Disig-morgon.jpg 3072w, https:\/\/www.kristinestadshistoria.fi\/wp-content\/uploads\/2019\/10\/Disig-morgon-300x225.jpg 300w, https:\/\/www.kristinestadshistoria.fi\/wp-content\/uploads\/2019\/10\/Disig-morgon-768x576.jpg 768w, https:\/\/www.kristinestadshistoria.fi\/wp-content\/uploads\/2019\/10\/Disig-morgon-1024x768.jpg 1024w\" sizes=\"auto, (max-width: 3072px) 100vw, 3072px\" \/><\/p>\n<\/div>\n","protected":false},"excerpt":{"rendered":"<p>Diktat av Eva 25 september 2019: Dimman l\u00e4ttar och solen tittar fram, t\u00e4nk att en morgon kan vara s\u00e5 grann! Temperaturen ligger en aning p\u00e5 plus, h\u00e4r och d\u00e4r en liten vattenpuss. Det regnade i g\u00e5r, var allm\u00e4nt gr\u00e5tt, d\u00e4rf\u00f6r <a class=\"more-link\" href=\"https:\/\/www.kristinestadshistoria.fi\/?page_id=14727\">Forts\u00e4tt l\u00e4sa <span class=\"screen-reader-text\">  N\u00e4r dimman l\u00e4ttar.<\/span><span class=\"meta-nav\">&rarr;<\/span><\/a><\/p>\n","protected":false},"author":1,"featured_media":0,"parent":13531,"menu_order":10,"comment_status":"closed","ping_status":"closed","template":"","meta":{"footnotes":""},"class_list":["post-14727","page","type-page","status-publish","hentry"],"_links":{"self":[{"href":"https:\/\/www.kristinestadshistoria.fi\/index.php?rest_route=\/wp\/v2\/pages\/14727","targetHints":{"allow":["GET"]}}],"collection":[{"href":"https:\/\/www.kristinestadshistoria.fi\/index.php?rest_route=\/wp\/v2\/pages"}],"about":[{"href":"https:\/\/www.kristinestadshistoria.fi\/index.php?rest_route=\/wp\/v2\/types\/page"}],"author":[{"embeddable":true,"href":"https:\/\/www.kristinestadshistoria.fi\/index.php?rest_route=\/wp\/v2\/users\/1"}],"replies":[{"embeddable":true,"href":"https:\/\/www.kristinestadshistoria.fi\/index.php?rest_route=%2Fwp%2Fv2%2Fcomments&post=14727"}],"version-history":[{"count":1,"href":"https:\/\/www.kristinestadshistoria.fi\/index.php?rest_route=\/wp\/v2\/pages\/14727\/revisions"}],"predecessor-version":[{"id":14728,"href":"https:\/\/www.kristinestadshistoria.fi\/index.php?rest_route=\/wp\/v2\/pages\/14727\/revisions\/14728"}],"up":[{"embeddable":true,"href":"https:\/\/www.kristinestadshistoria.fi\/index.php?rest_route=\/wp\/v2\/pages\/13531"}],"wp:attachment":[{"href":"https:\/\/www.kristinestadshistoria.fi\/index.php?rest_route=%2Fwp%2Fv2%2Fmedia&parent=14727"}],"curies":[{"name":"wp","href":"https:\/\/api.w.org\/{rel}","templated":true}]}}