{"id":14699,"date":"2019-10-17T15:58:23","date_gmt":"2019-10-17T12:58:23","guid":{"rendered":"http:\/\/www.lassebacklund.fi\/?page_id=14699"},"modified":"2020-04-05T22:43:31","modified_gmt":"2020-04-05T19:43:31","slug":"den-omojliga-appen","status":"publish","type":"page","link":"https:\/\/www.kristinestadshistoria.fi\/?page_id=14699","title":{"rendered":"Den om\u00f6jliga appen."},"content":{"rendered":"<p><span style=\"color: #000080;\">Skrivet av Eva 17.10.2019:<\/span><\/p>\n<p>De flesta har smarttelefon, s\u00e5 \u00e4ven jag<br \/>\noch p\u00e5 den jag knaprar vareviga dag.<br \/>\nF\u00f6rr var sk\u00e4rmen full av numrerade knappar,<br \/>\ni dag \u00e4r rutan fylld av olika appar.<\/p>\n<div class=\"text_exposed_show\">\n<p>Det finns appar som visar dagens v\u00e4der,<br \/>\nappar du beh\u00f6ver f\u00f6r att k\u00f6pa nya kl\u00e4der.<br \/>\nOch skall du ut p\u00e5 l\u00e5ngpromenad g\u00e5<br \/>\nmotionsappen \u00e4r den du d\u00e5 trycker p\u00e5.<\/p>\n<p>Facebook, messenger och instagram<br \/>\nmed dem vi h\u00e5ller koll p\u00e5 varann.<br \/>\nBeh\u00f6ver inte ringa, bara klickar om man vill veta<br \/>\nvad b\u00e4sta kompisen i kv\u00e4ll skall \u00e4ta.<\/p>\n<p>Av Google man fr\u00e5gar vad n\u00e5gon artist kan heta,<br \/>\nFonecta svarar n\u00e4r n\u00e5gons nummer man vill veta.<br \/>\nTidningar och radio, ja allt man har i luren<br \/>\nkan l\u00e4sa Sydin \u00e4ven n\u00e4r man \u00e4r ute p\u00e5 reseturen.<\/p>\n<p>Finns det n\u00e5gon app jag fortfarande saknar?<br \/>\nEn jag kan trycka p\u00e5 genast jag vaknar<br \/>\nsom ber\u00e4ttar vad som ska h\u00e4nda just i dag<br \/>\nden sv\u00e5ra lilla appen, den saknar jag!<\/p>\n<p><img loading=\"lazy\" decoding=\"async\" class=\"alignnone size-full wp-image-14698\" src=\"http:\/\/www.lassebacklund.fi\/wp-content\/uploads\/2019\/10\/Mobilappar-i-telefon.jpg\" alt=\"\" width=\"1383\" height=\"1763\" srcset=\"https:\/\/www.kristinestadshistoria.fi\/wp-content\/uploads\/2019\/10\/Mobilappar-i-telefon.jpg 1383w, https:\/\/www.kristinestadshistoria.fi\/wp-content\/uploads\/2019\/10\/Mobilappar-i-telefon-235x300.jpg 235w, https:\/\/www.kristinestadshistoria.fi\/wp-content\/uploads\/2019\/10\/Mobilappar-i-telefon-768x979.jpg 768w, https:\/\/www.kristinestadshistoria.fi\/wp-content\/uploads\/2019\/10\/Mobilappar-i-telefon-803x1024.jpg 803w\" sizes=\"auto, (max-width: 1383px) 100vw, 1383px\" \/><\/p>\n<\/div>\n","protected":false},"excerpt":{"rendered":"<p>Skrivet av Eva 17.10.2019: De flesta har smarttelefon, s\u00e5 \u00e4ven jag och p\u00e5 den jag knaprar vareviga dag. F\u00f6rr var sk\u00e4rmen full av numrerade knappar, i dag \u00e4r rutan fylld av olika appar. Det finns appar som visar dagens v\u00e4der, <a class=\"more-link\" href=\"https:\/\/www.kristinestadshistoria.fi\/?page_id=14699\">Forts\u00e4tt l\u00e4sa <span class=\"screen-reader-text\">  Den om\u00f6jliga appen.<\/span><span class=\"meta-nav\">&rarr;<\/span><\/a><\/p>\n","protected":false},"author":1,"featured_media":0,"parent":13531,"menu_order":7,"comment_status":"closed","ping_status":"closed","template":"","meta":{"footnotes":""},"class_list":["post-14699","page","type-page","status-publish","hentry"],"_links":{"self":[{"href":"https:\/\/www.kristinestadshistoria.fi\/index.php?rest_route=\/wp\/v2\/pages\/14699","targetHints":{"allow":["GET"]}}],"collection":[{"href":"https:\/\/www.kristinestadshistoria.fi\/index.php?rest_route=\/wp\/v2\/pages"}],"about":[{"href":"https:\/\/www.kristinestadshistoria.fi\/index.php?rest_route=\/wp\/v2\/types\/page"}],"author":[{"embeddable":true,"href":"https:\/\/www.kristinestadshistoria.fi\/index.php?rest_route=\/wp\/v2\/users\/1"}],"replies":[{"embeddable":true,"href":"https:\/\/www.kristinestadshistoria.fi\/index.php?rest_route=%2Fwp%2Fv2%2Fcomments&post=14699"}],"version-history":[{"count":1,"href":"https:\/\/www.kristinestadshistoria.fi\/index.php?rest_route=\/wp\/v2\/pages\/14699\/revisions"}],"predecessor-version":[{"id":14700,"href":"https:\/\/www.kristinestadshistoria.fi\/index.php?rest_route=\/wp\/v2\/pages\/14699\/revisions\/14700"}],"up":[{"embeddable":true,"href":"https:\/\/www.kristinestadshistoria.fi\/index.php?rest_route=\/wp\/v2\/pages\/13531"}],"wp:attachment":[{"href":"https:\/\/www.kristinestadshistoria.fi\/index.php?rest_route=%2Fwp%2Fv2%2Fmedia&parent=14699"}],"curies":[{"name":"wp","href":"https:\/\/api.w.org\/{rel}","templated":true}]}}