{"id":14263,"date":"2019-09-13T18:30:51","date_gmt":"2019-09-13T15:30:51","guid":{"rendered":"http:\/\/www.lassebacklund.fi\/?page_id=14263"},"modified":"2020-04-05T22:42:19","modified_gmt":"2020-04-05T19:42:19","slug":"sallad-eller-mat","status":"publish","type":"page","link":"https:\/\/www.kristinestadshistoria.fi\/?page_id=14263","title":{"rendered":"Sallad eller mat"},"content":{"rendered":"<p><span style=\"background: white; margin: 0px; color: #000080; line-height: 115%; font-family: 'Helvetica','sans-serif'; font-size: 14pt;\">Diktat av Eva vid k\u00f6ksbordet.<\/span><\/p>\n<p><span style=\"background: white; margin: 0px; color: #1d2129; line-height: 115%; font-family: 'Helvetica','sans-serif'; font-size: 14pt;\">En sallad \u00e4r en matr\u00e4tt med sallad eller hur?<\/span><span style=\"margin: 0px; color: #1d2129; line-height: 115%; font-family: 'Helvetica','sans-serif'; font-size: 14pt;\"><br \/>\nF\u00f6rr man tyckte att det var mat enbart f\u00f6r djur.<br \/>\nF\u00f6r harar och kaniner med stora \u00f6ron, l\u00e5nga<br \/>\nf\u00f6r s\u00e5dana djur med horn med vilka de kan st\u00e5nga.<br \/>\nSj\u00e4lv jag gillar b\u00e4st den grekiska varianten<br \/>\noch olivk\u00e4rnorna \u00e4r det enda som blir kvar p\u00e5 tallrikskanten.<br \/>\nJag skulle faktiskt l\u00e4tt kunna bli vegetarian<br \/>\nmen vem byter sj\u00e4lvmant en bakelse mot en banan?<\/span><\/p>\n<p><img loading=\"lazy\" decoding=\"async\" class=\"alignnone wp-image-14262\" src=\"http:\/\/www.lassebacklund.fi\/wp-content\/uploads\/2019\/09\/Salladsbild.jpg\" alt=\"\" width=\"666\" height=\"502\" \/><\/p>\n","protected":false},"excerpt":{"rendered":"<p>Diktat av Eva vid k\u00f6ksbordet. En sallad \u00e4r en matr\u00e4tt med sallad eller hur? F\u00f6rr man tyckte att det var mat enbart f\u00f6r djur. F\u00f6r harar och kaniner med stora \u00f6ron, l\u00e5nga f\u00f6r s\u00e5dana djur med horn med vilka de <a class=\"more-link\" href=\"https:\/\/www.kristinestadshistoria.fi\/?page_id=14263\">Forts\u00e4tt l\u00e4sa <span class=\"screen-reader-text\">  Sallad eller mat<\/span><span class=\"meta-nav\">&rarr;<\/span><\/a><\/p>\n","protected":false},"author":1,"featured_media":0,"parent":13531,"menu_order":4,"comment_status":"closed","ping_status":"closed","template":"","meta":{"footnotes":""},"class_list":["post-14263","page","type-page","status-publish","hentry"],"_links":{"self":[{"href":"https:\/\/www.kristinestadshistoria.fi\/index.php?rest_route=\/wp\/v2\/pages\/14263","targetHints":{"allow":["GET"]}}],"collection":[{"href":"https:\/\/www.kristinestadshistoria.fi\/index.php?rest_route=\/wp\/v2\/pages"}],"about":[{"href":"https:\/\/www.kristinestadshistoria.fi\/index.php?rest_route=\/wp\/v2\/types\/page"}],"author":[{"embeddable":true,"href":"https:\/\/www.kristinestadshistoria.fi\/index.php?rest_route=\/wp\/v2\/users\/1"}],"replies":[{"embeddable":true,"href":"https:\/\/www.kristinestadshistoria.fi\/index.php?rest_route=%2Fwp%2Fv2%2Fcomments&post=14263"}],"version-history":[{"count":3,"href":"https:\/\/www.kristinestadshistoria.fi\/index.php?rest_route=\/wp\/v2\/pages\/14263\/revisions"}],"predecessor-version":[{"id":14266,"href":"https:\/\/www.kristinestadshistoria.fi\/index.php?rest_route=\/wp\/v2\/pages\/14263\/revisions\/14266"}],"up":[{"embeddable":true,"href":"https:\/\/www.kristinestadshistoria.fi\/index.php?rest_route=\/wp\/v2\/pages\/13531"}],"wp:attachment":[{"href":"https:\/\/www.kristinestadshistoria.fi\/index.php?rest_route=%2Fwp%2Fv2%2Fmedia&parent=14263"}],"curies":[{"name":"wp","href":"https:\/\/api.w.org\/{rel}","templated":true}]}}