{"id":13971,"date":"2019-09-01T17:58:06","date_gmt":"2019-09-01T14:58:06","guid":{"rendered":"http:\/\/www.lassebacklund.fi\/?page_id=13971"},"modified":"2020-04-05T22:41:53","modified_gmt":"2020-04-05T19:41:53","slug":"salig-mor-och-lille-william","status":"publish","type":"page","link":"https:\/\/www.kristinestadshistoria.fi\/?page_id=13971","title":{"rendered":"Salig mor och lille William"},"content":{"rendered":"<p><span style=\"color: #000080;\">Skrivet av Eva den 1 september 2019:<\/span><\/p>\n<p>Vi for p\u00e5 utflykt min cykel och jag<br \/>\nfast det g\u00f6r vi ju n\u00e4stan vareviga dag.<br \/>\nM\u00e5let var \u00c5s\u00e4ndan f\u00f6r att h\u00e4lsa p\u00e5 min mor<br \/>\nsom f\u00f6r 5 \u00e5r sedan upp till himmelen for.<\/p>\n<div class=\"text_exposed_show\">\n<p>P\u00e5 graven jag satte en blombukett<br \/>\noch ber\u00e4ttade om det senaste som skett.<br \/>\nom dopet, William Erik Alexander \u00e4r pojkens namn<br \/>\noch var hela akten sn\u00e4ll i sin gufars famn.<\/p>\n<p>L\u00e4ngs rutten jag levererade ocks\u00e5 tv\u00e5 brev<br \/>\nprotokollet jag p\u00e5 tisdagskv\u00e4llen skrev.<br \/>\nDet \u00e4r inte alla som e-post har<br \/>\noch f\u00e5r p\u00e5 kuvertet v\u00e4nta n\u00e5gra dar.<\/p>\n<p>1846 kilometer visar m\u00e4taren i dag,<br \/>\ns\u00e5 m\u00e5nga kilometer har vi avverkat i lag.<br \/>\nDet var runt p\u00e5sken vi startade fr\u00e5n noll,<br \/>\ndet \u00e4r cykelns m\u00e4tare som p\u00e5 detta h\u00e5ller koll.<\/p>\n<p><img loading=\"lazy\" decoding=\"async\" class=\"alignnone size-full wp-image-13976\" src=\"http:\/\/www.lassebacklund.fi\/wp-content\/uploads\/2019\/09\/William-och-cykeln.jpg\" alt=\"\" width=\"2048\" height=\"1536\" srcset=\"https:\/\/www.kristinestadshistoria.fi\/wp-content\/uploads\/2019\/09\/William-och-cykeln.jpg 2048w, https:\/\/www.kristinestadshistoria.fi\/wp-content\/uploads\/2019\/09\/William-och-cykeln-300x225.jpg 300w, https:\/\/www.kristinestadshistoria.fi\/wp-content\/uploads\/2019\/09\/William-och-cykeln-768x576.jpg 768w, https:\/\/www.kristinestadshistoria.fi\/wp-content\/uploads\/2019\/09\/William-och-cykeln-1024x768.jpg 1024w\" sizes=\"auto, (max-width: 2048px) 100vw, 2048px\" \/><\/p>\n<\/div>\n","protected":false},"excerpt":{"rendered":"<p>Skrivet av Eva den 1 september 2019: Vi for p\u00e5 utflykt min cykel och jag fast det g\u00f6r vi ju n\u00e4stan vareviga dag. M\u00e5let var \u00c5s\u00e4ndan f\u00f6r att h\u00e4lsa p\u00e5 min mor som f\u00f6r 5 \u00e5r sedan upp till himmelen <a class=\"more-link\" href=\"https:\/\/www.kristinestadshistoria.fi\/?page_id=13971\">Forts\u00e4tt l\u00e4sa <span class=\"screen-reader-text\">  Salig mor och lille William<\/span><span class=\"meta-nav\">&rarr;<\/span><\/a><\/p>\n","protected":false},"author":1,"featured_media":0,"parent":13531,"menu_order":3,"comment_status":"closed","ping_status":"closed","template":"","meta":{"footnotes":""},"class_list":["post-13971","page","type-page","status-publish","hentry"],"_links":{"self":[{"href":"https:\/\/www.kristinestadshistoria.fi\/index.php?rest_route=\/wp\/v2\/pages\/13971","targetHints":{"allow":["GET"]}}],"collection":[{"href":"https:\/\/www.kristinestadshistoria.fi\/index.php?rest_route=\/wp\/v2\/pages"}],"about":[{"href":"https:\/\/www.kristinestadshistoria.fi\/index.php?rest_route=\/wp\/v2\/types\/page"}],"author":[{"embeddable":true,"href":"https:\/\/www.kristinestadshistoria.fi\/index.php?rest_route=\/wp\/v2\/users\/1"}],"replies":[{"embeddable":true,"href":"https:\/\/www.kristinestadshistoria.fi\/index.php?rest_route=%2Fwp%2Fv2%2Fcomments&post=13971"}],"version-history":[{"count":2,"href":"https:\/\/www.kristinestadshistoria.fi\/index.php?rest_route=\/wp\/v2\/pages\/13971\/revisions"}],"predecessor-version":[{"id":13977,"href":"https:\/\/www.kristinestadshistoria.fi\/index.php?rest_route=\/wp\/v2\/pages\/13971\/revisions\/13977"}],"up":[{"embeddable":true,"href":"https:\/\/www.kristinestadshistoria.fi\/index.php?rest_route=\/wp\/v2\/pages\/13531"}],"wp:attachment":[{"href":"https:\/\/www.kristinestadshistoria.fi\/index.php?rest_route=%2Fwp%2Fv2%2Fmedia&parent=13971"}],"curies":[{"name":"wp","href":"https:\/\/api.w.org\/{rel}","templated":true}]}}