{"id":13319,"date":"2019-07-23T00:14:54","date_gmt":"2019-07-22T21:14:54","guid":{"rendered":"http:\/\/www.lassebacklund.fi\/?page_id=13319"},"modified":"2024-06-18T22:25:03","modified_gmt":"2024-06-18T19:25:03","slug":"faglarnas-kyrka","status":"publish","type":"page","link":"https:\/\/www.kristinestadshistoria.fi\/?page_id=13319","title":{"rendered":"F\u00e5glarnas kyrka."},"content":{"rendered":"<p><span style=\"margin: 0px; color: #000080; font-family: 'Helvetica','sans-serif';\">Hilma Stockhammars artikel i Syd-\u00d6sterbotten 2.6.1945:<\/span><\/p>\n<h5><strong><span style=\"margin: 0px; font-family: 'Helvetica','sans-serif';\"><span style=\"color: #000000;\">Ulrika Eleonora kyrkan \u2013 stadens kostsammaste klenod \u2013 hotas av f\u00f6rfall.<\/span><\/span><\/strong><\/h5>\n<p><span style=\"margin: 0px; font-family: 'Helvetica','sans-serif';\"><span style=\"color: #000000;\">Nobelpristagaren F. E. Sillanp\u00e4\u00e4 har i en av sina b\u00f6cker skrivit en novell om \u201dKajornas kyrka\u201d. Tanken eller r\u00e4ttare sagt, uttrycket slog en till m\u00f6tes, n\u00e4r man kom in i Kristinestads gamla kyrka.<\/span><\/span><\/p>\n<p><span style=\"margin: 0px; font-family: 'Helvetica','sans-serif';\"><span style=\"color: #000000;\">F\u00f6rsedd med en v\u00e4ldig kyrknyckel kom vi vandrande \u00f6ver Ulrika Eleonora kyrkans gamla gravg\u00e5rd. Familjegravar, mossiga minnesv\u00e5rdar, hj\u00e4ltegravar fr\u00e5n Finlands olika krig. Gamla gravar och nyss gr\u00e4vda soldatgravar. Fina gamla stenv\u00e5rdar med halvt utpl\u00e5nad engelsk text, pr\u00e4stgravar och flera familjers sista vilorum. H\u00e4r sover det Kristinestad som en g\u00e5ng varit. D\u00e4r en Wendelin, d\u00e4r borta en av pr\u00e4sterna Roos, l\u00e4ngst bort i h\u00f6rnet under ett malmkors den pr\u00e4stfru, som var moder till de ber\u00f6mda Roosarna.<\/span><\/span><\/p>\n<p><span style=\"margin: 0px; font-family: 'Helvetica','sans-serif';\"><span style=\"color: #000000;\">En man h\u00e5ller p\u00e5 att r\u00e4fsa och ordna bland gravarna. N\u00e4r han ser att han f\u00e5r bes\u00f6k, skyndar han till och presenterar sig som kyrkovaktm\u00e4stare Sigfrid Bergvik. Han visade sig sedan vara en person som k\u00e4nde till den gamla kyrkan. En person med intresse och k\u00e4rlek till sin uppgift.<\/span><\/span><\/p>\n<p><span style=\"margin: 0px; font-family: 'Helvetica','sans-serif';\"><span style=\"color: #000000;\">Den v\u00e4ldiga kyrknyckeln vrids om och l\u00e5set gnisslar till, den gamla d\u00f6rren sl\u00e5r upp och den typiska museidoften sl\u00e5r emot oss. Det \u00e4r som att tr\u00e4da in i det f\u00f6rflutna. En f\u00f6rsvunnen v\u00e4rld, det Kristinestad som genom seklerna k\u00e4mpat och lidit, men beh\u00e5llit stilen och r\u00e4ddat sin sj\u00e4l.<\/span><\/span><\/p>\n<p><span style=\"margin: 0px; font-family: 'Helvetica','sans-serif';\"><span style=\"color: #000000;\">Man f\u00e5r k\u00e4nslan av att h\u00e4r n\u00e5gonstans ligger det forna Kristinestads innersta sj\u00e4l f\u00f6rborgad. Resehandb\u00f6cker och tidningar har skrivit om denna dyrbara gamla klenod, Mats Muricks gamla tr\u00e4kyrka. Kristinestads vemodiga saga genom seklerna stiger f\u00f6r bes\u00f6karens inre syn. H\u00e4r lever det f\u00f6rslutna, det som en skribent jagar efter d\u00e4r nere i den nutida staden.<\/span><\/span><\/p>\n<p><span style=\"margin: 0px; font-family: 'Helvetica','sans-serif';\"><span style=\"color: #000000;\">Jag t\u00e4nker p\u00e5 alla de pr\u00e4ster som f\u00f6rkunnat livets ord fr\u00e5n den gamla predikstolen. De slitna, gamla b\u00e4nkarna som f\u00f6rr i v\u00e4rlden fylldes av ivriga stadsbor, allt efter rang och v\u00e4rdighet. Stoft och mull \u00e4r nu de k\u00f6pmans- och redarfruar som f\u00f6rr \u00e4regirigt m\u00e5nade sig om sin v\u00e4rdighet och r\u00e5kade i gruff om b\u00e4nkplatserna. Men den gamla kyrkan st\u00e5r fortfarande uppr\u00e4tt, f\u00f6r d\u00f6tt materail \u00e4r mindre f\u00f6rg\u00e4ngligt \u00e4n levande varelser av k\u00f6tt och blod.<\/span><\/span><\/p>\n<p><span style=\"margin: 0px; font-family: 'Helvetica','sans-serif';\"><span style=\"color: #000000;\">H\u00e4r har f\u00f6rf\u00e4derna l\u00e4mnat arv till framtidens folk, h\u00e4r finns Kristinestads hj\u00e4rta och dyrbaraste klenod. Lyssna och du kan h\u00f6ra de f\u00f6rflutnas pulsslag!<\/span><\/span><\/p>\n<p><span style=\"margin: 0px; font-family: 'Helvetica','sans-serif';\"><span style=\"color: #000000;\">Men just d\u00e5 klirrar det till av glas, som sl\u00e5s s\u00f6nder. En gr\u00f6nskimrande f\u00f6nsterglassk\u00e4rva har fallit in i kyrkan. En och annan pojkslyngel roar sig nu och d\u00e5 med att kasta s\u00f6nder kyrkans sk\u00f6ra f\u00f6nster. \u201dEn vacker dag tar jag nog dem p\u00e5 bar g\u00e4rning\u201d, s\u00e4ger kyrkovaktm\u00e4staren bittert.<\/span><\/span><\/p>\n<p><span style=\"margin: 0px; font-family: 'Helvetica','sans-serif';\"><span style=\"color: #000000;\">D\u00e4r f\u00f6nsterrutorna har kastats s\u00f6nder, flyger himlens f\u00e5glar snart in. \u00d6ver altarrundeln ser man sp\u00e5r efter deras s\u00e4llsamma h\u00f6gm\u00e4ssa. Gamla Ulrika Eleonora h\u00e5ller p\u00e5 att f\u00f6rvandlas till en \u00f6dekyrka p\u00e5 grund av tankl\u00f6sa slyngelaktiga sm\u00e5pojkar. Ett annat helger\u00e5n \u00e4r den h\u00e4nsynsl\u00f6sa kl\u00e5fingrighet som bes\u00f6kande utvecklat n\u00e4r de klottrat v\u00e4ggar och pelare fulla med \u201dnamnteckningar\u201d. Tror n\u00e5gon att s\u00e5dant f\u00f6rfarande \u00e4r fint, s\u00e5 \u00e4r man gruvligen vilseledd.<\/span><\/span><\/p>\n<p><span style=\"margin: 0px; font-family: 'Helvetica','sans-serif';\"><span style=\"color: #000000;\">Att klottra och solka ner v\u00e4ggar i en helgedom \u00e4r n\u00e4stan lika fult som att kasta s\u00f6nder ett gammalt kyrkf\u00f6nster. Dessutom \u00e4r det straffbart enligt den lag, som har tagit gamla minnesm\u00e4rken och kyrkor under sitt speciella beskydd. S\u00e5dant brukar kallas \u201df\u00f6rst\u00f6relse av allm\u00e4n egendom\u201d och kan \u00e5samka vederb\u00f6rande k\u00e4nnbara b\u00f6ter.<\/span><\/span><\/p>\n<p><span style=\"margin: 0px; font-family: 'Helvetica','sans-serif';\"><span style=\"color: #000000;\">Nu funderar kyrkovaktm\u00e4staren p\u00e5 att f\u00e5 en del borttv\u00e4ttat i sommar. Det l\u00e4nder ingen bes\u00f6kare till heder att han l\u00e4mnat ett s\u00e5dant visitkort efter sig p\u00e5 en d\u00f6rr, v\u00e4gg eller b\u00e4nkkarm. Men det blir ett drygt arbete som ocks\u00e5 kostar pengar, att f\u00e5 bort sp\u00e5ren.<\/span><\/span><\/p>\n<p><span style=\"margin: 0px; font-family: 'Helvetica','sans-serif';\"><span style=\"color: #000000;\">Pengar ja. H\u00e4r skulle beh\u00f6vas pengar, men f\u00f6r helt andra \u00e4ndam\u00e5l, Gamla kyrkan ropar efter en donator. T\u00e4nk om kristinestadsungdomen i st\u00e4llet skulle offra en slant till ett nytt kyrktak. Eller t\u00e4nk om n\u00e5gon v\u00e4lb\u00e4rgad gammal kristinestadsbo ville hugf\u00e4sta sitt namn med en frikostig donation! Det skulle vara en stor g\u00e4rning att f\u00e5 Gamla kyrkan restaurerad. Ett nytt tak f\u00f6rst och fr\u00e4mst, innan f\u00f6rfallet hunnit gripa \u00e4n mer omkring sig.<\/span><\/span><\/p>\n<p><span style=\"margin: 0px; font-family: 'Helvetica','sans-serif';\"><span style=\"color: #000000;\">N\u00e4r man besk\u00e5dat den gamla helgedomen fr\u00e5n predikstol och l\u00e4ktare, grips man av en stilla undran om det inte var ett misstag \u00f6verhuvudtaget alls fick en ny kyrka. Det gamla templet hade s\u00e4kert haft utrymme nog f\u00f6r nutida kyrkobes\u00f6kare. Och vilken f\u00f6rm\u00e5n det hade varit om Mats Muricks vackra tr\u00e4kyrka hade restaurerats. Det \u00e4r den kyrka som f\u00f6rkroppsligar den vackra gamla skepparstadens egen sj\u00e4l.<\/span><\/span><\/p>\n<p><span style=\"margin: 0px; font-family: 'Helvetica','sans-serif';\"><span style=\"color: #000000;\">Men kyrkovaktm\u00e4staren lyfter en stor lucka i golvet i sakristian och visar var kyrkvinet f\u00f6rvarats. Kanske ocks\u00e5 kyrksilvret? En stor kista i h\u00f6rnet vid den gammalmodiga spisen d\u00e4r pr\u00e4sten v\u00e4rmt sig i gamla tider, kommer bes\u00f6karen att undra. Var det den kistan som en g\u00e5ng f\u00f6rdes \u00f6ver till Sverige under Stora ofredens dagar? Den g\u00e5ngen n\u00e4r en borgm\u00e4stare f\u00f6rskingrade kyrkans egendom och pantsatte kyrksilvret hos en jude i Stockholm.<\/span><\/span><\/p>\n<p><span style=\"margin: 0px; font-family: 'Helvetica','sans-serif';\"><span style=\"color: #000000;\">N\u00e5gra s\u00e5dana helger\u00e5n g\u00f6r man inte sig skyldig till i v\u00e5r tid. Men vem vad efterv\u00e4rlden kommer att s\u00e4ga om barn som inte l\u00e5ter kyrkf\u00f6nstren vara i fred och om ungdomer som klottrar ner kyrkv\u00e4ggarna, s\u00e5 att tv\u00e4ttning m\u00e5ste p\u00e5kostas. F\u00f6rs\u00f6k att t\u00e4nka p\u00e5 den vackra devisen, som st\u00e5r p\u00e5 Nordiska mus\u00e9ets fasad i Stockholm:<\/span><\/span><\/p>\n<h6><span style=\"margin: 0px; font-family: 'Helvetica','sans-serif';\"><span style=\"color: #000000;\">\u201dFr\u00e5n l\u00e4nder \u00e4r det kommet.<\/span><\/span><\/h6>\n<h6><span style=\"margin: 0px; font-family: 'Helvetica','sans-serif';\"><span style=\"color: #000000;\">Till s\u00f6ner skall det g\u00e5.<\/span><\/span><\/h6>\n<h6><span style=\"margin: 0px; font-family: 'Helvetica','sans-serif';\"><span style=\"color: #000000;\">S\u00e5 l\u00e5ngt som unga hj\u00e4rtan, \u00e4nnu i norden sl\u00e5.\u201d<\/span><\/span><\/h6>\n<p>&nbsp;<\/p>\n<p><span style=\"margin: 0px; font-family: 'Helvetica','sans-serif';\"><span style=\"color: #000000;\">Den gamla helgedomen i Kristinestad \u00e4r ett of\u00f6rvanskat arv fr\u00e5n f\u00f6rf\u00e4derna. Det talar sitt gripande spr\u00e5k till nutiden. Den gamla kyrkan st\u00e5r v\u00e4rnl\u00f6s mot tidens tand och den tankl\u00f6sa ungdomens tilltag. De har gjort den till en f\u00e5glarnas kyrka. Men barn och ungdom brukar ha k\u00e4nsliga sinnen, de kan l\u00e5ta sig manas till r\u00e4tta.<\/span><\/span><\/p>\n<p><span style=\"margin: 0px; font-family: 'Helvetica','sans-serif';\"><span style=\"color: #000000;\">V\u00e4nd str\u00f6mmen! B\u00f6rja i st\u00e4llet att l\u00e4mna sm\u00e5 bidrag till kyrkans v\u00e5rd och reparation. Ulrika Eleonora kyrka \u00e4r Kristinestads dyrbara klenod, men blir f\u00f6r dyr f\u00f6r staden att underh\u00e5lla om inte enskilda personer frivilligt offrar sig f\u00f6r saken.<\/span><\/span><\/p>\n<p><span style=\"margin: 0px; font-family: 'Helvetica','sans-serif';\"><span style=\"color: #000000;\">Plats f\u00f6r en donator! M\u00e5 barn och ungdomar l\u00e4ra aktning f\u00f6r f\u00f6rf\u00e4dernas helgedom!<\/span><\/span><\/p>\n","protected":false},"excerpt":{"rendered":"<p>Hilma Stockhammars artikel i Syd-\u00d6sterbotten 2.6.1945: Ulrika Eleonora kyrkan \u2013 stadens kostsammaste klenod \u2013 hotas av f\u00f6rfall. Nobelpristagaren F. E. Sillanp\u00e4\u00e4 har i en av sina b\u00f6cker skrivit en novell om \u201dKajornas kyrka\u201d. Tanken eller r\u00e4ttare sagt, uttrycket slog en <a class=\"more-link\" href=\"https:\/\/www.kristinestadshistoria.fi\/?page_id=13319\">Forts\u00e4tt l\u00e4sa <span class=\"screen-reader-text\">  F\u00e5glarnas kyrka.<\/span><span class=\"meta-nav\">&rarr;<\/span><\/a><\/p>\n","protected":false},"author":1,"featured_media":0,"parent":10623,"menu_order":2,"comment_status":"closed","ping_status":"closed","template":"","meta":{"footnotes":""},"class_list":["post-13319","page","type-page","status-publish","hentry"],"_links":{"self":[{"href":"https:\/\/www.kristinestadshistoria.fi\/index.php?rest_route=\/wp\/v2\/pages\/13319","targetHints":{"allow":["GET"]}}],"collection":[{"href":"https:\/\/www.kristinestadshistoria.fi\/index.php?rest_route=\/wp\/v2\/pages"}],"about":[{"href":"https:\/\/www.kristinestadshistoria.fi\/index.php?rest_route=\/wp\/v2\/types\/page"}],"author":[{"embeddable":true,"href":"https:\/\/www.kristinestadshistoria.fi\/index.php?rest_route=\/wp\/v2\/users\/1"}],"replies":[{"embeddable":true,"href":"https:\/\/www.kristinestadshistoria.fi\/index.php?rest_route=%2Fwp%2Fv2%2Fcomments&post=13319"}],"version-history":[{"count":1,"href":"https:\/\/www.kristinestadshistoria.fi\/index.php?rest_route=\/wp\/v2\/pages\/13319\/revisions"}],"predecessor-version":[{"id":13320,"href":"https:\/\/www.kristinestadshistoria.fi\/index.php?rest_route=\/wp\/v2\/pages\/13319\/revisions\/13320"}],"up":[{"embeddable":true,"href":"https:\/\/www.kristinestadshistoria.fi\/index.php?rest_route=\/wp\/v2\/pages\/10623"}],"wp:attachment":[{"href":"https:\/\/www.kristinestadshistoria.fi\/index.php?rest_route=%2Fwp%2Fv2%2Fmedia&parent=13319"}],"curies":[{"name":"wp","href":"https:\/\/api.w.org\/{rel}","templated":true}]}}