{"id":13259,"date":"2019-07-19T18:45:33","date_gmt":"2019-07-19T15:45:33","guid":{"rendered":"http:\/\/www.lassebacklund.fi\/?page_id=13259"},"modified":"2019-07-19T18:45:33","modified_gmt":"2019-07-19T15:45:33","slug":"hurtigrutten","status":"publish","type":"page","link":"https:\/\/www.kristinestadshistoria.fi\/?page_id=13259","title":{"rendered":"Hurtigrutten."},"content":{"rendered":"<p><span style=\"color: #000080;\">Evas dikt den 9 juni 2017 p\u00e5 ett av Hurtigruttens fartyg,<\/span><\/p>\n<h6><span style=\"margin: 0px; line-height: 115%; font-family: 'Helvetica','sans-serif'; font-size: 12pt;\"><span style=\"color: #000000;\">Sitter p\u00e5 d\u00e4ck och vilar p\u00e5 maten.<\/span><\/span><\/h6>\n<h6><span style=\"margin: 0px; line-height: 115%; font-family: 'Helvetica','sans-serif'; font-size: 12pt;\"><span style=\"color: #000000;\">Mycket vi \u00e5t men l\u00e4mna en del kvar p\u00e5 faten.<\/span><\/span><\/h6>\n<h6><span style=\"margin: 0px; line-height: 115%; font-family: 'Helvetica','sans-serif'; font-size: 12pt;\"><span style=\"color: #000000;\">Solen den v\u00e4rmer s\u00e5 man f\u00e5r se opp,<\/span><\/span><\/h6>\n<h6><span style=\"margin: 0px; line-height: 115%; font-family: 'Helvetica','sans-serif'; font-size: 12pt;\"><span style=\"color: #000000;\">vill ju inte br\u00e4nna min vinterbleka kropp.<\/span><\/span><\/h6>\n<h6><span style=\"margin: 0px; line-height: 115%; font-family: 'Helvetica','sans-serif'; font-size: 12pt;\"><span style=\"color: #000000;\">\u00a0<\/span><\/span><\/h6>\n<h6><span style=\"margin: 0px; line-height: 115%; font-family: 'Helvetica','sans-serif'; font-size: 12pt;\"><span style=\"color: #000000;\">Det \u00e4r faktiskt sant att i solen vi njuter<\/span><\/span><\/h6>\n<h6><span style=\"margin: 0px; line-height: 115%; font-family: 'Helvetica','sans-serif'; font-size: 12pt;\"><span style=\"color: #000000;\">medan Finnmarken fram\u00e5t mellan \u00f6arna skjuter.<\/span><\/span><\/h6>\n<h6><span style=\"margin: 0px; line-height: 115%; font-family: 'Helvetica','sans-serif'; font-size: 12pt;\"><span style=\"color: #000000;\">Spegelblankt hav och vinden \u00e4r svag,<\/span><\/span><\/h6>\n<h6><span style=\"margin: 0px; line-height: 115%; font-family: 'Helvetica','sans-serif'; font-size: 12pt;\"><span style=\"color: #000000;\">s\u00e5 firar vi k\u00e4restan Lasses f\u00f6delsedag.<\/span><\/span><\/h6>\n<figure id=\"attachment_13258\" aria-describedby=\"caption-attachment-13258\" style=\"width: 1281px\" class=\"wp-caption alignnone\"><img loading=\"lazy\" decoding=\"async\" class=\"size-full wp-image-13258\" src=\"http:\/\/www.lassebacklund.fi\/wp-content\/uploads\/2019\/07\/Hurtigrutten.jpg\" alt=\"\" width=\"1281\" height=\"990\" srcset=\"https:\/\/www.kristinestadshistoria.fi\/wp-content\/uploads\/2019\/07\/Hurtigrutten.jpg 1281w, https:\/\/www.kristinestadshistoria.fi\/wp-content\/uploads\/2019\/07\/Hurtigrutten-300x232.jpg 300w, https:\/\/www.kristinestadshistoria.fi\/wp-content\/uploads\/2019\/07\/Hurtigrutten-768x594.jpg 768w, https:\/\/www.kristinestadshistoria.fi\/wp-content\/uploads\/2019\/07\/Hurtigrutten-1024x791.jpg 1024w\" sizes=\"auto, (max-width: 1281px) 100vw, 1281px\" \/><figcaption id=\"caption-attachment-13258\" class=\"wp-caption-text\">F\u00f6delsedagsbarnet 9 juni 2017 p\u00e5 ett av Hurtigruttens kryssningsfartyg i Lofotenomr\u00e5det.<\/figcaption><\/figure>\n","protected":false},"excerpt":{"rendered":"<p>Evas dikt den 9 juni 2017 p\u00e5 ett av Hurtigruttens fartyg, Sitter p\u00e5 d\u00e4ck och vilar p\u00e5 maten. Mycket vi \u00e5t men l\u00e4mna en del kvar p\u00e5 faten. Solen den v\u00e4rmer s\u00e5 man f\u00e5r se opp, vill ju inte br\u00e4nna <a class=\"more-link\" href=\"https:\/\/www.kristinestadshistoria.fi\/?page_id=13259\">Forts\u00e4tt l\u00e4sa <span class=\"screen-reader-text\">  Hurtigrutten.<\/span><span class=\"meta-nav\">&rarr;<\/span><\/a><\/p>\n","protected":false},"author":1,"featured_media":0,"parent":13107,"menu_order":0,"comment_status":"closed","ping_status":"closed","template":"","meta":{"footnotes":""},"class_list":["post-13259","page","type-page","status-publish","hentry"],"_links":{"self":[{"href":"https:\/\/www.kristinestadshistoria.fi\/index.php?rest_route=\/wp\/v2\/pages\/13259","targetHints":{"allow":["GET"]}}],"collection":[{"href":"https:\/\/www.kristinestadshistoria.fi\/index.php?rest_route=\/wp\/v2\/pages"}],"about":[{"href":"https:\/\/www.kristinestadshistoria.fi\/index.php?rest_route=\/wp\/v2\/types\/page"}],"author":[{"embeddable":true,"href":"https:\/\/www.kristinestadshistoria.fi\/index.php?rest_route=\/wp\/v2\/users\/1"}],"replies":[{"embeddable":true,"href":"https:\/\/www.kristinestadshistoria.fi\/index.php?rest_route=%2Fwp%2Fv2%2Fcomments&post=13259"}],"version-history":[{"count":1,"href":"https:\/\/www.kristinestadshistoria.fi\/index.php?rest_route=\/wp\/v2\/pages\/13259\/revisions"}],"predecessor-version":[{"id":13260,"href":"https:\/\/www.kristinestadshistoria.fi\/index.php?rest_route=\/wp\/v2\/pages\/13259\/revisions\/13260"}],"up":[{"embeddable":true,"href":"https:\/\/www.kristinestadshistoria.fi\/index.php?rest_route=\/wp\/v2\/pages\/13107"}],"wp:attachment":[{"href":"https:\/\/www.kristinestadshistoria.fi\/index.php?rest_route=%2Fwp%2Fv2%2Fmedia&parent=13259"}],"curies":[{"name":"wp","href":"https:\/\/api.w.org\/{rel}","templated":true}]}}