{"id":13245,"date":"2019-07-19T14:58:56","date_gmt":"2019-07-19T11:58:56","guid":{"rendered":"http:\/\/www.lassebacklund.fi\/?page_id=13245"},"modified":"2019-07-19T14:58:56","modified_gmt":"2019-07-19T11:58:56","slug":"vinter-och-sno","status":"publish","type":"page","link":"https:\/\/www.kristinestadshistoria.fi\/?page_id=13245","title":{"rendered":"Vinter och sn\u00f6."},"content":{"rendered":"<h6><span style=\"color: #000080;\">Skrivet av Eva i februari 2019:<\/span><\/h6>\n<p>&nbsp;<\/p>\n<h6><span style=\"margin: 0px; color: #1c1e21; line-height: 115%; font-family: 'Helvetica','sans-serif'; font-size: 12pt;\">I julas vi oss gladde \u00f6ver n\u00e5gra vita flingor,<br \/>\nnu sn\u00f6n t\u00e4cker allt och kryper in i vr\u00e5r och springor.<br \/>\nVi skottar allt vi orkar n\u00e4stan alla dagar,<br \/>\nvissa det gillar, andra h\u00f6gljutt klagar.<\/p>\n<p>I b\u00f6rjan av februari \u00e4r det \u00e4nnu l\u00e5ngt till v\u00e5r<br \/>\ns\u00e5 min vilda gissning \u00e4r att mera vi nog f\u00e5r.<br \/>\nMen vi kan inget g\u00f6ra, bara l\u00e4get gilla<br \/>\ndet l\u00f6nar sig inte att adrenalin p\u00e5 v\u00e4dret spilla.<\/p>\n<p>En liten tr\u00f6st \u00e4r \u00e4nd\u00e5 att ljuset \u00e5terv\u00e4nt<br \/>\natt det har positiv verkan p\u00e5 hum\u00f6ret \u00e4r ju k\u00e4nt.<br \/>\nOm solen sig skulle visa, det nu vore i 8 timmar,<br \/>\nnej nu f\u00e5r jag sluta medan jag hittar ord som rimmar.<\/span><\/h6>\n<figure id=\"attachment_13244\" aria-describedby=\"caption-attachment-13244\" style=\"width: 1384px\" class=\"wp-caption alignnone\"><img loading=\"lazy\" decoding=\"async\" class=\"size-full wp-image-13244\" src=\"http:\/\/www.lassebacklund.fi\/wp-content\/uploads\/2019\/07\/Vinter-och-sn\u00f6.jpg\" alt=\"\" width=\"1384\" height=\"1040\" srcset=\"https:\/\/www.kristinestadshistoria.fi\/wp-content\/uploads\/2019\/07\/Vinter-och-sn\u00f6.jpg 1384w, https:\/\/www.kristinestadshistoria.fi\/wp-content\/uploads\/2019\/07\/Vinter-och-sn\u00f6-300x225.jpg 300w, https:\/\/www.kristinestadshistoria.fi\/wp-content\/uploads\/2019\/07\/Vinter-och-sn\u00f6-768x577.jpg 768w, https:\/\/www.kristinestadshistoria.fi\/wp-content\/uploads\/2019\/07\/Vinter-och-sn\u00f6-1024x769.jpg 1024w\" sizes=\"auto, (max-width: 1384px) 100vw, 1384px\" \/><figcaption id=\"caption-attachment-13244\" class=\"wp-caption-text\">Vinter och sn\u00f6.<\/figcaption><\/figure>\n","protected":false},"excerpt":{"rendered":"<p>Skrivet av Eva i februari 2019: &nbsp; I julas vi oss gladde \u00f6ver n\u00e5gra vita flingor, nu sn\u00f6n t\u00e4cker allt och kryper in i vr\u00e5r och springor. Vi skottar allt vi orkar n\u00e4stan alla dagar, vissa det gillar, andra h\u00f6gljutt <a class=\"more-link\" href=\"https:\/\/www.kristinestadshistoria.fi\/?page_id=13245\">Forts\u00e4tt l\u00e4sa <span class=\"screen-reader-text\">  Vinter och sn\u00f6.<\/span><span class=\"meta-nav\">&rarr;<\/span><\/a><\/p>\n","protected":false},"author":1,"featured_media":0,"parent":13107,"menu_order":0,"comment_status":"closed","ping_status":"closed","template":"","meta":{"footnotes":""},"class_list":["post-13245","page","type-page","status-publish","hentry"],"_links":{"self":[{"href":"https:\/\/www.kristinestadshistoria.fi\/index.php?rest_route=\/wp\/v2\/pages\/13245","targetHints":{"allow":["GET"]}}],"collection":[{"href":"https:\/\/www.kristinestadshistoria.fi\/index.php?rest_route=\/wp\/v2\/pages"}],"about":[{"href":"https:\/\/www.kristinestadshistoria.fi\/index.php?rest_route=\/wp\/v2\/types\/page"}],"author":[{"embeddable":true,"href":"https:\/\/www.kristinestadshistoria.fi\/index.php?rest_route=\/wp\/v2\/users\/1"}],"replies":[{"embeddable":true,"href":"https:\/\/www.kristinestadshistoria.fi\/index.php?rest_route=%2Fwp%2Fv2%2Fcomments&post=13245"}],"version-history":[{"count":1,"href":"https:\/\/www.kristinestadshistoria.fi\/index.php?rest_route=\/wp\/v2\/pages\/13245\/revisions"}],"predecessor-version":[{"id":13246,"href":"https:\/\/www.kristinestadshistoria.fi\/index.php?rest_route=\/wp\/v2\/pages\/13245\/revisions\/13246"}],"up":[{"embeddable":true,"href":"https:\/\/www.kristinestadshistoria.fi\/index.php?rest_route=\/wp\/v2\/pages\/13107"}],"wp:attachment":[{"href":"https:\/\/www.kristinestadshistoria.fi\/index.php?rest_route=%2Fwp%2Fv2%2Fmedia&parent=13245"}],"curies":[{"name":"wp","href":"https:\/\/api.w.org\/{rel}","templated":true}]}}