{"id":13228,"date":"2019-07-18T22:51:03","date_gmt":"2019-07-18T19:51:03","guid":{"rendered":"http:\/\/www.lassebacklund.fi\/?page_id=13228"},"modified":"2019-07-18T22:53:36","modified_gmt":"2019-07-18T19:53:36","slug":"mandag-morgon","status":"publish","type":"page","link":"https:\/\/www.kristinestadshistoria.fi\/?page_id=13228","title":{"rendered":"M\u00e5ndag morgon."},"content":{"rendered":"<h6><span style=\"color: #000080;\">Skrivet av Eva en m\u00e5ndag morgon i april 2019:<\/span><\/h6>\n<h6><span style=\"margin: 0px; color: #1d2129; font-family: 'Helvetica','sans-serif';\">M\u00e5ndag morgon, vad skall jag hitta p\u00e5<br \/>\natt g\u00f6ra en dag som \u00e4r bl\u00e5sig och gr\u00e5?<br \/>\nH\u00f6nor och tupp, kyckling och kanin<br \/>\nallt \u00e4r m\u00e5lat, \u00e4ven grodan blev fin!<\/span><\/h6>\n<h6><span style=\"margin: 0px; color: #1d2129; font-family: 'Helvetica','sans-serif';\">\u00a0<\/span><\/h6>\n<h6><span style=\"margin: 0px; color: #1d2129; font-family: 'Helvetica','sans-serif';\">En promenad brukar h\u00f6ra dagsschemat till<br \/>\neller cykeltur, bara hur jag sj\u00e4lv vill.<br \/>\nMen stormen river och istid verkar r\u00e5da<br \/>\ns\u00e5 det blir nog att hoppa \u00f6ver dem b\u00e5da.<\/span><\/h6>\n<h6><span style=\"margin: 0px; color: #1d2129; font-family: 'Helvetica','sans-serif';\">\u00a0<\/span><\/h6>\n<h6><span style=\"margin: 0px; color: #1d2129; font-family: 'Helvetica','sans-serif';\">Ska nog inte hitta p\u00e5 n\u00e5t riktigt stort<br \/>\nf\u00f6r d\u00e5 kan det h\u00e4nda att bara h\u00e4lften blir gjort.<br \/>\nEtt m\u00f6te klockan ett delar dagen mitt i tu<br \/>\ns\u00e5 innan dess kan jag inget g\u00f6ra, ju.<\/span><\/h6>\n<h6><span style=\"margin: 0px; color: #1d2129; font-family: 'Helvetica','sans-serif';\">\u00a0<\/span><\/h6>\n<h6><span style=\"margin: 0px; color: #1d2129; font-family: 'Helvetica','sans-serif';\">Sen efter\u00e5t \u00e4r det tid att p\u00e5 maten t\u00e4nka<br \/>\nf\u00f6r att runt halv fem oss vid bordet b\u00e4nka.<br \/>\nBonusfamiljen, Tv-nyheter och kanske lite sport,<br \/>\noj j\u00f6sses, hur skall jag hinna f\u00e5 allt detta gjort?<\/span><\/h6>\n<p><span style=\"margin: 0px; color: #1d2129; font-family: 'Helvetica','sans-serif';\">\u00a0<\/span><\/p>\n<figure id=\"attachment_13227\" aria-describedby=\"caption-attachment-13227\" style=\"width: 738px\" class=\"wp-caption alignnone\"><img loading=\"lazy\" decoding=\"async\" class=\"size-full wp-image-13227\" src=\"http:\/\/www.lassebacklund.fi\/wp-content\/uploads\/2019\/07\/M\u00e5ndag.jpg\" alt=\"\" width=\"738\" height=\"983\" srcset=\"https:\/\/www.kristinestadshistoria.fi\/wp-content\/uploads\/2019\/07\/M\u00e5ndag.jpg 738w, https:\/\/www.kristinestadshistoria.fi\/wp-content\/uploads\/2019\/07\/M\u00e5ndag-225x300.jpg 225w\" sizes=\"auto, (max-width: 738px) 100vw, 738px\" \/><figcaption id=\"caption-attachment-13227\" class=\"wp-caption-text\">Till och med tuppen \u00e4r f\u00e4rdig!<\/figcaption><\/figure>\n","protected":false},"excerpt":{"rendered":"<p>Skrivet av Eva en m\u00e5ndag morgon i april 2019: M\u00e5ndag morgon, vad skall jag hitta p\u00e5 att g\u00f6ra en dag som \u00e4r bl\u00e5sig och gr\u00e5? H\u00f6nor och tupp, kyckling och kanin allt \u00e4r m\u00e5lat, \u00e4ven grodan blev fin! \u00a0 En <a class=\"more-link\" href=\"https:\/\/www.kristinestadshistoria.fi\/?page_id=13228\">Forts\u00e4tt l\u00e4sa <span class=\"screen-reader-text\">  M\u00e5ndag morgon.<\/span><span class=\"meta-nav\">&rarr;<\/span><\/a><\/p>\n","protected":false},"author":1,"featured_media":0,"parent":13107,"menu_order":0,"comment_status":"closed","ping_status":"closed","template":"","meta":{"footnotes":""},"class_list":["post-13228","page","type-page","status-publish","hentry"],"_links":{"self":[{"href":"https:\/\/www.kristinestadshistoria.fi\/index.php?rest_route=\/wp\/v2\/pages\/13228","targetHints":{"allow":["GET"]}}],"collection":[{"href":"https:\/\/www.kristinestadshistoria.fi\/index.php?rest_route=\/wp\/v2\/pages"}],"about":[{"href":"https:\/\/www.kristinestadshistoria.fi\/index.php?rest_route=\/wp\/v2\/types\/page"}],"author":[{"embeddable":true,"href":"https:\/\/www.kristinestadshistoria.fi\/index.php?rest_route=\/wp\/v2\/users\/1"}],"replies":[{"embeddable":true,"href":"https:\/\/www.kristinestadshistoria.fi\/index.php?rest_route=%2Fwp%2Fv2%2Fcomments&post=13228"}],"version-history":[{"count":2,"href":"https:\/\/www.kristinestadshistoria.fi\/index.php?rest_route=\/wp\/v2\/pages\/13228\/revisions"}],"predecessor-version":[{"id":13231,"href":"https:\/\/www.kristinestadshistoria.fi\/index.php?rest_route=\/wp\/v2\/pages\/13228\/revisions\/13231"}],"up":[{"embeddable":true,"href":"https:\/\/www.kristinestadshistoria.fi\/index.php?rest_route=\/wp\/v2\/pages\/13107"}],"wp:attachment":[{"href":"https:\/\/www.kristinestadshistoria.fi\/index.php?rest_route=%2Fwp%2Fv2%2Fmedia&parent=13228"}],"curies":[{"name":"wp","href":"https:\/\/api.w.org\/{rel}","templated":true}]}}