{"id":13218,"date":"2019-07-18T22:20:53","date_gmt":"2019-07-18T19:20:53","guid":{"rendered":"http:\/\/www.lassebacklund.fi\/?page_id=13218"},"modified":"2019-07-18T22:22:46","modified_gmt":"2019-07-18T19:22:46","slug":"klockan-ar-fyra","status":"publish","type":"page","link":"https:\/\/www.kristinestadshistoria.fi\/?page_id=13218","title":{"rendered":"Klockan \u00e4r fyra."},"content":{"rendered":"<p><span style=\"color: #000080;\">Skrivet av Eva den 21 januari 2016 p\u00e5 Coxa i Tammerfors:<\/span><\/p>\n<h6><span style=\"margin: 0px; line-height: 115%; font-family: 'Helvetica','sans-serif'; font-size: 12pt;\"><span style=\"color: #000000;\">Klockan den \u00e4r fyra och det \u00e4r mitt i natten<\/span><\/span><\/h6>\n<h6><span style=\"margin: 0px; line-height: 115%; font-family: 'Helvetica','sans-serif'; font-size: 12pt;\"><span style=\"color: #000000;\">Varf\u00f6r \u00e4r jag vaken? Ja, det vete katten.<\/span><\/span><\/h6>\n<h6><span style=\"margin: 0px; line-height: 115%; font-family: 'Helvetica','sans-serif'; font-size: 12pt;\"><span style=\"color: #000000;\">Det \u00e4r f\u00f6r varmt i s\u00e4ngen, jag av mig t\u00e4cket sparkar<\/span><\/span><\/h6>\n<h6><span style=\"margin: 0px; line-height: 115%; font-family: 'Helvetica','sans-serif'; font-size: 12pt;\"><span style=\"color: #000000;\">och i rummet bredvid \u00e4r det n\u00e5n som snarkar.<\/span><\/span><\/h6>\n<h6><span style=\"margin: 0px; line-height: 115%; font-family: 'Helvetica','sans-serif'; font-size: 12pt;\"><span style=\"color: #000000;\">\u00a0<\/span><\/span><\/h6>\n<h6><span style=\"margin: 0px; line-height: 115%; font-family: 'Helvetica','sans-serif'; font-size: 12pt;\"><span style=\"color: #000000;\">Jag ligger och t\u00e4nker p\u00e5 det som h\u00e4nda ska p\u00e5 dagen,<\/span><\/span><\/h6>\n<h6><span style=\"margin: 0px; line-height: 115%; font-family: 'Helvetica','sans-serif'; font-size: 12pt;\"><span style=\"color: #000000;\">en liten aning orolig och med fj\u00e4rilar i magen.<\/span><\/span><\/h6>\n<h6><span style=\"margin: 0px; line-height: 115%; font-family: 'Helvetica','sans-serif'; font-size: 12pt;\"><span style=\"color: #000000;\">Sen jag somnar om och b\u00f6rjar att dr\u00f6mma<\/span><\/span><\/h6>\n<h6><span style=\"margin: 0px; line-height: 115%; font-family: 'Helvetica','sans-serif'; font-size: 12pt;\"><span style=\"color: #000000;\">om att komma f\u00f6r sent och viktiga saker gl\u00f6mma.<\/span><\/span><\/h6>\n<h6><span style=\"margin: 0px; line-height: 115%; font-family: 'Helvetica','sans-serif'; font-size: 12pt;\"><span style=\"color: #000000;\">\u00a0<\/span><\/span><\/h6>\n<h6><span style=\"margin: 0px; line-height: 115%; font-family: 'Helvetica','sans-serif'; font-size: 12pt;\"><span style=\"color: #000000;\">Nu s\u00e5 \u00e4r det morgon och dagen D har grytt.<\/span><\/span><\/h6>\n<h6><span style=\"margin: 0px; line-height: 115%; font-family: 'Helvetica','sans-serif'; font-size: 12pt;\"><span style=\"color: #000000;\">Dr\u00f6mmarna \u00e4r borta och oron har jag bytt<\/span><\/span><\/h6>\n<h6><span style=\"margin: 0px; line-height: 115%; font-family: 'Helvetica','sans-serif'; font-size: 12pt;\"><span style=\"color: #000000;\">till en stor f\u00f6rtr\u00f6stan att allt nog skall g\u00e5 bra<\/span><\/span><\/h6>\n<h6><span style=\"margin: 0px; line-height: 115%; font-family: 'Helvetica','sans-serif'; font-size: 12pt;\"><span style=\"color: #000000;\">s\u00e5 det igen blir fart p\u00e5 gumman, det hoppas ja!<\/span><\/span><\/h6>\n<figure id=\"attachment_13217\" aria-describedby=\"caption-attachment-13217\" style=\"width: 2048px\" class=\"wp-caption alignnone\"><img loading=\"lazy\" decoding=\"async\" class=\"size-full wp-image-13217\" src=\"http:\/\/www.lassebacklund.fi\/wp-content\/uploads\/2019\/07\/Klockan-\u00e4r-fyra.jpg\" alt=\"\" width=\"2048\" height=\"1365\" srcset=\"https:\/\/www.kristinestadshistoria.fi\/wp-content\/uploads\/2019\/07\/Klockan-\u00e4r-fyra.jpg 2048w, https:\/\/www.kristinestadshistoria.fi\/wp-content\/uploads\/2019\/07\/Klockan-\u00e4r-fyra-300x200.jpg 300w, https:\/\/www.kristinestadshistoria.fi\/wp-content\/uploads\/2019\/07\/Klockan-\u00e4r-fyra-768x512.jpg 768w, https:\/\/www.kristinestadshistoria.fi\/wp-content\/uploads\/2019\/07\/Klockan-\u00e4r-fyra-1024x683.jpg 1024w\" sizes=\"auto, (max-width: 2048px) 100vw, 2048px\" \/><figcaption id=\"caption-attachment-13217\" class=\"wp-caption-text\">Sjukhus i Tammerfors som fixar sjuka &#8221;ronar&#8221;.<\/figcaption><\/figure>\n","protected":false},"excerpt":{"rendered":"<p>Skrivet av Eva den 21 januari 2016 p\u00e5 Coxa i Tammerfors: Klockan den \u00e4r fyra och det \u00e4r mitt i natten Varf\u00f6r \u00e4r jag vaken? Ja, det vete katten. Det \u00e4r f\u00f6r varmt i s\u00e4ngen, jag av mig t\u00e4cket sparkar <a class=\"more-link\" href=\"https:\/\/www.kristinestadshistoria.fi\/?page_id=13218\">Forts\u00e4tt l\u00e4sa <span class=\"screen-reader-text\">  Klockan \u00e4r fyra.<\/span><span class=\"meta-nav\">&rarr;<\/span><\/a><\/p>\n","protected":false},"author":1,"featured_media":0,"parent":13107,"menu_order":0,"comment_status":"closed","ping_status":"closed","template":"","meta":{"footnotes":""},"class_list":["post-13218","page","type-page","status-publish","hentry"],"_links":{"self":[{"href":"https:\/\/www.kristinestadshistoria.fi\/index.php?rest_route=\/wp\/v2\/pages\/13218","targetHints":{"allow":["GET"]}}],"collection":[{"href":"https:\/\/www.kristinestadshistoria.fi\/index.php?rest_route=\/wp\/v2\/pages"}],"about":[{"href":"https:\/\/www.kristinestadshistoria.fi\/index.php?rest_route=\/wp\/v2\/types\/page"}],"author":[{"embeddable":true,"href":"https:\/\/www.kristinestadshistoria.fi\/index.php?rest_route=\/wp\/v2\/users\/1"}],"replies":[{"embeddable":true,"href":"https:\/\/www.kristinestadshistoria.fi\/index.php?rest_route=%2Fwp%2Fv2%2Fcomments&post=13218"}],"version-history":[{"count":3,"href":"https:\/\/www.kristinestadshistoria.fi\/index.php?rest_route=\/wp\/v2\/pages\/13218\/revisions"}],"predecessor-version":[{"id":13221,"href":"https:\/\/www.kristinestadshistoria.fi\/index.php?rest_route=\/wp\/v2\/pages\/13218\/revisions\/13221"}],"up":[{"embeddable":true,"href":"https:\/\/www.kristinestadshistoria.fi\/index.php?rest_route=\/wp\/v2\/pages\/13107"}],"wp:attachment":[{"href":"https:\/\/www.kristinestadshistoria.fi\/index.php?rest_route=%2Fwp%2Fv2%2Fmedia&parent=13218"}],"curies":[{"name":"wp","href":"https:\/\/api.w.org\/{rel}","templated":true}]}}